{"id":1255,"date":"2025-12-12T06:49:44","date_gmt":"2025-12-12T06:49:44","guid":{"rendered":"https:\/\/www.huaruialuminum.com\/?post_type=product&#038;p=1255"},"modified":"2025-12-29T07:12:09","modified_gmt":"2025-12-29T07:12:09","slug":"aluminum-sheet-6082-t6","status":"publish","type":"product","link":"https:\/\/www.huaruialuminum.com\/de\/produkt\/aluminum-sheet-6082-t6\/","title":{"rendered":"6082 T6 Aluminum Sheet"},"content":{"rendered":"<p><strong><b>Aluminum Sheet 6082 T6<\/b><\/strong><\/p>\n<p>Aluminum alloy plate 6082 is most wildly used alloy number in 6000 series aluminum.<\/p>\n<p>6082 T651 is Al-Mg-Si\u00a0alloy aluminum plate, Hardness over\u00a095HB;<\/p>\n<p>T651\u00a0means relief Internal stress;\u00a0a particular process that has significantly changed the product characteristics (such as mechanical properties, corrosion resistance, etc.). T651 after relief the internal stress, it will not deform when you cut or machining it;<\/p>\n<p>Aluminum Stockist: Over 1,500 Tons ready stock in our warehouse.<\/p>\n<p><img fetchpriority=\"high\" decoding=\"async\" class=\"alignnone wp-image-1043\" src=\"https:\/\/www.huaruialuminum.com\/wp-content\/uploads\/2025\/12\/6082-t6-aluminum-plate-300x200.jpg\" alt=\"\" width=\"390\" height=\"260\" srcset=\"https:\/\/www.huaruialuminum.com\/wp-content\/uploads\/2025\/12\/6082-t6-aluminum-plate-300x200.jpg 300w, https:\/\/www.huaruialuminum.com\/wp-content\/uploads\/2025\/12\/6082-t6-aluminum-plate-18x12.jpg 18w, https:\/\/www.huaruialuminum.com\/wp-content\/uploads\/2025\/12\/6082-t6-aluminum-plate.jpg 600w\" sizes=\"(max-width: 390px) 100vw, 390px\" \/>\u00a0 \u00a0\u00a0 <img decoding=\"async\" class=\"alignnone wp-image-1042\" src=\"https:\/\/www.huaruialuminum.com\/wp-content\/uploads\/2025\/12\/6082-t6-aluminum-plate-sheet-300x300.png\" alt=\"\" width=\"263\" height=\"263\" srcset=\"https:\/\/www.huaruialuminum.com\/wp-content\/uploads\/2025\/12\/6082-t6-aluminum-plate-sheet-300x300.png 300w, https:\/\/www.huaruialuminum.com\/wp-content\/uploads\/2025\/12\/6082-t6-aluminum-plate-sheet-150x150.png 150w, https:\/\/www.huaruialuminum.com\/wp-content\/uploads\/2025\/12\/6082-t6-aluminum-plate-sheet-12x12.png 12w, https:\/\/www.huaruialuminum.com\/wp-content\/uploads\/2025\/12\/6082-t6-aluminum-plate-sheet-100x100.png 100w, https:\/\/www.huaruialuminum.com\/wp-content\/uploads\/2025\/12\/6082-t6-aluminum-plate-sheet.png 600w\" sizes=\"(max-width: 263px) 100vw, 263px\" \/><\/p>\n<p>Aluminum sheet 6082 T6<\/p>\n<p>Aluminum sheet 6082 T651<\/p>\n<p>Aluminum alloy 6082 t6\/t651 is a medium strength alloy with good corrosion resistance. It is the hardest alloy in the 6xxx series aluminum. Even the Chemistry \u00a0Composition is different with alloy 6061, but it almost have the same Mechanical Properties. That\u2019s the reason why many customer want make replace 6082 with alloy 6061. This alloy is much more popular in India market. For IS (India standard), 6082 is called alloy 64430.<\/p>\n<p><strong><b>Aluminium <\/b><\/strong><strong><b>Alloy: <\/b><\/strong><strong><b>6082 (Al Si1MgMn)<\/b><\/strong><\/p>\n<p>Temper: T6\u00a0\/\u00a0T651\u00a0\/T351<\/p>\n<p>Produce to ASTM B209\u00a0or GB\/T3880-2012, EN485 standard; IS standard.<\/p>\n<p>Standard size: 4 x 8; 1219 x 2438mm,\u00a01500mm x 3000mm;<\/p>\n<p>Surface: mill finish surface, bright, polished surface, with PE films to protect the surface;<\/p>\n<p>Mainly market: \u00a0Europe, India, Iran, Pakistan, Thailand, Mexico , USA and so on.<\/p>\n<p>Over 3,000Tons ready stock with standard size 1524\u00a0x 3048mm &amp; 1500\u00a0x 3000mm.<\/p>\n<p>AA6082, HE30, A96082, ISO Al Si1MgMn; EN AW-6082,<\/p>\n<p><img decoding=\"async\" class=\"alignnone wp-image-1256\" src=\"https:\/\/www.huaruialuminum.com\/wp-content\/uploads\/2025\/12\/6082-300x156.png\" alt=\"\" width=\"800\" height=\"415\" srcset=\"https:\/\/www.huaruialuminum.com\/wp-content\/uploads\/2025\/12\/6082-300x156.png 300w, https:\/\/www.huaruialuminum.com\/wp-content\/uploads\/2025\/12\/6082-768x399.png 768w, https:\/\/www.huaruialuminum.com\/wp-content\/uploads\/2025\/12\/6082-18x9.png 18w, https:\/\/www.huaruialuminum.com\/wp-content\/uploads\/2025\/12\/6082-600x312.png 600w, https:\/\/www.huaruialuminum.com\/wp-content\/uploads\/2025\/12\/6082.png 778w\" sizes=\"(max-width: 800px) 100vw, 800px\" \/><\/p>\n<p><strong><b>Aluminum Plate 6082 T6 <\/b><\/strong><strong><b>Quality data<\/b><\/strong><strong><b>\u00a0\/<\/b><\/strong><strong><b>Characteristics<\/b><\/strong><strong><b>:<\/b><\/strong><\/p>\n<table>\n<tbody>\n<tr>\n<td width=\"128\">Element<\/td>\n<td width=\"66\">Si<\/td>\n<td width=\"60\">Fe<\/td>\n<td width=\"60\">Cu<\/td>\n<td width=\"75\">Mn<\/td>\n<td width=\"75\">Mg<\/td>\n<td width=\"75\">Cr<\/td>\n<td width=\"60\">Ti<\/td>\n<td width=\"60\">Zn<\/td>\n<td width=\"91\">Al<\/td>\n<\/tr>\n<tr>\n<td width=\"128\">Standardwert<\/td>\n<td width=\"66\">0.7-1.3<\/td>\n<td width=\"60\">0.50<\/td>\n<td width=\"60\">0.1<\/td>\n<td width=\"75\">0.14~ 1.0<\/td>\n<td width=\"75\">0.6-1.2<\/td>\n<td width=\"75\">0.25<\/td>\n<td width=\"60\">0.10<\/td>\n<td width=\"60\">0.20<\/td>\n<td width=\"91\">Restbetrag<\/td>\n<\/tr>\n<tr>\n<td width=\"128\">Tats\u00e4chlicher Wert<\/td>\n<td width=\"66\">0.81<\/td>\n<td width=\"60\">0. 21<\/td>\n<td width=\"60\">0.021<\/td>\n<td width=\"75\">0.171<\/td>\n<td width=\"75\">1.05<\/td>\n<td width=\"75\">0.184<\/td>\n<td width=\"60\">0.02<\/td>\n<td width=\"60\">0.13<\/td>\n<td width=\"91\">Restbetrag<\/td>\n<\/tr>\n<\/tbody>\n<\/table>\n<p>&nbsp;<\/p>\n<p><strong><b>Aluminum Sheet 6082 T6\/T651 Mechanical Properties Standard\/ Date Sheet<\/b><\/strong><\/p>\n<table>\n<tbody>\n<tr>\n<td colspan=\"4\" width=\"751\">Mechanical Properties<\/td>\n<\/tr>\n<tr>\n<td width=\"180\"><strong>Rm\/Mpa<\/strong><\/p>\n<p>Anti \u2013tensil stength<\/p>\n<p>N\/m\u33a1<\/td>\n<td width=\"180\">&nbsp;<\/p>\n<p>Stretch rate\uff08%\uff09<\/p>\n<p><strong>\u00a0<\/strong><\/p>\n<p>&nbsp;<\/td>\n<td width=\"195\">&nbsp;<\/p>\n<p>Ma\u00dfkontrolle<\/p>\n<p>&nbsp;<\/td>\n<td width=\"196\">&nbsp;<\/p>\n<p>Oberfl\u00e4che<\/p>\n<p>&nbsp;<\/td>\n<\/tr>\n<tr>\n<td width=\"180\">330<\/p>\n<p>&nbsp;<\/td>\n<td width=\"180\">6<\/p>\n<p>&nbsp;<\/td>\n<td width=\"195\">Qualifiziert<\/td>\n<td width=\"196\">Qualifiziert<\/td>\n<\/tr>\n<\/tbody>\n<\/table>\n<p><strong><b>\u00a0<\/b><\/strong><\/p>\n<p><strong><b>Ready Stock List of Alloy 6082 T651\/T6<\/b><\/strong><\/p>\n<table>\n<tbody>\n<tr>\n<td width=\"148\"><strong>Legierung&amp;Temperierung<\/strong><\/td>\n<td width=\"140\">Bestand Menge (Tonnen)<\/td>\n<td width=\"196\">Material<\/td>\n<td colspan=\"2\" width=\"319\"><strong>Stock <\/strong><strong>Gr\u00f6\u00dfe<\/strong><\/td>\n<\/tr>\n<tr>\n<td rowspan=\"4\" width=\"148\">Aluminum\u00a0sheet<\/p>\n<p>6082 T6<\/td>\n<td rowspan=\"4\" width=\"140\">150 Tons<\/td>\n<td width=\"196\">3mm Aluminiumblech<\/td>\n<td width=\"151\">2.0*1250*2500<\/td>\n<td width=\"168\">35*1250*2500<\/td>\n<\/tr>\n<tr>\n<td width=\"196\">6mm Aluminiumblech<\/td>\n<td width=\"151\">1.0*1220*2440<\/td>\n<td width=\"168\">40*1500*3000<\/td>\n<\/tr>\n<tr>\n<td width=\"196\">4ft x 8ft Bl\u00e4tter<\/td>\n<td width=\"151\">6.35*1220*2440<\/td>\n<td width=\"168\">45*1220*2440<\/td>\n<\/tr>\n<tr>\n<td width=\"196\">3.0*1220*2440<\/td>\n<td width=\"151\">9.52*1500*3000<\/td>\n<td width=\"168\">50*1500*3000<\/td>\n<\/tr>\n<tr>\n<td rowspan=\"8\" width=\"148\">Aluminum\u00a0Plate<\/p>\n<p>6082 T651<\/td>\n<td rowspan=\"8\" width=\"140\">500 Tons,<\/td>\n<td width=\"196\">8mm Aluminiumplatte<\/td>\n<td width=\"151\">18*1500*3000<\/td>\n<td width=\"168\">55*1250*2500<\/td>\n<\/tr>\n<tr>\n<td width=\"196\">20mm Aluminiumplatte<\/td>\n<td width=\"151\">20*1500*3000<\/td>\n<td width=\"168\">70*1500*3000<\/td>\n<\/tr>\n<tr>\n<td width=\"196\">20mm Aluminiumplatte<\/td>\n<td width=\"151\">25.4*1250*2500<\/td>\n<td width=\"168\">90*1500*3000<\/td>\n<\/tr>\n<tr>\n<td width=\"196\">15mm 25mm 35mm Aluminiumplatte<\/td>\n<td width=\"151\">25*1500*3000<\/td>\n<td width=\"168\">120*1500*3000<\/td>\n<\/tr>\n<tr>\n<td width=\"196\">50mm dickes Blech<\/td>\n<td width=\"151\">25*1500*3000<\/td>\n<td width=\"168\">150*1500*3000<\/td>\n<\/tr>\n<tr>\n<td width=\"196\">80*1500*3000<\/td>\n<td width=\"151\">75.6*1500*3000<\/td>\n<td width=\"168\">180*1500*3000<\/td>\n<\/tr>\n<tr>\n<td width=\"196\">90*1500*3000<\/td>\n<td width=\"151\">2\u2019\u2019*1500*3000<\/td>\n<td width=\"168\">200*1500*3000<\/td>\n<\/tr>\n<tr>\n<td width=\"196\">110*1500*3000<\/td>\n<td width=\"151\">3\u2019\u2019*1500*3000<\/td>\n<td width=\"168\">350*1500*3000<\/td>\n<\/tr>\n<\/tbody>\n<\/table>\n<p><img loading=\"lazy\" decoding=\"async\" class=\"alignnone wp-image-1085\" src=\"https:\/\/www.huaruialuminum.com\/wp-content\/uploads\/2025\/12\/aluminum-sheet-stock-300x200.jpg\" alt=\"\" width=\"390\" height=\"260\" srcset=\"https:\/\/www.huaruialuminum.com\/wp-content\/uploads\/2025\/12\/aluminum-sheet-stock-300x200.jpg 300w, https:\/\/www.huaruialuminum.com\/wp-content\/uploads\/2025\/12\/aluminum-sheet-stock-18x12.jpg 18w, https:\/\/www.huaruialuminum.com\/wp-content\/uploads\/2025\/12\/aluminum-sheet-stock.jpg 600w\" sizes=\"(max-width: 390px) 100vw, 390px\" \/>\u00a0 \u00a0 <img loading=\"lazy\" decoding=\"async\" class=\"alignnone wp-image-1084\" src=\"https:\/\/www.huaruialuminum.com\/wp-content\/uploads\/2025\/12\/aluminum-sheet-stock-2-300x200.jpg\" alt=\"\" width=\"390\" height=\"260\" srcset=\"https:\/\/www.huaruialuminum.com\/wp-content\/uploads\/2025\/12\/aluminum-sheet-stock-2-300x200.jpg 300w, https:\/\/www.huaruialuminum.com\/wp-content\/uploads\/2025\/12\/aluminum-sheet-stock-2-18x12.jpg 18w, https:\/\/www.huaruialuminum.com\/wp-content\/uploads\/2025\/12\/aluminum-sheet-stock-2.jpg 600w\" sizes=\"(max-width: 390px) 100vw, 390px\" \/><\/p>\n<p><strong><b>How to Pack and ship the aluminum plate 6082 T6?<\/b><\/strong><\/p>\n<ol>\n<li>Verpacken: Starke Holzpalette, mit blauer PVC-Folie oder mit Papierzwischenlage,<\/li>\n<li>Marks: we always print the marks, like: 6082 T6Size: 75MM x 1500MM x 30<\/li>\n<li>Max Gross weight skid 2500KGS;<\/li>\n<li>For 1 x 20FCL can load 20 to 25 Tons max;<\/li>\n<li>Surface: Black surface aluminum plate6082, polished aluminum plate\u00a06082, mill finish 6082;<\/li>\n<\/ol>\n<p><strong><b> <img loading=\"lazy\" decoding=\"async\" class=\"alignnone wp-image-1257\" src=\"https:\/\/www.huaruialuminum.com\/wp-content\/uploads\/2025\/12\/packing-300x141.png\" alt=\"\" width=\"800\" height=\"377\" srcset=\"https:\/\/www.huaruialuminum.com\/wp-content\/uploads\/2025\/12\/packing-300x141.png 300w, https:\/\/www.huaruialuminum.com\/wp-content\/uploads\/2025\/12\/packing-1024x482.png 1024w, https:\/\/www.huaruialuminum.com\/wp-content\/uploads\/2025\/12\/packing-768x361.png 768w, https:\/\/www.huaruialuminum.com\/wp-content\/uploads\/2025\/12\/packing-18x8.png 18w, https:\/\/www.huaruialuminum.com\/wp-content\/uploads\/2025\/12\/packing-600x282.png 600w, https:\/\/www.huaruialuminum.com\/wp-content\/uploads\/2025\/12\/packing.png 1279w\" sizes=\"(max-width: 800px) 100vw, 800px\" \/><\/b><\/strong><\/p>\n<p><strong><b>6082 T6 aluminum sheet price per sheet \/ per kg<\/b><\/strong><\/p>\n<p>Der Preis f\u00fcr Aluminiumbleche \u00e4ndert sich t\u00e4glich und h\u00e4ngt vom Markt ab.<\/p>\n<p>Here is our aluminum sheet price per KG for you:<\/p>\n<table>\n<tbody>\n<tr>\n<td width=\"119\"><strong><b>ALLOY<\/b><\/strong><\/td>\n<td width=\"162\"><strong><b>Dicke <\/b><\/strong><\/td>\n<td width=\"151\"><strong><b>FOB Price<\/b><\/strong><\/p>\n<p><strong><b>USD\/KG<\/b><\/strong><\/td>\n<td width=\"100\"><strong><b>Zeit produzieren<\/b><\/strong><\/td>\n<td width=\"73\"><strong><b>MOQ<\/b><\/strong><\/td>\n<td width=\"98\"><strong><b>Standardgr\u00f6\u00dfe<\/b><\/strong><\/td>\n<td width=\"100\"><strong><b>1 x20FCL<\/b><\/strong><\/td>\n<\/tr>\n<tr>\n<td rowspan=\"2\" width=\"119\">6082 T6<\/td>\n<td width=\"162\">1mm to 8mm<\/td>\n<td width=\"151\">2.65USD\/KG<\/td>\n<td rowspan=\"2\" width=\"100\">30 Tage<\/td>\n<td rowspan=\"2\" width=\"73\">3 Tonnen<\/td>\n<td rowspan=\"2\" width=\"98\">4\u2019\u00a0x 8\u2019<\/td>\n<td rowspan=\"2\" width=\"100\">25 Tonnen<\/td>\n<\/tr>\n<tr>\n<td width=\"162\">8mm bis 300mm<\/td>\n<td width=\"151\">2.44USD\/KG<\/td>\n<\/tr>\n<\/tbody>\n<\/table>\n<p><strong><b>Aluminium-Block<\/b><\/strong><strong><b>\u00a06082 T6<\/b><\/strong><\/p>\n<p>Unser Unternehmen verf\u00fcgt \u00fcber eine S\u00e4gemaschine und wir k\u00f6nnen das Aluminium in kleine St\u00fccke schneiden, je nach Kundenwunsch.  Zum Beispiel: Gr\u00f6\u00dfe: \u226550mm B\/L und kundenspezifische Gr\u00f6\u00dfe:<\/p>\n<p><img loading=\"lazy\" decoding=\"async\" class=\"alignnone wp-image-1258\" src=\"https:\/\/www.huaruialuminum.com\/wp-content\/uploads\/2025\/12\/Block-300x161.png\" alt=\"\" width=\"800\" height=\"431\" srcset=\"https:\/\/www.huaruialuminum.com\/wp-content\/uploads\/2025\/12\/Block-300x161.png 300w, https:\/\/www.huaruialuminum.com\/wp-content\/uploads\/2025\/12\/Block-1024x551.png 1024w, https:\/\/www.huaruialuminum.com\/wp-content\/uploads\/2025\/12\/Block-768x413.png 768w, https:\/\/www.huaruialuminum.com\/wp-content\/uploads\/2025\/12\/Block-18x10.png 18w, https:\/\/www.huaruialuminum.com\/wp-content\/uploads\/2025\/12\/Block-600x323.png 600w, https:\/\/www.huaruialuminum.com\/wp-content\/uploads\/2025\/12\/Block.png 1048w\" sizes=\"(max-width: 800px) 100vw, 800px\" \/><\/p>\n<p><strong><b>Main application<\/b><\/strong><strong><b>: What is 6082 aluminum alloy used for ?<\/b><\/strong><\/p>\n<p>6082 aluminum alloy mainly used for all kinds of pipes, bars, profiles and decorative components; heat sinks, automatic mechanic component, carrying vessels and semi-conductor device components.<\/p>\n<p>&nbsp;<\/p>","protected":false},"excerpt":{"rendered":"<p>Aluminum Sheet 6082 T6 Aluminum alloy plate 6082 is most wildly used alloy number in 6000 series aluminum. 6082 T651 [&hellip;]<\/p>","protected":false},"featured_media":1089,"comment_status":"open","ping_status":"closed","template":"","meta":{"postBodyCss":"","postBodyMargin":[],"postBodyPadding":[],"postBodyBackground":{"backgroundType":"classic","gradient":""},"site-sidebar-layout":"default","site-content-layout":"","ast-site-content-layout":"default","site-content-style":"default","site-sidebar-style":"default","ast-global-header-display":"","ast-banner-title-visibility":"","ast-main-header-display":"","ast-hfb-above-header-display":"","ast-hfb-below-header-display":"","ast-hfb-mobile-header-display":"","site-post-title":"","ast-breadcrumbs-content":"","ast-featured-img":"","footer-sml-layout":"","ast-disable-related-posts":"","theme-transparent-header-meta":"default","adv-header-id-meta":"","stick-header-meta":"","header-above-stick-meta":"","header-main-stick-meta":"","header-below-stick-meta":"","astra-migrate-meta-layouts":"set","ast-page-background-enabled":"default","ast-page-background-meta":{"desktop":{"background-color":"var(--ast-global-color-5)","background-image":"","background-repeat":"repeat","background-position":"center center","background-size":"auto","background-attachment":"scroll","background-type":"","background-media":"","overlay-type":"","overlay-color":"","overlay-opacity":"","overlay-gradient":""},"tablet":{"background-color":"","background-image":"","background-repeat":"repeat","background-position":"center center","background-size":"auto","background-attachment":"scroll","background-type":"","background-media":"","overlay-type":"","overlay-color":"","overlay-opacity":"","overlay-gradient":""},"mobile":{"background-color":"","background-image":"","background-repeat":"repeat","background-position":"center center","background-size":"auto","background-attachment":"scroll","background-type":"","background-media":"","overlay-type":"","overlay-color":"","overlay-opacity":"","overlay-gradient":""}},"ast-content-background-meta":{"desktop":{"background-color":"var(--ast-global-color-4)","background-image":"","background-repeat":"repeat","background-position":"center center","background-size":"auto","background-attachment":"scroll","background-type":"","background-media":"","overlay-type":"","overlay-color":"","overlay-opacity":"","overlay-gradient":""},"tablet":{"background-color":"var(--ast-global-color-4)","background-image":"","background-repeat":"repeat","background-position":"center center","background-size":"auto","background-attachment":"scroll","background-type":"","background-media":"","overlay-type":"","overlay-color":"","overlay-opacity":"","overlay-gradient":""},"mobile":{"background-color":"var(--ast-global-color-4)","background-image":"","background-repeat":"repeat","background-position":"center center","background-size":"auto","background-attachment":"scroll","background-type":"","background-media":"","overlay-type":"","overlay-color":"","overlay-opacity":"","overlay-gradient":""}}},"product_brand":[],"product_cat":[25],"product_tag":[],"class_list":{"0":"post-1255","1":"product","2":"type-product","3":"status-publish","4":"has-post-thumbnail","6":"product_cat-sheet_plate","7":"desktop-align-left","8":"tablet-align-left","9":"mobile-align-left","11":"first","12":"instock","13":"shipping-taxable","14":"product-type-simple"},"aioseo_notices":[],"_links":{"self":[{"href":"https:\/\/www.huaruialuminum.com\/de\/wp-json\/wp\/v2\/product\/1255","targetHints":{"allow":["GET"]}}],"collection":[{"href":"https:\/\/www.huaruialuminum.com\/de\/wp-json\/wp\/v2\/product"}],"about":[{"href":"https:\/\/www.huaruialuminum.com\/de\/wp-json\/wp\/v2\/types\/product"}],"replies":[{"embeddable":true,"href":"https:\/\/www.huaruialuminum.com\/de\/wp-json\/wp\/v2\/comments?post=1255"}],"version-history":[{"count":1,"href":"https:\/\/www.huaruialuminum.com\/de\/wp-json\/wp\/v2\/product\/1255\/revisions"}],"predecessor-version":[{"id":1259,"href":"https:\/\/www.huaruialuminum.com\/de\/wp-json\/wp\/v2\/product\/1255\/revisions\/1259"}],"wp:featuredmedia":[{"embeddable":true,"href":"https:\/\/www.huaruialuminum.com\/de\/wp-json\/wp\/v2\/media\/1089"}],"wp:attachment":[{"href":"https:\/\/www.huaruialuminum.com\/de\/wp-json\/wp\/v2\/media?parent=1255"}],"wp:term":[{"taxonomy":"product_brand","embeddable":true,"href":"https:\/\/www.huaruialuminum.com\/de\/wp-json\/wp\/v2\/product_brand?post=1255"},{"taxonomy":"product_cat","embeddable":true,"href":"https:\/\/www.huaruialuminum.com\/de\/wp-json\/wp\/v2\/product_cat?post=1255"},{"taxonomy":"product_tag","embeddable":true,"href":"https:\/\/www.huaruialuminum.com\/de\/wp-json\/wp\/v2\/product_tag?post=1255"}],"curies":[{"name":"wp","href":"https:\/\/api.w.org\/{rel}","templated":true}]}}