{"id":1260,"date":"2025-12-12T06:58:22","date_gmt":"2025-12-12T06:58:22","guid":{"rendered":"https:\/\/www.huaruialuminum.com\/?post_type=product&#038;p=1260"},"modified":"2025-12-12T06:58:22","modified_gmt":"2025-12-12T06:58:22","slug":"6000-series-aluminum-alloy-sheet","status":"publish","type":"product","link":"https:\/\/www.huaruialuminum.com\/de\/produkt\/6000-series-aluminum-alloy-sheet\/","title":{"rendered":"6000 Series Aluminum Alloy Sheet"},"content":{"rendered":"<p><strong><b>6000 Series Aluminum Alloy Sheet<\/b><\/strong><\/p>\n<p>Wie lauten die Informationen \u00fcber die Aluminiumlegierung der Serie 6000?<\/p>\n<p>Die Aluminiumlegierung der Serie 6xxx vereint die Vorteile der Serien 4xxx und 5xxx und eignet sich f\u00fcr hohe Korrosionsbest\u00e4ndigkeit, Schwei\u00dfen und Eloxieren. Es ist leicht zu beschichten und f\u00fchrt gut in W\u00e4rme T\u00f6nung und Bearbeitbarkeit. Dar\u00fcber hinaus ist es von mittlerer Festigkeit und weit verbreitet nach der W\u00e4rmebehandlung verwendet.<\/p>\n<ol>\n<li>Wir sind eine professionelle Aluminiumblechfabrik in Jinan, Provinz Shandong,<\/li>\n<li>Unsere Aluminiumlegierung der Serie 6000 ist 6061\/6063\/6082.<\/li>\n<li>Zustand: T4\/T6\/T651\/T351\/T5 , Die H\u00e4rte liegt \u00fcber 95HB,<\/li>\n<li>Hauptanwendung: Flugzeugaluminium, Industrieformteile, automatische Mechanikkomponenten, Transportbeh\u00e4lter und Halbleiterkomponenten.<\/li>\n<li>\u00dcber 2.000 Tonnen auf Lager; 1500 x 3000mm, 1250 x 2500mm &amp; 1220 x 2440mm.<\/li>\n<\/ol>\n<p><img fetchpriority=\"high\" decoding=\"async\" class=\"alignnone wp-image-1039\" src=\"https:\/\/www.huaruialuminum.com\/wp-content\/uploads\/2025\/12\/6061-t651-aluminum-plate-1-300x200.jpg\" alt=\"\" width=\"390\" height=\"260\" srcset=\"https:\/\/www.huaruialuminum.com\/wp-content\/uploads\/2025\/12\/6061-t651-aluminum-plate-1-300x200.jpg 300w, https:\/\/www.huaruialuminum.com\/wp-content\/uploads\/2025\/12\/6061-t651-aluminum-plate-1-18x12.jpg 18w, https:\/\/www.huaruialuminum.com\/wp-content\/uploads\/2025\/12\/6061-t651-aluminum-plate-1.jpg 600w\" sizes=\"(max-width: 390px) 100vw, 390px\" \/> <img decoding=\"async\" class=\"alignnone wp-image-1033\" src=\"https:\/\/www.huaruialuminum.com\/wp-content\/uploads\/2025\/12\/6061-aluminum-sheet-2-300x200.jpg\" alt=\"\" width=\"390\" height=\"260\" srcset=\"https:\/\/www.huaruialuminum.com\/wp-content\/uploads\/2025\/12\/6061-aluminum-sheet-2-300x200.jpg 300w, https:\/\/www.huaruialuminum.com\/wp-content\/uploads\/2025\/12\/6061-aluminum-sheet-2-18x12.jpg 18w, https:\/\/www.huaruialuminum.com\/wp-content\/uploads\/2025\/12\/6061-aluminum-sheet-2.jpg 600w\" sizes=\"(max-width: 390px) 100vw, 390px\" \/><\/p>\n<p>Aluminiumblech 6061 T6 \/ T651<\/p>\n<p>Aluminiumblech 6082 T6 \/ T651<\/p>\n<p>Aluminiumblech 6063 T6 \/ T651<\/p>\n<p>Legierung: 6061 \/ 6063 \/ 6082 \/ 6005<\/p>\n<p>Temperament: O \/ T4 \/ T6 \/ T651 \/ T351 \/ T5<\/p>\n<p>Herstellung nach ASTM B209 oder GB\/T3880, EN485 Standard; IS Standard;<\/p>\n<p>Standardgr\u00f6\u00dfe: 4 x 8; 1219 x 2438mm, 1250 x 2500mm, 1500mm x 3000mm;<\/p>\n<p>Oberfl\u00e4che: walzblank, unpoliert, poliert, schwarze Oberfl\u00e4che, blanke Oberfl\u00e4che,<\/p>\n<p>Wir handeln mit HE20 (65032 Indien, USA 6061, ISO A1-Mg-1SiCu) HE9 (63400 Indien, USA 6063, ISO A1-Mg-Si, HE30 (64430 Indien, USA 6351, ISO A1-Si-1Mg) und HE11 (64423 Indien, USA 6066). Unsere Aluminiumplatten, Aluminiumlegierungsplatten, Aluminiumlegierungsschilder werden wegen ihrer besseren Qualit\u00e4t sehr gesch\u00e4tzt.<\/p>\n<p><strong><b>Aluminium der Serie 6xxx <\/b><\/strong><strong><b>Qualit\u00e4t <\/b><\/strong><strong><b>D<\/b><\/strong><strong><b>ata<\/b><\/strong><strong><b>\u00a0Blatt:<\/b><\/strong><\/p>\n<table style=\"height: 319px;\" width=\"880\">\n<tbody>\n<tr>\n<td colspan=\"13\" width=\"826\"><strong><b>Chemistry \u00a0Composition<\/b><\/strong><strong><b>\u00a0<\/b><\/strong><strong><b>\/%<\/b><\/strong><\/td>\n<\/tr>\n<tr>\n<td width=\"68\"><strong><b>ALLOY<\/b><\/strong><\/td>\n<td width=\"96\"><strong><b>Si<\/b><\/strong><\/td>\n<td width=\"49\"><strong><b>Fe<\/b><\/strong><\/td>\n<td width=\"72\"><strong><b>Cu<\/b><\/strong><\/td>\n<td width=\"82\"><strong><b>Mn<\/b><\/strong><\/td>\n<td width=\"82\"><strong><b>Mg<\/b><\/strong><\/td>\n<td width=\"84\"><strong><b>Cr<\/b><\/strong><\/td>\n<td width=\"37\"><strong><b>Ni<\/b><\/strong><\/td>\n<td width=\"49\"><strong><b>Zn<\/b><\/strong><\/td>\n<td width=\"34\"><strong><b>\u00a0<\/b><\/strong><\/td>\n<td width=\"46\"><strong><b>Ti<\/b><\/strong><\/td>\n<td width=\"45\"><strong><b>Zr<\/b><\/strong><\/td>\n<td width=\"80\"><strong><b>A1<\/b><\/strong><\/td>\n<\/tr>\n<tr>\n<td width=\"68\"><strong><b>6061<\/b><\/strong><\/td>\n<td width=\"96\">0.40~0.8<\/td>\n<td width=\"49\">0.7<\/td>\n<td width=\"72\">0.15~0.40<\/td>\n<td width=\"82\">0.15<\/td>\n<td width=\"82\">0.8~1.2<\/td>\n<td width=\"84\">0.04~0.35<\/td>\n<td width=\"37\">-<\/td>\n<td width=\"49\">0.25<\/td>\n<td width=\"34\">-<\/td>\n<td width=\"46\">0.15<\/td>\n<td width=\"45\">-<\/td>\n<td width=\"80\">Balance<\/td>\n<\/tr>\n<tr>\n<td width=\"68\"><strong><b>6063<\/b><\/strong><\/td>\n<td width=\"96\">0.20~0.6<\/td>\n<td width=\"49\">0.35<\/td>\n<td width=\"72\">0.1<\/td>\n<td width=\"82\">0.1<\/td>\n<td width=\"82\">0.45~0.9<\/td>\n<td width=\"84\">0.1<\/td>\n<td width=\"37\">-<\/td>\n<td width=\"49\">0.1<\/td>\n<td width=\"34\">-<\/td>\n<td width=\"46\">0.1<\/td>\n<td width=\"45\">-<\/td>\n<td width=\"80\">Balance<\/td>\n<\/tr>\n<tr>\n<td width=\"68\"><strong><b>6082<\/b><\/strong><\/td>\n<td width=\"96\">0.7~1.3<\/td>\n<td width=\"49\">0.5<\/td>\n<td width=\"72\">0.1<\/td>\n<td width=\"82\">0.40~1.0<\/td>\n<td width=\"82\">0.6~1.2<\/td>\n<td width=\"84\">0.25<\/td>\n<td width=\"37\">-<\/td>\n<td width=\"49\">0.2<\/td>\n<td width=\"34\"><em>-<\/em><\/td>\n<td width=\"46\">0.1<\/td>\n<td width=\"45\">-<\/td>\n<td width=\"80\">Balance<\/td>\n<\/tr>\n<\/tbody>\n<\/table>\n<p>&nbsp;<\/p>\n<p><strong><b>Aluminium der Serie 6000 <\/b><\/strong><strong><b>Mechanische Eigenschaften Standard<\/b><\/strong><\/p>\n<table>\n<tbody>\n<tr>\n<td width=\"114\">\n<p style=\"text-align: left;\"><strong>Temperament<\/strong><\/p>\n<\/td>\n<td style=\"text-align: left;\" width=\"122\"><strong><b>Anti \u2013tensile strength<\/b><\/strong><\/p>\n<p><strong><b>N\/m<\/b><\/strong><strong><b>\u33a1<\/b><\/strong><\/td>\n<td style=\"text-align: left;\" width=\"138\"><strong><b>\u00a0<\/b><\/strong><\/p>\n<p><strong><b>Elongation<\/b><\/strong><strong><b>\u00a0rate<\/b><\/strong><strong><b>\uff08<\/b><\/strong><strong><b>%<\/b><\/strong><strong><b>\uff09<\/b><\/strong><\/td>\n<td style=\"text-align: left;\" width=\"108\"><strong><b>Ma\u00dfkontrolle<\/b><\/strong><\/td>\n<td style=\"text-align: left;\" width=\"150\"><strong><b>Oberfl\u00e4che<\/b><\/strong><\/td>\n<td style=\"text-align: left;\" width=\"140\"><strong><b>H\u00e4rte<\/b><\/strong><\/td>\n<\/tr>\n<tr>\n<td width=\"114\"><strong><b>6061 T6<\/b><\/strong><\/td>\n<td width=\"122\">290Mpa<\/td>\n<td width=\"138\">10<\/td>\n<td width=\"108\">Qualifiziert<\/td>\n<td width=\"150\">Schwarz \/ Hell<\/td>\n<td width=\"140\">\u00a0\u00dcber 95HB<\/td>\n<\/tr>\n<tr>\n<td width=\"114\"><strong><b>6063 T6<\/b><\/strong><\/td>\n<td width=\"122\">240Mpa<\/td>\n<td width=\"138\">8<\/td>\n<td width=\"108\">Qualifiziert<\/td>\n<td width=\"150\">Schwarz \/ Hell<\/td>\n<td width=\"140\">\u00a0\u00dcber 69HB<\/td>\n<\/tr>\n<tr>\n<td width=\"114\"><strong><b>6082 T6<\/b><\/strong><\/td>\n<td width=\"122\">310Mpa<\/td>\n<td width=\"138\">12<\/td>\n<td width=\"108\">Qualifiziert<\/td>\n<td width=\"150\">Schwarz \/ Hell<\/td>\n<td width=\"140\">\u00a0\u00dcber 95HB<\/td>\n<\/tr>\n<tr>\n<td style=\"text-align: left;\" width=\"114\"><strong><b>6061 T651<\/b><\/strong><\/td>\n<td style=\"text-align: left;\" width=\"122\">290Mpa<\/td>\n<td style=\"text-align: left;\" width=\"138\">10<\/td>\n<td style=\"text-align: left;\" width=\"108\">Qualifiziert<\/td>\n<td style=\"text-align: left;\" width=\"150\">Schwarz \/ Hell<\/td>\n<td width=\"140\">\n<p style=\"text-align: left;\">\u00a0\u00dcber 95HB<\/p>\n<\/td>\n<\/tr>\n<\/tbody>\n<\/table>\n<p><strong><b>\u00a0<\/b><\/strong><\/p>\n<p><strong><b>Bereit S<\/b><\/strong><strong><b>tock Liste <\/b><\/strong><\/p>\n<table>\n<tbody>\n<tr>\n<td width=\"148\"><strong>Material<\/strong><\/td>\n<td width=\"140\"><strong>Legierung&amp;Temperierung<\/strong><\/td>\n<td width=\"155\"><strong>Gr\u00f6\u00dfe<\/strong><\/td>\n<td width=\"145\"><strong>Gr\u00f6\u00dfe<\/strong><\/td>\n<td width=\"160\"><strong>Gr\u00f6\u00dfe<\/strong><\/td>\n<\/tr>\n<tr>\n<td rowspan=\"15\" width=\"148\">&nbsp;<\/p>\n<p>&nbsp;<\/p>\n<p>&nbsp;<\/p>\n<p>&nbsp;<\/p>\n<p>&nbsp;<\/p>\n<p>&nbsp;<\/p>\n<p>&nbsp;<\/p>\n<p>Aluminum\u00a0sheet<\/p>\n<p>Aluminum plate<\/td>\n<td rowspan=\"6\" width=\"140\">&nbsp;<\/p>\n<p>&nbsp;<\/p>\n<p>&nbsp;<\/p>\n<p>6061 T6\/T651<\/td>\n<td width=\"155\">1.5*1220*2440<\/td>\n<td width=\"145\">4.0*1250*2500<\/td>\n<td width=\"160\">35*1250*2500<\/td>\n<\/tr>\n<tr>\n<td width=\"155\">1.6*1220*2440<\/td>\n<td width=\"145\">6.0*1220*2440<\/td>\n<td width=\"160\">40*1500*3000<\/td>\n<\/tr>\n<tr>\n<td width=\"155\">2.5*1250*2500<\/td>\n<td width=\"145\">6.0*1220*2440<\/td>\n<td width=\"160\">45*1220*2440<\/td>\n<\/tr>\n<tr>\n<td width=\"155\">3.0*1220*2440<\/td>\n<td width=\"145\">8.0*1500*3000<\/td>\n<td width=\"160\">50*1500*3000<\/td>\n<\/tr>\n<tr>\n<td width=\"155\">3.0*1250*2500<\/td>\n<td width=\"145\">18*1500*3000<\/td>\n<td width=\"160\">55*1250*2500<\/td>\n<\/tr>\n<tr>\n<td width=\"155\">4.0*1250*2500<\/td>\n<td width=\"145\">20*1500*3000<\/td>\n<td width=\"160\">60*1500*3000<\/td>\n<\/tr>\n<tr>\n<td rowspan=\"4\" width=\"140\">&nbsp;<\/p>\n<p>&nbsp;<\/p>\n<p>6063 T6\/T651<\/td>\n<td width=\"155\">6.0*1220*2440<\/td>\n<td width=\"145\">25*1250*2500<\/td>\n<td width=\"160\">100*1500*3000<\/td>\n<\/tr>\n<tr>\n<td width=\"155\">8.0*1500*3000<\/td>\n<td width=\"145\">25*1500*3000<\/td>\n<td width=\"160\">120*1500*3000<\/td>\n<\/tr>\n<tr>\n<td width=\"155\">10*1500*3000<\/td>\n<td width=\"145\">25*1500*3000<\/td>\n<td width=\"160\">150*1500*3000<\/td>\n<\/tr>\n<tr>\n<td width=\"155\">12*1500*3000<\/td>\n<td width=\"145\">30*1500*3000<\/td>\n<td width=\"160\">180*1500*3000<\/td>\n<\/tr>\n<tr>\n<td rowspan=\"5\" width=\"140\">&nbsp;<\/p>\n<p>&nbsp;<\/p>\n<p>6082 T6\/T651<\/td>\n<td width=\"155\">14*1500*3000<\/td>\n<td width=\"145\">30*1500*3000<\/td>\n<td width=\"160\">200*1500*3000<\/td>\n<\/tr>\n<tr>\n<td width=\"155\">15*1500*3000<\/td>\n<td width=\"145\">30*1500*3000<\/td>\n<td width=\"160\">300*1500*3000<\/td>\n<\/tr>\n<tr>\n<td width=\"155\">4 x10 Aluminiumbleche<\/td>\n<td width=\"145\">5&#215;10 aluminum sheet<\/td>\n<td width=\"160\">4&#215;8 aluminum sheet<\/td>\n<\/tr>\n<tr>\n<td width=\"155\">55*1250*2500<\/td>\n<td width=\"145\">6.35*1524*3048<\/td>\n<td width=\"160\">3.175*1524*3048<\/td>\n<\/tr>\n<tr>\n<td width=\"155\">60*1500*3000<\/td>\n<td width=\"145\">12.5*1524*3048<\/td>\n<td width=\"160\">4.76*1524*3048<\/td>\n<\/tr>\n<\/tbody>\n<\/table>\n<p>&nbsp;<\/p>\n<p><strong><b>Wie wird die Aluminiumplatte verpackt und versandt?<\/b><\/strong><\/p>\n<ol>\n<li>Verpacken: Starke Holzpalette, mit blauer PVC-Folie oder mit Papierzwischenlage,<\/li>\n<li>Markierungen: wir drucken immer die Markierungen, wie: 6061 T6 Gr\u00f6\u00dfe: 20MM x 1250MM x 2500MM.<\/li>\n<li>Max Bruttogewicht Kufe 4500 lbs; weniger als 2MT;<\/li>\n<li>PRODUZIERT ZU 1\/2 HANDELS\u00dcBLICHE TOLERANZ ZUR HELLEN SEITE<\/li>\n<li>F\u00fcr 1 x 20FCL kann 20 bis 25 Tonnen max. laden.<\/li>\n<li>Oberfl\u00e4che: Schwarze Oberfl\u00e4che Aluminiumplatte 6061 t651 &amp; Polierte Aluminiumplatte 6061 t651,<\/li>\n<\/ol>\n<p><img decoding=\"async\" class=\"alignnone wp-image-1257\" src=\"https:\/\/www.huaruialuminum.com\/wp-content\/uploads\/2025\/12\/packing-300x141.png\" alt=\"\" width=\"800\" height=\"377\" srcset=\"https:\/\/www.huaruialuminum.com\/wp-content\/uploads\/2025\/12\/packing-300x141.png 300w, https:\/\/www.huaruialuminum.com\/wp-content\/uploads\/2025\/12\/packing-1024x482.png 1024w, https:\/\/www.huaruialuminum.com\/wp-content\/uploads\/2025\/12\/packing-768x361.png 768w, https:\/\/www.huaruialuminum.com\/wp-content\/uploads\/2025\/12\/packing-18x8.png 18w, https:\/\/www.huaruialuminum.com\/wp-content\/uploads\/2025\/12\/packing-600x282.png 600w, https:\/\/www.huaruialuminum.com\/wp-content\/uploads\/2025\/12\/packing.png 1279w\" sizes=\"(max-width: 800px) 100vw, 800px\" \/><\/p>\n<p><strong><b>6000 series aluminum price per sheet \/ per kg<\/b><\/strong><\/p>\n<p>Der Preis f\u00fcr Aluminiumbleche \u00e4ndert sich t\u00e4glich und h\u00e4ngt vom Markt ab.<\/p>\n<p>Here is our aluminum sheet price per KG for you:<\/p>\n<table>\n<tbody>\n<tr>\n<td width=\"119\"><strong><b>ALLOY<\/b><\/strong><\/td>\n<td width=\"162\"><strong><b>Dicke <\/b><\/strong><\/td>\n<td width=\"151\"><strong><b>FOB Price<\/b><\/strong><\/p>\n<p><strong><b>USD\/KG<\/b><\/strong><\/td>\n<td width=\"100\"><strong><b>Zeit produzieren<\/b><\/strong><\/td>\n<td width=\"73\"><strong><b>MOQ<\/b><\/strong><\/td>\n<td width=\"98\"><strong><b>1 x20FCL<\/b><\/strong><\/td>\n<td width=\"100\"><strong><b>1 x40FCL<\/b><\/strong><\/td>\n<\/tr>\n<tr>\n<td rowspan=\"2\" width=\"119\">6061 T6<\/td>\n<td width=\"162\">1mm bis 6mm<\/td>\n<td width=\"151\">2.70USD\/KG<\/td>\n<td rowspan=\"6\" width=\"100\">&nbsp;<\/p>\n<p>&nbsp;<\/p>\n<p>20 Tage<\/td>\n<td rowspan=\"6\" width=\"73\">&nbsp;<\/p>\n<p>&nbsp;<\/p>\n<p>3 Tonnen<\/td>\n<td rowspan=\"6\" width=\"98\">&nbsp;<\/p>\n<p>&nbsp;<\/p>\n<p>25 Tonnen<\/td>\n<td rowspan=\"6\" width=\"100\">&nbsp;<\/p>\n<p>&nbsp;<\/p>\n<p>28 Tonnen<\/td>\n<\/tr>\n<tr>\n<td width=\"162\">8mm bis 300mm<\/td>\n<td width=\"151\">2.45USD\/KG<\/td>\n<\/tr>\n<tr>\n<td rowspan=\"2\" width=\"119\">6082 T6<\/td>\n<td width=\"162\">1mm bis 6mm<\/td>\n<td width=\"151\">2.70USD\/KG<\/td>\n<\/tr>\n<tr>\n<td width=\"162\">8mm bis 300mm<\/td>\n<td width=\"151\">2.45USD\/KG<\/td>\n<\/tr>\n<tr>\n<td rowspan=\"2\" width=\"119\">6063 T6<\/td>\n<td width=\"162\">1mm bis 6mm<\/td>\n<td width=\"151\">2.70USD\/KG<\/td>\n<\/tr>\n<tr>\n<td width=\"162\">8mm bis 300mm<\/td>\n<td width=\"151\">2.45USD\/KG<\/td>\n<\/tr>\n<\/tbody>\n<\/table>\n<p><strong><b>\u00a0<\/b><\/strong><\/p>\n<p><strong><b>Was ist das Aluminium der Serie 6000?<\/b><\/strong><strong><b>ain Anwendung<\/b><\/strong><strong><b>?<\/b><\/strong><\/p>\n<p>Alle Arten von industriellen Konstruktionen, die eine gewisse Festigkeit, Schwei\u00dfbarkeit und hohe Korrosionsbest\u00e4ndigkeit erfordern, wie Rohre, Stangen, Profile und andere Materialien, die bei der Herstellung von Lastwagen, Hochh\u00e4usern, Schiffen, Stra\u00dfenbahnen, Schienenfahrzeugen, M\u00f6beln usw. verwendet werden.<\/p>\n<p><strong>Mehr Informationen \u00fcber unser Unternehmen:<\/strong><\/p>\n<p>Wir haben nicht nur eine langfristige Zusammenarbeit mit mehr als 600 gro\u00dfen und mittelst\u00e4ndischen Unternehmen in China wie FAW, Sinotruk, Sinopec und Inspur Group aufgebaut, sondern auch 3.000 Partner in der ganzen Welt und exportieren Produkte in mehr als 60 L\u00e4nder und Regionen wie Europa, Amerika, Afrika, den Nahen Osten, S\u00fcdostasien und Australien.<\/p>","protected":false},"excerpt":{"rendered":"<p>6000 Series Aluminum Alloy Sheet What\u2019s the information of 6000 series aluminum alloy? 6xxx\u00a0series aluminum alloy combines the advantages of [&hellip;]<\/p>","protected":false},"featured_media":1086,"comment_status":"open","ping_status":"closed","template":"","meta":{"postBodyCss":"","postBodyMargin":[],"postBodyPadding":[],"postBodyBackground":{"backgroundType":"classic","gradient":""},"site-sidebar-layout":"default","site-content-layout":"","ast-site-content-layout":"default","site-content-style":"default","site-sidebar-style":"default","ast-global-header-display":"","ast-banner-title-visibility":"","ast-main-header-display":"","ast-hfb-above-header-display":"","ast-hfb-below-header-display":"","ast-hfb-mobile-header-display":"","site-post-title":"","ast-breadcrumbs-content":"","ast-featured-img":"","footer-sml-layout":"","ast-disable-related-posts":"","theme-transparent-header-meta":"default","adv-header-id-meta":"","stick-header-meta":"","header-above-stick-meta":"","header-main-stick-meta":"","header-below-stick-meta":"","astra-migrate-meta-layouts":"set","ast-page-background-enabled":"default","ast-page-background-meta":{"desktop":{"background-color":"var(--ast-global-color-5)","background-image":"","background-repeat":"repeat","background-position":"center center","background-size":"auto","background-attachment":"scroll","background-type":"","background-media":"","overlay-type":"","overlay-color":"","overlay-opacity":"","overlay-gradient":""},"tablet":{"background-color":"","background-image":"","background-repeat":"repeat","background-position":"center center","background-size":"auto","background-attachment":"scroll","background-type":"","background-media":"","overlay-type":"","overlay-color":"","overlay-opacity":"","overlay-gradient":""},"mobile":{"background-color":"","background-image":"","background-repeat":"repeat","background-position":"center center","background-size":"auto","background-attachment":"scroll","background-type":"","background-media":"","overlay-type":"","overlay-color":"","overlay-opacity":"","overlay-gradient":""}},"ast-content-background-meta":{"desktop":{"background-color":"var(--ast-global-color-4)","background-image":"","background-repeat":"repeat","background-position":"center center","background-size":"auto","background-attachment":"scroll","background-type":"","background-media":"","overlay-type":"","overlay-color":"","overlay-opacity":"","overlay-gradient":""},"tablet":{"background-color":"var(--ast-global-color-4)","background-image":"","background-repeat":"repeat","background-position":"center center","background-size":"auto","background-attachment":"scroll","background-type":"","background-media":"","overlay-type":"","overlay-color":"","overlay-opacity":"","overlay-gradient":""},"mobile":{"background-color":"var(--ast-global-color-4)","background-image":"","background-repeat":"repeat","background-position":"center center","background-size":"auto","background-attachment":"scroll","background-type":"","background-media":"","overlay-type":"","overlay-color":"","overlay-opacity":"","overlay-gradient":""}}},"product_brand":[],"product_cat":[25],"product_tag":[],"class_list":{"0":"post-1260","1":"product","2":"type-product","3":"status-publish","4":"has-post-thumbnail","6":"product_cat-sheet_plate","7":"desktop-align-left","8":"tablet-align-left","9":"mobile-align-left","11":"first","12":"instock","13":"shipping-taxable","14":"product-type-simple"},"aioseo_notices":[],"_links":{"self":[{"href":"https:\/\/www.huaruialuminum.com\/de\/wp-json\/wp\/v2\/product\/1260","targetHints":{"allow":["GET"]}}],"collection":[{"href":"https:\/\/www.huaruialuminum.com\/de\/wp-json\/wp\/v2\/product"}],"about":[{"href":"https:\/\/www.huaruialuminum.com\/de\/wp-json\/wp\/v2\/types\/product"}],"replies":[{"embeddable":true,"href":"https:\/\/www.huaruialuminum.com\/de\/wp-json\/wp\/v2\/comments?post=1260"}],"version-history":[{"count":0,"href":"https:\/\/www.huaruialuminum.com\/de\/wp-json\/wp\/v2\/product\/1260\/revisions"}],"wp:featuredmedia":[{"embeddable":true,"href":"https:\/\/www.huaruialuminum.com\/de\/wp-json\/wp\/v2\/media\/1086"}],"wp:attachment":[{"href":"https:\/\/www.huaruialuminum.com\/de\/wp-json\/wp\/v2\/media?parent=1260"}],"wp:term":[{"taxonomy":"product_brand","embeddable":true,"href":"https:\/\/www.huaruialuminum.com\/de\/wp-json\/wp\/v2\/product_brand?post=1260"},{"taxonomy":"product_cat","embeddable":true,"href":"https:\/\/www.huaruialuminum.com\/de\/wp-json\/wp\/v2\/product_cat?post=1260"},{"taxonomy":"product_tag","embeddable":true,"href":"https:\/\/www.huaruialuminum.com\/de\/wp-json\/wp\/v2\/product_tag?post=1260"}],"curies":[{"name":"wp","href":"https:\/\/api.w.org\/{rel}","templated":true}]}}