{"id":1261,"date":"2025-12-12T07:08:24","date_gmt":"2025-12-12T07:08:24","guid":{"rendered":"https:\/\/www.huaruialuminum.com\/?post_type=product&#038;p=1261"},"modified":"2025-12-12T07:09:49","modified_gmt":"2025-12-12T07:09:49","slug":"7000-series-aluminum-plate","status":"publish","type":"product","link":"https:\/\/www.huaruialuminum.com\/de\/produkt\/7000-series-aluminum-plate\/","title":{"rendered":"7000 Series Aluminum Plate"},"content":{"rendered":"<p>7000\u00a0Series\u00a0Aluminum Plate<\/p>\n<p>7000\u00a0Series\u00a0aluminum is Al-Mg-Zn-Cu alloy aluminum plate, mainly alloy is 7075, Temper: T6, T651; 7xxx series aluminum\u00a0have\u00a0extra Hardness\u00a0(over\u00a0160HB) and high resistance alloy after heat treated, have good abrasive resistance, is belong to high-end and super hard alloy.<\/p>\n<p><img fetchpriority=\"high\" decoding=\"async\" class=\"alignnone wp-image-895\" src=\"https:\/\/www.huaruialuminum.com\/wp-content\/uploads\/2025\/12\/7000-series-aluminum-2-300x200.jpg\" alt=\"\" width=\"390\" height=\"260\" srcset=\"https:\/\/www.huaruialuminum.com\/wp-content\/uploads\/2025\/12\/7000-series-aluminum-2-300x200.jpg 300w, https:\/\/www.huaruialuminum.com\/wp-content\/uploads\/2025\/12\/7000-series-aluminum-2-18x12.jpg 18w, https:\/\/www.huaruialuminum.com\/wp-content\/uploads\/2025\/12\/7000-series-aluminum-2.jpg 600w\" sizes=\"(max-width: 390px) 100vw, 390px\" \/> <img decoding=\"async\" class=\"alignnone wp-image-896\" src=\"https:\/\/www.huaruialuminum.com\/wp-content\/uploads\/2025\/12\/7000-series-aluminum-300x200.jpg\" alt=\"\" width=\"390\" height=\"260\" srcset=\"https:\/\/www.huaruialuminum.com\/wp-content\/uploads\/2025\/12\/7000-series-aluminum-300x200.jpg 300w, https:\/\/www.huaruialuminum.com\/wp-content\/uploads\/2025\/12\/7000-series-aluminum-18x12.jpg 18w, https:\/\/www.huaruialuminum.com\/wp-content\/uploads\/2025\/12\/7000-series-aluminum.jpg 600w\" sizes=\"(max-width: 390px) 100vw, 390px\" \/><\/p>\n<p>Aluminiumblech 7075 T651 \/ T6<\/p>\n<p>Aluminiumblech 7050 T651 \/ T6<\/p>\n<p>Aluminium-Legierung: 7075<\/p>\n<p>Temper: T6\u00a0\/\u00a0T651\u00a0\/T351<\/p>\n<p>Produce to ASTM B209\u00a0or GB\/T3880-2012, EN485 standard;<\/p>\n<p>Standard size: 4 x 8; 1219 x 2438mm,\u00a01500mm x 3000mm; 1524mm x 3048mm<\/p>\n<p>Oberfl\u00e4che: gefr\u00e4ste Oberfl\u00e4che, blanke, polierte Oberfl\u00e4che,<\/p>\n<p>Mainly market: \u00a0Europe, India, Iran, Pakistan, Thailand, Mexico , USA and so on.<\/p>\n<p>\u00dcber 3.000 Tonnen auf Lager mit den Standardgr\u00f6\u00dfen 1524 x 3048 mm und 1500 x 3000 mm.<\/p>\n<p><img decoding=\"async\" class=\"alignnone wp-image-1091\" src=\"https:\/\/www.huaruialuminum.com\/wp-content\/uploads\/2025\/12\/aluminum-stocklist-300x200.jpg\" alt=\"\" width=\"390\" height=\"260\" srcset=\"https:\/\/www.huaruialuminum.com\/wp-content\/uploads\/2025\/12\/aluminum-stocklist-300x200.jpg 300w, https:\/\/www.huaruialuminum.com\/wp-content\/uploads\/2025\/12\/aluminum-stocklist-18x12.jpg 18w, https:\/\/www.huaruialuminum.com\/wp-content\/uploads\/2025\/12\/aluminum-stocklist.jpg 600w\" sizes=\"(max-width: 390px) 100vw, 390px\" \/>\u00a0 \u00a0 <img loading=\"lazy\" decoding=\"async\" class=\"alignnone wp-image-1084\" src=\"https:\/\/www.huaruialuminum.com\/wp-content\/uploads\/2025\/12\/aluminum-sheet-stock-2-300x200.jpg\" alt=\"\" width=\"390\" height=\"260\" srcset=\"https:\/\/www.huaruialuminum.com\/wp-content\/uploads\/2025\/12\/aluminum-sheet-stock-2-300x200.jpg 300w, https:\/\/www.huaruialuminum.com\/wp-content\/uploads\/2025\/12\/aluminum-sheet-stock-2-18x12.jpg 18w, https:\/\/www.huaruialuminum.com\/wp-content\/uploads\/2025\/12\/aluminum-sheet-stock-2.jpg 600w\" sizes=\"(max-width: 390px) 100vw, 390px\" \/><\/p>\n<p>Hauptanwendung:<\/p>\n<p>Aluminium der Serie 7xxx geh\u00f6rt ebenfalls zu den Luftfahrtaluminiumsorten und wird haupts\u00e4chlich f\u00fcr Bauteile in der Luft- und Raumfahrt, Flugzeug- und Tragfl\u00e4chenpaneele, Stringer, Rahmen, Haut, Tr\u00e4ger, Fahrwerke usw. verwendet.<\/p>\n<p><strong><b>Aluminiumblech 7075 T651 <\/b><\/strong><strong><b>Quality data<\/b><\/strong><strong><b>\u00a0\/<\/b><\/strong><strong><b>Characteristics<\/b><\/strong><strong><b>:<\/b><\/strong><\/p>\n<p><img loading=\"lazy\" decoding=\"async\" class=\"alignnone wp-image-1262\" src=\"https:\/\/www.huaruialuminum.com\/wp-content\/uploads\/2025\/12\/7075-300x197.png\" alt=\"\" width=\"800\" height=\"524\" srcset=\"https:\/\/www.huaruialuminum.com\/wp-content\/uploads\/2025\/12\/7075-300x197.png 300w, https:\/\/www.huaruialuminum.com\/wp-content\/uploads\/2025\/12\/7075-768x503.png 768w, https:\/\/www.huaruialuminum.com\/wp-content\/uploads\/2025\/12\/7075-18x12.png 18w, https:\/\/www.huaruialuminum.com\/wp-content\/uploads\/2025\/12\/7075-600x393.png 600w, https:\/\/www.huaruialuminum.com\/wp-content\/uploads\/2025\/12\/7075.png 992w\" sizes=\"(max-width: 800px) 100vw, 800px\" \/><\/p>\n<p><strong><b>Aluminiumblech 7075 T651 Mechanische Eigenschaften Standard<\/b><\/strong><\/p>\n<p><strong><b> <img loading=\"lazy\" decoding=\"async\" class=\"alignnone wp-image-1263\" src=\"https:\/\/www.huaruialuminum.com\/wp-content\/uploads\/2025\/12\/7075-2-300x149.png\" alt=\"\" width=\"800\" height=\"399\" srcset=\"https:\/\/www.huaruialuminum.com\/wp-content\/uploads\/2025\/12\/7075-2-300x149.png 300w, https:\/\/www.huaruialuminum.com\/wp-content\/uploads\/2025\/12\/7075-2-1024x510.png 1024w, https:\/\/www.huaruialuminum.com\/wp-content\/uploads\/2025\/12\/7075-2-768x383.png 768w, https:\/\/www.huaruialuminum.com\/wp-content\/uploads\/2025\/12\/7075-2-18x9.png 18w, https:\/\/www.huaruialuminum.com\/wp-content\/uploads\/2025\/12\/7075-2-600x299.png 600w, https:\/\/www.huaruialuminum.com\/wp-content\/uploads\/2025\/12\/7075-2.png 1180w\" sizes=\"(max-width: 800px) 100vw, 800px\" \/><\/b><\/strong><\/p>\n<p><strong><b>\u00a0<\/b><\/strong><\/p>\n<p><strong><b>Vorratsliste der Legierung 7075 T651<\/b><\/strong><\/p>\n<p>Wie wird die Aluminiumplatte 7075 T651 verpackt und versandt?<\/p>\n<ol>\n<li>Verpacken: Starke Holzpalette, mit blauer PVC-Folie oder mit Papierzwischenlage,<\/li>\n<li>Marks: we always print the marks, like: 7075Size: 75MM x 1500MM x 30<\/li>\n<li>Max Gross weight skid 2500KGS;<\/li>\n<li>F\u00fcr 1 x 20FCL kann 20 bis 25 Tonnen max. laden.<\/li>\n<li>Surface: Black surface aluminum plate, polished aluminum plate, mill finish 7075;<\/li>\n<\/ol>\n<p><img loading=\"lazy\" decoding=\"async\" class=\"alignnone wp-image-1257\" src=\"https:\/\/www.huaruialuminum.com\/wp-content\/uploads\/2025\/12\/packing-300x141.png\" alt=\"\" width=\"800\" height=\"377\" srcset=\"https:\/\/www.huaruialuminum.com\/wp-content\/uploads\/2025\/12\/packing-300x141.png 300w, https:\/\/www.huaruialuminum.com\/wp-content\/uploads\/2025\/12\/packing-1024x482.png 1024w, https:\/\/www.huaruialuminum.com\/wp-content\/uploads\/2025\/12\/packing-768x361.png 768w, https:\/\/www.huaruialuminum.com\/wp-content\/uploads\/2025\/12\/packing-18x8.png 18w, https:\/\/www.huaruialuminum.com\/wp-content\/uploads\/2025\/12\/packing-600x282.png 600w, https:\/\/www.huaruialuminum.com\/wp-content\/uploads\/2025\/12\/packing.png 1279w\" sizes=\"(max-width: 800px) 100vw, 800px\" \/><\/p>\n<p>&nbsp;<\/p>\n<p><strong><b>Main application<\/b><\/strong><strong><b>: What is 7075 series aluminum alloy used for ?<\/b><\/strong><\/p>\n<p>Wird bei der Herstellung von Flugzeugstrukturen und anderen stark beanspruchten Strukturteilen verwendet, die eine hohe Festigkeit und Korrosionsbest\u00e4ndigkeit erfordern, wie z. B. obere und untere Tragfl\u00e4chenw\u00e4nde von Flugzeugen. Nach der Mischkristallw\u00e4rmebehandlung hat es eine gute Plastizit\u00e4t, eine hohe Festigkeit bei 150 Grad Celsius und eine besonders gute Festigkeit bei niedrigen Temperaturen, schlechte Schwei\u00dfleistung, Spannungskorrosion und Rissbildungstendenz, zweistufige Alterung kann die Anti-SCC-Leistung verbessern.<\/p>\n<p>&nbsp;<\/p>\n<p><strong><b>7<\/b><\/strong><strong><b>000<\/b><\/strong><strong><b>\u00a0Series<\/b><\/strong><strong><b>\u00a0aluminum price per sheet \/ per kgs<\/b><\/strong><\/p>\n<p>Der Preis f\u00fcr Aluminiumbleche \u00e4ndert sich t\u00e4glich und h\u00e4ngt vom Markt ab.<\/p>\n<p>Hier ist unser Aluminiumblech Preis pro KGS f\u00fcr Sie:<\/p>\n<table>\n<tbody>\n<tr>\n<td width=\"119\"><strong><b>ALLOY<\/b><\/strong><\/td>\n<td width=\"162\"><strong><b>Dicke <\/b><\/strong><\/td>\n<td width=\"151\"><strong><b>FOB Price<\/b><\/strong><\/p>\n<p><strong><b>USD\/KGS<\/b><\/strong><\/td>\n<td width=\"100\"><strong><b>Zeit produzieren<\/b><\/strong><\/td>\n<td width=\"73\"><strong><b>MOQ<\/b><\/strong><\/td>\n<td width=\"98\"><strong><b>1 x20FCL<\/b><\/strong><\/td>\n<td width=\"100\"><strong><b>1 x40FCL<\/b><\/strong><\/td>\n<\/tr>\n<tr>\n<td rowspan=\"2\" width=\"119\">7075 T6<\/td>\n<td width=\"162\">1mm bis 6mm<\/td>\n<td width=\"151\">4.41USD\/KGS<\/td>\n<td rowspan=\"4\" width=\"100\">30 Tage<\/td>\n<td rowspan=\"4\" width=\"73\">Bereites Lager<\/td>\n<td rowspan=\"4\" width=\"98\">25 Tonnen<\/td>\n<td rowspan=\"4\" width=\"100\">28 Tonnen<\/td>\n<\/tr>\n<tr>\n<td width=\"162\">8mm bis 300mm<\/td>\n<td width=\"151\">3.65USD\/KGS<\/td>\n<\/tr>\n<tr>\n<td rowspan=\"2\" width=\"119\">7075 T651<\/td>\n<td width=\"162\">1mm bis 6mm<\/td>\n<td width=\"151\">4.62USD\/KGS<\/td>\n<\/tr>\n<tr>\n<td width=\"162\">8mm bis 300mm<\/td>\n<td width=\"151\">3.43USD\/KGS<\/td>\n<\/tr>\n<\/tbody>\n<\/table>\n<p>&nbsp;<\/p>\n<p><strong><b>What<\/b><\/strong><strong><b>\u2019<\/b><\/strong><strong><b>s the difference between 2024 and 7075 aluminum?<\/b><\/strong><\/p>\n<p>Tats\u00e4chlich sind sowohl die Aluminiumlegierung 2024 als auch 7075 hartes Aluminium.<\/p>\n<ul>\n<li>Chemistry composition different: 7075 aluminm is Al-Mg-Zn-Cu alloy aluminum plate is Al-Cu aluminum, it contains Cu over 3.8 &#8211; 4.9%.<\/li>\n<li>Mechanical Properties, mainly different is 2024T4 aluminum plate is 120HB, 7075 T651 aluminum plate hardness is over 160HB.<\/li>\n<li>Sowohl die 2024 und 7075 Aluminium kann Aluminium-Profil zu produzieren, wie Aluminium-Rohr oder Aluminium-Stange, kann auch W\u00e4rme-Behandlung.<\/li>\n<\/ul>","protected":false},"excerpt":{"rendered":"<p>7000\u00a0Series\u00a0Aluminum Plate 7000\u00a0Series\u00a0aluminum is Al-Mg-Zn-Cu alloy aluminum plate, mainly alloy is 7075, Temper: T6, T651; 7xxx series aluminum\u00a0have\u00a0extra Hardness\u00a0(over\u00a0160HB) and [&hellip;]<\/p>","protected":false},"featured_media":1028,"comment_status":"open","ping_status":"closed","template":"","meta":{"postBodyCss":"","postBodyMargin":[],"postBodyPadding":[],"postBodyBackground":{"backgroundType":"classic","gradient":""},"site-sidebar-layout":"default","site-content-layout":"","ast-site-content-layout":"default","site-content-style":"default","site-sidebar-style":"default","ast-global-header-display":"","ast-banner-title-visibility":"","ast-main-header-display":"","ast-hfb-above-header-display":"","ast-hfb-below-header-display":"","ast-hfb-mobile-header-display":"","site-post-title":"","ast-breadcrumbs-content":"","ast-featured-img":"","footer-sml-layout":"","ast-disable-related-posts":"","theme-transparent-header-meta":"default","adv-header-id-meta":"","stick-header-meta":"","header-above-stick-meta":"","header-main-stick-meta":"","header-below-stick-meta":"","astra-migrate-meta-layouts":"set","ast-page-background-enabled":"default","ast-page-background-meta":{"desktop":{"background-color":"var(--ast-global-color-5)","background-image":"","background-repeat":"repeat","background-position":"center center","background-size":"auto","background-attachment":"scroll","background-type":"","background-media":"","overlay-type":"","overlay-color":"","overlay-opacity":"","overlay-gradient":""},"tablet":{"background-color":"","background-image":"","background-repeat":"repeat","background-position":"center center","background-size":"auto","background-attachment":"scroll","background-type":"","background-media":"","overlay-type":"","overlay-color":"","overlay-opacity":"","overlay-gradient":""},"mobile":{"background-color":"","background-image":"","background-repeat":"repeat","background-position":"center center","background-size":"auto","background-attachment":"scroll","background-type":"","background-media":"","overlay-type":"","overlay-color":"","overlay-opacity":"","overlay-gradient":""}},"ast-content-background-meta":{"desktop":{"background-color":"var(--ast-global-color-4)","background-image":"","background-repeat":"repeat","background-position":"center center","background-size":"auto","background-attachment":"scroll","background-type":"","background-media":"","overlay-type":"","overlay-color":"","overlay-opacity":"","overlay-gradient":""},"tablet":{"background-color":"var(--ast-global-color-4)","background-image":"","background-repeat":"repeat","background-position":"center center","background-size":"auto","background-attachment":"scroll","background-type":"","background-media":"","overlay-type":"","overlay-color":"","overlay-opacity":"","overlay-gradient":""},"mobile":{"background-color":"var(--ast-global-color-4)","background-image":"","background-repeat":"repeat","background-position":"center center","background-size":"auto","background-attachment":"scroll","background-type":"","background-media":"","overlay-type":"","overlay-color":"","overlay-opacity":"","overlay-gradient":""}}},"product_brand":[],"product_cat":[25],"product_tag":[],"class_list":{"0":"post-1261","1":"product","2":"type-product","3":"status-publish","4":"has-post-thumbnail","6":"product_cat-sheet_plate","7":"desktop-align-left","8":"tablet-align-left","9":"mobile-align-left","11":"first","12":"instock","13":"shipping-taxable","14":"product-type-simple"},"aioseo_notices":[],"_links":{"self":[{"href":"https:\/\/www.huaruialuminum.com\/de\/wp-json\/wp\/v2\/product\/1261","targetHints":{"allow":["GET"]}}],"collection":[{"href":"https:\/\/www.huaruialuminum.com\/de\/wp-json\/wp\/v2\/product"}],"about":[{"href":"https:\/\/www.huaruialuminum.com\/de\/wp-json\/wp\/v2\/types\/product"}],"replies":[{"embeddable":true,"href":"https:\/\/www.huaruialuminum.com\/de\/wp-json\/wp\/v2\/comments?post=1261"}],"version-history":[{"count":0,"href":"https:\/\/www.huaruialuminum.com\/de\/wp-json\/wp\/v2\/product\/1261\/revisions"}],"wp:featuredmedia":[{"embeddable":true,"href":"https:\/\/www.huaruialuminum.com\/de\/wp-json\/wp\/v2\/media\/1028"}],"wp:attachment":[{"href":"https:\/\/www.huaruialuminum.com\/de\/wp-json\/wp\/v2\/media?parent=1261"}],"wp:term":[{"taxonomy":"product_brand","embeddable":true,"href":"https:\/\/www.huaruialuminum.com\/de\/wp-json\/wp\/v2\/product_brand?post=1261"},{"taxonomy":"product_cat","embeddable":true,"href":"https:\/\/www.huaruialuminum.com\/de\/wp-json\/wp\/v2\/product_cat?post=1261"},{"taxonomy":"product_tag","embeddable":true,"href":"https:\/\/www.huaruialuminum.com\/de\/wp-json\/wp\/v2\/product_tag?post=1261"}],"curies":[{"name":"wp","href":"https:\/\/api.w.org\/{rel}","templated":true}]}}