{"id":1265,"date":"2025-12-12T07:37:27","date_gmt":"2025-12-12T07:37:27","guid":{"rendered":"https:\/\/www.huaruialuminum.com\/?post_type=product&#038;p=1265"},"modified":"2026-03-12T05:30:32","modified_gmt":"2026-03-12T05:30:32","slug":"5083-aluminum-sheet-2","status":"publish","type":"product","link":"https:\/\/www.huaruialuminum.com\/de\/produkt\/5083-aluminum-sheet-2\/","title":{"rendered":"5083 Aluminiumblech"},"content":{"rendered":"<p><strong><b>5083 A<\/b><\/strong><strong><b>luminum <\/b><\/strong><strong><b>S<\/b><\/strong><strong><b>heet<\/b><\/strong><\/p>\n<p>Aluminiumblech 5083 H111 \/ O<\/p>\n<p>Aluminiumblech 5083 H112<\/p>\n<p>Aluminiumblech 5083 H116<\/p>\n<p>Aluminiumblech 5083 H321<\/p>\n<p><img fetchpriority=\"high\" decoding=\"async\" class=\"alignnone wp-image-1088\" src=\"https:\/\/www.huaruialuminum.com\/wp-content\/uploads\/2025\/12\/aluminum-sheets-for-boats-300x200.jpg\" alt=\"\" width=\"456\" height=\"304\" srcset=\"https:\/\/www.huaruialuminum.com\/wp-content\/uploads\/2025\/12\/aluminum-sheets-for-boats-300x200.jpg 300w, https:\/\/www.huaruialuminum.com\/wp-content\/uploads\/2025\/12\/aluminum-sheets-for-boats-18x12.jpg 18w, https:\/\/www.huaruialuminum.com\/wp-content\/uploads\/2025\/12\/aluminum-sheets-for-boats.jpg 600w\" sizes=\"(max-width: 456px) 100vw, 456px\" \/>\u00a0 \u00a0\u00a0 <img decoding=\"async\" class=\"alignnone size-medium wp-image-1266\" src=\"https:\/\/www.huaruialuminum.com\/wp-content\/uploads\/2025\/12\/Aluminium-Sheets-225x300.jpg\" alt=\"\" width=\"225\" height=\"300\" srcset=\"https:\/\/www.huaruialuminum.com\/wp-content\/uploads\/2025\/12\/Aluminium-Sheets-225x300.jpg 225w, https:\/\/www.huaruialuminum.com\/wp-content\/uploads\/2025\/12\/Aluminium-Sheets-768x1024.jpg 768w, https:\/\/www.huaruialuminum.com\/wp-content\/uploads\/2025\/12\/Aluminium-Sheets-9x12.jpg 9w, https:\/\/www.huaruialuminum.com\/wp-content\/uploads\/2025\/12\/Aluminium-Sheets-600x800.jpg 600w, https:\/\/www.huaruialuminum.com\/wp-content\/uploads\/2025\/12\/Aluminium-Sheets.jpg 1080w\" sizes=\"(max-width: 225px) 100vw, 225px\" \/><\/p>\n<p>Die Legierung 5083 ist der Repr\u00e4sentant von Aluminium in Schiffsqualit\u00e4t.<\/p>\n<p>Der Magnesiumgehalt liegt zwischen 4,0-4,9%. Dies ist vor allem f\u00fcr die Herstellung von gro\u00dfen Schiff oder Tank.<\/p>\n<p>Legierung: 5083<\/p>\n<p>Temperament: H111 \/O; H112, H116, H321,<\/p>\n<p>Dicke: 0,5 mm bis 200 mm<\/p>\n<p>Breite: 500mm bis 2600mm<\/p>\n<p>L\u00e4nge: max L\u00e4nge 11,8 Meter, auch k\u00f6nnen wir produzieren Aluminium-Spule 5083;<\/p>\n<p>Oberfl\u00e4che: walzblank, blank, poliert, mit blauen PVC-Folien oder Papiereinlagen;<\/p>\n<p>Biegen um 90 Grad ohne Rissbildung.<\/p>\n<p>Anwendung: Schiffbau, Autoinnenblech, Tankwagen, \u00d6ltank, Lagertank, Schiffsanlagen usw.<\/p>\n<p>Aluminium-Lagerhalter: \u00dcber 3.000 Tonnen sind in unserem Lager vorr\u00e4tig und k\u00f6nnen sofort versandt werden.<\/p>\n<p><strong>Was ist der Unterschied zwischen Aluminiumblech 5083 H111 und Aluminiumblech 5083 H116?<\/strong><\/p>\n<p>H111 VS H112 VS H116 ?<\/p>\n<p><strong><b>H116 <\/b><\/strong>For products made of 5xxx series alloys with a magnesium content of 4% or more. These products have the required mechanical properties and resistance to spalling and corrosion.<\/p>\n<p><strong><b>H111<\/b><\/strong>, full annealed products that have undergone a moderate amount of work-hardening, but are not reach the hardness of the H11 condition.<\/p>\n<p><strong><b>H112:<\/b><\/strong>\u00a0Applicable to products that are hot formed. The mechanical properties of products in this condition are required by regulations.<\/p>\n<p><strong><b>Aluminum Plate 5083 <\/b><\/strong><strong><b>Qualit\u00e4t <\/b><\/strong><strong><b>D<\/b><\/strong><strong><b>ata<\/b><\/strong><strong><b>\u00a0Sheet\/<\/b><\/strong><strong><b>Characteristics<\/b><\/strong><strong><b>:<\/b><\/strong><\/p>\n<table>\n<tbody>\n<tr>\n<td colspan=\"10\" width=\"751\">\n<p style=\"text-align: center;\"><strong>Chemistry \u00a0composition %<\/strong><\/p>\n<\/td>\n<\/tr>\n<tr>\n<td width=\"130\">\n<p style=\"text-align: center;\"><strong>Element<\/strong><\/p>\n<\/td>\n<td style=\"text-align: center;\" width=\"60\"><strong>Si<\/strong><\/td>\n<td style=\"text-align: center;\" width=\"49\"><strong>Fe<\/strong><\/td>\n<td style=\"text-align: center;\" width=\"60\"><strong>Cu<\/strong><\/td>\n<td style=\"text-align: center;\" width=\"75\"><strong>Mn<\/strong><\/td>\n<td style=\"text-align: center;\" width=\"75\"><strong>Mg<\/strong><\/td>\n<td style=\"text-align: center;\" width=\"90\"><strong>Cr<\/strong><\/td>\n<td style=\"text-align: center;\" width=\"60\"><strong>Ti<\/strong><\/td>\n<td style=\"text-align: center;\" width=\"60\"><strong>Zn<\/strong><\/td>\n<td width=\"91\">\n<p style=\"text-align: center;\"><strong>Al<\/strong><\/p>\n<\/td>\n<\/tr>\n<tr>\n<td width=\"130\">Standardwert<\/td>\n<td width=\"60\">\u22640.4<\/p>\n<p>&nbsp;<\/td>\n<td width=\"49\">\u22640.40<\/td>\n<td width=\"60\">\u22640.10<\/td>\n<td width=\"75\">0.4~1.0<\/td>\n<td width=\"75\">4.0-4.9<\/td>\n<td width=\"90\">0.05~0.25<\/td>\n<td width=\"60\">\u22640.15<\/td>\n<td width=\"60\">\u22640.25<\/td>\n<td width=\"91\">Restbetrag<\/td>\n<\/tr>\n<tr>\n<td width=\"130\">Tats\u00e4chlicher Wert<\/td>\n<td width=\"60\">0.12<\/td>\n<td width=\"49\">0.29<\/td>\n<td width=\"60\">0.031<\/td>\n<td width=\"75\">0.70<\/td>\n<td width=\"75\">4.6<\/td>\n<td width=\"90\">0.062<\/td>\n<td width=\"60\">0.07<\/td>\n<td width=\"60\">0.012<\/td>\n<td width=\"91\">Restbetrag<\/td>\n<\/tr>\n<\/tbody>\n<\/table>\n<p><strong><b>Aluminum Sheet 5083 Mechanical Properties Standard<\/b><\/strong><\/p>\n<p><strong><b> <img decoding=\"async\" class=\"alignnone wp-image-1069\" src=\"https:\/\/www.huaruialuminum.com\/wp-content\/uploads\/2025\/12\/Aluminum-Sheet-5083-Mechanical-Properties-Standard-300x199.png\" alt=\"\" width=\"800\" height=\"532\" srcset=\"https:\/\/www.huaruialuminum.com\/wp-content\/uploads\/2025\/12\/Aluminum-Sheet-5083-Mechanical-Properties-Standard-300x199.png 300w, https:\/\/www.huaruialuminum.com\/wp-content\/uploads\/2025\/12\/Aluminum-Sheet-5083-Mechanical-Properties-Standard-768x510.png 768w, https:\/\/www.huaruialuminum.com\/wp-content\/uploads\/2025\/12\/Aluminum-Sheet-5083-Mechanical-Properties-Standard-18x12.png 18w, https:\/\/www.huaruialuminum.com\/wp-content\/uploads\/2025\/12\/Aluminum-Sheet-5083-Mechanical-Properties-Standard-600x399.png 600w, https:\/\/www.huaruialuminum.com\/wp-content\/uploads\/2025\/12\/Aluminum-Sheet-5083-Mechanical-Properties-Standard.png 918w\" sizes=\"(max-width: 800px) 100vw, 800px\" \/><\/b><\/strong><\/p>\n<p><strong><b>Wie wird die Aluminiumplatte verpackt und versandt?<\/b><\/strong><\/p>\n<ol>\n<li>Verpacken: Starke Holzpalette, mit blauer PVC-Folie oder mit Papierzwischenlage,<\/li>\n<li>Max Gross weight skid 2500KGS;<\/li>\n<li>For 1 x 20FCL can load 20 to 25 Tons max, the same as following pictures.<\/li>\n<li>Surface: mill finish with blue PE films to protect the surface.<\/li>\n<\/ol>\n<p><strong><b>\u00a0<img loading=\"lazy\" decoding=\"async\" class=\"alignnone wp-image-1020\" src=\"https:\/\/www.huaruialuminum.com\/wp-content\/uploads\/2025\/12\/5454-0-aluminum-sheet-300x200.jpg\" alt=\"\" width=\"439\" height=\"292\" srcset=\"https:\/\/www.huaruialuminum.com\/wp-content\/uploads\/2025\/12\/5454-0-aluminum-sheet-300x200.jpg 300w, https:\/\/www.huaruialuminum.com\/wp-content\/uploads\/2025\/12\/5454-0-aluminum-sheet-18x12.jpg 18w, https:\/\/www.huaruialuminum.com\/wp-content\/uploads\/2025\/12\/5454-0-aluminum-sheet.jpg 600w\" sizes=\"(max-width: 439px) 100vw, 439px\" \/>\u00a0 <img loading=\"lazy\" decoding=\"async\" class=\"alignnone size-medium wp-image-1267\" src=\"https:\/\/www.huaruialuminum.com\/wp-content\/uploads\/2025\/12\/Aluminum-5083-packing-10-225x300.jpg\" alt=\"\" width=\"225\" height=\"300\" srcset=\"https:\/\/www.huaruialuminum.com\/wp-content\/uploads\/2025\/12\/Aluminum-5083-packing-10-225x300.jpg 225w, https:\/\/www.huaruialuminum.com\/wp-content\/uploads\/2025\/12\/Aluminum-5083-packing-10-768x1024.jpg 768w, https:\/\/www.huaruialuminum.com\/wp-content\/uploads\/2025\/12\/Aluminum-5083-packing-10-1152x1536.jpg 1152w, https:\/\/www.huaruialuminum.com\/wp-content\/uploads\/2025\/12\/Aluminum-5083-packing-10-9x12.jpg 9w, https:\/\/www.huaruialuminum.com\/wp-content\/uploads\/2025\/12\/Aluminum-5083-packing-10-600x800.jpg 600w, https:\/\/www.huaruialuminum.com\/wp-content\/uploads\/2025\/12\/Aluminum-5083-packing-10.jpg 1280w\" sizes=\"(max-width: 225px) 100vw, 225px\" \/><\/b><\/strong><\/p>\n<p><strong><b>5083 aluminum sheet price per sheet \/ per kg<\/b><\/strong><\/p>\n<p>Der Preis f\u00fcr Aluminiumbleche \u00e4ndert sich t\u00e4glich und h\u00e4ngt vom Markt ab.<\/p>\n<p>Here is our aluminum sheet price per KG for you:<\/p>\n<table>\n<tbody>\n<tr>\n<td width=\"129\"><strong><b>ALLOY<\/b><\/strong><\/td>\n<td width=\"133\"><strong><b>Dicke<\/b><\/strong><\/td>\n<td width=\"132\"><strong><b>FOB Price<\/b><\/strong><\/p>\n<p><strong><b>USD\/KG<\/b><\/strong><\/td>\n<td width=\"96\"><strong><b>Zeit produzieren<\/b><\/strong><\/td>\n<td width=\"68\"><strong><b>MOQ<\/b><\/strong><\/td>\n<td width=\"141\"><strong><b>Standardgr\u00f6\u00dfe<\/b><\/strong><\/td>\n<td width=\"105\"><strong><b>1 x20FCL<\/b><\/strong><\/td>\n<\/tr>\n<tr>\n<td width=\"129\">5083 H111 \/ O<\/td>\n<td width=\"133\">1,0 bis 150 mm<\/td>\n<td width=\"132\">2.45USD\/KG<\/td>\n<td rowspan=\"4\" width=\"96\">&nbsp;<\/p>\n<p>&nbsp;<\/p>\n<p>40 Tage<\/td>\n<td rowspan=\"4\" width=\"68\">&nbsp;<\/p>\n<p>&nbsp;<\/p>\n<p>3 TONNEN<\/td>\n<td rowspan=\"4\" width=\"141\">&nbsp;<\/p>\n<p>&nbsp;<\/p>\n<p>1250 x 2500 mm<\/td>\n<td rowspan=\"4\" width=\"105\">&nbsp;<\/p>\n<p>&nbsp;<\/p>\n<p>22 Tonnen<\/td>\n<\/tr>\n<tr>\n<td width=\"129\">5083 H112<\/td>\n<td width=\"133\">8,0 bis 300 mm<\/td>\n<td width=\"132\">2.40USD\/KG<\/td>\n<\/tr>\n<tr>\n<td width=\"129\">5083 H116<\/td>\n<td width=\"133\">1,0 bis 50 mm<\/td>\n<td width=\"132\">3.15USD\/KG<\/td>\n<\/tr>\n<tr>\n<td width=\"129\">5083 H321<\/td>\n<td width=\"133\">1,0 bis 50 mm<\/td>\n<td width=\"132\">3.18USD\/KG<\/td>\n<\/tr>\n<\/tbody>\n<\/table>\n<p>&nbsp;<\/p>\n<p><strong><b>Main application<\/b><\/strong><strong><b>:<\/b><\/strong><\/p>\n<p>Bleche aus der Aluminiumlegierung 5083 werden haupts\u00e4chlich dort eingesetzt, wo hohe Korrosionsbest\u00e4ndigkeit, gute Schwei\u00dfbarkeit und m\u00e4\u00dfige Festigkeit erforderlich sind, z. B. bei Schwei\u00dfn\u00e4hten in der Schifffahrt, im Automobilbau und in der Luftfahrt, bei Druckbeh\u00e4ltern, K\u00fchlaggregaten, Fernseht\u00fcrmen, Transportausr\u00fcstungen, Panzern usw., wo strenger Brandschutz erforderlich ist. Dar\u00fcber hinaus werden sie auch bei der Herstellung von Gastanks f\u00fcr Lastkraftwagen, Kraftstofftanks, Wassertanks, Hitzeschilden, im Schiffsbau, f\u00fcr Innenbleche von Autos, Kesselwagen, \u00d6ltanks, Lagertanks, Schiffsanlagen usw. verwendet.<\/p>\n<p><img loading=\"lazy\" decoding=\"async\" class=\"alignnone wp-image-1017\" src=\"https:\/\/www.huaruialuminum.com\/wp-content\/uploads\/2025\/12\/5083-for-boat-1-300x200.png\" alt=\"\" width=\"800\" height=\"533\" srcset=\"https:\/\/www.huaruialuminum.com\/wp-content\/uploads\/2025\/12\/5083-for-boat-1-300x200.png 300w, https:\/\/www.huaruialuminum.com\/wp-content\/uploads\/2025\/12\/5083-for-boat-1-18x12.png 18w, https:\/\/www.huaruialuminum.com\/wp-content\/uploads\/2025\/12\/5083-for-boat-1.png 600w\" sizes=\"(max-width: 800px) 100vw, 800px\" \/><\/p>\n<p><strong><b>Service nach dem Verkauf:<\/b><\/strong><\/p>\n<p>Qualit\u00e4t\/Menge\/Gewichtsabweichung und Reklamation:<\/p>\n<p>In case the quality and\/or quantity\/weight are found by the Buyer to be not in conformity with the Contract after arrival of the\u00a0goods at the port of destination, the Buyer may lodge claim with the Seller supported by survey report issue by buyer\u2019s end user. We shall within 30 days after receipt of the notification of the claim, pay claim to buyer.<\/p>\n<p>&nbsp;<\/p>\n<ol>\n<li><strong>Can you bend 5083 aluminum?<\/strong><\/li>\n<\/ol>\n<p>Die Legierung 5083 ist viel st\u00e4rker als die Legierungen 5052 und 5005. Aber wenn wir es mit Temper H111 oder Temper O produzieren, kann es 90 Grad Biegung ohne Riss garantieren. Das ist der Grund, warum es wild f\u00fcr die Herstellung von Gas-Tanks, Kraftstofftanks, Wassertanks des LKW verwendet wird.<\/p>\n<p>&nbsp;<\/p>\n<ol start=\"2\">\n<li><strong>How strong is 5083 aluminum?<\/strong><\/li>\n<\/ol>\n<p>5083 Aluminium enth\u00e4lt 4.0% - 4.9% Mg Elemente, die diese Legierung haben hohe Festigkeit. Die H\u00e4rte dieser Legierung ist \u00fcber 81HB.<\/p>\n<p>&nbsp;<\/p>\n<ol start=\"3\">\n<li><strong>Do you produce aluminum sheets for boats? Is alloy 5083 H321 aluminum sheet is OK for it?<\/strong><\/li>\n<\/ol>\n<p>5xxx series aluminum is called\u00a0Marine\u00a0grade\u00a0aluminum sheet. 5083 aluminum sheet have high corrosion resistance, good weldability and moderate strength. \u00a0Also it can be produced with temper H111, H116, H321 which is strong enough for producing big ship \/ vessel.<\/p>\n<p>&nbsp;<\/p>","protected":false},"excerpt":{"rendered":"<p>5083 Aluminum Sheet Aluminum sheet 5083 H111 \/ O Aluminum sheet 5083 H112 Aluminum sheet 5083 H116 Aluminum sheet 5083 [&hellip;]<\/p>","protected":false},"featured_media":1266,"comment_status":"open","ping_status":"closed","template":"","meta":{"postBodyCss":"","postBodyMargin":[],"postBodyPadding":[],"postBodyBackground":{"backgroundType":"classic","gradient":""},"site-sidebar-layout":"default","site-content-layout":"","ast-site-content-layout":"default","site-content-style":"default","site-sidebar-style":"default","ast-global-header-display":"","ast-banner-title-visibility":"","ast-main-header-display":"","ast-hfb-above-header-display":"","ast-hfb-below-header-display":"","ast-hfb-mobile-header-display":"","site-post-title":"","ast-breadcrumbs-content":"","ast-featured-img":"","footer-sml-layout":"","ast-disable-related-posts":"","theme-transparent-header-meta":"default","adv-header-id-meta":"","stick-header-meta":"","header-above-stick-meta":"","header-main-stick-meta":"","header-below-stick-meta":"","astra-migrate-meta-layouts":"set","ast-page-background-enabled":"default","ast-page-background-meta":{"desktop":{"background-color":"var(--ast-global-color-5)","background-image":"","background-repeat":"repeat","background-position":"center center","background-size":"auto","background-attachment":"scroll","background-type":"","background-media":"","overlay-type":"","overlay-color":"","overlay-opacity":"","overlay-gradient":""},"tablet":{"background-color":"","background-image":"","background-repeat":"repeat","background-position":"center center","background-size":"auto","background-attachment":"scroll","background-type":"","background-media":"","overlay-type":"","overlay-color":"","overlay-opacity":"","overlay-gradient":""},"mobile":{"background-color":"","background-image":"","background-repeat":"repeat","background-position":"center center","background-size":"auto","background-attachment":"scroll","background-type":"","background-media":"","overlay-type":"","overlay-color":"","overlay-opacity":"","overlay-gradient":""}},"ast-content-background-meta":{"desktop":{"background-color":"var(--ast-global-color-4)","background-image":"","background-repeat":"repeat","background-position":"center center","background-size":"auto","background-attachment":"scroll","background-type":"","background-media":"","overlay-type":"","overlay-color":"","overlay-opacity":"","overlay-gradient":""},"tablet":{"background-color":"var(--ast-global-color-4)","background-image":"","background-repeat":"repeat","background-position":"center center","background-size":"auto","background-attachment":"scroll","background-type":"","background-media":"","overlay-type":"","overlay-color":"","overlay-opacity":"","overlay-gradient":""},"mobile":{"background-color":"var(--ast-global-color-4)","background-image":"","background-repeat":"repeat","background-position":"center center","background-size":"auto","background-attachment":"scroll","background-type":"","background-media":"","overlay-type":"","overlay-color":"","overlay-opacity":"","overlay-gradient":""}}},"product_brand":[],"product_cat":[25],"product_tag":[],"class_list":{"0":"post-1265","1":"product","2":"type-product","3":"status-publish","4":"has-post-thumbnail","6":"product_cat-sheet_plate","7":"desktop-align-left","8":"tablet-align-left","9":"mobile-align-left","11":"first","12":"instock","13":"shipping-taxable","14":"product-type-simple"},"aioseo_notices":[],"_links":{"self":[{"href":"https:\/\/www.huaruialuminum.com\/de\/wp-json\/wp\/v2\/product\/1265","targetHints":{"allow":["GET"]}}],"collection":[{"href":"https:\/\/www.huaruialuminum.com\/de\/wp-json\/wp\/v2\/product"}],"about":[{"href":"https:\/\/www.huaruialuminum.com\/de\/wp-json\/wp\/v2\/types\/product"}],"replies":[{"embeddable":true,"href":"https:\/\/www.huaruialuminum.com\/de\/wp-json\/wp\/v2\/comments?post=1265"}],"version-history":[{"count":0,"href":"https:\/\/www.huaruialuminum.com\/de\/wp-json\/wp\/v2\/product\/1265\/revisions"}],"wp:featuredmedia":[{"embeddable":true,"href":"https:\/\/www.huaruialuminum.com\/de\/wp-json\/wp\/v2\/media\/1266"}],"wp:attachment":[{"href":"https:\/\/www.huaruialuminum.com\/de\/wp-json\/wp\/v2\/media?parent=1265"}],"wp:term":[{"taxonomy":"product_brand","embeddable":true,"href":"https:\/\/www.huaruialuminum.com\/de\/wp-json\/wp\/v2\/product_brand?post=1265"},{"taxonomy":"product_cat","embeddable":true,"href":"https:\/\/www.huaruialuminum.com\/de\/wp-json\/wp\/v2\/product_cat?post=1265"},{"taxonomy":"product_tag","embeddable":true,"href":"https:\/\/www.huaruialuminum.com\/de\/wp-json\/wp\/v2\/product_tag?post=1265"}],"curies":[{"name":"wp","href":"https:\/\/api.w.org\/{rel}","templated":true}]}}