{"id":1269,"date":"2025-12-12T07:50:56","date_gmt":"2025-12-12T07:50:56","guid":{"rendered":"https:\/\/www.huaruialuminum.com\/?post_type=product&#038;p=1269"},"modified":"2025-12-12T07:50:56","modified_gmt":"2025-12-12T07:50:56","slug":"5005-h34-aluminum-sheet","status":"publish","type":"product","link":"https:\/\/www.huaruialuminum.com\/de\/produkt\/5005-h34-aluminum-sheet\/","title":{"rendered":"5005 H34 Aluminum Sheet"},"content":{"rendered":"<p>5005 H34 Aluminum Sheet is similar to 3003 alloy with medium strength and good corrosion resistance. Used as a conductor, cookware, instrument panels, shells and architectural trim. The hard anodizing\u00a0film is brighter than the oxide film on 3003 and is consistent with the hue of 6063.<\/p>\n<p><img fetchpriority=\"high\" decoding=\"async\" class=\"alignnone wp-image-1098\" src=\"https:\/\/www.huaruialuminum.com\/wp-content\/uploads\/2025\/12\/food-grade-aluminum-sheet-300x200.jpg\" alt=\"\" width=\"390\" height=\"260\" srcset=\"https:\/\/www.huaruialuminum.com\/wp-content\/uploads\/2025\/12\/food-grade-aluminum-sheet-300x200.jpg 300w, https:\/\/www.huaruialuminum.com\/wp-content\/uploads\/2025\/12\/food-grade-aluminum-sheet-18x12.jpg 18w, https:\/\/www.huaruialuminum.com\/wp-content\/uploads\/2025\/12\/food-grade-aluminum-sheet.jpg 600w\" sizes=\"(max-width: 390px) 100vw, 390px\" \/>\u00a0 \u00a0\u00a0 <img decoding=\"async\" class=\"alignnone wp-image-1087\" src=\"https:\/\/www.huaruialuminum.com\/wp-content\/uploads\/2025\/12\/aluminum-sheets-for-boats-2-300x200.jpg\" alt=\"\" width=\"390\" height=\"260\" srcset=\"https:\/\/www.huaruialuminum.com\/wp-content\/uploads\/2025\/12\/aluminum-sheets-for-boats-2-300x200.jpg 300w, https:\/\/www.huaruialuminum.com\/wp-content\/uploads\/2025\/12\/aluminum-sheets-for-boats-2-18x12.jpg 18w, https:\/\/www.huaruialuminum.com\/wp-content\/uploads\/2025\/12\/aluminum-sheets-for-boats-2.jpg 600w\" sizes=\"(max-width: 390px) 100vw, 390px\" \/><\/p>\n<p>Alloy: 5005<\/p>\n<p>Temper: O, H111, H32, H34, H36, H38, H112<\/p>\n<p>Oberfl\u00e4che: walzblank, blank, poliert, mit blauen PVC-Folien oder Papiereinlagen;<\/p>\n<p>Thickness\u00a0tolerance: +\/-0.02mm, Width &amp; Length\u00a0tolerance: \u00a0-0 \/ +2mm. Diagonal line (+\/- 2mm)<\/p>\n<p>Thickness: 0.2mm\u00a0&#8211; 6mm, 6mm &#8211; 200mm; (DC Material)<\/p>\n<p>Width: 300mm-2600mm; large size aluminum sheet max width 2600mm, max length 11meter;<\/p>\n<p>Packaging: Standard\u00a0seaworthy\u00a0export\u00a0packing\u00a0&#8211; the height of the pallet is 90mm, suitable for unloading with forklift. \u00a0For 1 x 20FCL can load 20 to 25 Tons.<\/p>\n<p><strong><b>Aluminum Plate 5005 <\/b><\/strong><strong><b>Qualit\u00e4t <\/b><\/strong><strong><b>D<\/b><\/strong><strong><b>ata<\/b><\/strong><strong><b>\u00a0Sheet\/<\/b><\/strong><strong><b>Characteristics<\/b><\/strong><strong><b>:<\/b><\/strong><\/p>\n<table>\n<tbody>\n<tr>\n<td colspan=\"10\" width=\"796\">\n<p style=\"text-align: center;\"><strong>Chemistry\u00a0 composition %\u00a0 \u00a0<\/strong><\/p>\n<\/td>\n<\/tr>\n<tr>\n<td width=\"120\">\n<p style=\"text-align: center;\"><strong>Element<\/strong><\/p>\n<\/td>\n<td style=\"text-align: center;\" width=\"59\"><strong>Si<\/strong><\/td>\n<td style=\"text-align: center;\" width=\"75\"><strong>Fe<\/strong><\/td>\n<td style=\"text-align: center;\" width=\"75\"><strong>Cu<\/strong><\/td>\n<td style=\"text-align: center;\" width=\"75\"><strong>Mn<\/strong><\/td>\n<td style=\"text-align: center;\" width=\"75\"><strong>Mg<\/strong><\/td>\n<td style=\"text-align: center;\" width=\"70\"><strong>Cr<\/strong><\/td>\n<td style=\"text-align: center;\" width=\"75\"><strong>Ti<\/strong><\/td>\n<td style=\"text-align: center;\" width=\"79\"><strong>Zn<\/strong><\/td>\n<td width=\"91\">\n<p style=\"text-align: center;\"><strong>Al<\/strong><\/p>\n<\/td>\n<\/tr>\n<tr>\n<td width=\"120\">Tats\u00e4chlicher Wert<\/td>\n<td width=\"59\">0.10<\/td>\n<td width=\"75\">0.38<\/td>\n<td width=\"75\">0.023<\/td>\n<td width=\"75\">0.075<\/td>\n<td width=\"75\">0.89<\/td>\n<td width=\"70\">0.045<\/td>\n<td width=\"75\">0.016<\/td>\n<td width=\"79\">0.008<\/td>\n<td width=\"91\">Restbetrag<\/td>\n<\/tr>\n<\/tbody>\n<\/table>\n<p><strong><b>Aluminum Sheet 5005 H34 Mechanical Properties Standard<\/b><\/strong><\/p>\n<table>\n<tbody>\n<tr>\n<td colspan=\"5\" width=\"796\">\n<p style=\"text-align: center;\"><strong>Mechanical Properties<\/strong><\/p>\n<\/td>\n<td width=\"0\"><\/td>\n<\/tr>\n<tr>\n<td width=\"180\">Tensile \u00a0Strength<\/td>\n<td width=\"240\">Elongation <strong>%<\/strong><\/td>\n<td width=\"143\">Yield \u00a0Strength<strong>\uff08Mpa\uff09<\/strong><\/td>\n<td width=\"117\">&nbsp;<\/td>\n<td colspan=\"2\" width=\"117\">&nbsp;<\/td>\n<\/tr>\n<tr>\n<td width=\"180\">155<\/td>\n<td width=\"240\">6<\/td>\n<td width=\"143\">&nbsp;<\/td>\n<td width=\"117\">&nbsp;<\/td>\n<td colspan=\"2\" width=\"117\">&nbsp;<\/td>\n<\/tr>\n<\/tbody>\n<\/table>\n<p><strong><b>\u00a0<\/b><\/strong><\/p>\n<p><strong><b>How to Pack and ship the aluminum plate 5005?<\/b><\/strong><\/p>\n<ol>\n<li>Verpacken: Starke Holzpalette, mit blauer PVC-Folie oder mit Papierzwischenlage,<\/li>\n<li>Max Gross weight skid 2500KGS;<\/li>\n<li>For 1 x 20FCL can load 20 to 25 Tons max, the same as following pictures.<\/li>\n<li>Surface: mill finish with blue PE films to protect the surface.<\/li>\n<\/ol>\n<p><strong><b> <img decoding=\"async\" class=\"alignnone wp-image-1099\" src=\"https:\/\/www.huaruialuminum.com\/wp-content\/uploads\/2025\/12\/food-grade-aluminum-sheet-300x200.png\" alt=\"\" width=\"390\" height=\"260\" srcset=\"https:\/\/www.huaruialuminum.com\/wp-content\/uploads\/2025\/12\/food-grade-aluminum-sheet-300x200.png 300w, https:\/\/www.huaruialuminum.com\/wp-content\/uploads\/2025\/12\/food-grade-aluminum-sheet-18x12.png 18w, https:\/\/www.huaruialuminum.com\/wp-content\/uploads\/2025\/12\/food-grade-aluminum-sheet.png 600w\" sizes=\"(max-width: 390px) 100vw, 390px\" \/> <img loading=\"lazy\" decoding=\"async\" class=\"alignnone wp-image-1002\" src=\"https:\/\/www.huaruialuminum.com\/wp-content\/uploads\/2025\/12\/3003-h14-aluminum-sheet-2-300x200.jpg\" alt=\"\" width=\"390\" height=\"260\" srcset=\"https:\/\/www.huaruialuminum.com\/wp-content\/uploads\/2025\/12\/3003-h14-aluminum-sheet-2-300x200.jpg 300w, https:\/\/www.huaruialuminum.com\/wp-content\/uploads\/2025\/12\/3003-h14-aluminum-sheet-2-18x12.jpg 18w, https:\/\/www.huaruialuminum.com\/wp-content\/uploads\/2025\/12\/3003-h14-aluminum-sheet-2.jpg 600w\" sizes=\"(max-width: 390px) 100vw, 390px\" \/><\/b><\/strong><\/p>\n<p><strong><b>5005 aluminum sheet price per sheet \/ per kgs<\/b><\/strong><\/p>\n<p>Der Preis f\u00fcr Aluminiumbleche \u00e4ndert sich t\u00e4glich und h\u00e4ngt vom Markt ab.<\/p>\n<p>Hier ist unser Aluminiumblech Preis pro KGS f\u00fcr Sie:<\/p>\n<table>\n<tbody>\n<tr>\n<td width=\"109\"><strong><b>ALLOY<\/b><\/strong><\/td>\n<td width=\"134\"><strong><b>Dicke <\/b><\/strong><\/td>\n<td width=\"142\"><strong><b>FOB Price<\/b><\/strong><\/p>\n<p><strong><b>USD\/KGS<\/b><\/strong><\/td>\n<td width=\"105\"><strong><b>Zeit produzieren<\/b><\/strong><\/td>\n<td width=\"68\"><strong><b>MOQ<\/b><\/strong><\/td>\n<td width=\"141\"><strong><b>Standardgr\u00f6\u00dfe<\/b><\/strong><\/td>\n<td width=\"105\"><strong><b>1 x20FCL<\/b><\/strong><\/td>\n<\/tr>\n<tr>\n<td width=\"109\">5005 H32<\/p>\n<p>5005 H34<\/p>\n<p>5005 \u00a0O<\/td>\n<td width=\"134\">1mm bis 6mm<\/td>\n<td width=\"142\">2.36USD\/KGS<\/td>\n<td rowspan=\"2\" width=\"105\">20 Tage<\/td>\n<td rowspan=\"2\" width=\"68\">3 TONNEN<\/td>\n<td rowspan=\"2\" width=\"141\">4\u2019\u00a0x 8\u2019<\/td>\n<td rowspan=\"2\" width=\"105\">25 Tonnen<\/td>\n<\/tr>\n<tr>\n<td width=\"109\">5005 H112<\/td>\n<td width=\"134\">8mm to 200mm<\/td>\n<td width=\"142\">2.44USD\/KGS<\/td>\n<\/tr>\n<\/tbody>\n<\/table>\n<p><strong><b>\u00a0<\/b><\/strong><strong><b>Aluminum sheet 5005 <\/b><\/strong><strong><b>application<\/b><\/strong><strong><b>:<\/b><\/strong><\/p>\n<p>Curtain wall, ship building, auto inner plate, tank car, oil tank, storage tank, marine facilities etc.<\/p>\n<p>Wir haben nicht nur eine langfristige Zusammenarbeit mit mehr als 600 gro\u00dfen und mittelst\u00e4ndischen Unternehmen in China wie FAW, Sinotruk, Sinopec und Inspur Group aufgebaut, sondern auch 3.000 Partner in der ganzen Welt und exportieren Produkte in mehr als 60 L\u00e4nder und Regionen wie Europa, Amerika, Afrika, den Nahen Osten, S\u00fcdostasien und Australien.<\/p>\n<p><strong><b>Aluminum sheet for curtain wall<\/b><\/strong><\/p>\n<p><strong><b><img loading=\"lazy\" decoding=\"async\" class=\"alignnone wp-image-913\" src=\"https:\/\/www.huaruialuminum.com\/wp-content\/uploads\/2025\/12\/Curtain-Wall-300x200.png\" alt=\"\" width=\"390\" height=\"260\" srcset=\"https:\/\/www.huaruialuminum.com\/wp-content\/uploads\/2025\/12\/Curtain-Wall-300x200.png 300w, https:\/\/www.huaruialuminum.com\/wp-content\/uploads\/2025\/12\/Curtain-Wall-18x12.png 18w, https:\/\/www.huaruialuminum.com\/wp-content\/uploads\/2025\/12\/Curtain-Wall.png 600w\" sizes=\"(max-width: 390px) 100vw, 390px\" \/> <img loading=\"lazy\" decoding=\"async\" class=\"alignnone wp-image-1001\" src=\"https:\/\/www.huaruialuminum.com\/wp-content\/uploads\/2025\/12\/3003-for-curtain-wall-300x200.png\" alt=\"\" width=\"390\" height=\"260\" \/><\/b><\/strong><\/p>\n<p><strong>What\u2019s the different between aluminum sheet 5005 and 3003?<\/strong><\/p>\n<p>Both alloy sheet 5005 and 3003 are wildly used for curtain wall. Most of our customer buying alloy 3003 with CC quality, they make powder coated surface of coating. But for alloy 5005 is DC material, it is wildly used hard anodizing, the surface is much more brighter.<\/p>","protected":false},"excerpt":{"rendered":"<p>5005 H34 Aluminum Sheet is similar to 3003 alloy with medium strength and good corrosion resistance. Used as a conductor, [&hellip;]<\/p>","protected":false},"featured_media":1028,"comment_status":"open","ping_status":"closed","template":"","meta":{"postBodyCss":"","postBodyMargin":[],"postBodyPadding":[],"postBodyBackground":{"backgroundType":"classic","gradient":""},"site-sidebar-layout":"default","site-content-layout":"","ast-site-content-layout":"default","site-content-style":"default","site-sidebar-style":"default","ast-global-header-display":"","ast-banner-title-visibility":"","ast-main-header-display":"","ast-hfb-above-header-display":"","ast-hfb-below-header-display":"","ast-hfb-mobile-header-display":"","site-post-title":"","ast-breadcrumbs-content":"","ast-featured-img":"","footer-sml-layout":"","ast-disable-related-posts":"","theme-transparent-header-meta":"default","adv-header-id-meta":"","stick-header-meta":"","header-above-stick-meta":"","header-main-stick-meta":"","header-below-stick-meta":"","astra-migrate-meta-layouts":"set","ast-page-background-enabled":"default","ast-page-background-meta":{"desktop":{"background-color":"var(--ast-global-color-5)","background-image":"","background-repeat":"repeat","background-position":"center center","background-size":"auto","background-attachment":"scroll","background-type":"","background-media":"","overlay-type":"","overlay-color":"","overlay-opacity":"","overlay-gradient":""},"tablet":{"background-color":"","background-image":"","background-repeat":"repeat","background-position":"center center","background-size":"auto","background-attachment":"scroll","background-type":"","background-media":"","overlay-type":"","overlay-color":"","overlay-opacity":"","overlay-gradient":""},"mobile":{"background-color":"","background-image":"","background-repeat":"repeat","background-position":"center center","background-size":"auto","background-attachment":"scroll","background-type":"","background-media":"","overlay-type":"","overlay-color":"","overlay-opacity":"","overlay-gradient":""}},"ast-content-background-meta":{"desktop":{"background-color":"var(--ast-global-color-4)","background-image":"","background-repeat":"repeat","background-position":"center center","background-size":"auto","background-attachment":"scroll","background-type":"","background-media":"","overlay-type":"","overlay-color":"","overlay-opacity":"","overlay-gradient":""},"tablet":{"background-color":"var(--ast-global-color-4)","background-image":"","background-repeat":"repeat","background-position":"center center","background-size":"auto","background-attachment":"scroll","background-type":"","background-media":"","overlay-type":"","overlay-color":"","overlay-opacity":"","overlay-gradient":""},"mobile":{"background-color":"var(--ast-global-color-4)","background-image":"","background-repeat":"repeat","background-position":"center center","background-size":"auto","background-attachment":"scroll","background-type":"","background-media":"","overlay-type":"","overlay-color":"","overlay-opacity":"","overlay-gradient":""}}},"product_brand":[],"product_cat":[25],"product_tag":[],"class_list":{"0":"post-1269","1":"product","2":"type-product","3":"status-publish","4":"has-post-thumbnail","6":"product_cat-sheet_plate","7":"desktop-align-left","8":"tablet-align-left","9":"mobile-align-left","11":"first","12":"instock","13":"shipping-taxable","14":"product-type-simple"},"aioseo_notices":[],"_links":{"self":[{"href":"https:\/\/www.huaruialuminum.com\/de\/wp-json\/wp\/v2\/product\/1269","targetHints":{"allow":["GET"]}}],"collection":[{"href":"https:\/\/www.huaruialuminum.com\/de\/wp-json\/wp\/v2\/product"}],"about":[{"href":"https:\/\/www.huaruialuminum.com\/de\/wp-json\/wp\/v2\/types\/product"}],"replies":[{"embeddable":true,"href":"https:\/\/www.huaruialuminum.com\/de\/wp-json\/wp\/v2\/comments?post=1269"}],"version-history":[{"count":0,"href":"https:\/\/www.huaruialuminum.com\/de\/wp-json\/wp\/v2\/product\/1269\/revisions"}],"wp:featuredmedia":[{"embeddable":true,"href":"https:\/\/www.huaruialuminum.com\/de\/wp-json\/wp\/v2\/media\/1028"}],"wp:attachment":[{"href":"https:\/\/www.huaruialuminum.com\/de\/wp-json\/wp\/v2\/media?parent=1269"}],"wp:term":[{"taxonomy":"product_brand","embeddable":true,"href":"https:\/\/www.huaruialuminum.com\/de\/wp-json\/wp\/v2\/product_brand?post=1269"},{"taxonomy":"product_cat","embeddable":true,"href":"https:\/\/www.huaruialuminum.com\/de\/wp-json\/wp\/v2\/product_cat?post=1269"},{"taxonomy":"product_tag","embeddable":true,"href":"https:\/\/www.huaruialuminum.com\/de\/wp-json\/wp\/v2\/product_tag?post=1269"}],"curies":[{"name":"wp","href":"https:\/\/api.w.org\/{rel}","templated":true}]}}