{"id":1270,"date":"2025-12-15T05:47:56","date_gmt":"2025-12-15T05:47:56","guid":{"rendered":"https:\/\/www.huaruialuminum.com\/?post_type=product&#038;p=1270"},"modified":"2025-12-29T07:15:16","modified_gmt":"2025-12-29T07:15:16","slug":"3000-series-aluminum-sheet","status":"publish","type":"product","link":"https:\/\/www.huaruialuminum.com\/de\/produkt\/3000-series-aluminum-sheet\/","title":{"rendered":"3000 Series Aluminum Sheet"},"content":{"rendered":"<p>3003 aluminum alloy with Mn as the main alloying element, which cannot be reinforced by heat treatment.It has good plasticity, good welding performance. But corrosion resistance is slightly stronger than alloy 1050. It belongs to medium strength aluminum alloy.<\/p>\n<p>Aluminum sheet 3003 H14<\/p>\n<p>Aluminum sheet 3004 H16<\/p>\n<p>Aluminum sheet 3105 H14<\/p>\n<p>Aluminum coil 3A21 H24<\/p>\n<p><img fetchpriority=\"high\" decoding=\"async\" class=\"alignnone wp-image-1075\" src=\"https:\/\/www.huaruialuminum.com\/wp-content\/uploads\/2025\/12\/aluminum-sheet-china-300x200.jpg\" alt=\"\" width=\"390\" height=\"260\" srcset=\"https:\/\/www.huaruialuminum.com\/wp-content\/uploads\/2025\/12\/aluminum-sheet-china-300x200.jpg 300w, https:\/\/www.huaruialuminum.com\/wp-content\/uploads\/2025\/12\/aluminum-sheet-china-18x12.jpg 18w, https:\/\/www.huaruialuminum.com\/wp-content\/uploads\/2025\/12\/aluminum-sheet-china.jpg 600w\" sizes=\"(max-width: 390px) 100vw, 390px\" \/>\u00a0 \u00a0\u00a0 <img decoding=\"async\" class=\"alignnone wp-image-1087\" src=\"https:\/\/www.huaruialuminum.com\/wp-content\/uploads\/2025\/12\/aluminum-sheets-for-boats-2-300x200.jpg\" alt=\"\" width=\"390\" height=\"260\" srcset=\"https:\/\/www.huaruialuminum.com\/wp-content\/uploads\/2025\/12\/aluminum-sheets-for-boats-2-300x200.jpg 300w, https:\/\/www.huaruialuminum.com\/wp-content\/uploads\/2025\/12\/aluminum-sheets-for-boats-2-18x12.jpg 18w, https:\/\/www.huaruialuminum.com\/wp-content\/uploads\/2025\/12\/aluminum-sheets-for-boats-2.jpg 600w\" sizes=\"(max-width: 390px) 100vw, 390px\" \/><\/p>\n<p>&nbsp;<\/p>\n<p>Alloy Number:\u00a03003, 3004, 3A21, 3105,<\/p>\n<p>Temper: O,\u00a0H12, H14, H24, H16, H26, H18,<\/p>\n<p>Thickness: 0.2mm- 12mm<\/p>\n<p>Width:\u00a020mm\u00a0to 2600mm<\/p>\n<p>Max length: 11.8 Meter or be coil,<\/p>\n<p>Packaging: Standard\u00a0seaworthy\u00a0export\u00a0packing,Fumigation wooden pallet,<\/p>\n<p>Lieferzeiten: 30 Tage<\/p>\n<p>Bezahlung: T\/T, L\/C bei Sicht<\/p>\n<p>Surface treatment: \u00a0Critical surface quality: No chatter, no Pitt marks, no weld, no stains accepted; blue PVC films or paper-interleaved;<\/p>\n<p>&nbsp;<\/p>\n<p><strong><b>Aluminum PLATE 3003 Chemistry Composition &amp; Mechanical Properties &amp; features: <\/b><\/strong><\/p>\n<table>\n<tbody>\n<tr>\n<td colspan=\"10\" width=\"778\">\n<p style=\"text-align: center;\"><strong>Chemistry \u00a0Composition %<\/strong><\/p>\n<\/td>\n<\/tr>\n<tr>\n<td width=\"89\">Element<\/td>\n<td width=\"67\">Si<\/td>\n<td width=\"65\">Fe<\/td>\n<td width=\"107\">Cu<\/td>\n<td width=\"73\">Mn<\/td>\n<td width=\"74\">Mg<\/td>\n<td width=\"48\">Cr<\/td>\n<td width=\"75\">Ti<\/td>\n<td width=\"75\">Zn<\/td>\n<td width=\"103\">Al<\/td>\n<\/tr>\n<tr>\n<td width=\"89\">3003 Alloy<\/td>\n<td width=\"67\">0.6<\/td>\n<td width=\"65\">0.7<\/td>\n<td width=\"107\">0.05~0.20<\/td>\n<td width=\"73\">1.0~ 1.5<\/td>\n<td width=\"74\">&#8212;<\/td>\n<td width=\"48\">&#8212;<\/td>\n<td width=\"75\">&#8212;-<\/td>\n<td width=\"75\">0.10<\/td>\n<td width=\"103\">Restbetrag<\/td>\n<\/tr>\n<tr>\n<td width=\"89\">3004 Alloy<\/td>\n<td width=\"67\">0.3<\/td>\n<td width=\"65\">0.7<\/td>\n<td width=\"107\">0.25<\/td>\n<td width=\"73\">1.0~ 1.5<\/td>\n<td width=\"74\">0.8&#8211;1.3<\/td>\n<td width=\"48\">&#8212;<\/td>\n<td width=\"75\">&#8212;-<\/td>\n<td width=\"75\">0.25<\/td>\n<td width=\"103\">Restbetrag<\/td>\n<\/tr>\n<tr>\n<td width=\"89\">3105 Alloy<\/td>\n<td width=\"67\">\u22640.6<\/td>\n<td width=\"65\">\u22640.7<\/td>\n<td width=\"107\">\u22640.3<\/td>\n<td width=\"73\">0.3~0.8<\/td>\n<td width=\"74\">0.2~0.8<\/td>\n<td width=\"48\">\u22640.2<\/td>\n<td width=\"75\">\u22640.1<\/td>\n<td width=\"75\">\u22640.4<\/td>\n<td width=\"103\">Restbetrag<\/td>\n<\/tr>\n<tr>\n<td width=\"89\">3A21 Alloy<\/td>\n<td width=\"67\">0.6<\/td>\n<td width=\"65\">0.7<\/td>\n<td width=\"107\">0.05~0.20<\/td>\n<td width=\"73\">1.0~ 1.5<\/td>\n<td width=\"74\">&#8212;<\/td>\n<td width=\"48\">&#8212;<\/td>\n<td width=\"75\">&#8212;-<\/td>\n<td width=\"75\">0.10<\/td>\n<td width=\"103\">Restbetrag<\/td>\n<\/tr>\n<\/tbody>\n<\/table>\n<h2><strong><b>3000 s<\/b><\/strong><strong><b>eries aluminum sheet application and usage: <\/b><\/strong><\/h2>\n<p>3000 series aluminum are slightly higher strength requirement than 1000 Series.It is wildly used for pressure tank, storage tank, heat preservation material, mechanical parts, automobile fuel tank, etc. It is used in air conditioner, refrigerator, car and plane. Conventional applications in air conditioning, refrigerators, under the car and other humid environments, the price is higher than 1 x x x x series, is a more commonly used alloy series.<\/p>\n<p>&nbsp;<\/p>\n<p><strong><b>Aluminum tread plate alloy 3105 H154<\/b><\/strong><\/p>\n<p>Since 3000 series aluminum is named anti-rust aluminum and much more stronger than alloy 1100 it is also wildly used for producing aluminum tread plate, aluminum checkered plate 5 bars, aluminum diamond plate. \u00a0Refrigeration floor, Truck floor, \u00a0flooring, stairs, indoor and outdoor decoration<\/p>\n<p><img decoding=\"async\" class=\"alignnone wp-image-1251\" src=\"https:\/\/www.huaruialuminum.com\/wp-content\/uploads\/2025\/12\/Aluminum-tread-plate-3003-300x219.png\" alt=\"\" width=\"390\" height=\"285\" srcset=\"https:\/\/www.huaruialuminum.com\/wp-content\/uploads\/2025\/12\/Aluminum-tread-plate-3003-300x219.png 300w, https:\/\/www.huaruialuminum.com\/wp-content\/uploads\/2025\/12\/Aluminum-tread-plate-3003-768x561.png 768w, https:\/\/www.huaruialuminum.com\/wp-content\/uploads\/2025\/12\/Aluminum-tread-plate-3003-16x12.png 16w, https:\/\/www.huaruialuminum.com\/wp-content\/uploads\/2025\/12\/Aluminum-tread-plate-3003-600x438.png 600w, https:\/\/www.huaruialuminum.com\/wp-content\/uploads\/2025\/12\/Aluminum-tread-plate-3003.png 961w\" sizes=\"(max-width: 390px) 100vw, 390px\" \/> <img loading=\"lazy\" decoding=\"async\" class=\"alignnone wp-image-1211\" src=\"https:\/\/www.huaruialuminum.com\/wp-content\/uploads\/2025\/12\/aluminium-tread-plate-for-caravans-300x200.png\" alt=\"\" width=\"428\" height=\"285\" srcset=\"https:\/\/www.huaruialuminum.com\/wp-content\/uploads\/2025\/12\/aluminium-tread-plate-for-caravans-300x200.png 300w, https:\/\/www.huaruialuminum.com\/wp-content\/uploads\/2025\/12\/aluminium-tread-plate-for-caravans-18x12.png 18w, https:\/\/www.huaruialuminum.com\/wp-content\/uploads\/2025\/12\/aluminium-tread-plate-for-caravans.png 600w\" sizes=\"(max-width: 428px) 100vw, 428px\" \/><\/p>\n<p><strong><b>Aluminum roofing sheet 3004 H14 <\/b><\/strong><\/p>\n<p>Aluminum alloy 3003 h14 or h16 can also be used for roofing after the color coated.<\/p>\n<p><img loading=\"lazy\" decoding=\"async\" class=\"alignnone wp-image-1219\" src=\"https:\/\/www.huaruialuminum.com\/wp-content\/uploads\/2025\/12\/aluminum-Roofing-300x200.jpg\" alt=\"\" width=\"800\" height=\"533\" srcset=\"https:\/\/www.huaruialuminum.com\/wp-content\/uploads\/2025\/12\/aluminum-Roofing-300x200.jpg 300w, https:\/\/www.huaruialuminum.com\/wp-content\/uploads\/2025\/12\/aluminum-Roofing-18x12.jpg 18w, https:\/\/www.huaruialuminum.com\/wp-content\/uploads\/2025\/12\/aluminum-Roofing.jpg 600w\" sizes=\"(max-width: 800px) 100vw, 800px\" \/><\/p>\n<p><strong><b>A<\/b><\/strong><strong><b>luminum<\/b><\/strong><strong><b>\u00a0Coil 3A21 H24 P<\/b><\/strong><strong><b>acking and Loading<\/b><\/strong><strong><b>:<\/b><\/strong><\/p>\n<p>The aluminum plate are Seaworthy packages to be protect from humidity,Avoid All Moisture Contamination. Heat#&#8217;s recorded on all bundles, Do not mix heats within bundles,Bundle individual sizes separately. Also we will put 2-3 mils medium tack clear or clear blue PVC one side. Critical surface quality:No chatter, no Pitt marks, no weld, no stains accepted; Skids suitable to load in Flat-Rack contains.<\/p>\n<p>Eye to wall Packing &amp; Eye to Sky Packing:<\/p>\n<p><img loading=\"lazy\" decoding=\"async\" class=\"alignnone wp-image-662\" src=\"https:\/\/www.huaruialuminum.com\/wp-content\/uploads\/2025\/02\/Aluminum-Coil-Loading-02-245x300.jpg\" alt=\"\" width=\"289\" height=\"354\" srcset=\"https:\/\/www.huaruialuminum.com\/wp-content\/uploads\/2025\/02\/Aluminum-Coil-Loading-02-245x300.jpg 245w, https:\/\/www.huaruialuminum.com\/wp-content\/uploads\/2025\/02\/Aluminum-Coil-Loading-02-837x1024.jpg 837w, https:\/\/www.huaruialuminum.com\/wp-content\/uploads\/2025\/02\/Aluminum-Coil-Loading-02-768x939.jpg 768w, https:\/\/www.huaruialuminum.com\/wp-content\/uploads\/2025\/02\/Aluminum-Coil-Loading-02-10x12.jpg 10w, https:\/\/www.huaruialuminum.com\/wp-content\/uploads\/2025\/02\/Aluminum-Coil-Loading-02-600x734.jpg 600w, https:\/\/www.huaruialuminum.com\/wp-content\/uploads\/2025\/02\/Aluminum-Coil-Loading-02.jpg 1080w\" sizes=\"(max-width: 289px) 100vw, 289px\" \/>\u00a0 \u00a0\u00a0 <img loading=\"lazy\" decoding=\"async\" class=\"alignnone wp-image-527\" src=\"https:\/\/www.huaruialuminum.com\/wp-content\/uploads\/2025\/02\/loading-pictures-of-aluminum-coil-8-300x225.jpg\" alt=\"\" width=\"462\" height=\"347\" srcset=\"https:\/\/www.huaruialuminum.com\/wp-content\/uploads\/2025\/02\/loading-pictures-of-aluminum-coil-8-300x225.jpg 300w, https:\/\/www.huaruialuminum.com\/wp-content\/uploads\/2025\/02\/loading-pictures-of-aluminum-coil-8-1024x768.jpg 1024w, https:\/\/www.huaruialuminum.com\/wp-content\/uploads\/2025\/02\/loading-pictures-of-aluminum-coil-8-768x576.jpg 768w, https:\/\/www.huaruialuminum.com\/wp-content\/uploads\/2025\/02\/loading-pictures-of-aluminum-coil-8-16x12.jpg 16w, https:\/\/www.huaruialuminum.com\/wp-content\/uploads\/2025\/02\/loading-pictures-of-aluminum-coil-8-600x450.jpg 600w, https:\/\/www.huaruialuminum.com\/wp-content\/uploads\/2025\/02\/loading-pictures-of-aluminum-coil-8.jpg 1280w\" sizes=\"(max-width: 462px) 100vw, 462px\" \/><\/p>\n<p><strong><b>3000 series aluminum sheet price per sheet \/ per kgs<\/b><\/strong><\/p>\n<p>Der Preis f\u00fcr Aluminiumbleche \u00e4ndert sich t\u00e4glich und h\u00e4ngt vom Markt ab.<\/p>\n<p>Hier ist unser Aluminiumblech Preis pro KGS f\u00fcr Sie:<\/p>\n<table>\n<tbody>\n<tr>\n<td width=\"109\"><strong><b>ALLOY<\/b><\/strong><\/td>\n<td width=\"134\"><strong><b>Dicke <\/b><\/strong><\/td>\n<td width=\"142\"><strong><b>FOB Price<\/b><\/strong><\/p>\n<p><strong><b>USD\/KGS<\/b><\/strong><\/td>\n<td width=\"105\"><strong><b>Zeit produzieren<\/b><\/strong><\/td>\n<td width=\"68\"><strong><b>MOQ<\/b><\/strong><\/td>\n<td width=\"141\"><strong><b>Standardgr\u00f6\u00dfe<\/b><\/strong><\/td>\n<td width=\"105\"><strong><b>1 x20FCL<\/b><\/strong><\/td>\n<\/tr>\n<tr>\n<td width=\"109\">3003 H24<\/p>\n<p>3003 H14<\/td>\n<td width=\"134\">0.2mm to 6mm<\/td>\n<td width=\"142\">2,25USD\/KGS<\/td>\n<td rowspan=\"4\" width=\"105\">15 Tage<\/td>\n<td rowspan=\"4\" width=\"68\">6 TONS<\/td>\n<td rowspan=\"4\" width=\"141\">4\u2019\u00a0x 8\u2019<\/p>\n<p>1220 x 2440mm<\/td>\n<td rowspan=\"4\" width=\"105\">22 Tonnen<\/td>\n<\/tr>\n<tr>\n<td width=\"109\">3003 H112<\/td>\n<td width=\"134\">6mm to 300mm<\/td>\n<td width=\"142\">2,45USD\/KGS<\/td>\n<\/tr>\n<tr>\n<td width=\"109\">3A21 H14<\/td>\n<td width=\"134\">0.5mm to 6mm<\/td>\n<td width=\"142\">2,45USD\/KGS<\/td>\n<\/tr>\n<tr>\n<td width=\"109\">3105 H24<\/td>\n<td width=\"134\">0.3mm to 6mm<\/td>\n<td width=\"142\">2.65USD\/KGS<\/td>\n<\/tr>\n<\/tbody>\n<\/table>\n<p>&nbsp;<\/p>","protected":false},"excerpt":{"rendered":"<p>3003 aluminum alloy with Mn as the main alloying element, which cannot be reinforced by heat treatment.It has good plasticity, [&hellip;]<\/p>","protected":false},"featured_media":923,"comment_status":"open","ping_status":"closed","template":"","meta":{"postBodyCss":"","postBodyMargin":[],"postBodyPadding":[],"postBodyBackground":{"backgroundType":"classic","gradient":""},"site-sidebar-layout":"default","site-content-layout":"","ast-site-content-layout":"default","site-content-style":"default","site-sidebar-style":"default","ast-global-header-display":"","ast-banner-title-visibility":"","ast-main-header-display":"","ast-hfb-above-header-display":"","ast-hfb-below-header-display":"","ast-hfb-mobile-header-display":"","site-post-title":"","ast-breadcrumbs-content":"","ast-featured-img":"","footer-sml-layout":"","ast-disable-related-posts":"","theme-transparent-header-meta":"default","adv-header-id-meta":"","stick-header-meta":"","header-above-stick-meta":"","header-main-stick-meta":"","header-below-stick-meta":"","astra-migrate-meta-layouts":"set","ast-page-background-enabled":"default","ast-page-background-meta":{"desktop":{"background-color":"var(--ast-global-color-5)","background-image":"","background-repeat":"repeat","background-position":"center center","background-size":"auto","background-attachment":"scroll","background-type":"","background-media":"","overlay-type":"","overlay-color":"","overlay-opacity":"","overlay-gradient":""},"tablet":{"background-color":"","background-image":"","background-repeat":"repeat","background-position":"center center","background-size":"auto","background-attachment":"scroll","background-type":"","background-media":"","overlay-type":"","overlay-color":"","overlay-opacity":"","overlay-gradient":""},"mobile":{"background-color":"","background-image":"","background-repeat":"repeat","background-position":"center center","background-size":"auto","background-attachment":"scroll","background-type":"","background-media":"","overlay-type":"","overlay-color":"","overlay-opacity":"","overlay-gradient":""}},"ast-content-background-meta":{"desktop":{"background-color":"var(--ast-global-color-4)","background-image":"","background-repeat":"repeat","background-position":"center center","background-size":"auto","background-attachment":"scroll","background-type":"","background-media":"","overlay-type":"","overlay-color":"","overlay-opacity":"","overlay-gradient":""},"tablet":{"background-color":"var(--ast-global-color-4)","background-image":"","background-repeat":"repeat","background-position":"center center","background-size":"auto","background-attachment":"scroll","background-type":"","background-media":"","overlay-type":"","overlay-color":"","overlay-opacity":"","overlay-gradient":""},"mobile":{"background-color":"var(--ast-global-color-4)","background-image":"","background-repeat":"repeat","background-position":"center center","background-size":"auto","background-attachment":"scroll","background-type":"","background-media":"","overlay-type":"","overlay-color":"","overlay-opacity":"","overlay-gradient":""}}},"product_brand":[],"product_cat":[25],"product_tag":[],"class_list":{"0":"post-1270","1":"product","2":"type-product","3":"status-publish","4":"has-post-thumbnail","6":"product_cat-sheet_plate","7":"desktop-align-left","8":"tablet-align-left","9":"mobile-align-left","11":"first","12":"instock","13":"shipping-taxable","14":"product-type-simple"},"aioseo_notices":[],"_links":{"self":[{"href":"https:\/\/www.huaruialuminum.com\/de\/wp-json\/wp\/v2\/product\/1270","targetHints":{"allow":["GET"]}}],"collection":[{"href":"https:\/\/www.huaruialuminum.com\/de\/wp-json\/wp\/v2\/product"}],"about":[{"href":"https:\/\/www.huaruialuminum.com\/de\/wp-json\/wp\/v2\/types\/product"}],"replies":[{"embeddable":true,"href":"https:\/\/www.huaruialuminum.com\/de\/wp-json\/wp\/v2\/comments?post=1270"}],"version-history":[{"count":0,"href":"https:\/\/www.huaruialuminum.com\/de\/wp-json\/wp\/v2\/product\/1270\/revisions"}],"wp:featuredmedia":[{"embeddable":true,"href":"https:\/\/www.huaruialuminum.com\/de\/wp-json\/wp\/v2\/media\/923"}],"wp:attachment":[{"href":"https:\/\/www.huaruialuminum.com\/de\/wp-json\/wp\/v2\/media?parent=1270"}],"wp:term":[{"taxonomy":"product_brand","embeddable":true,"href":"https:\/\/www.huaruialuminum.com\/de\/wp-json\/wp\/v2\/product_brand?post=1270"},{"taxonomy":"product_cat","embeddable":true,"href":"https:\/\/www.huaruialuminum.com\/de\/wp-json\/wp\/v2\/product_cat?post=1270"},{"taxonomy":"product_tag","embeddable":true,"href":"https:\/\/www.huaruialuminum.com\/de\/wp-json\/wp\/v2\/product_tag?post=1270"}],"curies":[{"name":"wp","href":"https:\/\/api.w.org\/{rel}","templated":true}]}}