{"id":1292,"date":"2025-12-16T05:48:55","date_gmt":"2025-12-16T05:48:55","guid":{"rendered":"https:\/\/www.huaruialuminum.com\/?post_type=product&#038;p=1292"},"modified":"2025-12-16T05:48:55","modified_gmt":"2025-12-16T05:48:55","slug":"8011-aluminum-plate","status":"publish","type":"product","link":"https:\/\/www.huaruialuminum.com\/de\/produkt\/8011-aluminum-plate\/","title":{"rendered":"8011 Aluminum Plate"},"content":{"rendered":"<p>8011 Aluminum sheet is also called food grade aluminum and Al-Fe-Si aluminum. We can produce aluminum with foil which thickness between 0.0055mm to 0.2mm. For thickness 0.15mm, 0.16mm, 0.20mm to 0.30mm is mainly used for producing aluminum PP cap.<\/p>\n<p><img fetchpriority=\"high\" decoding=\"async\" class=\"aligncenter wp-image-1075 size-full\" src=\"https:\/\/www.huaruialuminum.com\/wp-content\/uploads\/2025\/12\/aluminum-sheet-china.jpg\" alt=\"\" width=\"600\" height=\"400\" srcset=\"https:\/\/www.huaruialuminum.com\/wp-content\/uploads\/2025\/12\/aluminum-sheet-china.jpg 600w, https:\/\/www.huaruialuminum.com\/wp-content\/uploads\/2025\/12\/aluminum-sheet-china-300x200.jpg 300w, https:\/\/www.huaruialuminum.com\/wp-content\/uploads\/2025\/12\/aluminum-sheet-china-18x12.jpg 18w\" sizes=\"(max-width: 600px) 100vw, 600px\" \/><\/p>\n<p><strong><b>Allo<\/b><\/strong><strong><b>y <\/b><\/strong><strong><b>Number:<\/b><\/strong><strong><b>\u00a08011 <\/b><\/strong><strong><b>aluminum sheet<\/b><\/strong><\/p>\n<p>Temper: O, H14, H16;<\/p>\n<p>Critical surface quality: No chatter, no marks, no weld, no stains accepted, with oil or no oil;<\/p>\n<p>Thickness: foil with 0.0055mm to 0.20mm; sheet 0.15mm to 3.0mm;<\/p>\n<p>Width:\u00a020mm\u00a0to 1600mm<\/p>\n<p>Packaging: Standard\u00a0seaworthy\u00a0export wooden pallet or wooden box, wooden case;<\/p>\n<p>Lieferzeiten: 30 Tage<\/p>\n<p>Bezahlung: T\/T, L\/C bei Sicht<\/p>\n<p><img decoding=\"async\" class=\"aligncenter wp-image-1089 size-full\" src=\"https:\/\/www.huaruialuminum.com\/wp-content\/uploads\/2025\/12\/aluminum-sheets-for-boats.png\" alt=\"\" width=\"600\" height=\"400\" srcset=\"https:\/\/www.huaruialuminum.com\/wp-content\/uploads\/2025\/12\/aluminum-sheets-for-boats.png 600w, https:\/\/www.huaruialuminum.com\/wp-content\/uploads\/2025\/12\/aluminum-sheets-for-boats-300x200.png 300w, https:\/\/www.huaruialuminum.com\/wp-content\/uploads\/2025\/12\/aluminum-sheets-for-boats-18x12.png 18w\" sizes=\"(max-width: 600px) 100vw, 600px\" \/><\/p>\n<p><strong><b>8011 aluminum plate\/sheet<\/b><\/strong><strong><b>\u00a0<\/b><\/strong><strong><b>Chemistry Composition &amp; Mechanical Properties &amp; features: <\/b><\/strong><\/p>\n<table>\n<tbody>\n<tr>\n<td colspan=\"13\" width=\"765\"><strong><b>Chemistry \u00a0Composition<\/b><\/strong><\/td>\n<\/tr>\n<tr>\n<td width=\"120\">\n<p style=\"text-align: center;\"><strong>Element<\/strong><\/p>\n<\/td>\n<td style=\"text-align: center;\" colspan=\"2\" width=\"75\"><strong>Si<\/strong><\/td>\n<td style=\"text-align: center;\" width=\"75\"><strong>Fe<\/strong><\/td>\n<td style=\"text-align: center;\" width=\"60\"><strong>Cu<\/strong><\/td>\n<td style=\"text-align: center;\" colspan=\"2\" width=\"60\"><strong>Mn<\/strong><\/td>\n<td style=\"text-align: center;\" width=\"75\"><strong>Mg<\/strong><\/td>\n<td style=\"text-align: center;\" width=\"60\"><strong>Cr<\/strong><\/td>\n<td style=\"text-align: center;\" colspan=\"2\" width=\"75\"><strong>Ti<\/strong><\/td>\n<td style=\"text-align: center;\" width=\"75\"><strong>Zn<\/strong><\/td>\n<td width=\"90\">\n<p style=\"text-align: center;\"><strong>Al<\/strong><\/p>\n<\/td>\n<\/tr>\n<tr>\n<td width=\"120\">Standardwert<\/td>\n<td colspan=\"2\" width=\"75\">0.50~0.9<\/td>\n<td width=\"75\">0.6~1.0<\/td>\n<td width=\"60\">0.10<\/td>\n<td colspan=\"2\" width=\"60\">0.20<\/td>\n<td width=\"75\">0.05<\/td>\n<td width=\"60\">0.05<\/td>\n<td colspan=\"2\" width=\"75\">0.08<\/td>\n<td width=\"75\">0.10<\/td>\n<td width=\"90\">Restbetrag<\/td>\n<\/tr>\n<tr>\n<td width=\"120\"><strong>\u00a0<\/strong>Tats\u00e4chlicher Wert<\/td>\n<td colspan=\"2\" width=\"75\"><strong>0.61<\/strong><\/td>\n<td width=\"75\"><strong>0.<\/strong><strong>7<\/strong><\/td>\n<td width=\"60\"><strong>0.<\/strong><strong>07<\/strong><\/td>\n<td colspan=\"2\" width=\"60\"><strong>0.<\/strong><strong>1<\/strong><strong>0<\/strong><\/td>\n<td width=\"75\"><strong>0.0<\/strong><strong>1<\/strong><\/td>\n<td width=\"60\"><strong>0.0<\/strong><strong>2<\/strong><\/td>\n<td colspan=\"2\" width=\"75\"><strong>0.0<\/strong><strong>4<\/strong><\/td>\n<td width=\"75\"><strong>0.<\/strong><strong>03<\/strong><\/td>\n<td width=\"90\">Restbetrag<\/td>\n<\/tr>\n<tr>\n<td colspan=\"13\" width=\"765\"><strong><b>Mechanical Properties<\/b><\/strong><\/td>\n<\/tr>\n<tr>\n<td colspan=\"2\" width=\"179\"><strong>Anti \u2013tensil stength N\/m\u33a1<\/strong><\/td>\n<td colspan=\"4\" width=\"195\"><strong>Stretch rate\uff08%\uff09<\/strong><\/td>\n<td colspan=\"4\" width=\"181\"><strong>Ma\u00dfkontrolle<\/strong><\/td>\n<td colspan=\"3\" width=\"209\"><strong>Oberfl\u00e4che<\/strong><\/td>\n<\/tr>\n<tr>\n<td colspan=\"2\" width=\"179\">Standard Value 60~110<\/td>\n<td colspan=\"4\" width=\"195\">Standard Value \u22658<\/td>\n<td colspan=\"4\" width=\"181\">Qualifiziert<\/td>\n<td colspan=\"3\" width=\"209\">Qualifiziert<\/td>\n<\/tr>\n<tr>\n<td colspan=\"2\" width=\"179\">Actual Value 87<\/td>\n<td colspan=\"4\" width=\"195\">Actual Value 8.1<\/td>\n<td colspan=\"4\" width=\"181\">Qualifiziert<\/td>\n<td colspan=\"3\" width=\"209\">Qualifiziert<\/td>\n<\/tr>\n<\/tbody>\n<\/table>\n<p>&nbsp;<\/p>\n<p><strong><b>8011 aluminum plate\/sheet<\/b><\/strong><strong><b>\u00a0application <\/b><\/strong><strong><b>and usage<\/b><\/strong><strong><b>:<\/b><\/strong><\/p>\n<p>-Use:the strength is nearly the same as alloy series 1, It is used in air conditioner foil, refrigerator foil, food packing, \u00a0tobacco packing, beer sealing and etc.<\/p>\n<p>&nbsp;<\/p>\n<p><strong><b>8011 aluminum plate\/sheet<\/b><\/strong><strong><b>\u00a0<\/b><\/strong><strong><b>price per sheet \/ per kgs<\/b><\/strong><\/p>\n<p>Der Preis f\u00fcr Aluminiumbleche \u00e4ndert sich t\u00e4glich und h\u00e4ngt vom Markt ab.<\/p>\n<p>Hier ist unser Aluminiumblech Preis pro KGS f\u00fcr Sie:<\/p>\n<table>\n<tbody>\n<tr>\n<td width=\"109\">ALLOY<\/td>\n<td width=\"134\">Dicke<\/td>\n<td width=\"142\">FOB Price<\/p>\n<p>USD\/KGS<\/td>\n<td width=\"105\">Zeit produzieren<\/td>\n<td width=\"68\">MOQ<\/td>\n<td width=\"141\">Standardgr\u00f6\u00dfe<\/td>\n<td width=\"105\">1 x20FCL<\/td>\n<\/tr>\n<tr>\n<td width=\"109\">8011 -O<\/p>\n<p>8011 H14<\/p>\n<p>8011H16<\/td>\n<td width=\"134\">0.15mm to 6mm<\/td>\n<td width=\"142\">2.85USD\/KGS<\/td>\n<td width=\"105\">30 Tage<\/td>\n<td width=\"68\">6 TONS<\/td>\n<td width=\"141\">4\u2019\u00a0x 8\u2019<\/p>\n<p>1220 x 2440mm<\/td>\n<td width=\"105\">22 Tonnen<\/td>\n<\/tr>\n<\/tbody>\n<\/table>","protected":false},"excerpt":{"rendered":"<p>8011 Aluminum sheet is also called food grade aluminum and Al-Fe-Si aluminum. We can produce aluminum with foil which thickness [&hellip;]<\/p>","protected":false},"featured_media":1028,"comment_status":"open","ping_status":"closed","template":"","meta":{"postBodyCss":"","postBodyMargin":[],"postBodyPadding":[],"postBodyBackground":{"backgroundType":"classic","gradient":""},"site-sidebar-layout":"default","site-content-layout":"","ast-site-content-layout":"default","site-content-style":"default","site-sidebar-style":"default","ast-global-header-display":"","ast-banner-title-visibility":"","ast-main-header-display":"","ast-hfb-above-header-display":"","ast-hfb-below-header-display":"","ast-hfb-mobile-header-display":"","site-post-title":"","ast-breadcrumbs-content":"","ast-featured-img":"","footer-sml-layout":"","ast-disable-related-posts":"","theme-transparent-header-meta":"default","adv-header-id-meta":"","stick-header-meta":"","header-above-stick-meta":"","header-main-stick-meta":"","header-below-stick-meta":"","astra-migrate-meta-layouts":"set","ast-page-background-enabled":"default","ast-page-background-meta":{"desktop":{"background-color":"var(--ast-global-color-5)","background-image":"","background-repeat":"repeat","background-position":"center center","background-size":"auto","background-attachment":"scroll","background-type":"","background-media":"","overlay-type":"","overlay-color":"","overlay-opacity":"","overlay-gradient":""},"tablet":{"background-color":"","background-image":"","background-repeat":"repeat","background-position":"center center","background-size":"auto","background-attachment":"scroll","background-type":"","background-media":"","overlay-type":"","overlay-color":"","overlay-opacity":"","overlay-gradient":""},"mobile":{"background-color":"","background-image":"","background-repeat":"repeat","background-position":"center center","background-size":"auto","background-attachment":"scroll","background-type":"","background-media":"","overlay-type":"","overlay-color":"","overlay-opacity":"","overlay-gradient":""}},"ast-content-background-meta":{"desktop":{"background-color":"var(--ast-global-color-4)","background-image":"","background-repeat":"repeat","background-position":"center center","background-size":"auto","background-attachment":"scroll","background-type":"","background-media":"","overlay-type":"","overlay-color":"","overlay-opacity":"","overlay-gradient":""},"tablet":{"background-color":"var(--ast-global-color-4)","background-image":"","background-repeat":"repeat","background-position":"center center","background-size":"auto","background-attachment":"scroll","background-type":"","background-media":"","overlay-type":"","overlay-color":"","overlay-opacity":"","overlay-gradient":""},"mobile":{"background-color":"var(--ast-global-color-4)","background-image":"","background-repeat":"repeat","background-position":"center center","background-size":"auto","background-attachment":"scroll","background-type":"","background-media":"","overlay-type":"","overlay-color":"","overlay-opacity":"","overlay-gradient":""}}},"product_brand":[],"product_cat":[25],"product_tag":[],"class_list":{"0":"post-1292","1":"product","2":"type-product","3":"status-publish","4":"has-post-thumbnail","6":"product_cat-sheet_plate","7":"desktop-align-left","8":"tablet-align-left","9":"mobile-align-left","11":"first","12":"instock","13":"shipping-taxable","14":"product-type-simple"},"aioseo_notices":[],"_links":{"self":[{"href":"https:\/\/www.huaruialuminum.com\/de\/wp-json\/wp\/v2\/product\/1292","targetHints":{"allow":["GET"]}}],"collection":[{"href":"https:\/\/www.huaruialuminum.com\/de\/wp-json\/wp\/v2\/product"}],"about":[{"href":"https:\/\/www.huaruialuminum.com\/de\/wp-json\/wp\/v2\/types\/product"}],"replies":[{"embeddable":true,"href":"https:\/\/www.huaruialuminum.com\/de\/wp-json\/wp\/v2\/comments?post=1292"}],"version-history":[{"count":0,"href":"https:\/\/www.huaruialuminum.com\/de\/wp-json\/wp\/v2\/product\/1292\/revisions"}],"wp:featuredmedia":[{"embeddable":true,"href":"https:\/\/www.huaruialuminum.com\/de\/wp-json\/wp\/v2\/media\/1028"}],"wp:attachment":[{"href":"https:\/\/www.huaruialuminum.com\/de\/wp-json\/wp\/v2\/media?parent=1292"}],"wp:term":[{"taxonomy":"product_brand","embeddable":true,"href":"https:\/\/www.huaruialuminum.com\/de\/wp-json\/wp\/v2\/product_brand?post=1292"},{"taxonomy":"product_cat","embeddable":true,"href":"https:\/\/www.huaruialuminum.com\/de\/wp-json\/wp\/v2\/product_cat?post=1292"},{"taxonomy":"product_tag","embeddable":true,"href":"https:\/\/www.huaruialuminum.com\/de\/wp-json\/wp\/v2\/product_tag?post=1292"}],"curies":[{"name":"wp","href":"https:\/\/api.w.org\/{rel}","templated":true}]}}