{"id":1306,"date":"2025-12-17T02:38:24","date_gmt":"2025-12-17T02:38:24","guid":{"rendered":"https:\/\/www.huaruialuminum.com\/?post_type=product&#038;p=1306"},"modified":"2026-03-12T05:32:59","modified_gmt":"2026-03-12T05:32:59","slug":"aluminum-coil","status":"publish","type":"product","link":"https:\/\/www.huaruialuminum.com\/de\/produkt\/aluminum-coil\/","title":{"rendered":"Aluminium-Spule"},"content":{"rendered":"<p><strong>What&#8217;s the information of<\/strong><strong>\u00a0aluminum coil<\/strong><strong>?<\/strong><\/p>\n<p>Alloy Number:\u00a01050,1060,1070,1100,1200,1350, 3003,3004,3105,5052,5754,5083,8011<\/p>\n<p>Temper: O,\u00a0H12,\u00a0H14,\u00a0H16, H18, H24<\/p>\n<p>Thickness: 0.2mm\u00a0&#8211; 8mm<\/p>\n<p>Width: 300mm-2600mm<\/p>\n<p>Inner Diameter: 505mm, 508mm, 305mm, 76mm; Maximum OD: 2000MM,<\/p>\n<p>Standard width: 1000mm, 1200mm, 1220mm, 1250mm, 1500mm,<\/p>\n<p>Thickness\u00a0tolerance: +\/-0.02mm, Width tolerance: \u00a0-0 \/ +2mm;<\/p>\n<p>Maximum weight per coil: 7 Tons,<\/p>\n<p><img fetchpriority=\"high\" decoding=\"async\" class=\"alignnone wp-image-1159\" src=\"https:\/\/www.huaruialuminum.com\/wp-content\/uploads\/2025\/12\/1100-aluminum-coil-300x200.jpg\" alt=\"\" width=\"359\" height=\"239\" srcset=\"https:\/\/www.huaruialuminum.com\/wp-content\/uploads\/2025\/12\/1100-aluminum-coil-300x200.jpg 300w, https:\/\/www.huaruialuminum.com\/wp-content\/uploads\/2025\/12\/1100-aluminum-coil-18x12.jpg 18w, https:\/\/www.huaruialuminum.com\/wp-content\/uploads\/2025\/12\/1100-aluminum-coil.jpg 600w\" sizes=\"(max-width: 359px) 100vw, 359px\" \/>\u00a0 \u00a0 <img decoding=\"async\" class=\"alignnone wp-image-1177\" src=\"https:\/\/www.huaruialuminum.com\/wp-content\/uploads\/2025\/12\/Aluminum-Coil-1100-H14-300x175.jpg\" alt=\"\" width=\"406\" height=\"237\" srcset=\"https:\/\/www.huaruialuminum.com\/wp-content\/uploads\/2025\/12\/Aluminum-Coil-1100-H14-300x175.jpg 300w, https:\/\/www.huaruialuminum.com\/wp-content\/uploads\/2025\/12\/Aluminum-Coil-1100-H14-18x12.jpg 18w, https:\/\/www.huaruialuminum.com\/wp-content\/uploads\/2025\/12\/Aluminum-Coil-1100-H14.jpg 600w\" sizes=\"(max-width: 406px) 100vw, 406px\" \/><\/p>\n<p>We are professional aluminum coil manufacturer in China. We can produce 1000 series aluminum coil, 3 series aluminum coil, 5 series aluminum coil, 8 series aluminum coil. Since the aluminum coil have good plasticity, conductivity, it is wildly used for cookware, lighting, lamps, road sign, auto part, truck body, PS board, Building Decoration,Distribution Cabinet,Curtain Wall, etc.<\/p>\n<p><strong>A<\/strong><strong>luminum <\/strong><strong>Coil<\/strong><strong>\u00a0<\/strong><strong><b>Properties\u00a0<\/b><\/strong><strong>Chemistry Composition<\/strong><\/p>\n<table>\n<tbody>\n<tr>\n<td width=\"120\"><strong><b>ALLOY<\/b><\/strong><\/td>\n<td width=\"75\"><strong><b>Si<\/b><\/strong><\/td>\n<td width=\"67\"><strong><b>Fe<\/b><\/strong><\/td>\n<td width=\"73\"><strong><b>Cu<\/b><\/strong><\/td>\n<td width=\"65\"><strong><b>Mn<\/b><\/strong><\/td>\n<td width=\"62\"><strong><b>Mg<\/b><\/strong><\/td>\n<td width=\"77\"><strong><b>Cr<\/b><\/strong><\/td>\n<td width=\"75\"><strong><b>Zn<\/b><\/strong><\/td>\n<td width=\"90\"><strong><b>Al<\/b><\/strong><\/td>\n<\/tr>\n<tr>\n<td width=\"120\">1050<\/td>\n<td width=\"75\">0.25<\/td>\n<td width=\"67\">0.40<\/td>\n<td width=\"73\">0.05<\/td>\n<td width=\"65\">0.05<\/td>\n<td width=\"62\">0.05<\/td>\n<td width=\"77\">\/<\/td>\n<td width=\"75\">0.05<\/td>\n<td width=\"90\">99.50<\/td>\n<\/tr>\n<tr>\n<td width=\"120\">1060<\/td>\n<td width=\"75\">0.25<\/td>\n<td width=\"67\">0.35<\/td>\n<td width=\"73\">0.05<\/td>\n<td width=\"65\">0.03<\/td>\n<td width=\"62\">0.03<\/td>\n<td width=\"77\">\/<\/td>\n<td width=\"75\">0.05<\/td>\n<td width=\"90\">99.60<\/td>\n<\/tr>\n<tr>\n<td width=\"120\">1070<\/td>\n<td width=\"75\">0.20<\/td>\n<td width=\"67\">0.25<\/td>\n<td width=\"73\">0.04<\/td>\n<td width=\"65\">0.03<\/td>\n<td width=\"62\">0.03<\/td>\n<td width=\"77\">\/<\/td>\n<td width=\"75\">0.04<\/td>\n<td width=\"90\">99.70<\/td>\n<\/tr>\n<tr>\n<td width=\"120\">1100<\/td>\n<td colspan=\"2\" width=\"142\">0.95<\/td>\n<td width=\"73\">0.05-0.2<\/td>\n<td width=\"65\">0.05<\/td>\n<td width=\"62\">\/<\/td>\n<td width=\"77\">\/<\/td>\n<td width=\"75\">0.1<\/td>\n<td width=\"90\">99.00<\/td>\n<\/tr>\n<tr>\n<td width=\"120\">1200<\/td>\n<td colspan=\"2\" width=\"142\">1.00<\/td>\n<td width=\"73\">0.05<\/td>\n<td width=\"65\">0.05<\/td>\n<td width=\"62\">\/<\/td>\n<td width=\"77\">\/<\/td>\n<td width=\"75\">0.1<\/td>\n<td width=\"90\">99.00<\/td>\n<\/tr>\n<tr>\n<td width=\"120\">1350<\/td>\n<td width=\"75\">0.10<\/td>\n<td width=\"67\">0.40<\/td>\n<td width=\"73\">0.05<\/td>\n<td width=\"65\">0.01<\/td>\n<td width=\"62\">\/<\/td>\n<td width=\"77\">0.01<\/td>\n<td width=\"75\">0.05<\/td>\n<td width=\"90\">99.50<\/td>\n<\/tr>\n<tr>\n<td width=\"120\">3003<\/td>\n<td width=\"75\">0.60<\/td>\n<td width=\"67\">0.70<\/td>\n<td width=\"73\">0.05-0.20<\/td>\n<td width=\"65\">1.0-1.5<\/td>\n<td width=\"62\">\/<\/td>\n<td width=\"77\">\/<\/td>\n<td width=\"75\">0.10<\/td>\n<td width=\"90\">Balance<\/td>\n<\/tr>\n<tr>\n<td width=\"120\">3004<\/td>\n<td width=\"75\">0.30<\/td>\n<td width=\"67\">0.70<\/td>\n<td width=\"73\">0.25<\/td>\n<td width=\"65\">1.0-1.5<\/td>\n<td width=\"62\">0.8-1.3<\/td>\n<td width=\"77\">\/<\/td>\n<td width=\"75\">0.25<\/td>\n<td width=\"90\">Balance<\/td>\n<\/tr>\n<tr>\n<td width=\"120\">3105<\/td>\n<td width=\"75\">0.60<\/td>\n<td width=\"67\">0.70<\/td>\n<td width=\"73\">0.30<\/td>\n<td width=\"65\">0.30-0.80<\/td>\n<td width=\"62\">0.20-0.8<\/td>\n<td width=\"77\">0.20<\/td>\n<td width=\"75\">0.40<\/td>\n<td width=\"90\">Balance<\/td>\n<\/tr>\n<tr>\n<td width=\"120\">5052<\/td>\n<td width=\"75\">0.25<\/td>\n<td width=\"67\">0.40<\/td>\n<td width=\"73\">0.10<\/td>\n<td width=\"65\">0.10<\/td>\n<td width=\"62\">2.2-2.8<\/td>\n<td width=\"77\">0.15-0.35<\/td>\n<td width=\"75\">0.10<\/td>\n<td width=\"90\">Balance<\/td>\n<\/tr>\n<tr>\n<td width=\"120\">5754<\/td>\n<td width=\"75\">0.40<\/td>\n<td width=\"67\">0.40<\/td>\n<td width=\"73\">0.10<\/td>\n<td width=\"65\">0.50<\/td>\n<td width=\"62\">2.6-3.6<\/td>\n<td width=\"77\">0.30<\/td>\n<td width=\"75\">0.20<\/td>\n<td width=\"90\">Balance<\/td>\n<\/tr>\n<tr>\n<td width=\"120\">5083<\/td>\n<td width=\"75\">0.40<\/td>\n<td width=\"67\">0.40<\/td>\n<td width=\"73\">0.10<\/td>\n<td width=\"65\">0.40-1.0<\/td>\n<td width=\"62\">4.0-4.9<\/td>\n<td width=\"77\">0.05-0.25<\/td>\n<td width=\"75\">0.25<\/td>\n<td width=\"90\">Balance<\/td>\n<\/tr>\n<tr>\n<td width=\"120\">8011<\/td>\n<td width=\"75\">0.5-0.9<\/td>\n<td width=\"67\">0.6-1.0<\/td>\n<td width=\"73\">0.10<\/td>\n<td width=\"65\">0.20<\/td>\n<td width=\"62\">0.05<\/td>\n<td width=\"77\">0.05<\/td>\n<td width=\"75\">0.10<\/td>\n<td width=\"90\">Balance<\/td>\n<\/tr>\n<\/tbody>\n<\/table>\n<p><strong>Aluminum<\/strong><strong>\u00a0<\/strong><strong>C<\/strong><strong>oil <\/strong><strong>a<\/strong><strong>pplication:<\/strong><\/p>\n<p>Since the pure aluminum sheet have good plasticity, conductivity, it is wildly used for cookware, lighting, lamps, road sign, auto part, truck body, PS board, Building Decoration,Distribution Cabinet,Curtain Wall, etc. Pure aluminum sheet is also called food grade aluminum, can be used for producing kitchen utensil.<\/p>\n<p><img decoding=\"async\" class=\"alignnone wp-image-1184\" src=\"https:\/\/www.huaruialuminum.com\/wp-content\/uploads\/2025\/12\/aluminum-coil-300x200.jpg\" alt=\"\" width=\"390\" height=\"260\" srcset=\"https:\/\/www.huaruialuminum.com\/wp-content\/uploads\/2025\/12\/aluminum-coil-300x200.jpg 300w, https:\/\/www.huaruialuminum.com\/wp-content\/uploads\/2025\/12\/aluminum-coil-18x12.jpg 18w, https:\/\/www.huaruialuminum.com\/wp-content\/uploads\/2025\/12\/aluminum-coil.jpg 600w\" sizes=\"(max-width: 390px) 100vw, 390px\" \/>\u00a0 \u00a0 <img loading=\"lazy\" decoding=\"async\" class=\"alignnone wp-image-1171\" src=\"https:\/\/www.huaruialuminum.com\/wp-content\/uploads\/2025\/12\/5754-aluminum-coil-300x200.jpg\" alt=\"\" width=\"390\" height=\"260\" srcset=\"https:\/\/www.huaruialuminum.com\/wp-content\/uploads\/2025\/12\/5754-aluminum-coil-300x200.jpg 300w, https:\/\/www.huaruialuminum.com\/wp-content\/uploads\/2025\/12\/5754-aluminum-coil-18x12.jpg 18w, https:\/\/www.huaruialuminum.com\/wp-content\/uploads\/2025\/12\/5754-aluminum-coil.jpg 600w\" sizes=\"(max-width: 390px) 100vw, 390px\" \/><\/p>\n<p>&nbsp;<\/p>\n<p><strong>Aluminum Coil for Roofing:<\/strong><\/p>\n<p>Aluminum coil have very good plasticity, good welding performance and corrosion resistance. So it is wildly used for producing roofing. Especially after the PE or PVDF color coated, the roofing can be used over 20 years and wildly used for building, construction, decoration.<\/p>\n<p><img loading=\"lazy\" decoding=\"async\" class=\"aligncenter wp-image-1219 size-full\" src=\"https:\/\/www.huaruialuminum.com\/wp-content\/uploads\/2025\/12\/aluminum-Roofing.jpg\" alt=\"\" width=\"600\" height=\"400\" srcset=\"https:\/\/www.huaruialuminum.com\/wp-content\/uploads\/2025\/12\/aluminum-Roofing.jpg 600w, https:\/\/www.huaruialuminum.com\/wp-content\/uploads\/2025\/12\/aluminum-Roofing-300x200.jpg 300w, https:\/\/www.huaruialuminum.com\/wp-content\/uploads\/2025\/12\/aluminum-Roofing-18x12.jpg 18w\" sizes=\"(max-width: 600px) 100vw, 600px\" \/><\/p>\n<p>&nbsp;<\/p>\n<p><strong>Aluminium-Spule<\/strong><strong>\u00a0<\/strong><strong>P<\/strong><strong>rice per sheet \/ per kgs<\/strong><\/p>\n<p>Der Preis f\u00fcr Aluminiumbleche \u00e4ndert sich t\u00e4glich und h\u00e4ngt vom Markt ab.<\/p>\n<p>Hier ist unser Aluminiumblech Preis pro KGS f\u00fcr Sie:<\/p>\n<table>\n<tbody>\n<tr>\n<td width=\"120\"><strong><b>ALLOY<\/b><\/strong><\/td>\n<td width=\"142\"><strong><b>Dicke<\/b><\/strong><\/td>\n<td width=\"132\"><strong><b>FOB Price<\/b><\/strong><\/p>\n<p><strong><b>USD\/KGS<\/b><\/strong><\/td>\n<td width=\"96\"><strong><b>Zeit produzieren<\/b><\/strong><\/td>\n<td width=\"68\"><strong><b>MOQ<\/b><\/strong><\/td>\n<td width=\"141\"><strong><b>Standardgr\u00f6\u00dfe<\/b><\/strong><\/td>\n<td width=\"105\"><strong><b>1 x20FCL<\/b><\/strong><\/td>\n<\/tr>\n<tr>\n<td width=\"120\">1050 H14\/O<\/p>\n<p>1060 H24\/O<\/p>\n<p>1100 \u00a0H24\/O<\/td>\n<td width=\"142\">1mm to 8mm<\/p>\n<p>( CC Material)<\/td>\n<td width=\"132\">2,20USD\/KGS<\/td>\n<td rowspan=\"3\" width=\"96\">20 Tage<\/td>\n<td rowspan=\"3\" width=\"68\">3 TONNEN<\/td>\n<td rowspan=\"3\" width=\"141\">4\u2019\u00a0x 8\u2019<\/td>\n<td rowspan=\"3\" width=\"105\">25 Tonnen<\/td>\n<\/tr>\n<tr>\n<td width=\"120\">1050 H14\/O<\/p>\n<p>1060 H24\/O<\/p>\n<p>1100 \u00a0H24\/O<\/td>\n<td width=\"142\">1mm to 8mm<\/p>\n<p>( DC Material)<\/td>\n<td width=\"132\">2.39USD\/KGS<\/td>\n<\/tr>\n<tr>\n<td width=\"120\">1050 H112<\/td>\n<td width=\"142\">6mm to 300mm<\/p>\n<p>( DC Material)<\/td>\n<td width=\"132\">2.39USD\/KGS<\/td>\n<\/tr>\n<\/tbody>\n<\/table>\n<p><strong><b>Aluminum Coil Packing and Loading: <\/b><\/strong><\/p>\n<p>Standard\u00a0seaworthy\u00a0export\u00a0packing\u00a0&#8211; the height of the pallet is 90mm, suitable for unloading with forklift. \u00a0For 1 x 20FCL can load\u00a08 to 10 Coil, each coil weight around 2.5MT.<\/p>\n<p><img loading=\"lazy\" decoding=\"async\" class=\"alignnone wp-image-1165\" src=\"https:\/\/www.huaruialuminum.com\/wp-content\/uploads\/2025\/12\/3105-aluminum-coil-300x200.jpg\" alt=\"\" width=\"390\" height=\"260\" srcset=\"https:\/\/www.huaruialuminum.com\/wp-content\/uploads\/2025\/12\/3105-aluminum-coil-300x200.jpg 300w, https:\/\/www.huaruialuminum.com\/wp-content\/uploads\/2025\/12\/3105-aluminum-coil-18x12.jpg 18w, https:\/\/www.huaruialuminum.com\/wp-content\/uploads\/2025\/12\/3105-aluminum-coil.jpg 600w\" sizes=\"(max-width: 390px) 100vw, 390px\" \/>\u00a0 \u00a0 <img loading=\"lazy\" decoding=\"async\" class=\"alignnone wp-image-1175\" src=\"https:\/\/www.huaruialuminum.com\/wp-content\/uploads\/2025\/12\/aluminium-coil-300x200.jpg\" alt=\"\" width=\"390\" height=\"260\" srcset=\"https:\/\/www.huaruialuminum.com\/wp-content\/uploads\/2025\/12\/aluminium-coil-300x200.jpg 300w, https:\/\/www.huaruialuminum.com\/wp-content\/uploads\/2025\/12\/aluminium-coil-18x12.jpg 18w, https:\/\/www.huaruialuminum.com\/wp-content\/uploads\/2025\/12\/aluminium-coil.jpg 600w\" sizes=\"(max-width: 390px) 100vw, 390px\" \/><\/p>","protected":false},"excerpt":{"rendered":"<p>What&#8217;s the information of\u00a0aluminum coil? Alloy Number:\u00a01050,1060,1070,1100,1200,1350, 3003,3004,3105,5052,5754,5083,8011 Temper: O,\u00a0H12,\u00a0H14,\u00a0H16, H18, H24 Thickness: 0.2mm\u00a0&#8211; 8mm Width: 300mm-2600mm Inner Diameter: 505mm, [&hellip;]<\/p>","protected":false},"featured_media":1163,"comment_status":"open","ping_status":"closed","template":"","meta":{"postBodyCss":"","postBodyMargin":[],"postBodyPadding":[],"postBodyBackground":{"backgroundType":"classic","gradient":""},"site-sidebar-layout":"default","site-content-layout":"","ast-site-content-layout":"default","site-content-style":"default","site-sidebar-style":"default","ast-global-header-display":"","ast-banner-title-visibility":"","ast-main-header-display":"","ast-hfb-above-header-display":"","ast-hfb-below-header-display":"","ast-hfb-mobile-header-display":"","site-post-title":"","ast-breadcrumbs-content":"","ast-featured-img":"","footer-sml-layout":"","ast-disable-related-posts":"","theme-transparent-header-meta":"default","adv-header-id-meta":"","stick-header-meta":"","header-above-stick-meta":"","header-main-stick-meta":"","header-below-stick-meta":"","astra-migrate-meta-layouts":"set","ast-page-background-enabled":"default","ast-page-background-meta":{"desktop":{"background-color":"var(--ast-global-color-5)","background-image":"","background-repeat":"repeat","background-position":"center center","background-size":"auto","background-attachment":"scroll","background-type":"","background-media":"","overlay-type":"","overlay-color":"","overlay-opacity":"","overlay-gradient":""},"tablet":{"background-color":"","background-image":"","background-repeat":"repeat","background-position":"center center","background-size":"auto","background-attachment":"scroll","background-type":"","background-media":"","overlay-type":"","overlay-color":"","overlay-opacity":"","overlay-gradient":""},"mobile":{"background-color":"","background-image":"","background-repeat":"repeat","background-position":"center center","background-size":"auto","background-attachment":"scroll","background-type":"","background-media":"","overlay-type":"","overlay-color":"","overlay-opacity":"","overlay-gradient":""}},"ast-content-background-meta":{"desktop":{"background-color":"var(--ast-global-color-4)","background-image":"","background-repeat":"repeat","background-position":"center center","background-size":"auto","background-attachment":"scroll","background-type":"","background-media":"","overlay-type":"","overlay-color":"","overlay-opacity":"","overlay-gradient":""},"tablet":{"background-color":"var(--ast-global-color-4)","background-image":"","background-repeat":"repeat","background-position":"center center","background-size":"auto","background-attachment":"scroll","background-type":"","background-media":"","overlay-type":"","overlay-color":"","overlay-opacity":"","overlay-gradient":""},"mobile":{"background-color":"var(--ast-global-color-4)","background-image":"","background-repeat":"repeat","background-position":"center center","background-size":"auto","background-attachment":"scroll","background-type":"","background-media":"","overlay-type":"","overlay-color":"","overlay-opacity":"","overlay-gradient":""}}},"product_brand":[],"product_cat":[29],"product_tag":[],"class_list":{"0":"post-1306","1":"product","2":"type-product","3":"status-publish","4":"has-post-thumbnail","6":"product_cat-aluminum_coil","7":"desktop-align-left","8":"tablet-align-left","9":"mobile-align-left","11":"first","12":"instock","13":"shipping-taxable","14":"product-type-simple"},"aioseo_notices":[],"_links":{"self":[{"href":"https:\/\/www.huaruialuminum.com\/de\/wp-json\/wp\/v2\/product\/1306","targetHints":{"allow":["GET"]}}],"collection":[{"href":"https:\/\/www.huaruialuminum.com\/de\/wp-json\/wp\/v2\/product"}],"about":[{"href":"https:\/\/www.huaruialuminum.com\/de\/wp-json\/wp\/v2\/types\/product"}],"replies":[{"embeddable":true,"href":"https:\/\/www.huaruialuminum.com\/de\/wp-json\/wp\/v2\/comments?post=1306"}],"version-history":[{"count":0,"href":"https:\/\/www.huaruialuminum.com\/de\/wp-json\/wp\/v2\/product\/1306\/revisions"}],"wp:featuredmedia":[{"embeddable":true,"href":"https:\/\/www.huaruialuminum.com\/de\/wp-json\/wp\/v2\/media\/1163"}],"wp:attachment":[{"href":"https:\/\/www.huaruialuminum.com\/de\/wp-json\/wp\/v2\/media?parent=1306"}],"wp:term":[{"taxonomy":"product_brand","embeddable":true,"href":"https:\/\/www.huaruialuminum.com\/de\/wp-json\/wp\/v2\/product_brand?post=1306"},{"taxonomy":"product_cat","embeddable":true,"href":"https:\/\/www.huaruialuminum.com\/de\/wp-json\/wp\/v2\/product_cat?post=1306"},{"taxonomy":"product_tag","embeddable":true,"href":"https:\/\/www.huaruialuminum.com\/de\/wp-json\/wp\/v2\/product_tag?post=1306"}],"curies":[{"name":"wp","href":"https:\/\/api.w.org\/{rel}","templated":true}]}}