{"id":1319,"date":"2025-12-18T07:30:57","date_gmt":"2025-12-18T07:30:57","guid":{"rendered":"https:\/\/www.huaruialuminum.com\/?post_type=product&#038;p=1319"},"modified":"2025-12-18T07:30:57","modified_gmt":"2025-12-18T07:30:57","slug":"6061-aluminum-tread-plate","status":"publish","type":"product","link":"https:\/\/www.huaruialuminum.com\/de\/produkt\/6061-aluminum-tread-plate\/","title":{"rendered":"6061 Aluminum Tread Plate"},"content":{"rendered":"<p><strong><b>China <\/b><\/strong><strong><b>6061 Aluminum Tread Plate Manufacturer:<\/b><\/strong><\/p>\n<p>Legierung: 6061<\/p>\n<p>Temperament: O \/ T4 \/ T6 \/ T651 \/ T351 \/ T5<\/p>\n<p>Produce to ASTM B209\u00a0or GB\/T3880, EN485 standard;<\/p>\n<p>Standardgr\u00f6\u00dfe: 4 x 8; 1219 x 2438mm, 1250 x 2500mm, 1500mm x 3000mm;<\/p>\n<p>Oberfl\u00e4che: walzblank, unpoliert, poliert, schwarze Oberfl\u00e4che, blanke Oberfl\u00e4che,<\/p>\n<p>The main application: deck floor, Aircraft aluminum, industry molding, automatic mechanic component, carrying vessels and semi-conductor device components.<\/p>\n<p><img fetchpriority=\"high\" decoding=\"async\" class=\"alignnone wp-image-1144\" src=\"https:\/\/www.huaruialuminum.com\/wp-content\/uploads\/2025\/12\/aluminum-tread-plate-suppliers-300x300.png\" alt=\"\" width=\"390\" height=\"390\" srcset=\"https:\/\/www.huaruialuminum.com\/wp-content\/uploads\/2025\/12\/aluminum-tread-plate-suppliers-300x300.png 300w, https:\/\/www.huaruialuminum.com\/wp-content\/uploads\/2025\/12\/aluminum-tread-plate-suppliers-150x150.png 150w, https:\/\/www.huaruialuminum.com\/wp-content\/uploads\/2025\/12\/aluminum-tread-plate-suppliers-12x12.png 12w, https:\/\/www.huaruialuminum.com\/wp-content\/uploads\/2025\/12\/aluminum-tread-plate-suppliers-100x100.png 100w, https:\/\/www.huaruialuminum.com\/wp-content\/uploads\/2025\/12\/aluminum-tread-plate-suppliers.png 600w\" sizes=\"(max-width: 390px) 100vw, 390px\" \/>\u00a0 \u00a0 <img decoding=\"async\" class=\"alignnone wp-image-1143\" src=\"https:\/\/www.huaruialuminum.com\/wp-content\/uploads\/2025\/12\/aluminum-tread-plate-suppliers-300x300.jpg\" alt=\"\" width=\"390\" height=\"390\" srcset=\"https:\/\/www.huaruialuminum.com\/wp-content\/uploads\/2025\/12\/aluminum-tread-plate-suppliers-300x300.jpg 300w, https:\/\/www.huaruialuminum.com\/wp-content\/uploads\/2025\/12\/aluminum-tread-plate-suppliers-150x150.jpg 150w, https:\/\/www.huaruialuminum.com\/wp-content\/uploads\/2025\/12\/aluminum-tread-plate-suppliers-12x12.jpg 12w, https:\/\/www.huaruialuminum.com\/wp-content\/uploads\/2025\/12\/aluminum-tread-plate-suppliers-100x100.jpg 100w, https:\/\/www.huaruialuminum.com\/wp-content\/uploads\/2025\/12\/aluminum-tread-plate-suppliers.jpg 400w\" sizes=\"(max-width: 390px) 100vw, 390px\" \/><\/p>\n<ol>\n<li><b><\/b><strong><b>What<\/b><\/strong><strong><b>\u2019<\/b><\/strong><strong><b>s the h<\/b><\/strong><strong><b>ardness<\/b><\/strong><strong><b>of <\/b><\/strong><strong><b>6<\/b><\/strong><strong><b>061 T6<\/b><\/strong><strong><b>\u00a0aluminum <\/b><\/strong><strong><b>tread <\/b><\/strong><strong><b>plate? Is 6061 or 7075 aluminum stronger?<\/b><\/strong><\/li>\n<\/ol>\n<p>Many people think that aluminum is very soft. But after some treatment, the aluminum can be stronger than steel. For example, Hardness\u00a0for 6xxx series\u00a0is 95HB, 2xxx series\u00a0aluminum plate is 120HB, 7xxx series\u00a0aluminum plate hardness is over 160HB. So far, alloy 7075 T6 is\u00a0the hardest grade of aluminum.<\/p>\n<p>&nbsp;<\/p>\n<ol start=\"2\">\n<li><b><\/b><strong><b>Do you produce <\/b><\/strong><strong><b>6061 aluminum tread plate <\/b><\/strong><strong><b>5bar?<\/b><\/strong><\/li>\n<\/ol>\n<p>Ja, wir k\u00f6nnen es produzieren. F\u00fcr 6061 Aluminium Lauffl\u00e4che Platte haben verschiedene Muster, wie Diamant-Platte, 5 Bars Platte. Die maximale Dicke, die wir produzieren k\u00f6nnen, ist 12,5 mm. Haupts\u00e4chlich f\u00fcr den Schiffsbau verwendet, wie Deck Boden.<\/p>\n<p><img decoding=\"async\" class=\"alignnone wp-image-1134\" src=\"https:\/\/www.huaruialuminum.com\/wp-content\/uploads\/2025\/12\/aluminum-sheet-for-trailers-2-300x200.jpg\" alt=\"\" width=\"390\" height=\"260\" srcset=\"https:\/\/www.huaruialuminum.com\/wp-content\/uploads\/2025\/12\/aluminum-sheet-for-trailers-2-300x200.jpg 300w, https:\/\/www.huaruialuminum.com\/wp-content\/uploads\/2025\/12\/aluminum-sheet-for-trailers-2-18x12.jpg 18w, https:\/\/www.huaruialuminum.com\/wp-content\/uploads\/2025\/12\/aluminum-sheet-for-trailers-2.jpg 600w\" sizes=\"(max-width: 390px) 100vw, 390px\" \/>\u00a0 \u00a0 <img loading=\"lazy\" decoding=\"async\" class=\"alignnone wp-image-1128\" src=\"https:\/\/www.huaruialuminum.com\/wp-content\/uploads\/2025\/12\/aluminum-floor-plate-2-300x200.jpg\" alt=\"\" width=\"390\" height=\"260\" srcset=\"https:\/\/www.huaruialuminum.com\/wp-content\/uploads\/2025\/12\/aluminum-floor-plate-2-300x200.jpg 300w, https:\/\/www.huaruialuminum.com\/wp-content\/uploads\/2025\/12\/aluminum-floor-plate-2-18x12.jpg 18w, https:\/\/www.huaruialuminum.com\/wp-content\/uploads\/2025\/12\/aluminum-floor-plate-2.jpg 600w\" sizes=\"(max-width: 390px) 100vw, 390px\" \/><\/p>\n<p>&nbsp;<\/p>\n<p><strong><b>How to pack and ship the <\/b><\/strong><strong><b>6061 aluminum tread plate<\/b><\/strong><strong><b>?<\/b><\/strong><\/p>\n<ol>\n<li>Verpacken: Starke Holzpalette, mit blauer PVC-Folie oder mit Papierzwischenlage,<\/li>\n<li>Max Bruttogewicht Kufe 4500 lbs; weniger als 2MT;<\/li>\n<li>Produce to 1\/2 Commercial tolerance to the light side,<\/li>\n<li>F\u00fcr 1 x 20FCL kann 20 bis 25 Tonnen max. laden.<\/li>\n<li>Oberfl\u00e4che: Schwarze Oberfl\u00e4che Aluminiumplatte 6061 t651 &amp; Polierte Aluminiumplatte 6061 t651,<\/li>\n<\/ol>\n<p><img loading=\"lazy\" decoding=\"async\" class=\"alignnone wp-image-1080\" src=\"https:\/\/www.huaruialuminum.com\/wp-content\/uploads\/2025\/12\/aluminum-sheet-packing-300x200.jpg\" alt=\"\" width=\"390\" height=\"260\" srcset=\"https:\/\/www.huaruialuminum.com\/wp-content\/uploads\/2025\/12\/aluminum-sheet-packing-300x200.jpg 300w, https:\/\/www.huaruialuminum.com\/wp-content\/uploads\/2025\/12\/aluminum-sheet-packing-18x12.jpg 18w, https:\/\/www.huaruialuminum.com\/wp-content\/uploads\/2025\/12\/aluminum-sheet-packing.jpg 600w\" sizes=\"(max-width: 390px) 100vw, 390px\" \/>\u00a0 \u00a0 <img loading=\"lazy\" decoding=\"async\" class=\"alignnone wp-image-1068\" src=\"https:\/\/www.huaruialuminum.com\/wp-content\/uploads\/2025\/12\/aluminum-sheet-5052-H32-300x200.jpg\" alt=\"\" width=\"390\" height=\"260\" srcset=\"https:\/\/www.huaruialuminum.com\/wp-content\/uploads\/2025\/12\/aluminum-sheet-5052-H32-300x200.jpg 300w, https:\/\/www.huaruialuminum.com\/wp-content\/uploads\/2025\/12\/aluminum-sheet-5052-H32-18x12.jpg 18w, https:\/\/www.huaruialuminum.com\/wp-content\/uploads\/2025\/12\/aluminum-sheet-5052-H32.jpg 600w\" sizes=\"(max-width: 390px) 100vw, 390px\" \/><\/p>","protected":false},"excerpt":{"rendered":"<p>China 6061 Aluminum Tread Plate Manufacturer: Alloy: 6061 Temper: O\u00a0\/\u00a0T4\u00a0\/\u00a0T6\u00a0\/\u00a0T651\u00a0\/\u00a0T351\u00a0\/\u00a0T5 Produce to ASTM B209\u00a0or GB\/T3880, EN485 standard; Standard size: 4 [&hellip;]<\/p>","protected":false},"featured_media":1130,"comment_status":"open","ping_status":"closed","template":"","meta":{"postBodyCss":"","postBodyMargin":[],"postBodyPadding":[],"postBodyBackground":{"backgroundType":"classic","gradient":""},"site-sidebar-layout":"default","site-content-layout":"","ast-site-content-layout":"default","site-content-style":"default","site-sidebar-style":"default","ast-global-header-display":"","ast-banner-title-visibility":"","ast-main-header-display":"","ast-hfb-above-header-display":"","ast-hfb-below-header-display":"","ast-hfb-mobile-header-display":"","site-post-title":"","ast-breadcrumbs-content":"","ast-featured-img":"","footer-sml-layout":"","ast-disable-related-posts":"","theme-transparent-header-meta":"default","adv-header-id-meta":"","stick-header-meta":"","header-above-stick-meta":"","header-main-stick-meta":"","header-below-stick-meta":"","astra-migrate-meta-layouts":"set","ast-page-background-enabled":"default","ast-page-background-meta":{"desktop":{"background-color":"var(--ast-global-color-5)","background-image":"","background-repeat":"repeat","background-position":"center center","background-size":"auto","background-attachment":"scroll","background-type":"","background-media":"","overlay-type":"","overlay-color":"","overlay-opacity":"","overlay-gradient":""},"tablet":{"background-color":"","background-image":"","background-repeat":"repeat","background-position":"center center","background-size":"auto","background-attachment":"scroll","background-type":"","background-media":"","overlay-type":"","overlay-color":"","overlay-opacity":"","overlay-gradient":""},"mobile":{"background-color":"","background-image":"","background-repeat":"repeat","background-position":"center center","background-size":"auto","background-attachment":"scroll","background-type":"","background-media":"","overlay-type":"","overlay-color":"","overlay-opacity":"","overlay-gradient":""}},"ast-content-background-meta":{"desktop":{"background-color":"var(--ast-global-color-4)","background-image":"","background-repeat":"repeat","background-position":"center center","background-size":"auto","background-attachment":"scroll","background-type":"","background-media":"","overlay-type":"","overlay-color":"","overlay-opacity":"","overlay-gradient":""},"tablet":{"background-color":"var(--ast-global-color-4)","background-image":"","background-repeat":"repeat","background-position":"center center","background-size":"auto","background-attachment":"scroll","background-type":"","background-media":"","overlay-type":"","overlay-color":"","overlay-opacity":"","overlay-gradient":""},"mobile":{"background-color":"var(--ast-global-color-4)","background-image":"","background-repeat":"repeat","background-position":"center center","background-size":"auto","background-attachment":"scroll","background-type":"","background-media":"","overlay-type":"","overlay-color":"","overlay-opacity":"","overlay-gradient":""}}},"product_brand":[],"product_cat":[26],"product_tag":[],"class_list":{"0":"post-1319","1":"product","2":"type-product","3":"status-publish","4":"has-post-thumbnail","6":"product_cat-tread_plate","7":"desktop-align-left","8":"tablet-align-left","9":"mobile-align-left","11":"first","12":"instock","13":"shipping-taxable","14":"product-type-simple"},"aioseo_notices":[],"_links":{"self":[{"href":"https:\/\/www.huaruialuminum.com\/de\/wp-json\/wp\/v2\/product\/1319","targetHints":{"allow":["GET"]}}],"collection":[{"href":"https:\/\/www.huaruialuminum.com\/de\/wp-json\/wp\/v2\/product"}],"about":[{"href":"https:\/\/www.huaruialuminum.com\/de\/wp-json\/wp\/v2\/types\/product"}],"replies":[{"embeddable":true,"href":"https:\/\/www.huaruialuminum.com\/de\/wp-json\/wp\/v2\/comments?post=1319"}],"version-history":[{"count":0,"href":"https:\/\/www.huaruialuminum.com\/de\/wp-json\/wp\/v2\/product\/1319\/revisions"}],"wp:featuredmedia":[{"embeddable":true,"href":"https:\/\/www.huaruialuminum.com\/de\/wp-json\/wp\/v2\/media\/1130"}],"wp:attachment":[{"href":"https:\/\/www.huaruialuminum.com\/de\/wp-json\/wp\/v2\/media?parent=1319"}],"wp:term":[{"taxonomy":"product_brand","embeddable":true,"href":"https:\/\/www.huaruialuminum.com\/de\/wp-json\/wp\/v2\/product_brand?post=1319"},{"taxonomy":"product_cat","embeddable":true,"href":"https:\/\/www.huaruialuminum.com\/de\/wp-json\/wp\/v2\/product_cat?post=1319"},{"taxonomy":"product_tag","embeddable":true,"href":"https:\/\/www.huaruialuminum.com\/de\/wp-json\/wp\/v2\/product_tag?post=1319"}],"curies":[{"name":"wp","href":"https:\/\/api.w.org\/{rel}","templated":true}]}}