{"id":719,"date":"2025-02-28T09:00:54","date_gmt":"2025-02-28T09:00:54","guid":{"rendered":"https:\/\/www.huaruialuminum.com\/?post_type=product&#038;p=719"},"modified":"2025-12-29T06:16:55","modified_gmt":"2025-12-29T06:16:55","slug":"5052-aluminum-coil","status":"publish","type":"product","link":"https:\/\/www.huaruialuminum.com\/de\/produkt\/5052-aluminum-coil\/","title":{"rendered":"5052 Aluminum Coil"},"content":{"rendered":"<p><strong><b>5052 aluminum coil<\/b><\/strong><\/p>\n<p>Alloy: 5052<\/p>\n<p>Temper: O\/H22\/H32\/H34\/H36\/H38<\/p>\n<p>Thickness: 0.3mm to 8.0mm<\/p>\n<p>Width: 500mm to 2600mm,<\/p>\n<p>Minimum thickness: 0.3mm<\/p>\n<p>The magnesium content is between 2.2-2.8%.<\/p>\n<p><strong><b>Aluminum coil 5052 is<\/b><\/strong><strong><b>\u00a0<\/b><\/strong><strong><b>Marine<\/b><\/strong><strong><b>\u00a0grade<\/b><\/strong><strong><b>\u00a0Aluminiumspule.<\/b><\/strong><\/p>\n<p><img fetchpriority=\"high\" decoding=\"async\" class=\"alignnone wp-image-1159\" src=\"https:\/\/www.huaruialuminum.com\/wp-content\/uploads\/2025\/12\/1100-aluminum-coil-300x200.jpg\" alt=\"\" width=\"800\" height=\"533\" srcset=\"https:\/\/www.huaruialuminum.com\/wp-content\/uploads\/2025\/12\/1100-aluminum-coil-300x200.jpg 300w, https:\/\/www.huaruialuminum.com\/wp-content\/uploads\/2025\/12\/1100-aluminum-coil-18x12.jpg 18w, https:\/\/www.huaruialuminum.com\/wp-content\/uploads\/2025\/12\/1100-aluminum-coil.jpg 600w\" sizes=\"(max-width: 800px) 100vw, 800px\" \/><\/p>\n<p>Since\u00a0it has a very good quality of corrosion resistance, and very good performance of welding, so many customer use this alloy for ship building, like 5052 H32 is always used for small boat building.<\/p>\n<p><strong><b>Alloy 5052 is the Represents of <\/b><\/strong><strong><b>5 Series Aluminum-Magnesium Alloy<\/b><\/strong><strong><b>. <\/b><\/strong><\/p>\n<p>5052 h32 aluminum sheet\u00a0is half hard and temper H32 can allow to make 90 degree bending without cracking. \u00a0Surface: mill finish surface, bright, polished surface, with blue PVC films or paper-interleaved;<\/p>\n<p><strong>Aluminum Coil 5052 Quality Data Sheet\/Characteristics:<\/strong><\/p>\n<table>\n<tbody>\n<tr>\n<td colspan=\"13\" width=\"826\">\n<p style=\"text-align: center;\"><strong><b>Chemistry \u00a0Composition<\/b><\/strong><b> <\/b><strong><b>%<\/b><\/strong><\/p>\n<\/td>\n<\/tr>\n<tr>\n<td width=\"68\"><strong><b>ALLOY<\/b><\/strong><\/td>\n<td width=\"96\"><strong><b>Si<\/b><\/strong><\/td>\n<td width=\"49\"><strong><b>Fe<\/b><\/strong><\/td>\n<td width=\"72\"><strong><b>Cu<\/b><\/strong><\/td>\n<td width=\"51\"><strong><b>Mn<\/b><\/strong><\/td>\n<td width=\"91\"><strong><b>Mg<\/b><\/strong><\/td>\n<td width=\"73\"><strong><b>Cr<\/b><\/strong><\/td>\n<td width=\"39\"><strong><b>Ni<\/b><\/strong><\/td>\n<td width=\"81\"><strong><b>Zn<\/b><\/strong><\/td>\n<td width=\"34\"><strong><b>\u00a0<\/b><\/strong><\/td>\n<td width=\"46\"><strong><b>Ti<\/b><\/strong><\/td>\n<td width=\"45\"><strong><b>Zr<\/b><\/strong><\/td>\n<td width=\"80\"><strong><b>A1<\/b><\/strong><\/td>\n<\/tr>\n<tr>\n<td width=\"68\"><strong><b>5052<\/b><\/strong><\/td>\n<td width=\"96\">0.25<\/td>\n<td width=\"49\">0.40<\/td>\n<td width=\"72\">0.4<\/td>\n<td width=\"51\">0.10<\/td>\n<td width=\"91\">2.2~2.8<\/td>\n<td width=\"73\">0.15~0.35<\/td>\n<td width=\"39\">-<\/td>\n<td width=\"81\">0.1<\/td>\n<td width=\"34\">-<\/td>\n<td width=\"46\">&#8212;-<\/td>\n<td width=\"45\">-<\/td>\n<td width=\"80\">Balance<\/td>\n<\/tr>\n<\/tbody>\n<\/table>\n<p><strong>Aluminum Coil 5052 H32 H34 Mechanical Properties Standard<\/strong><\/p>\n<table>\n<tbody>\n<tr>\n<td width=\"114\"><strong>Temperament<\/strong><\/td>\n<td width=\"122\"><strong><b>Anti \u2013tensile strength<\/b><\/strong><\/p>\n<p><strong><b>N\/m<\/b><\/strong><strong><b>\u33a1<\/b><\/strong><\/td>\n<td width=\"138\"><strong><b>\u00a0<\/b><\/strong><\/p>\n<p><strong><b>Elongation<\/b><\/strong><strong><b>\u00a0rate<\/b><\/strong><strong><b>\uff08<\/b><\/strong><strong><b>%<\/b><\/strong><strong><b>\uff09<\/b><\/strong><\/td>\n<td width=\"108\"><strong><b>Ma\u00dfkontrolle<\/b><\/strong><\/td>\n<td width=\"150\"><strong><b>Oberfl\u00e4che<\/b><\/strong><\/td>\n<td width=\"140\"><strong><b>H\u00e4rte<\/b><\/strong><\/td>\n<\/tr>\n<tr>\n<td width=\"114\"><strong><b>5052 H32<\/b><\/strong><\/td>\n<td width=\"122\">230Mpa<\/td>\n<td width=\"138\">12<\/td>\n<td width=\"108\">Qualifiziert<\/td>\n<td width=\"150\">Mill finish<\/td>\n<td width=\"140\">\u00a0Above 60HB<\/td>\n<\/tr>\n<tr>\n<td width=\"114\"><strong><b>5052 H34<\/b><\/strong><\/td>\n<td width=\"122\">260Mpa<\/td>\n<td width=\"138\">10<\/td>\n<td width=\"108\">Qualifiziert<\/td>\n<td width=\"150\">Mill finish<\/td>\n<td width=\"140\">\u00a0Above 68HB<\/td>\n<\/tr>\n<\/tbody>\n<\/table>\n<p><strong><b>\u00a0<\/b><\/strong><strong>How to Pack and ship the aluminum coil 5052?<\/strong><br \/>\n1.verpackung: Starke h\u00f6lzerne Palette, mit blauen PVC-Folien oder Papier-interleaved,<br \/>\n2. maximales Bruttogewicht Kufe 2500KGS;<br \/>\n3. f\u00fcr 1 x 20FCL k\u00f6nnen 20 bis 25 Tonnen max, die gleichen wie die folgenden Bilder zu laden.<br \/>\n4. die Oberfl\u00e4che: walzblank mit blauen PE-Folien zum Schutz der Oberfl\u00e4che.<\/p>\n<p><img decoding=\"async\" class=\"alignnone wp-image-1161\" src=\"https:\/\/www.huaruialuminum.com\/wp-content\/uploads\/2025\/12\/1200-aluminum-coil-300x200.png\" alt=\"\" width=\"390\" height=\"260\" srcset=\"https:\/\/www.huaruialuminum.com\/wp-content\/uploads\/2025\/12\/1200-aluminum-coil-300x200.png 300w, https:\/\/www.huaruialuminum.com\/wp-content\/uploads\/2025\/12\/1200-aluminum-coil-18x12.png 18w, https:\/\/www.huaruialuminum.com\/wp-content\/uploads\/2025\/12\/1200-aluminum-coil.png 600w\" sizes=\"(max-width: 390px) 100vw, 390px\" \/>\u00a0 \u00a0 <img decoding=\"async\" class=\"alignnone wp-image-1153\" src=\"https:\/\/www.huaruialuminum.com\/wp-content\/uploads\/2025\/12\/25-MT-Alu-Coil-300x200.jpg\" alt=\"\" width=\"390\" height=\"260\" srcset=\"https:\/\/www.huaruialuminum.com\/wp-content\/uploads\/2025\/12\/25-MT-Alu-Coil-300x200.jpg 300w, https:\/\/www.huaruialuminum.com\/wp-content\/uploads\/2025\/12\/25-MT-Alu-Coil-18x12.jpg 18w, https:\/\/www.huaruialuminum.com\/wp-content\/uploads\/2025\/12\/25-MT-Alu-Coil.jpg 600w\" sizes=\"(max-width: 390px) 100vw, 390px\" \/><\/p>\n<p>Der Preis f\u00fcr Aluminiumbleche \u00e4ndert sich t\u00e4glich und h\u00e4ngt vom Markt ab.<br \/>\nHier ist unser Aluminiumblech Preis pro KGS f\u00fcr Sie:<\/p>\n<table>\n<tbody>\n<tr>\n<td width=\"109\"><strong><b>ALLOY<\/b><\/strong><\/td>\n<td width=\"134\"><strong><b>Dicke <\/b><\/strong><\/td>\n<td width=\"142\"><strong><b>FOB Price<\/b><\/strong><\/p>\n<p><strong><b>USD\/KGS<\/b><\/strong><\/td>\n<td width=\"105\"><strong><b>Zeit produzieren<\/b><\/strong><\/td>\n<td width=\"68\"><strong><b>MOQ<\/b><\/strong><\/td>\n<td width=\"141\"><strong><b>Standardgr\u00f6\u00dfe<\/b><\/strong><\/td>\n<td width=\"105\"><strong><b>1 x20FCL<\/b><\/strong><\/td>\n<\/tr>\n<tr>\n<td width=\"109\">5052 H32<\/p>\n<p>5052 H34<\/p>\n<p>5052 \u00a0O<\/td>\n<td width=\"134\">1mm bis 6mm<\/td>\n<td width=\"142\">2.36USD\/KGS<\/td>\n<td rowspan=\"2\" width=\"105\">20 Tage<\/td>\n<td rowspan=\"2\" width=\"68\">3 TONNEN<\/td>\n<td rowspan=\"2\" width=\"141\">4\u2019\u00a0x 8\u2019<\/td>\n<td rowspan=\"2\" width=\"105\">25 Tonnen<\/td>\n<\/tr>\n<tr>\n<td width=\"109\">5052 H112<\/td>\n<td width=\"134\">6mm to 300mm<\/td>\n<td width=\"142\">2.44USD\/KGS<\/td>\n<\/tr>\n<\/tbody>\n<\/table>\n<p>&nbsp;<\/p>","protected":false},"excerpt":{"rendered":"<p>5052 aluminum coil Alloy: 5052 Temper: O\/H22\/H32\/H34\/H36\/H38 Thickness: 0.3mm to 8.0mm Width: 500mm to 2600mm, Minimum thickness: 0.3mm The magnesium [&hellip;]<\/p>","protected":false},"featured_media":1172,"comment_status":"open","ping_status":"closed","template":"","meta":{"postBodyCss":"","postBodyMargin":[],"postBodyPadding":[],"postBodyBackground":{"backgroundType":"classic","gradient":""},"site-sidebar-layout":"default","site-content-layout":"","ast-site-content-layout":"default","site-content-style":"default","site-sidebar-style":"default","ast-global-header-display":"","ast-banner-title-visibility":"","ast-main-header-display":"","ast-hfb-above-header-display":"","ast-hfb-below-header-display":"","ast-hfb-mobile-header-display":"","site-post-title":"","ast-breadcrumbs-content":"","ast-featured-img":"","footer-sml-layout":"","ast-disable-related-posts":"","theme-transparent-header-meta":"default","adv-header-id-meta":"","stick-header-meta":"","header-above-stick-meta":"","header-main-stick-meta":"","header-below-stick-meta":"","astra-migrate-meta-layouts":"set","ast-page-background-enabled":"default","ast-page-background-meta":{"desktop":{"background-color":"var(--ast-global-color-5)","background-image":"","background-repeat":"repeat","background-position":"center center","background-size":"auto","background-attachment":"scroll","background-type":"","background-media":"","overlay-type":"","overlay-color":"","overlay-opacity":"","overlay-gradient":""},"tablet":{"background-color":"","background-image":"","background-repeat":"repeat","background-position":"center center","background-size":"auto","background-attachment":"scroll","background-type":"","background-media":"","overlay-type":"","overlay-color":"","overlay-opacity":"","overlay-gradient":""},"mobile":{"background-color":"","background-image":"","background-repeat":"repeat","background-position":"center center","background-size":"auto","background-attachment":"scroll","background-type":"","background-media":"","overlay-type":"","overlay-color":"","overlay-opacity":"","overlay-gradient":""}},"ast-content-background-meta":{"desktop":{"background-color":"var(--ast-global-color-4)","background-image":"","background-repeat":"repeat","background-position":"center center","background-size":"auto","background-attachment":"scroll","background-type":"","background-media":"","overlay-type":"","overlay-color":"","overlay-opacity":"","overlay-gradient":""},"tablet":{"background-color":"var(--ast-global-color-4)","background-image":"","background-repeat":"repeat","background-position":"center center","background-size":"auto","background-attachment":"scroll","background-type":"","background-media":"","overlay-type":"","overlay-color":"","overlay-opacity":"","overlay-gradient":""},"mobile":{"background-color":"var(--ast-global-color-4)","background-image":"","background-repeat":"repeat","background-position":"center center","background-size":"auto","background-attachment":"scroll","background-type":"","background-media":"","overlay-type":"","overlay-color":"","overlay-opacity":"","overlay-gradient":""}}},"product_brand":[],"product_cat":[29],"product_tag":[],"class_list":{"0":"post-719","1":"product","2":"type-product","3":"status-publish","4":"has-post-thumbnail","6":"product_cat-aluminum_coil","7":"desktop-align-left","8":"tablet-align-left","9":"mobile-align-left","11":"first","12":"instock","13":"shipping-taxable","14":"product-type-simple"},"aioseo_notices":[],"_links":{"self":[{"href":"https:\/\/www.huaruialuminum.com\/de\/wp-json\/wp\/v2\/product\/719","targetHints":{"allow":["GET"]}}],"collection":[{"href":"https:\/\/www.huaruialuminum.com\/de\/wp-json\/wp\/v2\/product"}],"about":[{"href":"https:\/\/www.huaruialuminum.com\/de\/wp-json\/wp\/v2\/types\/product"}],"replies":[{"embeddable":true,"href":"https:\/\/www.huaruialuminum.com\/de\/wp-json\/wp\/v2\/comments?post=719"}],"version-history":[{"count":1,"href":"https:\/\/www.huaruialuminum.com\/de\/wp-json\/wp\/v2\/product\/719\/revisions"}],"predecessor-version":[{"id":1395,"href":"https:\/\/www.huaruialuminum.com\/de\/wp-json\/wp\/v2\/product\/719\/revisions\/1395"}],"wp:featuredmedia":[{"embeddable":true,"href":"https:\/\/www.huaruialuminum.com\/de\/wp-json\/wp\/v2\/media\/1172"}],"wp:attachment":[{"href":"https:\/\/www.huaruialuminum.com\/de\/wp-json\/wp\/v2\/media?parent=719"}],"wp:term":[{"taxonomy":"product_brand","embeddable":true,"href":"https:\/\/www.huaruialuminum.com\/de\/wp-json\/wp\/v2\/product_brand?post=719"},{"taxonomy":"product_cat","embeddable":true,"href":"https:\/\/www.huaruialuminum.com\/de\/wp-json\/wp\/v2\/product_cat?post=719"},{"taxonomy":"product_tag","embeddable":true,"href":"https:\/\/www.huaruialuminum.com\/de\/wp-json\/wp\/v2\/product_tag?post=719"}],"curies":[{"name":"wp","href":"https:\/\/api.w.org\/{rel}","templated":true}]}}