{"id":883,"date":"2025-12-11T03:18:11","date_gmt":"2025-12-11T03:18:11","guid":{"rendered":"https:\/\/www.huaruialuminum.com\/?post_type=product&#038;p=883"},"modified":"2026-03-12T05:28:44","modified_gmt":"2026-03-12T05:28:44","slug":"6061-aluminum-sheet-2","status":"publish","type":"product","link":"https:\/\/www.huaruialuminum.com\/de\/produkt\/6061-aluminum-sheet-2\/","title":{"rendered":"6061 T6 Aluminum Sheet"},"content":{"rendered":"<p>Aluminiumblech 6061 T6<\/p>\n<p>Aluminiumblech 6061 T651<\/p>\n<ol>\n<li>We are professional aluminum sheet 6061 T6 supplier in Jinan , China.<\/li>\n<li>Our 6000 series aluminum alloy is 6061\/6063\/6082. Temper: T4\/T6\/T651\/T351\/T5, the hardness is above 95HB,<\/li>\n<li>Main application: aircraft aluminum, industry molding, automatic mechanic component, carrying vessels and semi-conductor device components.<\/li>\n<li>Our mainly market: \u00a0Europe, India, Iran, Pakistan, Thailand, Mexico , USA and so on.<\/li>\n<li>Over 2,000Tons ready stock with standard size 1250 x 2500mm &amp; 1220 x 2440mm.<\/li>\n<\/ol>\n<p><img fetchpriority=\"high\" decoding=\"async\" class=\"alignnone wp-image-885\" src=\"https:\/\/www.huaruialuminum.com\/wp-content\/uploads\/2025\/12\/2.5mm-aluminum-sheet-300x200.jpg\" alt=\"\" width=\"390\" height=\"260\" srcset=\"https:\/\/www.huaruialuminum.com\/wp-content\/uploads\/2025\/12\/2.5mm-aluminum-sheet-300x200.jpg 300w, https:\/\/www.huaruialuminum.com\/wp-content\/uploads\/2025\/12\/2.5mm-aluminum-sheet-18x12.jpg 18w, https:\/\/www.huaruialuminum.com\/wp-content\/uploads\/2025\/12\/2.5mm-aluminum-sheet.jpg 600w\" sizes=\"(max-width: 390px) 100vw, 390px\" \/> <img decoding=\"async\" class=\"alignnone wp-image-884\" src=\"https:\/\/www.huaruialuminum.com\/wp-content\/uploads\/2025\/12\/5000-series-aluminum-2-300x200.jpg\" alt=\"\" width=\"390\" height=\"260\" srcset=\"https:\/\/www.huaruialuminum.com\/wp-content\/uploads\/2025\/12\/5000-series-aluminum-2-300x200.jpg 300w, https:\/\/www.huaruialuminum.com\/wp-content\/uploads\/2025\/12\/5000-series-aluminum-2-18x12.jpg 18w, https:\/\/www.huaruialuminum.com\/wp-content\/uploads\/2025\/12\/5000-series-aluminum-2.jpg 600w\" sizes=\"(max-width: 390px) 100vw, 390px\" \/><\/p>\n<p><strong><b>What<\/b><\/strong><strong><b>\u2019<\/b><\/strong><strong><b>s the name information of aluminum sheet 6061 T6?<\/b><\/strong><\/p>\n<p>Die Aluminiumlegierung der Serie 6xxx vereint die Vorteile der Serien 4xxx und 5xxx und eignet sich f\u00fcr hohe Korrosionsbest\u00e4ndigkeit, Schwei\u00dfen und Eloxieren. Es ist leicht zu beschichten und f\u00fchrt gut in W\u00e4rme T\u00f6nung und Bearbeitbarkeit. Dar\u00fcber hinaus ist es von mittlerer Festigkeit und weit verbreitet nach der W\u00e4rmebehandlung verwendet.<\/p>\n<p>Legierung: 6061 \/ 6063 \/ 6082 \/ 6005<\/p>\n<p>Temperament: O \/ T4 \/ T6 \/ T651 \/ T351 \/ T5<\/p>\n<p>Produce to ASTM B209\u00a0or GB\/T3880, EN485 standard;<\/p>\n<p>Standardgr\u00f6\u00dfe: 4 x 8; 1219 x 2438mm, 1250 x 2500mm, 1500mm x 3000mm;<\/p>\n<p>Oberfl\u00e4che: walzblank, unpoliert, poliert, schwarze Oberfl\u00e4che, blanke Oberfl\u00e4che,<\/p>\n<p>We deal with HE20 (<strong>65032<\/strong>\u00a0India,USA\u00a0<strong>6061<\/strong>,ISO\u00a0<strong>A1-Mg-1SiCu<\/strong>)\u00a0HE9 (<strong>63400<\/strong>\u00a0India, USA\u00a0<strong>6063<\/strong>, ISO\u00a0<strong>A1-Mg-Si<\/strong>, HE30 (<strong>64430<\/strong>\u00a0India, USA\u00a0<strong>6351<\/strong>, ISO\u00a0<strong>A1-Si-1Mg)<\/strong>\u00a0and HE11 (<strong>64423<\/strong>\u00a0India,USA\u00a0<strong>6066).<\/strong>\u00a0Our aluminium plates, aluminium alloy plates, aluminium alloy shates widely appreciated for better quality.<\/p>\n<p><strong><b>6061 Aluminum Sheet Q<\/b><\/strong><strong><b>uality Data<\/b><\/strong><strong><b> Sheet \/ Feature :<\/b><\/strong><\/p>\n<table>\n<tbody>\n<tr>\n<td width=\"70\"><strong><b>ALLOY<\/b><\/strong><\/td>\n<td width=\"97\"><strong><b>Si<\/b><\/strong><\/td>\n<td width=\"49\"><strong><b>Fe<\/b><\/strong><\/td>\n<td width=\"73\"><strong><b>Cu<\/b><\/strong><\/td>\n<td width=\"83\"><strong><b>Mn<\/b><\/strong><\/td>\n<td width=\"83\"><strong><b>Mg<\/b><\/strong><\/td>\n<td width=\"85\"><strong><b>Cr<\/b><\/strong><\/td>\n<td width=\"49\"><strong><b>Zn<\/b><\/strong><\/td>\n<td width=\"46\"><strong><b>Ti<\/b><\/strong><\/td>\n<td width=\"82\"><strong><b>A1<\/b><\/strong><\/td>\n<\/tr>\n<tr>\n<td width=\"70\"><strong><b>6061<\/b><\/strong><\/td>\n<td width=\"97\">0.40~0.8<\/td>\n<td width=\"49\">0.7<\/td>\n<td width=\"73\">0.15~0.40<\/td>\n<td width=\"83\">0.15<\/td>\n<td width=\"83\">0.8~1.2<\/td>\n<td width=\"85\">0.04~0.35<\/td>\n<td width=\"49\">0.25<\/td>\n<td width=\"46\">0.15<\/td>\n<td width=\"82\">Balance<\/td>\n<\/tr>\n<tr>\n<td width=\"70\"><strong><b>6063<\/b><\/strong><\/td>\n<td width=\"97\">0.20~0.6<\/td>\n<td width=\"49\">0.35<\/td>\n<td width=\"73\">0.1<\/td>\n<td width=\"83\">0.1<\/td>\n<td width=\"83\">0.45~0.9<\/td>\n<td width=\"85\">0.1<\/td>\n<td width=\"49\">0.1<\/td>\n<td width=\"46\">0.1<\/td>\n<td width=\"82\">Balance<\/td>\n<\/tr>\n<tr>\n<td width=\"70\"><strong><b>6082<\/b><\/strong><\/td>\n<td width=\"97\">0.7~1.3<\/td>\n<td width=\"49\">0.5<\/td>\n<td width=\"73\">0.1<\/td>\n<td width=\"83\">0.40~1.0<\/td>\n<td width=\"83\">0.6~1.2<\/td>\n<td width=\"85\">0.25<\/td>\n<td width=\"49\">0.2<\/td>\n<td width=\"46\">0.1<\/td>\n<td width=\"82\">Balance<\/td>\n<\/tr>\n<\/tbody>\n<\/table>\n<p style=\"text-align: center;\"><strong><b>6061 Aluminiumblech <\/b><\/strong><strong><b>Mechanische Eigenschaften Standard<\/b><\/strong><\/p>\n<table>\n<tbody>\n<tr>\n<td width=\"114\">&nbsp;<\/p>\n<p><strong>Temperament<\/strong><\/td>\n<td width=\"122\"><strong><b>Anti \u2013tensile strength<\/b><\/strong><\/p>\n<p><strong><b>N\/m<\/b><\/strong><strong><b>\u33a1<\/b><\/strong><\/td>\n<td width=\"138\"><strong><b>\u00a0<\/b><\/strong><\/p>\n<p><strong><b>Elongation<\/b><\/strong><strong><b>\u00a0rate<\/b><\/strong><strong><b>\uff08<\/b><\/strong><strong><b>%<\/b><\/strong><strong><b>\uff09<\/b><\/strong><\/td>\n<td width=\"108\"><strong><b>Ma\u00dfkontrolle<\/b><\/strong><\/td>\n<td width=\"150\"><strong><b>Oberfl\u00e4che<\/b><\/strong><\/td>\n<td width=\"140\"><strong><b>H\u00e4rte<\/b><\/strong><\/td>\n<\/tr>\n<tr>\n<td width=\"114\"><strong><b>6061 T6<\/b><\/strong><\/td>\n<td width=\"122\">290Mpa<\/td>\n<td width=\"138\">10<\/td>\n<td width=\"108\">Qualifiziert<\/td>\n<td width=\"150\">Schwarz \/ Hell<\/td>\n<td width=\"140\">\u00a0\u00dcber 95HB<\/td>\n<\/tr>\n<tr>\n<td width=\"114\"><strong><b>6063 T6<\/b><\/strong><\/td>\n<td width=\"122\">240Mpa<\/td>\n<td width=\"138\">8<\/td>\n<td width=\"108\">Qualifiziert<\/td>\n<td width=\"150\">Schwarz \/ Hell<\/td>\n<td width=\"140\">\u00a0\u00dcber 69HB<\/td>\n<\/tr>\n<tr>\n<td width=\"114\"><strong><b>6082 T6<\/b><\/strong><\/td>\n<td width=\"122\">310Mpa<\/td>\n<td width=\"138\">12<\/td>\n<td width=\"108\">Qualifiziert<\/td>\n<td width=\"150\">Schwarz \/ Hell<\/td>\n<td width=\"140\">\u00a0\u00dcber 95HB<\/td>\n<\/tr>\n<tr>\n<td width=\"114\"><strong><b>6061 T651<\/b><\/strong><\/td>\n<td width=\"122\">290Mpa<\/td>\n<td width=\"138\">10<\/td>\n<td width=\"108\">Qualifiziert<\/td>\n<td width=\"150\">Schwarz \/ Hell<\/td>\n<td width=\"140\">\u00a0\u00dcber 95HB<\/td>\n<\/tr>\n<\/tbody>\n<\/table>\n<p><strong><b>\u00a0 \u00a0 \u00a0 \u00a0 \u00a0 \u00a0 \u00a0 \u00a0 \u00a0 \u00a0 \u00a0 \u00a0 \u00a0 \u00a0 \u00a0 \u00a0 \u00a0 \u00a0 \u00a0 \u00a0 \u00a0 \u00a0 \u00a0 \u00a0 \u00a0 \u00a0 \u00a0 \u00a0 \u00a0 \u00a0 \u00a0 \u00a0 \u00a0 6061 Aluminiumblech <\/b><\/strong><strong><b>Ready Stock List<\/b><\/strong><\/p>\n<table>\n<tbody>\n<tr>\n<td width=\"148\"><strong>Material<\/strong><\/td>\n<td width=\"140\"><strong>Legierung&amp;Temperierung<\/strong><\/td>\n<td width=\"155\"><strong>Gr\u00f6\u00dfe<\/strong><\/td>\n<td width=\"145\"><strong>Gr\u00f6\u00dfe<\/strong><\/td>\n<td width=\"160\"><strong>Gr\u00f6\u00dfe<\/strong><\/td>\n<\/tr>\n<tr>\n<td rowspan=\"12\" width=\"148\">&nbsp;<\/p>\n<p>&nbsp;<\/p>\n<p>&nbsp;<\/p>\n<p>&nbsp;<\/p>\n<p>&nbsp;<\/p>\n<p>Aluminum\u00a0sheet<\/td>\n<td rowspan=\"6\" width=\"140\">&nbsp;<\/p>\n<p>&nbsp;<\/p>\n<p>&nbsp;<\/p>\n<p>&nbsp;<\/p>\n<p>6061 T6<\/td>\n<td width=\"155\">1.5*1220*2440<\/td>\n<td width=\"145\">4.0*1250*2500<\/td>\n<td width=\"160\">35*1250*2500<\/td>\n<\/tr>\n<tr>\n<td width=\"155\">1.6*1220*2440<\/td>\n<td width=\"145\">6.0*1220*2440<\/td>\n<td width=\"160\">40*1500*3000<\/td>\n<\/tr>\n<tr>\n<td width=\"155\">2.5*1250*2500<\/td>\n<td width=\"145\">6.0*1220*2440<\/td>\n<td width=\"160\">45*1220*2440<\/td>\n<\/tr>\n<tr>\n<td width=\"155\">3.0*1220*2440<\/td>\n<td width=\"145\">8.0*1500*3000<\/td>\n<td width=\"160\">50*1500*3000<\/td>\n<\/tr>\n<tr>\n<td width=\"155\">3.0*1250*2500<\/td>\n<td width=\"145\">18*1500*3000<\/td>\n<td width=\"160\">55*1250*2500<\/td>\n<\/tr>\n<tr>\n<td width=\"155\">4.0*1250*2500<\/td>\n<td width=\"145\">20*1500*3000<\/td>\n<td width=\"160\">60*1500*3000<\/td>\n<\/tr>\n<tr>\n<td rowspan=\"6\" width=\"140\">&nbsp;<\/p>\n<p>&nbsp;<\/p>\n<p>&nbsp;<\/p>\n<p>&nbsp;<\/p>\n<p>6061 T651<\/td>\n<td width=\"155\">6.0*1220*2440<\/td>\n<td width=\"145\">25*1250*2500<\/td>\n<td width=\"160\">100*1500*3000<\/td>\n<\/tr>\n<tr>\n<td width=\"155\">8.0*1500*3000<\/td>\n<td width=\"145\">25*1500*3000<\/td>\n<td width=\"160\">120*1500*3000<\/td>\n<\/tr>\n<tr>\n<td width=\"155\">10*1500*3000<\/td>\n<td width=\"145\">25*1500*3000<\/td>\n<td width=\"160\">150*1500*3000<\/td>\n<\/tr>\n<tr>\n<td width=\"155\">12*1500*3000<\/td>\n<td width=\"145\">30*1500*3000<\/td>\n<td width=\"160\">180*1500*3000<\/td>\n<\/tr>\n<tr>\n<td width=\"155\">14*1500*3000<\/td>\n<td width=\"145\">30*1500*3000<\/td>\n<td width=\"160\">200*1500*3000<\/td>\n<\/tr>\n<tr>\n<td width=\"155\">15*1500*3000<\/td>\n<td width=\"145\">30*1500*3000<\/td>\n<td width=\"160\">300*1500*3000<\/td>\n<\/tr>\n<\/tbody>\n<\/table>\n<p><strong><b>How to Pack and ship the <\/b><\/strong><strong><b>6061 Aluminiumblech<\/b><\/strong><strong><b>?<\/b><\/strong><\/p>\n<ol>\n<li>Verpacken: Starke Holzpalette, mit blauer PVC-Folie oder mit Papierzwischenlage,<\/li>\n<li>Markierungen: wir drucken immer die Markierungen, wie: 6061 T6 Gr\u00f6\u00dfe: 20MM x 1250MM x 2500MM.<\/li>\n<li>Max Bruttogewicht Kufe 4500 lbs; weniger als 2MT;<\/li>\n<li>PRODUZIERT ZU 1\/2 HANDELS\u00dcBLICHE TOLERANZ ZUR HELLEN SEITE<\/li>\n<li>F\u00fcr 1 x 20FCL kann 20 bis 25 Tonnen max. laden.<\/li>\n<li>Surface: Black surface aluminum plate 6061 t651 &amp; Polished aluminum plate 6061 t651<\/li>\n<\/ol>\n<p><img decoding=\"async\" class=\"alignnone wp-image-887\" src=\"https:\/\/www.huaruialuminum.com\/wp-content\/uploads\/2025\/12\/3105-h14-aluminum-sheet-300x200.jpg\" alt=\"\" width=\"390\" height=\"260\" srcset=\"https:\/\/www.huaruialuminum.com\/wp-content\/uploads\/2025\/12\/3105-h14-aluminum-sheet-300x200.jpg 300w, https:\/\/www.huaruialuminum.com\/wp-content\/uploads\/2025\/12\/3105-h14-aluminum-sheet-18x12.jpg 18w, https:\/\/www.huaruialuminum.com\/wp-content\/uploads\/2025\/12\/3105-h14-aluminum-sheet.jpg 600w\" sizes=\"(max-width: 390px) 100vw, 390px\" \/> <img loading=\"lazy\" decoding=\"async\" class=\"alignnone wp-image-886\" src=\"https:\/\/www.huaruialuminum.com\/wp-content\/uploads\/2025\/12\/1060-aluminum-sheet-300x200.jpg\" alt=\"\" width=\"390\" height=\"260\" srcset=\"https:\/\/www.huaruialuminum.com\/wp-content\/uploads\/2025\/12\/1060-aluminum-sheet-300x200.jpg 300w, https:\/\/www.huaruialuminum.com\/wp-content\/uploads\/2025\/12\/1060-aluminum-sheet-18x12.jpg 18w, https:\/\/www.huaruialuminum.com\/wp-content\/uploads\/2025\/12\/1060-aluminum-sheet.jpg 600w\" sizes=\"(max-width: 390px) 100vw, 390px\" \/><\/p>\n<p><strong><b>6061 Aluminiumblech Preis pro Blatt \/ pro kg<\/b><\/strong><\/p>\n<p>Der Preis f\u00fcr Aluminiumbleche \u00e4ndert sich t\u00e4glich und h\u00e4ngt vom Markt ab.<\/p>\n<p>Here is our aluminum sheet price per KG for you:<\/p>\n<table>\n<tbody>\n<tr>\n<td width=\"119\"><strong><b>Legierung<\/b><\/strong><\/td>\n<td width=\"162\"><strong><b>Dicke <\/b><\/strong><\/td>\n<td width=\"151\"><strong><b>FOB Price (<\/b><\/strong><strong><b>USD\/KG)<\/b><\/strong><\/td>\n<\/tr>\n<tr>\n<td width=\"119\">6061 T6<\/td>\n<td width=\"162\">1mm bis 6mm<\/td>\n<td width=\"151\">2,70USD\/KGS<\/td>\n<\/tr>\n<tr>\n<td width=\"119\"><\/td>\n<td width=\"162\">8mm bis 300mm<\/td>\n<td width=\"151\">2,45USD\/KGS<\/td>\n<\/tr>\n<tr>\n<td width=\"119\">6082 T6<\/td>\n<td width=\"162\">1mm bis 6mm<\/td>\n<td width=\"151\">2,70USD\/KGS<\/td>\n<\/tr>\n<tr>\n<td width=\"119\"><\/td>\n<td width=\"162\">8mm bis 300mm<\/td>\n<td width=\"151\">2,45USD\/KGS<\/td>\n<\/tr>\n<tr>\n<td width=\"119\">6063 T6<\/td>\n<td width=\"162\">1mm bis 6mm<\/td>\n<td width=\"151\">2,70USD\/KGS<\/td>\n<\/tr>\n<tr>\n<td width=\"119\"><\/td>\n<td width=\"162\">8mm bis 300mm<\/td>\n<td width=\"151\">2,45USD\/KGS<\/td>\n<\/tr>\n<\/tbody>\n<\/table>\n<table>\n<tbody>\n<tr>\n<td width=\"100\"><strong><b>Zeit produzieren<\/b><\/strong><\/td>\n<td width=\"73\"><strong><b>MOQ<\/b><\/strong><\/td>\n<td width=\"98\"><strong><b>1 x20FCL<\/b><\/strong><\/td>\n<td width=\"100\"><strong><b>1 x40FCL<\/b><\/strong><\/td>\n<\/tr>\n<tr>\n<td width=\"100\">20 Tage<\/td>\n<td width=\"73\">3 Tonnen<\/td>\n<td width=\"98\">25 Tonnen<\/td>\n<td width=\"100\">28 Tonnen<\/td>\n<\/tr>\n<\/tbody>\n<\/table>\n<p><strong><b>6061 T6 <\/b><\/strong><strong><b>Aluminium-Block<\/b><\/strong><strong><b>\u00a0<\/b><\/strong><\/p>\n<p>Our company have the sawing machine and we can cut the aluminum to be small pieces according to customer\u2019s requirement. \u00a0For example: Size: \u00a0\u226550mm W\/L and customized size.<\/p>\n<p><img loading=\"lazy\" decoding=\"async\" class=\"alignnone wp-image-888\" src=\"https:\/\/www.huaruialuminum.com\/wp-content\/uploads\/2025\/12\/\u56fe\u72471-300x161.png\" alt=\"\" width=\"803\" height=\"432\" srcset=\"https:\/\/www.huaruialuminum.com\/wp-content\/uploads\/2025\/12\/\u56fe\u72471-300x161.png 300w, https:\/\/www.huaruialuminum.com\/wp-content\/uploads\/2025\/12\/\u56fe\u72471-1024x551.png 1024w, https:\/\/www.huaruialuminum.com\/wp-content\/uploads\/2025\/12\/\u56fe\u72471-768x413.png 768w, https:\/\/www.huaruialuminum.com\/wp-content\/uploads\/2025\/12\/\u56fe\u72471-18x10.png 18w, https:\/\/www.huaruialuminum.com\/wp-content\/uploads\/2025\/12\/\u56fe\u72471-600x323.png 600w, https:\/\/www.huaruialuminum.com\/wp-content\/uploads\/2025\/12\/\u56fe\u72471.png 1048w\" sizes=\"(max-width: 803px) 100vw, 803px\" \/><\/p>\n<p><strong><b>Main application<\/b><\/strong><strong><b>: What is 6061 T6 aluminum used for?<\/b><\/strong><\/p>\n<p>Aircraft aluminum, industry molding, automatic mechanic component, carrying vessels and semi-conductor device components.<\/p>\n<p><img loading=\"lazy\" decoding=\"async\" class=\"alignnone wp-image-889\" src=\"https:\/\/www.huaruialuminum.com\/wp-content\/uploads\/2025\/12\/\u56fe\u72472-300x154.png\" alt=\"\" width=\"800\" height=\"411\" srcset=\"https:\/\/www.huaruialuminum.com\/wp-content\/uploads\/2025\/12\/\u56fe\u72472-300x154.png 300w, https:\/\/www.huaruialuminum.com\/wp-content\/uploads\/2025\/12\/\u56fe\u72472-1024x526.png 1024w, https:\/\/www.huaruialuminum.com\/wp-content\/uploads\/2025\/12\/\u56fe\u72472-768x394.png 768w, https:\/\/www.huaruialuminum.com\/wp-content\/uploads\/2025\/12\/\u56fe\u72472-18x9.png 18w, https:\/\/www.huaruialuminum.com\/wp-content\/uploads\/2025\/12\/\u56fe\u72472-600x308.png 600w, https:\/\/www.huaruialuminum.com\/wp-content\/uploads\/2025\/12\/\u56fe\u72472.png 1050w\" sizes=\"(max-width: 800px) 100vw, 800px\" \/><\/p>\n<p><strong><b>High and stable quality by whole-process quality inspection system<\/b><\/strong><\/p>\n<p><strong><b>Service nach dem Verkauf:<\/b><\/strong><\/p>\n<p>Qualit\u00e4t\/Menge\/Gewichtsabweichung und Reklamation:<\/p>\n<p>In case the quality and\/or quantity\/weight are found by the buyer to be not in conformity with the contract after arrival of the goods at the port of destination, the buyer may lodge claim with the seller supported by survey report issue by buyer\u2019s end user. We shall within 30 days after receipt of the notification of the claim, pay claim to buyer.<\/p>\n<p>Wir haben nicht nur eine langfristige Zusammenarbeit mit mehr als 600 gro\u00dfen und mittelst\u00e4ndischen Unternehmen in China wie FAW, Sinotruk, Sinopec und Inspur Group aufgebaut, sondern auch 3.000 Partner in der ganzen Welt und exportieren Produkte in mehr als 60 L\u00e4nder und Regionen wie Europa, Amerika, Afrika, den Nahen Osten, S\u00fcdostasien und Australien.<\/p>\n<ol>\n<li>Q: What\u2019s the hardnessof 6xxx series aluminum plate? Is 6061 or 7075 aluminum stronger?<\/li>\n<\/ol>\n<p>A: Many people think that aluminum is very soft. But after some treatment, the aluminum can be stronger than steel. For example, Hardness for 6xxx series is 95HB, 2xxx series aluminum plate is 120HB, 7xxx series aluminum plate hardness is over 160HB. So far, alloy 7075 T6 is the hardest grade of aluminum.<\/p>\n<ol>\n<li>What\u2019s your aluminum alloy plate 6061 surface?<\/li>\n<\/ol>\n<p>A: Our aluminum alloy plate 6061 t6 is mill finish, we have black surface aluminum plate, also have polished aluminum plate which surface is very bright.<\/p>\n<p>&nbsp;<\/p>\n<ol start=\"2\">\n<li>Q: What does T6 stand for in aluminum? \u00a0T4 vs T6?<\/li>\n<\/ol>\n<p>A: In aluminum, the T6 means temper, it means the state of artificial ageing after solid solution heat treatment. Suitable for products which are no longer cold worked after solid solution heat treatment, \u00a0(can be straightened and levelled without affecting the limits of mechanical properties). T4 means Natural ageing after hardening. Lastly, aluminum sheet 6061 T6, the number 6061 is the alloy number.<\/p>\n<p>&nbsp;<\/p>\n<ol start=\"3\">\n<li>Q: What\u2019s T6 vs T651? Is there any different between T6 and T651 ?<\/li>\n<\/ol>\n<p>A: T651 means relief Internal stress; -T state and TXXX state (other than stress relieved state)<\/p>\n<p>Add an Arabic number\u00a0(called T65\u00a0status) or two numerals (called T651\u00a0status) after the TX status code to indicate the state of a particular process that has significantly changed the product characteristics (such as mechanical properties, corrosion resistance, etc.). T651,after relief the inernal stress, it will not deform when you cut or machining it. The price of aluminum plate T651 is about 650$ per ton higher than T6.<\/p>\n<p>&nbsp;<\/p>\n<ol start=\"4\">\n<li>Q: How to cut a circle in aluminum sheet 6061 T6?<\/li>\n<\/ol>\n<p>A: In fact, \u00a0we can cut aluminum round disc with waterjet cutting, Aluminum alloy 6061 is very hard alloy and for the T6 is over 95HB, so it is always called aluminum flange.<\/p>\n<p>Wie dick sind Aluminiumbleche 6061, und welche Dicke haben sie?<\/p>\n<p>The max thickness we can produce is 400mm. The aluminum sheet come in : Ingot\/Master Alloys \u2014 Melting Furnace \u2013 Holding Furnace \u2014 D.C. Caster \u2014 Slab \u2014- Scalper \u2014 Hot Rolling Mill \u2013 Heat treatment Furnace \u2014 Final Inspection \u2013 Packing \u2014 Delivery.<\/p>\n<p>&nbsp;<\/p>\n<ol start=\"5\">\n<li>Q: Do you produce 6061 aluminum tread plate 5bar?<\/li>\n<\/ol>\n<p>A: Yes, we can produce it. For 6061 aluminum tread plate have different pattern, like diamond plate, 5 bars plate. The max thickness we can produce is 12.5mm. Mainly used for ship building, like deck floor.<\/p>\n<p>&nbsp;<\/p>\n<ol start=\"6\">\n<li>Q: How good is 6061 aluminum?<\/li>\n<\/ol>\n<p>A: 6061 Aluminum alloy combines the advantages of both 4xxx series and 5xxx series and apply to high corrosion resistance, welding and anodising. It is easy to be coated and performs well in heat tinting and machinability. In addition, it is of medium strength and widely used after the heat treatment. The hardness is is over 95HB.<\/p>\n<p><img loading=\"lazy\" decoding=\"async\" class=\"alignnone wp-image-892\" src=\"https:\/\/www.huaruialuminum.com\/wp-content\/uploads\/2025\/12\/6061-aluminum-sheet-hardness-95HB-300x300.jpg\" alt=\"\" width=\"390\" height=\"390\" srcset=\"https:\/\/www.huaruialuminum.com\/wp-content\/uploads\/2025\/12\/6061-aluminum-sheet-hardness-95HB-300x300.jpg 300w, https:\/\/www.huaruialuminum.com\/wp-content\/uploads\/2025\/12\/6061-aluminum-sheet-hardness-95HB-150x150.jpg 150w, https:\/\/www.huaruialuminum.com\/wp-content\/uploads\/2025\/12\/6061-aluminum-sheet-hardness-95HB-12x12.jpg 12w, https:\/\/www.huaruialuminum.com\/wp-content\/uploads\/2025\/12\/6061-aluminum-sheet-hardness-95HB-100x100.jpg 100w, https:\/\/www.huaruialuminum.com\/wp-content\/uploads\/2025\/12\/6061-aluminum-sheet-hardness-95HB.jpg 600w\" sizes=\"(max-width: 390px) 100vw, 390px\" \/>\u00a0 <img loading=\"lazy\" decoding=\"async\" class=\"alignnone wp-image-893\" src=\"https:\/\/www.huaruialuminum.com\/wp-content\/uploads\/2025\/12\/Aluminum-Plate-6061-225x300.jpg\" alt=\"\" width=\"287\" height=\"383\" srcset=\"https:\/\/www.huaruialuminum.com\/wp-content\/uploads\/2025\/12\/Aluminum-Plate-6061-225x300.jpg 225w, https:\/\/www.huaruialuminum.com\/wp-content\/uploads\/2025\/12\/Aluminum-Plate-6061-9x12.jpg 9w, https:\/\/www.huaruialuminum.com\/wp-content\/uploads\/2025\/12\/Aluminum-Plate-6061.jpg 600w\" sizes=\"(max-width: 287px) 100vw, 287px\" \/><\/p>\n<p>&nbsp;<\/p>\n<ol start=\"7\">\n<li>Q: Why your company has in aluminum sheet business in China for so many years?<\/li>\n<\/ol>\n<p>A: The philosophy of honesty business.<\/p>\n<p>High and stable quality by whole-process quality inspection system<\/p>\n<p>All grades and specifications can meet the personalised demand of clients.<\/p>\n<p>Provide clients with &#8220;one-stop&#8221; aluminum purchasing solution.<\/p>\n<p>&nbsp;<\/p>","protected":false},"excerpt":{"rendered":"<p>Aluminum sheet 6061 T6 Aluminum sheet 6061 T651 We are professional aluminum sheet 6061 T6 supplier in Jinan , China. [&hellip;]<\/p>","protected":false},"featured_media":890,"comment_status":"open","ping_status":"closed","template":"","meta":{"postBodyCss":"","postBodyMargin":[],"postBodyPadding":[],"postBodyBackground":{"backgroundType":"classic","gradient":""},"site-sidebar-layout":"default","site-content-layout":"","ast-site-content-layout":"default","site-content-style":"default","site-sidebar-style":"default","ast-global-header-display":"","ast-banner-title-visibility":"","ast-main-header-display":"","ast-hfb-above-header-display":"","ast-hfb-below-header-display":"","ast-hfb-mobile-header-display":"","site-post-title":"","ast-breadcrumbs-content":"","ast-featured-img":"","footer-sml-layout":"","ast-disable-related-posts":"","theme-transparent-header-meta":"default","adv-header-id-meta":"","stick-header-meta":"","header-above-stick-meta":"","header-main-stick-meta":"","header-below-stick-meta":"","astra-migrate-meta-layouts":"set","ast-page-background-enabled":"default","ast-page-background-meta":{"desktop":{"background-color":"var(--ast-global-color-5)","background-image":"","background-repeat":"repeat","background-position":"center center","background-size":"auto","background-attachment":"scroll","background-type":"","background-media":"","overlay-type":"","overlay-color":"","overlay-opacity":"","overlay-gradient":""},"tablet":{"background-color":"","background-image":"","background-repeat":"repeat","background-position":"center center","background-size":"auto","background-attachment":"scroll","background-type":"","background-media":"","overlay-type":"","overlay-color":"","overlay-opacity":"","overlay-gradient":""},"mobile":{"background-color":"","background-image":"","background-repeat":"repeat","background-position":"center center","background-size":"auto","background-attachment":"scroll","background-type":"","background-media":"","overlay-type":"","overlay-color":"","overlay-opacity":"","overlay-gradient":""}},"ast-content-background-meta":{"desktop":{"background-color":"var(--ast-global-color-4)","background-image":"","background-repeat":"repeat","background-position":"center center","background-size":"auto","background-attachment":"scroll","background-type":"","background-media":"","overlay-type":"","overlay-color":"","overlay-opacity":"","overlay-gradient":""},"tablet":{"background-color":"var(--ast-global-color-4)","background-image":"","background-repeat":"repeat","background-position":"center center","background-size":"auto","background-attachment":"scroll","background-type":"","background-media":"","overlay-type":"","overlay-color":"","overlay-opacity":"","overlay-gradient":""},"mobile":{"background-color":"var(--ast-global-color-4)","background-image":"","background-repeat":"repeat","background-position":"center center","background-size":"auto","background-attachment":"scroll","background-type":"","background-media":"","overlay-type":"","overlay-color":"","overlay-opacity":"","overlay-gradient":""}}},"product_brand":[],"product_cat":[25],"product_tag":[],"class_list":{"0":"post-883","1":"product","2":"type-product","3":"status-publish","4":"has-post-thumbnail","6":"product_cat-sheet_plate","7":"desktop-align-left","8":"tablet-align-left","9":"mobile-align-left","11":"first","12":"instock","13":"shipping-taxable","14":"product-type-simple"},"aioseo_notices":[],"_links":{"self":[{"href":"https:\/\/www.huaruialuminum.com\/de\/wp-json\/wp\/v2\/product\/883","targetHints":{"allow":["GET"]}}],"collection":[{"href":"https:\/\/www.huaruialuminum.com\/de\/wp-json\/wp\/v2\/product"}],"about":[{"href":"https:\/\/www.huaruialuminum.com\/de\/wp-json\/wp\/v2\/types\/product"}],"replies":[{"embeddable":true,"href":"https:\/\/www.huaruialuminum.com\/de\/wp-json\/wp\/v2\/comments?post=883"}],"version-history":[{"count":0,"href":"https:\/\/www.huaruialuminum.com\/de\/wp-json\/wp\/v2\/product\/883\/revisions"}],"wp:featuredmedia":[{"embeddable":true,"href":"https:\/\/www.huaruialuminum.com\/de\/wp-json\/wp\/v2\/media\/890"}],"wp:attachment":[{"href":"https:\/\/www.huaruialuminum.com\/de\/wp-json\/wp\/v2\/media?parent=883"}],"wp:term":[{"taxonomy":"product_brand","embeddable":true,"href":"https:\/\/www.huaruialuminum.com\/de\/wp-json\/wp\/v2\/product_brand?post=883"},{"taxonomy":"product_cat","embeddable":true,"href":"https:\/\/www.huaruialuminum.com\/de\/wp-json\/wp\/v2\/product_cat?post=883"},{"taxonomy":"product_tag","embeddable":true,"href":"https:\/\/www.huaruialuminum.com\/de\/wp-json\/wp\/v2\/product_tag?post=883"}],"curies":[{"name":"wp","href":"https:\/\/api.w.org\/{rel}","templated":true}]}}