{"id":903,"date":"2025-12-11T05:41:39","date_gmt":"2025-12-11T05:41:39","guid":{"rendered":"https:\/\/www.huaruialuminum.com\/?post_type=product&#038;p=903"},"modified":"2025-12-11T05:41:39","modified_gmt":"2025-12-11T05:41:39","slug":"5052-aluminum-sheet","status":"publish","type":"product","link":"https:\/\/www.huaruialuminum.com\/de\/produkt\/5052-aluminum-sheet\/","title":{"rendered":"5052 Aluminum Sheet"},"content":{"rendered":"<p>Alloy 5052 is the represents of 5 Series Aluminum-Magnesium Alloy. The magnesium content is between 2.2-2.8%.<\/p>\n<p>5052 h32 aluminum sheet\u00a0is half hard and temper H32 can allow to make 90 degree bending without cracking.<\/p>\n<p>Anwendung: Schiffbau, Autoinnenblech, Tankwagen, \u00d6ltank, Lagertank, Schiffsanlagen usw.<\/p>\n<p>Aluminium-Lagerhalter: \u00dcber 3.000 Tonnen sind in unserem Lager vorr\u00e4tig und k\u00f6nnen sofort versandt werden.<\/p>\n<p><img fetchpriority=\"high\" decoding=\"async\" class=\"alignnone wp-image-470\" src=\"https:\/\/www.huaruialuminum.com\/wp-content\/uploads\/2025\/02\/5052-aluminum-plate-300x200.jpg\" alt=\"\" width=\"390\" height=\"260\" srcset=\"https:\/\/www.huaruialuminum.com\/wp-content\/uploads\/2025\/02\/5052-aluminum-plate-300x200.jpg 300w, https:\/\/www.huaruialuminum.com\/wp-content\/uploads\/2025\/02\/5052-aluminum-plate-18x12.jpg 18w, https:\/\/www.huaruialuminum.com\/wp-content\/uploads\/2025\/02\/5052-aluminum-plate.jpg 600w\" sizes=\"(max-width: 390px) 100vw, 390px\" \/> \u00a0 <img decoding=\"async\" class=\"alignnone wp-image-568\" src=\"https:\/\/www.huaruialuminum.com\/wp-content\/uploads\/2025\/02\/Aluminum-Sheet-with-PVC-film-300x225.jpg\" alt=\"\" width=\"348\" height=\"261\" srcset=\"https:\/\/www.huaruialuminum.com\/wp-content\/uploads\/2025\/02\/Aluminum-Sheet-with-PVC-film-300x225.jpg 300w, https:\/\/www.huaruialuminum.com\/wp-content\/uploads\/2025\/02\/Aluminum-Sheet-with-PVC-film-16x12.jpg 16w, https:\/\/www.huaruialuminum.com\/wp-content\/uploads\/2025\/02\/Aluminum-Sheet-with-PVC-film.jpg 600w\" sizes=\"(max-width: 348px) 100vw, 348px\" \/><\/p>\n<p>Aluminum sheet 5052 always call this grade be Marine\u00a0grade, because\u00a0it has a very good quality of corrosion resistance, and very good performance of welding, so many customer use this alloy for ship building, like 5052 H32 is always used for small boat building.<\/p>\n<p>Alloy: 5052<\/p>\n<p>Temper: O\/H22\/H32\/H34\/H36\/H38<\/p>\n<p>3mm aluminum sheet, 6mm aluminum sheet;<\/p>\n<p>Oberfl\u00e4che: walzblank, blank, poliert, mit blauen PVC-Folien oder Papiereinlagen;<\/p>\n<p>Mainly market: \u00a0Europe, India, Iran, Pakistan, Thailand, Mexico, USA and so on.<\/p>\n<p><strong><b>Aluminum sheet 5052 <\/b><\/strong><strong><b>Qualit\u00e4t <\/b><\/strong><strong><b>D<\/b><\/strong><strong><b>ata<\/b><\/strong><strong><b>\u00a0Sheet\/<\/b><\/strong><strong><b>Characteristics<\/b><\/strong><strong><b>:<\/b><\/strong><\/p>\n<table>\n<tbody>\n<tr>\n<td width=\"68\"><strong><b>ALLOY<\/b><\/strong><\/td>\n<td width=\"96\"><strong><b>Si<\/b><\/strong><\/td>\n<td width=\"49\"><strong><b>Fe<\/b><\/strong><\/td>\n<td width=\"72\"><strong><b>Cu<\/b><\/strong><\/td>\n<td width=\"51\"><strong><b>Mn<\/b><\/strong><\/td>\n<td width=\"91\"><strong><b>Mg<\/b><\/strong><\/td>\n<td width=\"73\"><strong><b>Cr<\/b><\/strong><\/td>\n<td width=\"81\"><strong><b>Zn<\/b><\/strong><\/td>\n<td width=\"80\"><strong><b>A1<\/b><\/strong><\/td>\n<\/tr>\n<tr>\n<td width=\"68\"><strong><b>5052<\/b><\/strong><\/td>\n<td width=\"96\">0.25<\/td>\n<td width=\"49\">0.40<\/td>\n<td width=\"72\">0.4<\/td>\n<td width=\"51\">0.10<\/td>\n<td width=\"91\">2.2~2.8<\/td>\n<td width=\"73\">0.15~0.35<\/td>\n<td width=\"81\">0.1<\/td>\n<td width=\"80\">Balance<\/td>\n<\/tr>\n<\/tbody>\n<\/table>\n<p>&nbsp;<\/p>\n<p><strong><b>Aluminum Sheet 5052 H32 H34 Mechanical Properties Standard<\/b><\/strong><\/p>\n<table>\n<tbody>\n<tr>\n<td width=\"114\"><strong>Temperament<\/strong><\/td>\n<td width=\"122\"><strong><b>Anti \u2013tensile strength<\/b><\/strong><\/p>\n<p><strong><b>N\/m<\/b><\/strong><strong><b>\u33a1<\/b><\/strong><\/td>\n<td width=\"138\"><strong><b>\u00a0<\/b><\/strong><\/p>\n<p><strong><b>Elongation<\/b><\/strong><strong><b>\u00a0rate<\/b><\/strong><strong><b>\uff08<\/b><\/strong><strong><b>%<\/b><\/strong><strong><b>\uff09<\/b><\/strong><\/td>\n<td width=\"108\"><strong><b>Ma\u00dfkontrolle<\/b><\/strong><\/td>\n<td width=\"150\"><strong><b>Oberfl\u00e4che<\/b><\/strong><\/td>\n<td width=\"140\"><strong><b>H\u00e4rte<\/b><\/strong><\/td>\n<\/tr>\n<tr>\n<td width=\"114\"><strong><b>5052 H32<\/b><\/strong><\/td>\n<td width=\"122\">230Mpa<\/td>\n<td width=\"138\">12<\/td>\n<td width=\"108\">Qualifiziert<\/td>\n<td width=\"150\">Mill finish<\/td>\n<td width=\"140\">\u00a0Above 60HB<\/td>\n<\/tr>\n<tr>\n<td width=\"114\"><strong><b>5052 H34<\/b><\/strong><\/td>\n<td width=\"122\">260Mpa<\/td>\n<td width=\"138\">10<\/td>\n<td width=\"108\">Qualifiziert<\/td>\n<td width=\"150\">Mill finish<\/td>\n<td width=\"140\">\u00a0Above 68HB<\/td>\n<\/tr>\n<\/tbody>\n<\/table>\n<p><strong><b>How to Pack and ship the aluminum sheet 5052?<\/b><\/strong><\/p>\n<ol>\n<li>Verpacken: Starke Holzpalette, mit blauer PVC-Folie oder mit Papierzwischenlage,<\/li>\n<li>Max Gross weight skid 2500KGS;<\/li>\n<li>For 1 x 20FCL can load 20 to 25 Tons max, the same as following pictures.<\/li>\n<li>Surface: mill finish with blue PE films to protect the surface.<\/li>\n<\/ol>\n<p><img decoding=\"async\" class=\"alignnone wp-image-905\" src=\"https:\/\/www.huaruialuminum.com\/wp-content\/uploads\/2025\/12\/7075-aluminum-sheet-300x200.jpg\" alt=\"\" width=\"455\" height=\"304\" srcset=\"https:\/\/www.huaruialuminum.com\/wp-content\/uploads\/2025\/12\/7075-aluminum-sheet-300x200.jpg 300w, https:\/\/www.huaruialuminum.com\/wp-content\/uploads\/2025\/12\/7075-aluminum-sheet-18x12.jpg 18w, https:\/\/www.huaruialuminum.com\/wp-content\/uploads\/2025\/12\/7075-aluminum-sheet.jpg 600w\" sizes=\"(max-width: 455px) 100vw, 455px\" \/> <img loading=\"lazy\" decoding=\"async\" class=\"alignnone wp-image-560\" src=\"https:\/\/www.huaruialuminum.com\/wp-content\/uploads\/2025\/02\/6082Aluminum-Sheet-300x300.jpg\" alt=\"\" width=\"304\" height=\"304\" \/><\/p>\n<p><strong><b>5052 aluminum sheet price per sheet \/ per kgs<\/b><\/strong><\/p>\n<p>Der Preis f\u00fcr Aluminiumbleche \u00e4ndert sich t\u00e4glich und h\u00e4ngt vom Markt ab.<\/p>\n<p>Here is our aluminum sheet price per KG for you:<\/p>\n<table>\n<tbody>\n<tr>\n<td width=\"109\"><strong><b>ALLOY<\/b><\/strong><\/td>\n<td width=\"134\"><strong><b>Dicke <\/b><\/strong><\/td>\n<td width=\"142\"><strong><b>FOB Price<\/b><\/strong><\/p>\n<p><strong><b>USD\/KG<\/b><\/strong><\/td>\n<td width=\"105\"><strong><b>Zeit produzieren<\/b><\/strong><\/td>\n<td width=\"68\"><strong><b>MOQ<\/b><\/strong><\/td>\n<td width=\"141\"><strong><b>Standardgr\u00f6\u00dfe<\/b><\/strong><\/td>\n<td width=\"105\"><strong><b>1 x20FCL<\/b><\/strong><\/td>\n<\/tr>\n<tr>\n<td width=\"109\">5052 H32<\/p>\n<p>5052 H34<\/p>\n<p>5052 \u00a0O<\/td>\n<td width=\"134\">&nbsp;<\/p>\n<p>1mm bis 6mm<\/td>\n<td width=\"142\">&nbsp;<\/p>\n<p>2.36USD\/KG<\/td>\n<td rowspan=\"2\" width=\"105\">&nbsp;<\/p>\n<p>20 Tage<\/td>\n<td rowspan=\"2\" width=\"68\">&nbsp;<\/p>\n<p>3 TONNEN<\/td>\n<td rowspan=\"2\" width=\"141\">&nbsp;<\/p>\n<p>4\u2019\u00a0x 8\u2019<\/td>\n<td rowspan=\"2\" width=\"105\">&nbsp;<\/p>\n<p>25 Tonnen<\/td>\n<\/tr>\n<tr>\n<td width=\"109\">5052 H112<\/td>\n<td width=\"134\">6mm to 300mm<\/td>\n<td width=\"142\">2.44USD\/KGS<\/td>\n<\/tr>\n<\/tbody>\n<\/table>\n<p><strong><b>Aluminium-Block<\/b><\/strong><strong><b>\/ Small Pieces<\/b><\/strong><\/p>\n<p>Our company have the sawing machine and we can cut the aluminum to be small pieces according to customer\u2019s requirement. \u00a0For thin aluminum sheet, we can cut it to be small pieces, like A4 size, 200mm x 300mm.<\/p>\n<p><img loading=\"lazy\" decoding=\"async\" class=\"alignnone size-medium wp-image-906\" src=\"https:\/\/www.huaruialuminum.com\/wp-content\/uploads\/2025\/12\/Aluminum-block-6061-225x300.jpg\" alt=\"\" width=\"225\" height=\"300\" srcset=\"https:\/\/www.huaruialuminum.com\/wp-content\/uploads\/2025\/12\/Aluminum-block-6061-225x300.jpg 225w, https:\/\/www.huaruialuminum.com\/wp-content\/uploads\/2025\/12\/Aluminum-block-6061-9x12.jpg 9w, https:\/\/www.huaruialuminum.com\/wp-content\/uploads\/2025\/12\/Aluminum-block-6061.jpg 600w\" sizes=\"(max-width: 225px) 100vw, 225px\" \/> \u00a0<img loading=\"lazy\" decoding=\"async\" class=\"alignnone size-medium wp-image-907\" src=\"https:\/\/www.huaruialuminum.com\/wp-content\/uploads\/2025\/12\/Aluminum-Cut-sheet-225x300.jpg\" alt=\"\" width=\"225\" height=\"300\" srcset=\"https:\/\/www.huaruialuminum.com\/wp-content\/uploads\/2025\/12\/Aluminum-Cut-sheet-225x300.jpg 225w, https:\/\/www.huaruialuminum.com\/wp-content\/uploads\/2025\/12\/Aluminum-Cut-sheet-768x1024.jpg 768w, https:\/\/www.huaruialuminum.com\/wp-content\/uploads\/2025\/12\/Aluminum-Cut-sheet-9x12.jpg 9w, https:\/\/www.huaruialuminum.com\/wp-content\/uploads\/2025\/12\/Aluminum-Cut-sheet-600x800.jpg 600w, https:\/\/www.huaruialuminum.com\/wp-content\/uploads\/2025\/12\/Aluminum-Cut-sheet.jpg 1080w\" sizes=\"(max-width: 225px) 100vw, 225px\" \/><\/p>\n<p><strong><b>Main application<\/b><\/strong><strong><b>:<\/b><\/strong><\/p>\n<p>ship building, auto inner plate, tank car, oil tank, storage tank, marine facilities etc.<\/p>\n<p><img loading=\"lazy\" decoding=\"async\" class=\"alignnone size-medium wp-image-909\" src=\"https:\/\/www.huaruialuminum.com\/wp-content\/uploads\/2025\/12\/5052-h34-aluminum-sheet-2-300x200.jpg\" alt=\"\" width=\"300\" height=\"200\" srcset=\"https:\/\/www.huaruialuminum.com\/wp-content\/uploads\/2025\/12\/5052-h34-aluminum-sheet-2-300x200.jpg 300w, https:\/\/www.huaruialuminum.com\/wp-content\/uploads\/2025\/12\/5052-h34-aluminum-sheet-2-18x12.jpg 18w, https:\/\/www.huaruialuminum.com\/wp-content\/uploads\/2025\/12\/5052-h34-aluminum-sheet-2.jpg 600w\" sizes=\"(max-width: 300px) 100vw, 300px\" \/> <img loading=\"lazy\" decoding=\"async\" class=\"alignnone size-medium wp-image-908\" src=\"https:\/\/www.huaruialuminum.com\/wp-content\/uploads\/2025\/12\/5052-h32-aluminum-sheet-for-tank-300x200.jpg\" alt=\"\" width=\"300\" height=\"200\" srcset=\"https:\/\/www.huaruialuminum.com\/wp-content\/uploads\/2025\/12\/5052-h32-aluminum-sheet-for-tank-300x200.jpg 300w, https:\/\/www.huaruialuminum.com\/wp-content\/uploads\/2025\/12\/5052-h32-aluminum-sheet-for-tank-18x12.jpg 18w, https:\/\/www.huaruialuminum.com\/wp-content\/uploads\/2025\/12\/5052-h32-aluminum-sheet-for-tank.jpg 600w\" sizes=\"(max-width: 300px) 100vw, 300px\" \/><\/p>\n<p><strong><b>Service nach dem Verkauf:<\/b><\/strong><\/p>\n<p>Qualit\u00e4t\/Menge\/Gewichtsabweichung und Reklamation:<\/p>\n<p>In case the quality and\/or quantity\/weight are found by the Buyer to be not in conformity with the Contract after arrival of the\u00a0goods at the port of destination, the Buyer may lodge claim with the Seller supported by survey report issue by buyer\u2019s end user. We shall within 30 days after receipt of the notification of the claim, pay claim to buyer.<\/p>\n<p>Wir haben nicht nur eine langfristige Zusammenarbeit mit mehr als 600 gro\u00dfen und mittelst\u00e4ndischen Unternehmen in China wie FAW, Sinotruk, Sinopec und Inspur Group aufgebaut, sondern auch 3.000 Partner in der ganzen Welt und exportieren Produkte in mehr als 60 L\u00e4nder und Regionen wie Europa, Amerika, Afrika, den Nahen Osten, S\u00fcdostasien und Australien.<\/p>\n<p><strong><b>FAQ:<\/b><\/strong><\/p>\n<ol>\n<li><strong>What\u2019s the different between 5052 and 6061 aluminum?<\/strong><\/li>\n<\/ol>\n<p>The alloy 5052 and 6061 are much different.<\/p>\n<p>Chemistry composition different: alloy 5052 is the represents of 5 series Aluminum-Magnesium Alloy. The magnesium content is between 2.2-2.8%. Also known as aluminum-magnesium alloy. Alloy 6061 is aluminum-Magnesium-Silicon, it contains more silicon than alloy 5052.<\/p>\n<p>Mechanical Properties: alloy 6061 is medium strength and widely used after the heat treatment. The hardness can be above 95HB, but for alloy 5052, the hardness is only about 60HB.<\/p>\n<p>Surface: For 6061 aluminum, especially after the T6 (heat treatment), the surface always be black surface, while 5052 aluminum surface is much more bright.<\/p>\n<p>&nbsp;<\/p>\n<ol start=\"2\">\n<li><strong>Can you bend 5052 aluminum?<\/strong><\/li>\n<\/ol>\n<p>Yes, 5052 aluminum quality is OK for bending. Especially 5052 h32 aluminum sheet\u00a0is half hard and temper H32 can allow to make 90 degree bending without cracking.<\/p>\n<p><img loading=\"lazy\" decoding=\"async\" class=\"alignnone size-medium wp-image-910\" src=\"https:\/\/www.huaruialuminum.com\/wp-content\/uploads\/2025\/12\/90-bending-300x200.png\" alt=\"\" width=\"300\" height=\"200\" srcset=\"https:\/\/www.huaruialuminum.com\/wp-content\/uploads\/2025\/12\/90-bending-300x200.png 300w, https:\/\/www.huaruialuminum.com\/wp-content\/uploads\/2025\/12\/90-bending-18x12.png 18w, https:\/\/www.huaruialuminum.com\/wp-content\/uploads\/2025\/12\/90-bending.png 600w\" sizes=\"(max-width: 300px) 100vw, 300px\" \/> <img loading=\"lazy\" decoding=\"async\" class=\"alignnone size-medium wp-image-911\" src=\"https:\/\/www.huaruialuminum.com\/wp-content\/uploads\/2025\/12\/Bending-300x200.jpg\" alt=\"\" width=\"300\" height=\"200\" srcset=\"https:\/\/www.huaruialuminum.com\/wp-content\/uploads\/2025\/12\/Bending-300x200.jpg 300w, https:\/\/www.huaruialuminum.com\/wp-content\/uploads\/2025\/12\/Bending-18x12.jpg 18w, https:\/\/www.huaruialuminum.com\/wp-content\/uploads\/2025\/12\/Bending.jpg 600w\" sizes=\"(max-width: 300px) 100vw, 300px\" \/><\/p>\n<p>&nbsp;<\/p>\n<ol start=\"3\">\n<li><strong>How strong is 5052 aluminum?<\/strong><\/li>\n<\/ol>\n<p>Many people maybe think that aluminum always be very soft. But for 5052 aluminum,the hardness can be above 60HB. The tensile strength is over 230Mpa, also can be 90 degree bending without cracking. So it is wildly used for boat, tank use.<\/p>\n<p>&nbsp;<\/p>\n<ol start=\"4\">\n<li><strong>What does a 4&#215;8 sheet of aluminum weight ?<\/strong><\/li>\n<\/ol>\n<p>The density of alloy 5052 is only 2.68. This means the weight of aluminum-magnesium alloy is lower than other series in the same area.\u00a0\u00a0The weight for size 3mm x 4\u2019\u00a0x 8\u2019\u00a0is 24KGS\/PCS.<\/p>\n<p>&nbsp;<\/p>\n<ol start=\"5\">\n<li><strong>Why aluminum sheet 5052 is called marine grade aluminum sheet?<\/strong><\/li>\n<\/ol>\n<p>5 Series Aluminum-Magnesium Alloy\u00a0have the features of aluminium alloy with Mg as the main alloying element. The magnesium content is between 3-5%. Also known as aluminum-magnesium alloy. So it have very good resistance to marine atmospheric corrosion. It is wildly used for boat or ship building.<\/p>\n<p>&nbsp;<\/p>\n<ol start=\"6\">\n<li><strong>Do you produce aluminum sheets for boats?<\/strong><\/li>\n<\/ol>\n<p>Yes, aluminum plate 5052 h32 and h34 is called marine grade aluminum sheet. Many of our client buying aluminum sheets for boats from us, the alloy 5052 H32 is their best choice. The quality is very good for bending, good fatigue and welding.<\/p>","protected":false},"excerpt":{"rendered":"<p>Alloy 5052 is the represents of 5 Series Aluminum-Magnesium Alloy. The magnesium content is between 2.2-2.8%. 5052 h32 aluminum sheet\u00a0is [&hellip;]<\/p>","protected":false},"featured_media":566,"comment_status":"open","ping_status":"closed","template":"","meta":{"postBodyCss":"","postBodyMargin":[],"postBodyPadding":[],"postBodyBackground":{"backgroundType":"classic","gradient":""},"site-sidebar-layout":"default","site-content-layout":"","ast-site-content-layout":"default","site-content-style":"default","site-sidebar-style":"default","ast-global-header-display":"","ast-banner-title-visibility":"","ast-main-header-display":"","ast-hfb-above-header-display":"","ast-hfb-below-header-display":"","ast-hfb-mobile-header-display":"","site-post-title":"","ast-breadcrumbs-content":"","ast-featured-img":"","footer-sml-layout":"","ast-disable-related-posts":"","theme-transparent-header-meta":"default","adv-header-id-meta":"","stick-header-meta":"","header-above-stick-meta":"","header-main-stick-meta":"","header-below-stick-meta":"","astra-migrate-meta-layouts":"set","ast-page-background-enabled":"default","ast-page-background-meta":{"desktop":{"background-color":"var(--ast-global-color-5)","background-image":"","background-repeat":"repeat","background-position":"center center","background-size":"auto","background-attachment":"scroll","background-type":"","background-media":"","overlay-type":"","overlay-color":"","overlay-opacity":"","overlay-gradient":""},"tablet":{"background-color":"","background-image":"","background-repeat":"repeat","background-position":"center center","background-size":"auto","background-attachment":"scroll","background-type":"","background-media":"","overlay-type":"","overlay-color":"","overlay-opacity":"","overlay-gradient":""},"mobile":{"background-color":"","background-image":"","background-repeat":"repeat","background-position":"center center","background-size":"auto","background-attachment":"scroll","background-type":"","background-media":"","overlay-type":"","overlay-color":"","overlay-opacity":"","overlay-gradient":""}},"ast-content-background-meta":{"desktop":{"background-color":"var(--ast-global-color-4)","background-image":"","background-repeat":"repeat","background-position":"center center","background-size":"auto","background-attachment":"scroll","background-type":"","background-media":"","overlay-type":"","overlay-color":"","overlay-opacity":"","overlay-gradient":""},"tablet":{"background-color":"var(--ast-global-color-4)","background-image":"","background-repeat":"repeat","background-position":"center center","background-size":"auto","background-attachment":"scroll","background-type":"","background-media":"","overlay-type":"","overlay-color":"","overlay-opacity":"","overlay-gradient":""},"mobile":{"background-color":"var(--ast-global-color-4)","background-image":"","background-repeat":"repeat","background-position":"center center","background-size":"auto","background-attachment":"scroll","background-type":"","background-media":"","overlay-type":"","overlay-color":"","overlay-opacity":"","overlay-gradient":""}}},"product_brand":[],"product_cat":[25],"product_tag":[],"class_list":{"0":"post-903","1":"product","2":"type-product","3":"status-publish","4":"has-post-thumbnail","6":"product_cat-sheet_plate","7":"desktop-align-left","8":"tablet-align-left","9":"mobile-align-left","11":"first","12":"instock","13":"shipping-taxable","14":"product-type-simple"},"aioseo_notices":[],"_links":{"self":[{"href":"https:\/\/www.huaruialuminum.com\/de\/wp-json\/wp\/v2\/product\/903","targetHints":{"allow":["GET"]}}],"collection":[{"href":"https:\/\/www.huaruialuminum.com\/de\/wp-json\/wp\/v2\/product"}],"about":[{"href":"https:\/\/www.huaruialuminum.com\/de\/wp-json\/wp\/v2\/types\/product"}],"replies":[{"embeddable":true,"href":"https:\/\/www.huaruialuminum.com\/de\/wp-json\/wp\/v2\/comments?post=903"}],"version-history":[{"count":0,"href":"https:\/\/www.huaruialuminum.com\/de\/wp-json\/wp\/v2\/product\/903\/revisions"}],"wp:featuredmedia":[{"embeddable":true,"href":"https:\/\/www.huaruialuminum.com\/de\/wp-json\/wp\/v2\/media\/566"}],"wp:attachment":[{"href":"https:\/\/www.huaruialuminum.com\/de\/wp-json\/wp\/v2\/media?parent=903"}],"wp:term":[{"taxonomy":"product_brand","embeddable":true,"href":"https:\/\/www.huaruialuminum.com\/de\/wp-json\/wp\/v2\/product_brand?post=903"},{"taxonomy":"product_cat","embeddable":true,"href":"https:\/\/www.huaruialuminum.com\/de\/wp-json\/wp\/v2\/product_cat?post=903"},{"taxonomy":"product_tag","embeddable":true,"href":"https:\/\/www.huaruialuminum.com\/de\/wp-json\/wp\/v2\/product_tag?post=903"}],"curies":[{"name":"wp","href":"https:\/\/api.w.org\/{rel}","templated":true}]}}