{"id":912,"date":"2025-12-11T06:04:10","date_gmt":"2025-12-11T06:04:10","guid":{"rendered":"https:\/\/www.huaruialuminum.com\/?post_type=product&#038;p=912"},"modified":"2025-12-11T06:04:10","modified_gmt":"2025-12-11T06:04:10","slug":"1050-aluminum-sheet","status":"publish","type":"product","link":"https:\/\/www.huaruialuminum.com\/de\/produkt\/1050-aluminum-sheet\/","title":{"rendered":"1050 Aluminum Sheet"},"content":{"rendered":"<p>We are professional 1050 aluminum sheet factory in China.<\/p>\n<p>Alloy 1050 belongs to 1 xxx series aluminum which is called pure aluminum sheet. It is made by virgin aluminum ingot, we can guarantee it is 99.5% purity, not made by aluminum scrap.<\/p>\n<p>1050 aluminum sheet mainly temper is O, H12, H14, H16, H18,H24.<\/p>\n<p>The temper H14 and H24 allow to make 90 degree bending without cracking.<\/p>\n<p>Standard size: 1000mm x 2000mm; 4\u2019x8\u2019, 1219mm x 2438mm, 1500mm x 3000mm;<\/p>\n<p>Thickness\u00a0tolerance: +\/-0.02mm, Width &amp; Length\u00a0tolerance: \u00a0-0 \/ +2mm. Diagonal line (+\/- 2mm)<\/p>\n<p><img fetchpriority=\"high\" decoding=\"async\" class=\"alignnone  wp-image-575\" src=\"https:\/\/www.huaruialuminum.com\/wp-content\/uploads\/2025\/02\/5000-series-aluminum-300x200.jpg\" alt=\"\" width=\"452\" height=\"301\" srcset=\"https:\/\/www.huaruialuminum.com\/wp-content\/uploads\/2025\/02\/5000-series-aluminum-300x200.jpg 300w, https:\/\/www.huaruialuminum.com\/wp-content\/uploads\/2025\/02\/5000-series-aluminum-18x12.jpg 18w, https:\/\/www.huaruialuminum.com\/wp-content\/uploads\/2025\/02\/5000-series-aluminum.jpg 600w\" sizes=\"(max-width: 452px) 100vw, 452px\" \/> <img decoding=\"async\" class=\"alignnone size-medium wp-image-535\" src=\"https:\/\/www.huaruialuminum.com\/wp-content\/uploads\/2025\/02\/Alminum-Sheet-1100-H14-225x300.jpg\" alt=\"\" width=\"225\" height=\"300\" srcset=\"https:\/\/www.huaruialuminum.com\/wp-content\/uploads\/2025\/02\/Alminum-Sheet-1100-H14-225x300.jpg 225w, https:\/\/www.huaruialuminum.com\/wp-content\/uploads\/2025\/02\/Alminum-Sheet-1100-H14-768x1024.jpg 768w, https:\/\/www.huaruialuminum.com\/wp-content\/uploads\/2025\/02\/Alminum-Sheet-1100-H14-9x12.jpg 9w, https:\/\/www.huaruialuminum.com\/wp-content\/uploads\/2025\/02\/Alminum-Sheet-1100-H14-600x800.jpg 600w, https:\/\/www.huaruialuminum.com\/wp-content\/uploads\/2025\/02\/Alminum-Sheet-1100-H14.jpg 1080w\" sizes=\"(max-width: 225px) 100vw, 225px\" \/><\/p>\n<p><strong>What&#8217;s the information of <\/strong><strong>1050 <\/strong><strong>aluminum <\/strong><strong>sheet<\/strong><strong>?<\/strong><\/p>\n<p>Alloy Number:\u00a01050,<\/p>\n<p>Temper: O,\u00a0H12,\u00a0H14,\u00a0H16, H18, H24,<\/p>\n<p>Surface treatment: Mill finish, with blue PE films or paper-interleaved<\/p>\n<p>Thickness: 0.2mm\u00a0&#8211; 6mm, 6mm &#8211; 200mm; (DC Material)<\/p>\n<p>Width: 300mm-2600mm; large size aluminum sheet max width 2600mm, max length 11meter;<\/p>\n<p>Packaging: Standard\u00a0seaworthy\u00a0export\u00a0packing\u00a0&#8211; the height of the pallet is 90mm, suitable for unloading with forklift. \u00a0For 1 x 20FCL can load 20 to 25 Tons.<\/p>\n<p>Delivery time: 20 Days<\/p>\n<p>Standard size: 1000mm x 2000mm; 4\u2019x8\u2019, 1219mm x 2438mm, 1500mm x 3000mm<\/p>\n<p><strong>1050 <\/strong><strong>aluminum <\/strong><strong>sheet <\/strong><strong><b>Properties\u00a0<\/b><\/strong><\/p>\n<table>\n<tbody>\n<tr>\n<td colspan=\"11\" width=\"778\">\n<p style=\"text-align: center;\"><strong>Standard: ASTM-B209 ; GB\/T3880-2012, EN485<\/strong><\/p>\n<\/td>\n<\/tr>\n<tr>\n<td colspan=\"11\" width=\"778\">\n<p style=\"text-align: center;\"><strong>Chemistry \u00a0Composition<\/strong><\/p>\n<\/td>\n<\/tr>\n<tr>\n<td width=\"66\">\n<p style=\"text-align: center;\">Legierung<\/p>\n<\/td>\n<td style=\"text-align: center;\" width=\"62\">Si<\/td>\n<td style=\"text-align: center;\" width=\"51\">Fe<\/td>\n<td style=\"text-align: center;\" width=\"97\">Cu<\/td>\n<td style=\"text-align: center;\" width=\"85\">Mn<\/td>\n<td style=\"text-align: center;\" width=\"67\">Mg<\/td>\n<td style=\"text-align: center;\" width=\"49\">Cr<\/td>\n<td style=\"text-align: center;\" width=\"52\">Ni<\/td>\n<td style=\"text-align: center;\" width=\"67\">Zn<\/td>\n<td style=\"text-align: center;\" width=\"62\">Ti<\/td>\n<td style=\"text-align: center;\" width=\"116\">Al<\/td>\n<\/tr>\n<tr>\n<td style=\"text-align: center;\" width=\"66\">1050<\/td>\n<td style=\"text-align: center;\" width=\"62\">0.25<\/td>\n<td style=\"text-align: center;\" width=\"51\">0.4<\/td>\n<td style=\"text-align: center;\" width=\"97\">0.05<\/td>\n<td style=\"text-align: center;\" width=\"85\">0.05<\/td>\n<td style=\"text-align: center;\" width=\"67\">0.05<\/td>\n<td style=\"text-align: center;\" width=\"49\">&nbsp;<\/td>\n<td style=\"text-align: center;\" width=\"52\">&nbsp;<\/td>\n<td style=\"text-align: center;\" width=\"67\">0.05<\/td>\n<td style=\"text-align: center;\" width=\"62\">0.03<\/td>\n<td width=\"116\">\n<p style=\"text-align: center;\">99.5<\/p>\n<\/td>\n<\/tr>\n<\/tbody>\n<\/table>\n<table>\n<tbody>\n<tr>\n<td colspan=\"6\" width=\"775\">\n<p style=\"text-align: center;\"><strong>Mechanical Properties<\/strong><\/p>\n<\/td>\n<\/tr>\n<tr>\n<td width=\"114\"><strong>Temperament<\/strong><\/td>\n<td width=\"122\"><strong><b>Anti \u2013tensile strength<\/b><\/strong><\/p>\n<p><strong><b>N\/m<\/b><\/strong><strong><b>\u33a1<\/b><\/strong><\/td>\n<td width=\"138\"><strong><b>\u00a0<\/b><\/strong><\/p>\n<p><strong><b>Elongation<\/b><\/strong><strong><b>\u00a0rate<\/b><\/strong><strong><b>\uff08<\/b><\/strong><strong><b>%<\/b><\/strong><strong><b>\uff09<\/b><\/strong><\/td>\n<td width=\"108\"><strong><b>Ma\u00dfkontrolle<\/b><\/strong><\/td>\n<td width=\"150\"><strong><b>Oberfl\u00e4che<\/b><\/strong><\/td>\n<td width=\"140\"><strong><b>Verpacken <\/b><\/strong><\/td>\n<\/tr>\n<tr>\n<td width=\"114\"><strong><b>O<\/b><\/strong><\/td>\n<td width=\"122\">78Mpa\u00a0 \u00a0 \u00a0 \u00a0 \u00a0 \u00a0 \u00a0 (8Ksi -12Ksi)<\/td>\n<td width=\"138\">35 (\u00fcber 2,5 Ksi)<\/td>\n<td width=\"108\">Qualifiziert<\/td>\n<td width=\"150\">Qualifiziert<\/td>\n<td width=\"140\">Qualifiziert<\/td>\n<\/tr>\n<tr>\n<td width=\"114\"><strong><b>H12<\/b><\/strong><\/td>\n<td width=\"122\">95Mpa<\/p>\n<p>(11Ksi &#8211; 16Ksi)<\/td>\n<td width=\"138\">18 (\u00fcber 9 Ksi)<\/td>\n<td width=\"108\">Qualifiziert<\/td>\n<td width=\"150\">Qualifiziert<\/td>\n<td width=\"140\">Qualifiziert<\/td>\n<\/tr>\n<tr>\n<td width=\"114\"><strong><b>H14 \/ H24<\/b><\/strong><\/td>\n<td width=\"122\">123Map<\/p>\n<p>(12Ksi &#8211; 17Ksi)<\/td>\n<td width=\"138\">7 (above 9 Ksi)<\/td>\n<td width=\"108\">Qualifiziert<\/td>\n<td width=\"150\">Qualifiziert<\/td>\n<td width=\"140\">Qualifiziert<\/td>\n<\/tr>\n<tr>\n<td width=\"114\"><strong><b>H18<\/b><\/strong><\/td>\n<td width=\"122\">140<\/p>\n<p>(above 16Ksi)<\/td>\n<td width=\"138\">4 (\u00fcber 10Ksi)<\/td>\n<td width=\"108\">Qualifiziert<\/td>\n<td width=\"150\">Qualifiziert<\/td>\n<td width=\"140\">Qualifiziert<\/td>\n<\/tr>\n<\/tbody>\n<\/table>\n<p><strong>1050 H14 aluminum sheet coil application:<\/strong><\/p>\n<p>Since the pure aluminum sheet have good plasticity, conductivity, it is wildly used for cookware, lighting, lamps, road sign, auto part, truck body, PS board, Building Decoration,Distribution Cabinet,Curtain Wall, etc. Pure aluminum sheet is also called food grade aluminum, can be used for producing kitchen utensil.<\/p>\n<p><img decoding=\"async\" class=\"alignnone wp-image-518\" src=\"https:\/\/www.huaruialuminum.com\/wp-content\/uploads\/2025\/02\/1050-aluminum-sheet-application-300x200.jpg\" alt=\"\" width=\"390\" height=\"260\" srcset=\"https:\/\/www.huaruialuminum.com\/wp-content\/uploads\/2025\/02\/1050-aluminum-sheet-application-300x200.jpg 300w, https:\/\/www.huaruialuminum.com\/wp-content\/uploads\/2025\/02\/1050-aluminum-sheet-application-18x12.jpg 18w, https:\/\/www.huaruialuminum.com\/wp-content\/uploads\/2025\/02\/1050-aluminum-sheet-application.jpg 600w\" sizes=\"(max-width: 390px) 100vw, 390px\" \/> <img loading=\"lazy\" decoding=\"async\" class=\"alignnone wp-image-913\" src=\"https:\/\/www.huaruialuminum.com\/wp-content\/uploads\/2025\/12\/Curtain-Wall-300x200.png\" alt=\"\" width=\"390\" height=\"260\" srcset=\"https:\/\/www.huaruialuminum.com\/wp-content\/uploads\/2025\/12\/Curtain-Wall-300x200.png 300w, https:\/\/www.huaruialuminum.com\/wp-content\/uploads\/2025\/12\/Curtain-Wall-18x12.png 18w, https:\/\/www.huaruialuminum.com\/wp-content\/uploads\/2025\/12\/Curtain-Wall.png 600w\" sizes=\"(max-width: 390px) 100vw, 390px\" \/><\/p>\n<p>Aluminum Sheet 1050 surface: mill finish;<\/p>\n<p><strong>1050 aluminum sheet price per sheet \/ per kg<\/strong><\/p>\n<p>Der Preis f\u00fcr Aluminiumbleche \u00e4ndert sich t\u00e4glich und h\u00e4ngt vom Markt ab.<\/p>\n<p>Here is our aluminum sheet price per KG for you:<\/p>\n<table>\n<tbody>\n<tr>\n<td width=\"120\"><strong><b>ALLOY<\/b><\/strong><\/td>\n<td width=\"142\"><strong><b>Dicke<\/b><\/strong><\/td>\n<td width=\"132\"><strong><b>FOB Price<\/b><\/strong><\/p>\n<p><strong><b>USD\/KGS<\/b><\/strong><\/td>\n<td width=\"96\"><strong><b>Zeit produzieren<\/b><\/strong><\/td>\n<td width=\"68\"><strong><b>MOQ<\/b><\/strong><\/td>\n<td width=\"141\"><strong><b>Standardgr\u00f6\u00dfe<\/b><\/strong><\/td>\n<td width=\"105\"><strong><b>1 x20FCL<\/b><\/strong><\/td>\n<\/tr>\n<tr>\n<td width=\"120\">1050 H14\/O<\/p>\n<p>1060 H24\/O<\/p>\n<p>1100 \u00a0H24\/O<\/td>\n<td width=\"142\">1mm to 8mm<\/p>\n<p>( CC Material)<\/td>\n<td width=\"132\">&nbsp;<\/p>\n<p>2,20USD\/KGS<\/td>\n<td rowspan=\"3\" width=\"96\">&nbsp;<\/p>\n<p>&nbsp;<\/p>\n<p>&nbsp;<\/p>\n<p>20 Tage<\/td>\n<td rowspan=\"3\" width=\"68\">&nbsp;<\/p>\n<p>&nbsp;<\/p>\n<p>&nbsp;<\/p>\n<p>3 TONNEN<\/td>\n<td rowspan=\"3\" width=\"141\">&nbsp;<\/p>\n<p>&nbsp;<\/p>\n<p>&nbsp;<\/p>\n<p>4\u2019\u00a0x 8\u2019<\/td>\n<td rowspan=\"3\" width=\"105\">&nbsp;<\/p>\n<p>&nbsp;<\/p>\n<p>&nbsp;<\/p>\n<p>25 Tonnen<\/td>\n<\/tr>\n<tr>\n<td width=\"120\">1050 H14\/O<\/p>\n<p>1060 H24\/O<\/p>\n<p>1100 \u00a0H24\/O<\/td>\n<td width=\"142\">1mm to 8mm<\/p>\n<p>( DC Material)<\/td>\n<td width=\"132\">&nbsp;<\/p>\n<p>2.39USD\/KGS<\/td>\n<\/tr>\n<tr>\n<td width=\"120\">1050 H112<\/td>\n<td width=\"142\">6mm to 300mm<\/p>\n<p>( DC Material)<\/td>\n<td width=\"132\">&nbsp;<\/p>\n<p>2.39USD\/KGS<\/td>\n<\/tr>\n<\/tbody>\n<\/table>\n<p><strong>Aluminum Sheet 1050 H14 Packing and Loading: For 1 x 20FCL can load 20 to 25 Tons<\/strong><\/p>\n<p><img loading=\"lazy\" decoding=\"async\" class=\"alignnone  wp-image-850\" src=\"https:\/\/www.huaruialuminum.com\/wp-content\/uploads\/2025\/12\/6061-t6-aluminum-plate-300x200.jpg\" alt=\"\" width=\"386\" height=\"257\" srcset=\"https:\/\/www.huaruialuminum.com\/wp-content\/uploads\/2025\/12\/6061-t6-aluminum-plate-300x200.jpg 300w, https:\/\/www.huaruialuminum.com\/wp-content\/uploads\/2025\/12\/6061-t6-aluminum-plate-18x12.jpg 18w, https:\/\/www.huaruialuminum.com\/wp-content\/uploads\/2025\/12\/6061-t6-aluminum-plate.jpg 600w\" sizes=\"(max-width: 386px) 100vw, 386px\" \/> <img loading=\"lazy\" decoding=\"async\" class=\"alignnone wp-image-560\" src=\"https:\/\/www.huaruialuminum.com\/wp-content\/uploads\/2025\/02\/6082Aluminum-Sheet-300x300.jpg\" alt=\"\" width=\"260\" height=\"260\" \/><\/p>\n<p><strong><b>FAQ<\/b><\/strong><\/p>\n<ol>\n<li><b><\/b><strong><b>Does alloy 1050 aluminum sheet belongs to 1xxx series aluminum sheet?<\/b><\/strong><\/li>\n<\/ol>\n<p>For 1xxx series aluminum are aade of fresh aluminum ingot, Also called pure aluminum. Because the al purity is up to 99%-99.7%. The density is 2.71, 1\/3 of that of iron. For alloy 1050 is 99.5%, it belongs to 1xxx aluminum.<\/p>\n<p><strong><b>\u00a0<\/b><\/strong><\/p>\n<ol start=\"2\">\n<li><b><\/b><strong><b>What are the features of 1000 series aluminum?<\/b><\/strong><\/li>\n<\/ol>\n<p>Light and softest,Great plasticity, anti-corrosion, elongation, conductivity, insulation, acoustic absorption, reflection and fine surface looking.<\/p>\n<p>Hardness: O \uff1c H12 \uff1c H14 \uff1c \u00a0H16 \uff1c H18<\/p>\n<p>Elongation: O \uff1e H12 \uff1e H14 \uff1e \u00a0H16 \uff1eH18 (the softer the higher)<\/p>\n<p>Conductivity: O \uff1e H12 \uff1e H14 \uff1e \u00a0H16 \uff1eH18(the softer the higher)<\/p>\n<p>&nbsp;<\/p>\n<ol start=\"3\">\n<li><b><\/b><strong><b>Classifications and applications:<\/b><\/strong><\/li>\n<\/ol>\n<p>1000 series aluminum sheet \/ plate \/ coil \/ tape \/ checker plate \/ diamond plate \/ circles<\/p>\n<p>&nbsp;<\/p>\n<ol start=\"4\">\n<li><b><\/b><strong><b>Do you produce aluminum <\/b><\/strong><strong><b>curtain wall<\/b><\/strong><strong><b>?<\/b><\/strong><\/li>\n<\/ol>\n<p>Our aluminum sheet 1050,1100,3003 is wildly used for curtain wall. The thickness always be 2mm thickness aluminum sheet, 3mm aluminum sheet. Our aluminum sheet is mill finish surface but customer always make the powder coated aluminum sheet themself, color coated and anodized aluminum sheet.<\/p>\n<p>&nbsp;<\/p>\n<ol start=\"5\">\n<li><b><\/b><strong><b>What<\/b><\/strong><strong><b>\u2019<\/b><\/strong><strong><b>s the different between h<\/b><\/strong><strong><b>14 and h24? \u00a0h14 vs h24<\/b><\/strong><\/li>\n<\/ol>\n<p>H for work-hardened state. \u00a0H14 represents: no heat treatment, but only work hardening to give the material a tensile strength intermediate between 0 (annealed) and 8 (hard state), i.e., the mean value; H24 in the H said processing hardening state, H24 said control hardness and other physical properties of the processing process, this is semi-hard state.<\/p>\n<p>&nbsp;<\/p>\n<ol start=\"6\">\n<li><b><\/b><strong><b>What<\/b><\/strong><strong><b>\u2019<\/b><\/strong><strong><b>s the <\/b><\/strong><strong><b>Dimensional Tolerances<\/b><\/strong><strong><b>of aluminum plate 1050 ?<\/b><\/strong><\/li>\n<\/ol>\n<p>It includes tolerance of thickness, width, length, diagonal line and flatness. If any above aspects exceed the standard value, it will affect the finished products rate and pass rate.<\/p>\n<p>A: Thickness: 0.2mm to 3mm, tolerance: +\/-0.02mm (If any special requirement, +\/-0.01mm)<\/p>\n<p>B: Width &amp; Lenght tolerance: \u00a0-0 \/ +2mm;<\/p>\n<p>C: Diagonal line (+\/- 2mm)<\/p>\n<p>&nbsp;<\/p>\n<ol start=\"7\">\n<li><b><\/b><strong><b>Which aluminum alloy is the cheapest?<\/b><\/strong><\/li>\n<\/ol>\n<p>Compared with steel, the aluminum price per KG is much higher. The alloy 1050 is called pure aluminum and is the most wildly used alloy number for aluminum. Since it can be produced with fresh aluminum ingot directly, the production process is simple, so the 1050 aluminum alloy is the cheapest one.<\/p>","protected":false},"excerpt":{"rendered":"<p>We are professional 1050 aluminum sheet factory in China. Alloy 1050 belongs to 1 xxx series aluminum which is called [&hellip;]<\/p>","protected":false},"featured_media":574,"comment_status":"open","ping_status":"closed","template":"","meta":{"postBodyCss":"","postBodyMargin":[],"postBodyPadding":[],"postBodyBackground":{"backgroundType":"classic","gradient":""},"site-sidebar-layout":"default","site-content-layout":"","ast-site-content-layout":"default","site-content-style":"default","site-sidebar-style":"default","ast-global-header-display":"","ast-banner-title-visibility":"","ast-main-header-display":"","ast-hfb-above-header-display":"","ast-hfb-below-header-display":"","ast-hfb-mobile-header-display":"","site-post-title":"","ast-breadcrumbs-content":"","ast-featured-img":"","footer-sml-layout":"","ast-disable-related-posts":"","theme-transparent-header-meta":"default","adv-header-id-meta":"","stick-header-meta":"","header-above-stick-meta":"","header-main-stick-meta":"","header-below-stick-meta":"","astra-migrate-meta-layouts":"set","ast-page-background-enabled":"default","ast-page-background-meta":{"desktop":{"background-color":"var(--ast-global-color-5)","background-image":"","background-repeat":"repeat","background-position":"center center","background-size":"auto","background-attachment":"scroll","background-type":"","background-media":"","overlay-type":"","overlay-color":"","overlay-opacity":"","overlay-gradient":""},"tablet":{"background-color":"","background-image":"","background-repeat":"repeat","background-position":"center center","background-size":"auto","background-attachment":"scroll","background-type":"","background-media":"","overlay-type":"","overlay-color":"","overlay-opacity":"","overlay-gradient":""},"mobile":{"background-color":"","background-image":"","background-repeat":"repeat","background-position":"center center","background-size":"auto","background-attachment":"scroll","background-type":"","background-media":"","overlay-type":"","overlay-color":"","overlay-opacity":"","overlay-gradient":""}},"ast-content-background-meta":{"desktop":{"background-color":"var(--ast-global-color-4)","background-image":"","background-repeat":"repeat","background-position":"center center","background-size":"auto","background-attachment":"scroll","background-type":"","background-media":"","overlay-type":"","overlay-color":"","overlay-opacity":"","overlay-gradient":""},"tablet":{"background-color":"var(--ast-global-color-4)","background-image":"","background-repeat":"repeat","background-position":"center center","background-size":"auto","background-attachment":"scroll","background-type":"","background-media":"","overlay-type":"","overlay-color":"","overlay-opacity":"","overlay-gradient":""},"mobile":{"background-color":"var(--ast-global-color-4)","background-image":"","background-repeat":"repeat","background-position":"center center","background-size":"auto","background-attachment":"scroll","background-type":"","background-media":"","overlay-type":"","overlay-color":"","overlay-opacity":"","overlay-gradient":""}}},"product_brand":[],"product_cat":[25],"product_tag":[],"class_list":{"0":"post-912","1":"product","2":"type-product","3":"status-publish","4":"has-post-thumbnail","6":"product_cat-sheet_plate","7":"desktop-align-left","8":"tablet-align-left","9":"mobile-align-left","11":"first","12":"instock","13":"shipping-taxable","14":"product-type-simple"},"aioseo_notices":[],"_links":{"self":[{"href":"https:\/\/www.huaruialuminum.com\/de\/wp-json\/wp\/v2\/product\/912","targetHints":{"allow":["GET"]}}],"collection":[{"href":"https:\/\/www.huaruialuminum.com\/de\/wp-json\/wp\/v2\/product"}],"about":[{"href":"https:\/\/www.huaruialuminum.com\/de\/wp-json\/wp\/v2\/types\/product"}],"replies":[{"embeddable":true,"href":"https:\/\/www.huaruialuminum.com\/de\/wp-json\/wp\/v2\/comments?post=912"}],"version-history":[{"count":0,"href":"https:\/\/www.huaruialuminum.com\/de\/wp-json\/wp\/v2\/product\/912\/revisions"}],"wp:featuredmedia":[{"embeddable":true,"href":"https:\/\/www.huaruialuminum.com\/de\/wp-json\/wp\/v2\/media\/574"}],"wp:attachment":[{"href":"https:\/\/www.huaruialuminum.com\/de\/wp-json\/wp\/v2\/media?parent=912"}],"wp:term":[{"taxonomy":"product_brand","embeddable":true,"href":"https:\/\/www.huaruialuminum.com\/de\/wp-json\/wp\/v2\/product_brand?post=912"},{"taxonomy":"product_cat","embeddable":true,"href":"https:\/\/www.huaruialuminum.com\/de\/wp-json\/wp\/v2\/product_cat?post=912"},{"taxonomy":"product_tag","embeddable":true,"href":"https:\/\/www.huaruialuminum.com\/de\/wp-json\/wp\/v2\/product_tag?post=912"}],"curies":[{"name":"wp","href":"https:\/\/api.w.org\/{rel}","templated":true}]}}