{"id":1248,"date":"2025-12-12T06:06:27","date_gmt":"2025-12-12T06:06:27","guid":{"rendered":"https:\/\/www.huaruialuminum.com\/?post_type=product&#038;p=1248"},"modified":"2025-12-12T06:06:28","modified_gmt":"2025-12-12T06:06:28","slug":"1100-aluminum-sheet","status":"publish","type":"product","link":"https:\/\/www.huaruialuminum.com\/es\/producto\/1100-aluminum-sheet\/","title":{"rendered":"1100 Aluminum Sheet"},"content":{"rendered":"<p><strong><b>1100 Aluminum Sheet<\/b><\/strong><\/p>\n<p>El 1100 es uno de los n\u00fameros de aleaci\u00f3n con mayor contenido de aluminio entre todas las series. La pureza puede alcanzar m\u00e1s del 99,00%. Dado que no contiene otros elementos met\u00e1licos, es un proceso de producci\u00f3n \u00fanico y relativamente barato. Esto hace que sea la serie m\u00e1s utilizada en la industria convencional. Tiene conductividad, buena conductividad t\u00e9rmica, que es muy bueno y s\u00f3lo despu\u00e9s de la plata, el cobre y el oro. Baja densidad: La densidad del aluminio puro es de 2,71KG\/M3. cerca de 35% de hierro.<\/p>\n<p><img fetchpriority=\"high\" decoding=\"async\" class=\"alignnone wp-image-1053\" src=\"https:\/\/www.huaruialuminum.com\/wp-content\/uploads\/2025\/12\/aircraft-grade-aluminum-sheet-2-300x200.jpg\" alt=\"\" width=\"390\" height=\"260\" srcset=\"https:\/\/www.huaruialuminum.com\/wp-content\/uploads\/2025\/12\/aircraft-grade-aluminum-sheet-2-300x200.jpg 300w, https:\/\/www.huaruialuminum.com\/wp-content\/uploads\/2025\/12\/aircraft-grade-aluminum-sheet-2-18x12.jpg 18w, https:\/\/www.huaruialuminum.com\/wp-content\/uploads\/2025\/12\/aircraft-grade-aluminum-sheet-2.jpg 600w\" sizes=\"(max-width: 390px) 100vw, 390px\" \/>\u00a0 \u00a0<img decoding=\"async\" class=\"alignnone wp-image-1006\" src=\"https:\/\/www.huaruialuminum.com\/wp-content\/uploads\/2025\/12\/5000-series-aluminum-2-1-300x200.jpg\" alt=\"\" width=\"390\" height=\"260\" srcset=\"https:\/\/www.huaruialuminum.com\/wp-content\/uploads\/2025\/12\/5000-series-aluminum-2-1-300x200.jpg 300w, https:\/\/www.huaruialuminum.com\/wp-content\/uploads\/2025\/12\/5000-series-aluminum-2-1-18x12.jpg 18w, https:\/\/www.huaruialuminum.com\/wp-content\/uploads\/2025\/12\/5000-series-aluminum-2-1.jpg 600w\" sizes=\"(max-width: 390px) 100vw, 390px\" \/><\/p>\n<p>Alloy Number:\u00a01100<\/p>\n<p>Temper: O, H14, H24, H26, H18,<\/p>\n<p>Tratamiento superficial: Acabado de fresado, l\u00e1minas de PVC azul por un lado, l\u00e1minas de PVC azul por ambos lados, papel intercalado<\/p>\n<p>Espesor: 0,2 mm- 100 mm<\/p>\n<p>Width: 500mm\u00a0to 2600mm<\/p>\n<p>Longitud m\u00e1xima: 11,8 metros o ser bobina, si en forma de bobina, nuestro ID es 508mm, OD m\u00e1ximo: 1600mm;<\/p>\n<p>Embalaje: Embalaje de exportaci\u00f3n mar\u00edtimo est\u00e1ndar<\/p>\n<p>Plazo de entrega: 15 d\u00edas<\/p>\n<p>Payment: T\/T,\u00a0L\/C at sight, D\/P 30 Days;<\/p>\n<p>Stock Size: 1000MM, 12500MM, 1500MM, 4\u2019\u2019 x 8\u2019\u2019<\/p>\n<p><img decoding=\"async\" class=\"alignnone wp-image-1035\" src=\"https:\/\/www.huaruialuminum.com\/wp-content\/uploads\/2025\/12\/6061-t6-aluminum-plate-1-300x200.jpg\" alt=\"\" width=\"390\" height=\"260\" srcset=\"https:\/\/www.huaruialuminum.com\/wp-content\/uploads\/2025\/12\/6061-t6-aluminum-plate-1-300x200.jpg 300w, https:\/\/www.huaruialuminum.com\/wp-content\/uploads\/2025\/12\/6061-t6-aluminum-plate-1-18x12.jpg 18w, https:\/\/www.huaruialuminum.com\/wp-content\/uploads\/2025\/12\/6061-t6-aluminum-plate-1.jpg 600w\" sizes=\"(max-width: 390px) 100vw, 390px\" \/>\u00a0 <img loading=\"lazy\" decoding=\"async\" class=\"alignnone wp-image-1012\" src=\"https:\/\/www.huaruialuminum.com\/wp-content\/uploads\/2025\/12\/5052-h34-aluminum-sheet-3-300x200.jpg\" alt=\"\" width=\"390\" height=\"260\" srcset=\"https:\/\/www.huaruialuminum.com\/wp-content\/uploads\/2025\/12\/5052-h34-aluminum-sheet-3-300x200.jpg 300w, https:\/\/www.huaruialuminum.com\/wp-content\/uploads\/2025\/12\/5052-h34-aluminum-sheet-3-18x12.jpg 18w, https:\/\/www.huaruialuminum.com\/wp-content\/uploads\/2025\/12\/5052-h34-aluminum-sheet-3.jpg 600w\" sizes=\"(max-width: 390px) 100vw, 390px\" \/><\/p>\n<p><strong><b>Chemistry Composition &amp; Mechanical Properties &amp; features: <\/b><\/strong><\/p>\n<table>\n<tbody>\n<tr>\n<td colspan=\"11\" width=\"778\">\n<p style=\"text-align: center;\"><strong>Standard: ASTM-B209 ; GB\/T3880-2012, EN485<\/strong><\/p>\n<\/td>\n<\/tr>\n<tr>\n<td colspan=\"11\" width=\"778\">\n<p style=\"text-align: center;\"><strong>Chemistry \u00a0Composition<\/strong><\/p>\n<\/td>\n<\/tr>\n<tr>\n<td width=\"66\">\n<p style=\"text-align: center;\"><strong>Aleaci\u00f3n<\/strong><\/p>\n<\/td>\n<td style=\"text-align: center;\" width=\"62\"><strong>Si<\/strong><\/td>\n<td style=\"text-align: center;\" width=\"51\"><strong>Fe<\/strong><\/td>\n<td style=\"text-align: center;\" width=\"97\"><strong>Cu<\/strong><\/td>\n<td style=\"text-align: center;\" width=\"85\"><strong>Mn<\/strong><\/td>\n<td style=\"text-align: center;\" width=\"67\"><strong>Mg<\/strong><\/td>\n<td style=\"text-align: center;\" width=\"49\"><strong>Cr<\/strong><\/td>\n<td style=\"text-align: center;\" width=\"52\"><strong>Ni<\/strong><\/td>\n<td style=\"text-align: center;\" width=\"67\"><strong>Zn<\/strong><\/td>\n<td style=\"text-align: center;\" width=\"62\"><strong>Ti<\/strong><\/td>\n<td width=\"116\">\n<p style=\"text-align: center;\"><strong>Al<\/strong><\/p>\n<\/td>\n<\/tr>\n<tr>\n<td width=\"66\"><strong><b>1100<\/b><\/strong><\/td>\n<td colspan=\"2\" width=\"113\"><strong><b>0.95<\/b><\/strong><\/td>\n<td width=\"97\"><strong><b>0.05-0.2<\/b><\/strong><\/td>\n<td width=\"85\"><strong><b>0.05<\/b><\/strong><\/td>\n<td width=\"67\"><strong><b>\u00a0<\/b><\/strong><\/td>\n<td width=\"49\"><strong><b>\u00a0<\/b><\/strong><\/td>\n<td width=\"52\"><strong><b>\u00a0<\/b><\/strong><\/td>\n<td width=\"67\"><strong><b>0.1<\/b><\/strong><\/td>\n<td width=\"62\"><strong><b>\u00a0<\/b><\/strong><\/td>\n<td width=\"116\"><strong><b>99.0<\/b><\/strong><\/td>\n<\/tr>\n<tr>\n<td width=\"66\">1200<\/td>\n<td colspan=\"2\" width=\"113\">1.0<\/td>\n<td width=\"97\">0.05<\/td>\n<td width=\"85\">0.05<\/td>\n<td width=\"67\">&nbsp;<\/td>\n<td width=\"49\">&nbsp;<\/td>\n<td width=\"52\">&nbsp;<\/td>\n<td width=\"67\">0.1<\/td>\n<td width=\"62\">0.05<\/td>\n<td width=\"116\">99.0<\/td>\n<\/tr>\n<\/tbody>\n<\/table>\n<p><strong> <img loading=\"lazy\" decoding=\"async\" class=\"alignnone wp-image-1249\" src=\"https:\/\/www.huaruialuminum.com\/wp-content\/uploads\/2025\/12\/1100-Mechanical-Properties-230x300.png\" alt=\"\" width=\"800\" height=\"1041\" srcset=\"https:\/\/www.huaruialuminum.com\/wp-content\/uploads\/2025\/12\/1100-Mechanical-Properties-230x300.png 230w, https:\/\/www.huaruialuminum.com\/wp-content\/uploads\/2025\/12\/1100-Mechanical-Properties-9x12.png 9w, https:\/\/www.huaruialuminum.com\/wp-content\/uploads\/2025\/12\/1100-Mechanical-Properties.png 527w\" sizes=\"(max-width: 800px) 100vw, 800px\" \/><\/strong><\/p>\n<p><strong>\u00a0<\/strong><\/p>\n<p><strong><b>Application and usage<\/b><\/strong><strong><b>:\u00a0<\/b><\/strong><\/p>\n<p>-Equipos qu\u00edmicos, materiales conductores, equipos qu\u00edmicos, instrumentos, se\u00f1ales de tr\u00e1fico, placas de matr\u00edcula de veh\u00edculos de motor, utensilios de cocina, materiales de decoraci\u00f3n de edificios, ferreter\u00eda y utensilios de cocina, piezas de m\u00e1quinas;<\/p>\n<p><img loading=\"lazy\" decoding=\"async\" class=\"alignnone wp-image-518\" src=\"https:\/\/www.huaruialuminum.com\/wp-content\/uploads\/2025\/02\/1050-aluminum-sheet-application-300x200.jpg\" alt=\"\" width=\"800\" height=\"533\" srcset=\"https:\/\/www.huaruialuminum.com\/wp-content\/uploads\/2025\/02\/1050-aluminum-sheet-application-300x200.jpg 300w, https:\/\/www.huaruialuminum.com\/wp-content\/uploads\/2025\/02\/1050-aluminum-sheet-application-18x12.jpg 18w, https:\/\/www.huaruialuminum.com\/wp-content\/uploads\/2025\/02\/1050-aluminum-sheet-application.jpg 600w\" sizes=\"(max-width: 800px) 100vw, 800px\" \/><\/p>\n<p><strong><b>1100 aluminum sheet price per sheet \/ per kg<\/b><\/strong><\/p>\n<p>El precio de la chapa de aluminio cambia todos los d\u00edas y depende del mercado.<\/p>\n<p>Here is our aluminum sheet price per KG for you:<\/p>\n<table>\n<tbody>\n<tr>\n<td width=\"120\"><strong><b>ALLOY<\/b><\/strong><\/td>\n<td width=\"142\"><strong><b>Espesor<\/b><\/strong><\/td>\n<td width=\"132\"><strong><b>FOB Price<\/b><\/strong><\/p>\n<p><strong><b>USD\/KG<\/b><\/strong><\/td>\n<td width=\"96\"><strong><b>Tiempo de producci\u00f3n<\/b><\/strong><\/td>\n<td width=\"68\"><strong><b>MOQ<\/b><\/strong><\/td>\n<td width=\"141\"><strong><b>Tama\u00f1o est\u00e1ndar<\/b><\/strong><\/td>\n<td width=\"105\"><strong><b>1 x20FCL<\/b><\/strong><\/td>\n<\/tr>\n<tr>\n<td width=\"120\">1100 \u00a0H24\/O<\/td>\n<td width=\"142\">1mm to 8mm<\/p>\n<p>( CC Material)<\/td>\n<td width=\"132\">2.20USD\/KG<\/td>\n<td rowspan=\"3\" width=\"96\">&nbsp;<\/p>\n<p>&nbsp;<\/p>\n<p>20 d\u00edas<\/td>\n<td rowspan=\"3\" width=\"68\">&nbsp;<\/p>\n<p>&nbsp;<\/p>\n<p>3 TONELADAS<\/td>\n<td rowspan=\"3\" width=\"141\">&nbsp;<\/p>\n<p>&nbsp;<\/p>\n<p>4\u2019\u00a0x 8\u2019<\/td>\n<td rowspan=\"3\" width=\"105\">&nbsp;<\/p>\n<p>&nbsp;<\/p>\n<p>25 toneladas<\/td>\n<\/tr>\n<tr>\n<td width=\"120\">1100 \u00a0H24\/O<\/td>\n<td width=\"142\">1mm to 8mm<\/p>\n<p>( DC Material)<\/td>\n<td width=\"132\">2.39USD\/KG<\/td>\n<\/tr>\n<tr>\n<td width=\"120\">1100 H112<\/td>\n<td width=\"142\">De 6 mm a 300 mm<\/p>\n<p>( DC Material)<\/td>\n<td width=\"132\">2.39USD\/KG<\/td>\n<\/tr>\n<\/tbody>\n<\/table>\n<p>&nbsp;<\/p>\n<p><strong>\u00a0<\/strong><\/p>\n<p><strong><b>1100 H24 ALUMINUM SHEET PACKING AND LOADING:<\/b><\/strong><\/p>\n<p><strong><b>\u00a0<\/b><\/strong><\/p>\n<p>Los embalajes marinos deben protegerse de la humedad.<\/p>\n<p>Envase para evitar toda contaminaci\u00f3n por humedad<\/p>\n<p>Los Heat# deben registrarse en todos los paquetes<\/p>\n<p>No mezclar calores dentro de los haces<\/p>\n<p>Paquete de tallas individuales por separado<\/p>\n<p>2-3 mils medium tack clear or clear blue pvc one side.<\/p>\n<p>Calidad cr\u00edtica de la superficie: no se aceptan salpicaduras, marcas de picaduras, soldaduras ni manchas;<\/p>\n<p><img loading=\"lazy\" decoding=\"async\" class=\"alignnone wp-image-1020\" src=\"https:\/\/www.huaruialuminum.com\/wp-content\/uploads\/2025\/12\/5454-0-aluminum-sheet-300x200.jpg\" alt=\"\" width=\"390\" height=\"260\" srcset=\"https:\/\/www.huaruialuminum.com\/wp-content\/uploads\/2025\/12\/5454-0-aluminum-sheet-300x200.jpg 300w, https:\/\/www.huaruialuminum.com\/wp-content\/uploads\/2025\/12\/5454-0-aluminum-sheet-18x12.jpg 18w, https:\/\/www.huaruialuminum.com\/wp-content\/uploads\/2025\/12\/5454-0-aluminum-sheet.jpg 600w\" sizes=\"(max-width: 390px) 100vw, 390px\" \/>\u00a0 <img loading=\"lazy\" decoding=\"async\" class=\"alignnone wp-image-1002\" src=\"https:\/\/www.huaruialuminum.com\/wp-content\/uploads\/2025\/12\/3003-h14-aluminum-sheet-2-300x200.jpg\" alt=\"\" width=\"390\" height=\"260\" srcset=\"https:\/\/www.huaruialuminum.com\/wp-content\/uploads\/2025\/12\/3003-h14-aluminum-sheet-2-300x200.jpg 300w, https:\/\/www.huaruialuminum.com\/wp-content\/uploads\/2025\/12\/3003-h14-aluminum-sheet-2-18x12.jpg 18w, https:\/\/www.huaruialuminum.com\/wp-content\/uploads\/2025\/12\/3003-h14-aluminum-sheet-2.jpg 600w\" sizes=\"(max-width: 390px) 100vw, 390px\" \/><\/p>","protected":false},"excerpt":{"rendered":"<p>1100 Aluminum Sheet The 1100 is one of the alloy number with the most aluminum content among all series. The [&hellip;]<\/p>","protected":false},"featured_media":985,"comment_status":"open","ping_status":"closed","template":"","meta":{"postBodyCss":"","postBodyMargin":[],"postBodyPadding":[],"postBodyBackground":{"backgroundType":"classic","gradient":""},"site-sidebar-layout":"default","site-content-layout":"","ast-site-content-layout":"default","site-content-style":"default","site-sidebar-style":"default","ast-global-header-display":"","ast-banner-title-visibility":"","ast-main-header-display":"","ast-hfb-above-header-display":"","ast-hfb-below-header-display":"","ast-hfb-mobile-header-display":"","site-post-title":"","ast-breadcrumbs-content":"","ast-featured-img":"","footer-sml-layout":"","ast-disable-related-posts":"","theme-transparent-header-meta":"default","adv-header-id-meta":"","stick-header-meta":"","header-above-stick-meta":"","header-main-stick-meta":"","header-below-stick-meta":"","astra-migrate-meta-layouts":"set","ast-page-background-enabled":"default","ast-page-background-meta":{"desktop":{"background-color":"var(--ast-global-color-5)","background-image":"","background-repeat":"repeat","background-position":"center center","background-size":"auto","background-attachment":"scroll","background-type":"","background-media":"","overlay-type":"","overlay-color":"","overlay-opacity":"","overlay-gradient":""},"tablet":{"background-color":"","background-image":"","background-repeat":"repeat","background-position":"center center","background-size":"auto","background-attachment":"scroll","background-type":"","background-media":"","overlay-type":"","overlay-color":"","overlay-opacity":"","overlay-gradient":""},"mobile":{"background-color":"","background-image":"","background-repeat":"repeat","background-position":"center center","background-size":"auto","background-attachment":"scroll","background-type":"","background-media":"","overlay-type":"","overlay-color":"","overlay-opacity":"","overlay-gradient":""}},"ast-content-background-meta":{"desktop":{"background-color":"var(--ast-global-color-4)","background-image":"","background-repeat":"repeat","background-position":"center center","background-size":"auto","background-attachment":"scroll","background-type":"","background-media":"","overlay-type":"","overlay-color":"","overlay-opacity":"","overlay-gradient":""},"tablet":{"background-color":"var(--ast-global-color-4)","background-image":"","background-repeat":"repeat","background-position":"center center","background-size":"auto","background-attachment":"scroll","background-type":"","background-media":"","overlay-type":"","overlay-color":"","overlay-opacity":"","overlay-gradient":""},"mobile":{"background-color":"var(--ast-global-color-4)","background-image":"","background-repeat":"repeat","background-position":"center center","background-size":"auto","background-attachment":"scroll","background-type":"","background-media":"","overlay-type":"","overlay-color":"","overlay-opacity":"","overlay-gradient":""}}},"product_brand":[],"product_cat":[25],"product_tag":[],"class_list":{"0":"post-1248","1":"product","2":"type-product","3":"status-publish","4":"has-post-thumbnail","6":"product_cat-sheet_plate","7":"desktop-align-left","8":"tablet-align-left","9":"mobile-align-left","11":"first","12":"instock","13":"shipping-taxable","14":"product-type-simple"},"aioseo_notices":[],"_links":{"self":[{"href":"https:\/\/www.huaruialuminum.com\/es\/wp-json\/wp\/v2\/product\/1248","targetHints":{"allow":["GET"]}}],"collection":[{"href":"https:\/\/www.huaruialuminum.com\/es\/wp-json\/wp\/v2\/product"}],"about":[{"href":"https:\/\/www.huaruialuminum.com\/es\/wp-json\/wp\/v2\/types\/product"}],"replies":[{"embeddable":true,"href":"https:\/\/www.huaruialuminum.com\/es\/wp-json\/wp\/v2\/comments?post=1248"}],"version-history":[{"count":0,"href":"https:\/\/www.huaruialuminum.com\/es\/wp-json\/wp\/v2\/product\/1248\/revisions"}],"wp:featuredmedia":[{"embeddable":true,"href":"https:\/\/www.huaruialuminum.com\/es\/wp-json\/wp\/v2\/media\/985"}],"wp:attachment":[{"href":"https:\/\/www.huaruialuminum.com\/es\/wp-json\/wp\/v2\/media?parent=1248"}],"wp:term":[{"taxonomy":"product_brand","embeddable":true,"href":"https:\/\/www.huaruialuminum.com\/es\/wp-json\/wp\/v2\/product_brand?post=1248"},{"taxonomy":"product_cat","embeddable":true,"href":"https:\/\/www.huaruialuminum.com\/es\/wp-json\/wp\/v2\/product_cat?post=1248"},{"taxonomy":"product_tag","embeddable":true,"href":"https:\/\/www.huaruialuminum.com\/es\/wp-json\/wp\/v2\/product_tag?post=1248"}],"curies":[{"name":"wp","href":"https:\/\/api.w.org\/{rel}","templated":true}]}}