{"id":1250,"date":"2025-12-12T06:24:54","date_gmt":"2025-12-12T06:24:54","guid":{"rendered":"https:\/\/www.huaruialuminum.com\/?post_type=product&#038;p=1250"},"modified":"2025-12-12T06:24:54","modified_gmt":"2025-12-12T06:24:54","slug":"3003-h14-aluminum-sheet","status":"publish","type":"product","link":"https:\/\/www.huaruialuminum.com\/es\/producto\/3003-h14-aluminum-sheet\/","title":{"rendered":"3003 H14 Aluminum Sheet"},"content":{"rendered":"<p><strong><b>3003 H14 Aluminum Sheet<\/b><\/strong><\/p>\n<p>La l\u00e1mina de aluminio 3003 es una aleaci\u00f3n de aluminio-manganeso, tambi\u00e9n llamada placa de aluminio anti-herrumbre, adem\u00e1s de la aleaci\u00f3n 3003, tambi\u00e9n existen las aleaciones 3004 y 3A21. Adem\u00e1s de la aleaci\u00f3n 3003, tambi\u00e9n hay aleaci\u00f3n 3004 y 3A21. La mayor\u00eda de los clientes de \u00c1frica importan bobinas de aluminio recubierto de color de China y toda la aleaci\u00f3n es 3003.<\/p>\n<p><img fetchpriority=\"high\" decoding=\"async\" class=\"alignnone wp-image-922\" src=\"https:\/\/www.huaruialuminum.com\/wp-content\/uploads\/2025\/12\/Aluminum-Sheet10-300x169.png\" alt=\"\" width=\"426\" height=\"240\" srcset=\"https:\/\/www.huaruialuminum.com\/wp-content\/uploads\/2025\/12\/Aluminum-Sheet10-300x169.png 300w, https:\/\/www.huaruialuminum.com\/wp-content\/uploads\/2025\/12\/Aluminum-Sheet10-1024x576.png 1024w, https:\/\/www.huaruialuminum.com\/wp-content\/uploads\/2025\/12\/Aluminum-Sheet10-768x432.png 768w, https:\/\/www.huaruialuminum.com\/wp-content\/uploads\/2025\/12\/Aluminum-Sheet10-1536x864.png 1536w, https:\/\/www.huaruialuminum.com\/wp-content\/uploads\/2025\/12\/Aluminum-Sheet10-18x10.png 18w, https:\/\/www.huaruialuminum.com\/wp-content\/uploads\/2025\/12\/Aluminum-Sheet10-600x338.png 600w, https:\/\/www.huaruialuminum.com\/wp-content\/uploads\/2025\/12\/Aluminum-Sheet10.png 1596w\" sizes=\"(max-width: 426px) 100vw, 426px\" \/>\u00a0 <img decoding=\"async\" class=\"alignnone wp-image-885\" src=\"https:\/\/www.huaruialuminum.com\/wp-content\/uploads\/2025\/12\/2.5mm-aluminum-sheet.jpg\" alt=\"\" width=\"353\" height=\"235\" srcset=\"https:\/\/www.huaruialuminum.com\/wp-content\/uploads\/2025\/12\/2.5mm-aluminum-sheet.jpg 600w, https:\/\/www.huaruialuminum.com\/wp-content\/uploads\/2025\/12\/2.5mm-aluminum-sheet-300x200.jpg 300w, https:\/\/www.huaruialuminum.com\/wp-content\/uploads\/2025\/12\/2.5mm-aluminum-sheet-18x12.jpg 18w\" sizes=\"(max-width: 353px) 100vw, 353px\" \/><\/p>\n<p>Caracter\u00edsticas.<\/p>\n<p>\u2460 3003 aluminum alloy with Mn as the main alloying element, which cannot be reinforced by heat treatment.<\/p>\n<p>\u2461 good plasticity, good welding performance. But corrosion resistance is slightly stronger than alloy 1050. It belongs to medium strength aluminum alloy.<\/p>\n<p>\u2462There are two way of annealing temperature. One is low temperature annealing which require only temperature 260-360\u2103, another is high temperature annealing which require at least 370-490\u2103.<\/p>\n<p>&nbsp;<\/p>\n<p><strong><b>Allo<\/b><\/strong><strong><b>y <\/b><\/strong><strong><b>Number:<\/b><\/strong><strong><b>\u00a03003<\/b><\/strong><\/p>\n<p>Temper: O,\u00a0H12, H14, H24, H16, H26, H18,<\/p>\n<p>Surface treatment: \u00a0Critical surface quality: No chatter, no Pitt marks, no weld, no stains accepted; blue PVC films or paper-interleaved;<\/p>\n<p>Espesor: 1,0 mm- 150 mm<\/p>\n<p>Width:\u00a020mm\u00a0to 2700mm<\/p>\n<p>Longitud m\u00e1xima: 11,5 metros o ser bobina,<\/p>\n<p>Embalaje: Embalaje de exportaci\u00f3n mar\u00edtimo est\u00e1ndar, paleta de madera de fumigaci\u00f3n.<\/p>\n<p>Plazo de entrega: 30 d\u00edas<\/p>\n<p>Forma de pago: T\/T, L\/C a la vista<\/p>\n<p>&nbsp;<\/p>\n<p><strong><b>Chapa de aluminio 3003 Composici\u00f3n qu\u00edmica y propiedades mec\u00e1nicas y caracter\u00edsticas:<\/b><\/strong><\/p>\n<table>\n<tbody>\n<tr>\n<td colspan=\"12\" width=\"765\"><strong><b>Chemistry \u00a0Composition<\/b><\/strong><strong><b>\u00a0%<\/b><\/strong><\/td>\n<\/tr>\n<tr>\n<td width=\"120\"><strong><b>Elemento<\/b><\/strong><\/td>\n<td width=\"82\"><strong><b>Si<\/b><\/strong><\/td>\n<td width=\"37\"><strong><b>Fe<\/b><\/strong><\/td>\n<td width=\"113\"><strong><b>Cu<\/b><\/strong><\/td>\n<td colspan=\"2\" width=\"77\"><strong><b>Mn<\/b><\/strong><\/td>\n<td width=\"53\"><strong><b>Mg<\/b><\/strong><\/td>\n<td width=\"41\"><strong><b>Cr<\/b><\/strong><\/td>\n<td colspan=\"2\" width=\"44\"><strong><b>Ti<\/b><\/strong><\/td>\n<td width=\"93\"><strong><b>Zn<\/b><\/strong><\/td>\n<td width=\"102\"><strong><b>Al<\/b><\/strong><\/td>\n<\/tr>\n<tr>\n<td width=\"120\">Valor est\u00e1ndar<\/td>\n<td width=\"82\">0.6<\/td>\n<td width=\"37\">0.7<\/td>\n<td width=\"113\">0.05~0.20<\/td>\n<td colspan=\"2\" width=\"77\">1.0~ 1.5<\/td>\n<td width=\"53\">&#8212;<\/td>\n<td width=\"41\">&#8212;<\/td>\n<td colspan=\"2\" width=\"44\">&#8212;-<\/td>\n<td width=\"93\">0.10<\/td>\n<td width=\"102\">resto<\/td>\n<\/tr>\n<tr>\n<td width=\"120\">Valor real<\/td>\n<td width=\"82\"><strong>0.6<\/strong><\/td>\n<td width=\"37\"><strong>0.7<\/strong><\/td>\n<td width=\"113\"><strong>0.10<\/strong><\/td>\n<td colspan=\"2\" width=\"77\"><strong>1.13<\/strong><\/td>\n<td width=\"53\"><strong>&#8212;<\/strong><\/td>\n<td width=\"41\"><strong>&#8212;<\/strong><\/td>\n<td colspan=\"2\" width=\"44\"><strong>&#8212;<\/strong><\/td>\n<td width=\"93\"><strong>0.<\/strong><strong>10<\/strong><\/td>\n<td width=\"102\"><strong>resto<\/strong><\/td>\n<\/tr>\n<tr>\n<td colspan=\"12\" width=\"765\"><strong><b>Mechanical Properties<\/b><\/strong><\/td>\n<\/tr>\n<tr>\n<td colspan=\"2\" width=\"202\"><strong>Rm\/Mpa<\/strong><\/p>\n<p>Anti \u2013tensile strength<\/p>\n<p>N\/m\u33a1<\/td>\n<td colspan=\"3\" width=\"186\">Stretch rate\uff08%\uff09<\/p>\n<p>&nbsp;<\/td>\n<td colspan=\"4\" width=\"167\">Control de dimensiones<\/td>\n<td colspan=\"3\" width=\"208\">Superficie<\/td>\n<\/tr>\n<tr>\n<td colspan=\"2\" width=\"202\">Standard Value&gt;195<\/td>\n<td colspan=\"3\" width=\"186\">Standard Value\u22651<\/td>\n<td colspan=\"4\" width=\"167\">Cualificado<\/td>\n<td colspan=\"3\" width=\"208\">Cualificado<\/td>\n<\/tr>\n<tr>\n<td colspan=\"2\" width=\"202\">Actual Value:210<\/td>\n<td colspan=\"3\" width=\"186\">Actual Value:2<\/td>\n<td colspan=\"4\" width=\"167\">Cualificado<\/td>\n<td colspan=\"3\" width=\"208\">Cualificado<\/td>\n<\/tr>\n<\/tbody>\n<\/table>\n<h2><strong><b>Aluminum sheet plate <\/b><\/strong><strong><b>3003 H1<\/b><\/strong><strong><b>4 application and usage:<\/b><\/strong><strong><b>\u00a0<\/b><\/strong><\/h2>\n<p>-Uso: Se utiliza principalmente para trabajos con requisitos de resistencia ligeramente superiores a los de la serie 1, como dep\u00f3sitos a presi\u00f3n, dep\u00f3sitos de almacenamiento, material de conservaci\u00f3n del calor, piezas mec\u00e1nicas, dep\u00f3sitos de combustible de autom\u00f3viles y aviones, etc. Se utiliza en aire acondicionado, frigor\u00edfico, autom\u00f3vil y avi\u00f3n. Aplicaciones convencionales en aire acondicionado, frigor\u00edficos, debajo del coche y otros ambientes h\u00famedos, el precio es superior a la serie 1 x x x x, es una serie de aleaci\u00f3n m\u00e1s utilizada.<\/p>\n<p>&nbsp;<\/p>\n<p><strong><b>3003 aluminum sheet price per sheet \/ per kg<\/b><\/strong><\/p>\n<p>El precio de la chapa de aluminio cambia todos los d\u00edas y depende del mercado.<\/p>\n<p>Here is our aluminum sheet price per KG for you:<\/p>\n<table>\n<tbody>\n<tr>\n<td width=\"109\"><strong><b>ALLOY<\/b><\/strong><\/td>\n<td width=\"134\"><strong><b>Espesor <\/b><\/strong><\/td>\n<td width=\"142\"><strong><b>FOB Price<\/b><\/strong><\/p>\n<p><strong><b>USD\/KGS<\/b><\/strong><\/td>\n<td width=\"105\"><strong><b>Tiempo de producci\u00f3n<\/b><\/strong><\/td>\n<td width=\"68\"><strong><b>MOQ<\/b><\/strong><\/td>\n<td width=\"141\"><strong><b>Tama\u00f1o est\u00e1ndar<\/b><\/strong><\/td>\n<td width=\"105\"><strong><b>1 x20FCL<\/b><\/strong><\/td>\n<\/tr>\n<tr>\n<td width=\"109\">3003 H24<\/p>\n<p>3003 H14<\/td>\n<td width=\"134\">De 1 mm a 6 mm<\/td>\n<td width=\"142\">2.25USD\/KG<\/td>\n<td rowspan=\"2\" width=\"105\">15 d\u00edas<\/td>\n<td rowspan=\"2\" width=\"68\">6 TONELADAS<\/td>\n<td rowspan=\"2\" width=\"141\">4\u2019\u00a0x 8\u2019<\/p>\n<p>1220 x 2440 mm<\/td>\n<td rowspan=\"2\" width=\"105\">22 toneladas<\/td>\n<\/tr>\n<tr>\n<td width=\"109\">3003 H112<\/td>\n<td width=\"134\">De 6 mm a 300 mm<\/td>\n<td width=\"142\">2.45USD\/KG<\/td>\n<\/tr>\n<\/tbody>\n<\/table>\n<p>&nbsp;<\/p>\n<p><strong><b>Placa de rodadura de aluminio <\/b><\/strong><strong><b>3003 H14<\/b><\/strong><\/p>\n<p>Since Aluminum alloy 3003 is named anti-rust aluminum and much more stronger than alloy 1050, it is also wildly used for producing aluminum tread plate, aluminum checkered plate 5 bars, aluminum diamond plate. \u00a0Refrigeration floor, Truck floor, \u00a0flooring, stairs, indoor and outdoor decoration<\/p>\n<p><img decoding=\"async\" class=\"alignnone wp-image-1251\" src=\"https:\/\/www.huaruialuminum.com\/wp-content\/uploads\/2025\/12\/Aluminum-tread-plate-3003-300x219.png\" alt=\"\" width=\"800\" height=\"584\" srcset=\"https:\/\/www.huaruialuminum.com\/wp-content\/uploads\/2025\/12\/Aluminum-tread-plate-3003-300x219.png 300w, https:\/\/www.huaruialuminum.com\/wp-content\/uploads\/2025\/12\/Aluminum-tread-plate-3003-768x561.png 768w, https:\/\/www.huaruialuminum.com\/wp-content\/uploads\/2025\/12\/Aluminum-tread-plate-3003-16x12.png 16w, https:\/\/www.huaruialuminum.com\/wp-content\/uploads\/2025\/12\/Aluminum-tread-plate-3003-600x438.png 600w, https:\/\/www.huaruialuminum.com\/wp-content\/uploads\/2025\/12\/Aluminum-tread-plate-3003.png 961w\" sizes=\"(max-width: 800px) 100vw, 800px\" \/><\/p>\n<p><strong><b>Cubierta de aluminio CORRUGATED chapa\/bobina 3003 <\/b><\/strong><\/p>\n<p>La aleaci\u00f3n de aluminio 3003 h14 o h16 tambi\u00e9n se puede utilizar para techos despu\u00e9s del recubrimiento de color.<\/p>\n<p><img loading=\"lazy\" decoding=\"async\" class=\"alignnone wp-image-1252\" src=\"https:\/\/www.huaruialuminum.com\/wp-content\/uploads\/2025\/12\/Aluminum-roofing-CORRUGATED-sheet-300x57.png\" alt=\"\" width=\"800\" height=\"152\" srcset=\"https:\/\/www.huaruialuminum.com\/wp-content\/uploads\/2025\/12\/Aluminum-roofing-CORRUGATED-sheet-300x57.png 300w, https:\/\/www.huaruialuminum.com\/wp-content\/uploads\/2025\/12\/Aluminum-roofing-CORRUGATED-sheet-1024x194.png 1024w, https:\/\/www.huaruialuminum.com\/wp-content\/uploads\/2025\/12\/Aluminum-roofing-CORRUGATED-sheet-768x146.png 768w, https:\/\/www.huaruialuminum.com\/wp-content\/uploads\/2025\/12\/Aluminum-roofing-CORRUGATED-sheet-18x3.png 18w, https:\/\/www.huaruialuminum.com\/wp-content\/uploads\/2025\/12\/Aluminum-roofing-CORRUGATED-sheet-600x114.png 600w, https:\/\/www.huaruialuminum.com\/wp-content\/uploads\/2025\/12\/Aluminum-roofing-CORRUGATED-sheet.png 1160w\" sizes=\"(max-width: 800px) 100vw, 800px\" \/><\/p>\n<p>&nbsp;<\/p>\n<p><strong><b>CHAPA DE ALUMINIO 3003 EMBALAJE Y CARGA:<\/b><\/strong><\/p>\n<p>&nbsp;<\/p>\n<p>La placa de aluminio es Seaworthy paquetes para proteger de la humedad, evitar toda la humedad Contaminaci\u00f3n. Heat# grabado en todos los paquetes, no mezclar los calores dentro de los paquetes, Bundle tama\u00f1os individuales por separado. Tambi\u00e9n pondremos 2-3 mil\u00e9simas de pulgada de PVC azul transparente o transparente por un lado. Calidad cr\u00edtica de la superficie: No se aceptan vibraciones, marcas Pitt, soldaduras ni manchas.<\/p>\n<p><img loading=\"lazy\" decoding=\"async\" class=\"alignnone wp-image-1094\" src=\"https:\/\/www.huaruialuminum.com\/wp-content\/uploads\/2025\/12\/China-aluminum-sheet-factory-300x200.jpg\" alt=\"\" width=\"800\" height=\"533\" srcset=\"https:\/\/www.huaruialuminum.com\/wp-content\/uploads\/2025\/12\/China-aluminum-sheet-factory-300x200.jpg 300w, https:\/\/www.huaruialuminum.com\/wp-content\/uploads\/2025\/12\/China-aluminum-sheet-factory-18x12.jpg 18w, https:\/\/www.huaruialuminum.com\/wp-content\/uploads\/2025\/12\/China-aluminum-sheet-factory.jpg 600w\" sizes=\"(max-width: 800px) 100vw, 800px\" \/><\/p>","protected":false},"excerpt":{"rendered":"<p>3003 H14 Aluminum Sheet 3003 aluminum sheet is aluminium-manganese alloy, it is also called anti-rust aluminum plate.Beside alloy 3003, there [&hellip;]<\/p>","protected":false},"featured_media":1086,"comment_status":"open","ping_status":"closed","template":"","meta":{"postBodyCss":"","postBodyMargin":[],"postBodyPadding":[],"postBodyBackground":{"backgroundType":"classic","gradient":""},"site-sidebar-layout":"default","site-content-layout":"","ast-site-content-layout":"default","site-content-style":"default","site-sidebar-style":"default","ast-global-header-display":"","ast-banner-title-visibility":"","ast-main-header-display":"","ast-hfb-above-header-display":"","ast-hfb-below-header-display":"","ast-hfb-mobile-header-display":"","site-post-title":"","ast-breadcrumbs-content":"","ast-featured-img":"","footer-sml-layout":"","ast-disable-related-posts":"","theme-transparent-header-meta":"default","adv-header-id-meta":"","stick-header-meta":"","header-above-stick-meta":"","header-main-stick-meta":"","header-below-stick-meta":"","astra-migrate-meta-layouts":"set","ast-page-background-enabled":"default","ast-page-background-meta":{"desktop":{"background-color":"var(--ast-global-color-5)","background-image":"","background-repeat":"repeat","background-position":"center center","background-size":"auto","background-attachment":"scroll","background-type":"","background-media":"","overlay-type":"","overlay-color":"","overlay-opacity":"","overlay-gradient":""},"tablet":{"background-color":"","background-image":"","background-repeat":"repeat","background-position":"center center","background-size":"auto","background-attachment":"scroll","background-type":"","background-media":"","overlay-type":"","overlay-color":"","overlay-opacity":"","overlay-gradient":""},"mobile":{"background-color":"","background-image":"","background-repeat":"repeat","background-position":"center center","background-size":"auto","background-attachment":"scroll","background-type":"","background-media":"","overlay-type":"","overlay-color":"","overlay-opacity":"","overlay-gradient":""}},"ast-content-background-meta":{"desktop":{"background-color":"var(--ast-global-color-4)","background-image":"","background-repeat":"repeat","background-position":"center center","background-size":"auto","background-attachment":"scroll","background-type":"","background-media":"","overlay-type":"","overlay-color":"","overlay-opacity":"","overlay-gradient":""},"tablet":{"background-color":"var(--ast-global-color-4)","background-image":"","background-repeat":"repeat","background-position":"center center","background-size":"auto","background-attachment":"scroll","background-type":"","background-media":"","overlay-type":"","overlay-color":"","overlay-opacity":"","overlay-gradient":""},"mobile":{"background-color":"var(--ast-global-color-4)","background-image":"","background-repeat":"repeat","background-position":"center center","background-size":"auto","background-attachment":"scroll","background-type":"","background-media":"","overlay-type":"","overlay-color":"","overlay-opacity":"","overlay-gradient":""}}},"product_brand":[],"product_cat":[25],"product_tag":[],"class_list":{"0":"post-1250","1":"product","2":"type-product","3":"status-publish","4":"has-post-thumbnail","6":"product_cat-sheet_plate","7":"desktop-align-left","8":"tablet-align-left","9":"mobile-align-left","11":"first","12":"instock","13":"shipping-taxable","14":"product-type-simple"},"aioseo_notices":[],"_links":{"self":[{"href":"https:\/\/www.huaruialuminum.com\/es\/wp-json\/wp\/v2\/product\/1250","targetHints":{"allow":["GET"]}}],"collection":[{"href":"https:\/\/www.huaruialuminum.com\/es\/wp-json\/wp\/v2\/product"}],"about":[{"href":"https:\/\/www.huaruialuminum.com\/es\/wp-json\/wp\/v2\/types\/product"}],"replies":[{"embeddable":true,"href":"https:\/\/www.huaruialuminum.com\/es\/wp-json\/wp\/v2\/comments?post=1250"}],"version-history":[{"count":1,"href":"https:\/\/www.huaruialuminum.com\/es\/wp-json\/wp\/v2\/product\/1250\/revisions"}],"predecessor-version":[{"id":1253,"href":"https:\/\/www.huaruialuminum.com\/es\/wp-json\/wp\/v2\/product\/1250\/revisions\/1253"}],"wp:featuredmedia":[{"embeddable":true,"href":"https:\/\/www.huaruialuminum.com\/es\/wp-json\/wp\/v2\/media\/1086"}],"wp:attachment":[{"href":"https:\/\/www.huaruialuminum.com\/es\/wp-json\/wp\/v2\/media?parent=1250"}],"wp:term":[{"taxonomy":"product_brand","embeddable":true,"href":"https:\/\/www.huaruialuminum.com\/es\/wp-json\/wp\/v2\/product_brand?post=1250"},{"taxonomy":"product_cat","embeddable":true,"href":"https:\/\/www.huaruialuminum.com\/es\/wp-json\/wp\/v2\/product_cat?post=1250"},{"taxonomy":"product_tag","embeddable":true,"href":"https:\/\/www.huaruialuminum.com\/es\/wp-json\/wp\/v2\/product_tag?post=1250"}],"curies":[{"name":"wp","href":"https:\/\/api.w.org\/{rel}","templated":true}]}}