{"id":1260,"date":"2025-12-12T06:58:22","date_gmt":"2025-12-12T06:58:22","guid":{"rendered":"https:\/\/www.huaruialuminum.com\/?post_type=product&#038;p=1260"},"modified":"2025-12-12T06:58:22","modified_gmt":"2025-12-12T06:58:22","slug":"6000-series-aluminum-alloy-sheet","status":"publish","type":"product","link":"https:\/\/www.huaruialuminum.com\/es\/producto\/6000-series-aluminum-alloy-sheet\/","title":{"rendered":"6000 Series Aluminum Alloy Sheet"},"content":{"rendered":"<p><strong><b>6000 Series Aluminum Alloy Sheet<\/b><\/strong><\/p>\n<p>What\u2019s the information of 6000 series aluminum alloy?<\/p>\n<p>6xxx\u00a0series aluminum alloy combines the advantages of both 4xxx series and 5xxx series and apply to high corrosion resistance, welding and anodizing. It is easy to be coated and performs well in heat tinting and machinability. In addition, it is of medium strength and widely used after the heat treatment.<\/p>\n<ol>\n<li>We are professional aluminum sheet factoryin Jinan,\u00a0Shandong Province,<\/li>\n<li>Our 6000 series aluminum alloy is 6061\/6063\/6082.<\/li>\n<li>Temper: T4\/T6\/T651\/T351\/T5 , The hardness is above 95HB,<\/li>\n<li>Main application: Aircraft aluminum, industry molding, automatic mechanic component, carrying vessels and semi-conductor device components.<\/li>\n<li>Over 2,000Tons ready stock ; 1500 x 3000mm, 1250 x 2500mm &amp; 1220 x 2440mm.<\/li>\n<\/ol>\n<p><img fetchpriority=\"high\" decoding=\"async\" class=\"alignnone wp-image-1039\" src=\"https:\/\/www.huaruialuminum.com\/wp-content\/uploads\/2025\/12\/6061-t651-aluminum-plate-1-300x200.jpg\" alt=\"\" width=\"390\" height=\"260\" srcset=\"https:\/\/www.huaruialuminum.com\/wp-content\/uploads\/2025\/12\/6061-t651-aluminum-plate-1-300x200.jpg 300w, https:\/\/www.huaruialuminum.com\/wp-content\/uploads\/2025\/12\/6061-t651-aluminum-plate-1-18x12.jpg 18w, https:\/\/www.huaruialuminum.com\/wp-content\/uploads\/2025\/12\/6061-t651-aluminum-plate-1.jpg 600w\" sizes=\"(max-width: 390px) 100vw, 390px\" \/> <img decoding=\"async\" class=\"alignnone wp-image-1033\" src=\"https:\/\/www.huaruialuminum.com\/wp-content\/uploads\/2025\/12\/6061-aluminum-sheet-2-300x200.jpg\" alt=\"\" width=\"390\" height=\"260\" srcset=\"https:\/\/www.huaruialuminum.com\/wp-content\/uploads\/2025\/12\/6061-aluminum-sheet-2-300x200.jpg 300w, https:\/\/www.huaruialuminum.com\/wp-content\/uploads\/2025\/12\/6061-aluminum-sheet-2-18x12.jpg 18w, https:\/\/www.huaruialuminum.com\/wp-content\/uploads\/2025\/12\/6061-aluminum-sheet-2.jpg 600w\" sizes=\"(max-width: 390px) 100vw, 390px\" \/><\/p>\n<p>Aluminum sheet 6061 T6 \/ T651<\/p>\n<p>Aluminum sheet 6082 T6 \/ T651<\/p>\n<p>Aluminum sheet 6063 T6 \/ T651<\/p>\n<p>Alloy: 6061\u00a0\/\u00a06063\u00a0\/\u00a06082\u00a0\/\u00a06005<\/p>\n<p>Temper: O\u00a0\/\u00a0T4\u00a0\/\u00a0T6\u00a0\/\u00a0T651\u00a0\/\u00a0T351\u00a0\/\u00a0T5<\/p>\n<p>Produce to ASTM B209\u00a0or GB\/T3880, EN485 standard; IS standard;<\/p>\n<p>Tama\u00f1o est\u00e1ndar: 4 x 8; 1219 x 2438 mm, 1250 x 2500 mm, 1500 mm x 3000 mm;<\/p>\n<p>Superficie: acabado fresado, sin pulir, pulido, superficie negra, superficie brillante,<\/p>\n<p>Trabajamos con HE20 (65032 India, EE.UU. 6061, ISO A1-Mg-1SiCu) HE9 (63400 India, EE.UU. 6063, ISO A1-Mg-Si, HE30 (64430 India, EE.UU. 6351, ISO A1-Si-1Mg) y HE11 (64423 India, EE.UU. 6066). Nuestras placas de aluminio, placas de aleaci\u00f3n de aluminio, placas de aleaci\u00f3n de aluminio son muy apreciadas por su mejor calidad.<\/p>\n<p><strong><b>6xxx series aluminum <\/b><\/strong><strong><b>Quality <\/b><\/strong><strong><b>D<\/b><\/strong><strong><b>ata<\/b><\/strong><strong><b>\u00a0Sheet:<\/b><\/strong><\/p>\n<table style=\"height: 319px;\" width=\"880\">\n<tbody>\n<tr>\n<td colspan=\"13\" width=\"826\"><strong><b>Chemistry \u00a0Composition<\/b><\/strong><strong><b>\u00a0<\/b><\/strong><strong><b>\/%<\/b><\/strong><\/td>\n<\/tr>\n<tr>\n<td width=\"68\"><strong><b>ALLOY<\/b><\/strong><\/td>\n<td width=\"96\"><strong><b>Si<\/b><\/strong><\/td>\n<td width=\"49\"><strong><b>Fe<\/b><\/strong><\/td>\n<td width=\"72\"><strong><b>Cu<\/b><\/strong><\/td>\n<td width=\"82\"><strong><b>Mn<\/b><\/strong><\/td>\n<td width=\"82\"><strong><b>Mg<\/b><\/strong><\/td>\n<td width=\"84\"><strong><b>Cr<\/b><\/strong><\/td>\n<td width=\"37\"><strong><b>Ni<\/b><\/strong><\/td>\n<td width=\"49\"><strong><b>Zn<\/b><\/strong><\/td>\n<td width=\"34\"><strong><b>\u00a0<\/b><\/strong><\/td>\n<td width=\"46\"><strong><b>Ti<\/b><\/strong><\/td>\n<td width=\"45\"><strong><b>Zr<\/b><\/strong><\/td>\n<td width=\"80\"><strong><b>A1<\/b><\/strong><\/td>\n<\/tr>\n<tr>\n<td width=\"68\"><strong><b>6061<\/b><\/strong><\/td>\n<td width=\"96\">0.40~0.8<\/td>\n<td width=\"49\">0.7<\/td>\n<td width=\"72\">0.15~0.40<\/td>\n<td width=\"82\">0.15<\/td>\n<td width=\"82\">0.8~1.2<\/td>\n<td width=\"84\">0.04~0.35<\/td>\n<td width=\"37\">-<\/td>\n<td width=\"49\">0.25<\/td>\n<td width=\"34\">-<\/td>\n<td width=\"46\">0.15<\/td>\n<td width=\"45\">-<\/td>\n<td width=\"80\">Balance<\/td>\n<\/tr>\n<tr>\n<td width=\"68\"><strong><b>6063<\/b><\/strong><\/td>\n<td width=\"96\">0.20~0.6<\/td>\n<td width=\"49\">0.35<\/td>\n<td width=\"72\">0.1<\/td>\n<td width=\"82\">0.1<\/td>\n<td width=\"82\">0.45~0.9<\/td>\n<td width=\"84\">0.1<\/td>\n<td width=\"37\">-<\/td>\n<td width=\"49\">0.1<\/td>\n<td width=\"34\">-<\/td>\n<td width=\"46\">0.1<\/td>\n<td width=\"45\">-<\/td>\n<td width=\"80\">Balance<\/td>\n<\/tr>\n<tr>\n<td width=\"68\"><strong><b>6082<\/b><\/strong><\/td>\n<td width=\"96\">0.7~1.3<\/td>\n<td width=\"49\">0.5<\/td>\n<td width=\"72\">0.1<\/td>\n<td width=\"82\">0.40~1.0<\/td>\n<td width=\"82\">0.6~1.2<\/td>\n<td width=\"84\">0.25<\/td>\n<td width=\"37\">-<\/td>\n<td width=\"49\">0.2<\/td>\n<td width=\"34\"><em>-<\/em><\/td>\n<td width=\"46\">0.1<\/td>\n<td width=\"45\">-<\/td>\n<td width=\"80\">Balance<\/td>\n<\/tr>\n<\/tbody>\n<\/table>\n<p>&nbsp;<\/p>\n<p><strong><b>Aluminio serie 6000 <\/b><\/strong><strong><b>Mechanical Properties Standard<\/b><\/strong><\/p>\n<table>\n<tbody>\n<tr>\n<td width=\"114\">\n<p style=\"text-align: left;\"><strong>Temple<\/strong><\/p>\n<\/td>\n<td style=\"text-align: left;\" width=\"122\"><strong><b>Anti \u2013tensile strength<\/b><\/strong><\/p>\n<p><strong><b>N\/m<\/b><\/strong><strong><b>\u33a1<\/b><\/strong><\/td>\n<td style=\"text-align: left;\" width=\"138\"><strong><b>\u00a0<\/b><\/strong><\/p>\n<p><strong><b>Elongation<\/b><\/strong><strong><b>\u00a0rate<\/b><\/strong><strong><b>\uff08<\/b><\/strong><strong><b>%<\/b><\/strong><strong><b>\uff09<\/b><\/strong><\/td>\n<td style=\"text-align: left;\" width=\"108\"><strong><b>Control de dimensiones<\/b><\/strong><\/td>\n<td style=\"text-align: left;\" width=\"150\"><strong><b>superficie<\/b><\/strong><\/td>\n<td style=\"text-align: left;\" width=\"140\"><strong><b>Dureza<\/b><\/strong><\/td>\n<\/tr>\n<tr>\n<td width=\"114\"><strong><b>6061 T6<\/b><\/strong><\/td>\n<td width=\"122\">290Mpa<\/td>\n<td width=\"138\">10<\/td>\n<td width=\"108\">Cualificado<\/td>\n<td width=\"150\">Negro \/ Brillante<\/td>\n<td width=\"140\">\u00a0Por encima de 95HB<\/td>\n<\/tr>\n<tr>\n<td width=\"114\"><strong><b>6063 T6<\/b><\/strong><\/td>\n<td width=\"122\">240Mpa<\/td>\n<td width=\"138\">8<\/td>\n<td width=\"108\">Cualificado<\/td>\n<td width=\"150\">Negro \/ Brillante<\/td>\n<td width=\"140\">\u00a0Por encima de 69HB<\/td>\n<\/tr>\n<tr>\n<td width=\"114\"><strong><b>6082 T6<\/b><\/strong><\/td>\n<td width=\"122\">310Mpa<\/td>\n<td width=\"138\">12<\/td>\n<td width=\"108\">Cualificado<\/td>\n<td width=\"150\">Negro \/ Brillante<\/td>\n<td width=\"140\">\u00a0Por encima de 95HB<\/td>\n<\/tr>\n<tr>\n<td style=\"text-align: left;\" width=\"114\"><strong><b>6061 T651<\/b><\/strong><\/td>\n<td style=\"text-align: left;\" width=\"122\">290Mpa<\/td>\n<td style=\"text-align: left;\" width=\"138\">10<\/td>\n<td style=\"text-align: left;\" width=\"108\">Cualificado<\/td>\n<td style=\"text-align: left;\" width=\"150\">Negro \/ Brillante<\/td>\n<td width=\"140\">\n<p style=\"text-align: left;\">\u00a0Por encima de 95HB<\/p>\n<\/td>\n<\/tr>\n<\/tbody>\n<\/table>\n<p><strong><b>\u00a0<\/b><\/strong><\/p>\n<p><strong><b>Ready S<\/b><\/strong><strong><b>tock List <\/b><\/strong><\/p>\n<table>\n<tbody>\n<tr>\n<td width=\"148\"><strong>Material<\/strong><\/td>\n<td width=\"140\"><strong>Aleaci\u00f3n&amp;Temper<\/strong><\/td>\n<td width=\"155\"><strong>Talla<\/strong><\/td>\n<td width=\"145\"><strong>Talla<\/strong><\/td>\n<td width=\"160\"><strong>Talla<\/strong><\/td>\n<\/tr>\n<tr>\n<td rowspan=\"15\" width=\"148\">&nbsp;<\/p>\n<p>&nbsp;<\/p>\n<p>&nbsp;<\/p>\n<p>&nbsp;<\/p>\n<p>&nbsp;<\/p>\n<p>&nbsp;<\/p>\n<p>&nbsp;<\/p>\n<p>Aluminum\u00a0sheet<\/p>\n<p>Aluminum plate<\/td>\n<td rowspan=\"6\" width=\"140\">&nbsp;<\/p>\n<p>&nbsp;<\/p>\n<p>&nbsp;<\/p>\n<p>6061\u00a0T6\/T651<\/td>\n<td width=\"155\">1.5*1220*2440<\/td>\n<td width=\"145\">4.0*1250*2500<\/td>\n<td width=\"160\">35*1250*2500<\/td>\n<\/tr>\n<tr>\n<td width=\"155\">1.6*1220*2440<\/td>\n<td width=\"145\">6.0*1220*2440<\/td>\n<td width=\"160\">40*1500*3000<\/td>\n<\/tr>\n<tr>\n<td width=\"155\">2.5*1250*2500<\/td>\n<td width=\"145\">6.0*1220*2440<\/td>\n<td width=\"160\">45*1220*2440<\/td>\n<\/tr>\n<tr>\n<td width=\"155\">3.0*1220*2440<\/td>\n<td width=\"145\">8.0*1500*3000<\/td>\n<td width=\"160\">50*1500*3000<\/td>\n<\/tr>\n<tr>\n<td width=\"155\">3.0*1250*2500<\/td>\n<td width=\"145\">18*1500*3000<\/td>\n<td width=\"160\">55*1250*2500<\/td>\n<\/tr>\n<tr>\n<td width=\"155\">4.0*1250*2500<\/td>\n<td width=\"145\">20*1500*3000<\/td>\n<td width=\"160\">60*1500*3000<\/td>\n<\/tr>\n<tr>\n<td rowspan=\"4\" width=\"140\">&nbsp;<\/p>\n<p>&nbsp;<\/p>\n<p>6063 T6\/T651<\/td>\n<td width=\"155\">6.0*1220*2440<\/td>\n<td width=\"145\">25*1250*2500<\/td>\n<td width=\"160\">100*1500*3000<\/td>\n<\/tr>\n<tr>\n<td width=\"155\">8.0*1500*3000<\/td>\n<td width=\"145\">25*1500*3000<\/td>\n<td width=\"160\">120*1500*3000<\/td>\n<\/tr>\n<tr>\n<td width=\"155\">10*1500*3000<\/td>\n<td width=\"145\">25*1500*3000<\/td>\n<td width=\"160\">150*1500*3000<\/td>\n<\/tr>\n<tr>\n<td width=\"155\">12*1500*3000<\/td>\n<td width=\"145\">30*1500*3000<\/td>\n<td width=\"160\">180*1500*3000<\/td>\n<\/tr>\n<tr>\n<td rowspan=\"5\" width=\"140\">&nbsp;<\/p>\n<p>&nbsp;<\/p>\n<p>6082 T6\/T651<\/td>\n<td width=\"155\">14*1500*3000<\/td>\n<td width=\"145\">30*1500*3000<\/td>\n<td width=\"160\">200*1500*3000<\/td>\n<\/tr>\n<tr>\n<td width=\"155\">15*1500*3000<\/td>\n<td width=\"145\">30*1500*3000<\/td>\n<td width=\"160\">300*1500*3000<\/td>\n<\/tr>\n<tr>\n<td width=\"155\">4 x10 aluminum sheets<\/td>\n<td width=\"145\">5&#215;10 aluminum sheet<\/td>\n<td width=\"160\">4&#215;8 aluminum sheet<\/td>\n<\/tr>\n<tr>\n<td width=\"155\">55*1250*2500<\/td>\n<td width=\"145\">6.35*1524*3048<\/td>\n<td width=\"160\">3.175*1524*3048<\/td>\n<\/tr>\n<tr>\n<td width=\"155\">60*1500*3000<\/td>\n<td width=\"145\">12.5*1524*3048<\/td>\n<td width=\"160\">4.76*1524*3048<\/td>\n<\/tr>\n<\/tbody>\n<\/table>\n<p>&nbsp;<\/p>\n<p><strong><b>How to Pack and ship the aluminum plate?<\/b><\/strong><\/p>\n<ol>\n<li>Packing: Strong wooden pallet, with blue PVC films or paper-interleaved,<\/li>\n<li>Marks: we always print the marks, like: 6061 T6 Size: 20MM x 1250MM x 2500MM.<\/li>\n<li>Max Gross weight skid 4500 lbs;less than 2MT;<\/li>\n<li>PRODUCED TO 1\/2 COMMERCIAL TOLERANCE TO THE LIGHT SIDE<\/li>\n<li>For 1 x 20FCL can load 20 to 25 Tons max.<\/li>\n<li>Surface: Black surface aluminum plate 6061 t651 &amp; Polished aluminum plate 6061 t651,<\/li>\n<\/ol>\n<p><img decoding=\"async\" class=\"alignnone wp-image-1257\" src=\"https:\/\/www.huaruialuminum.com\/wp-content\/uploads\/2025\/12\/packing-300x141.png\" alt=\"\" width=\"800\" height=\"377\" srcset=\"https:\/\/www.huaruialuminum.com\/wp-content\/uploads\/2025\/12\/packing-300x141.png 300w, https:\/\/www.huaruialuminum.com\/wp-content\/uploads\/2025\/12\/packing-1024x482.png 1024w, https:\/\/www.huaruialuminum.com\/wp-content\/uploads\/2025\/12\/packing-768x361.png 768w, https:\/\/www.huaruialuminum.com\/wp-content\/uploads\/2025\/12\/packing-18x8.png 18w, https:\/\/www.huaruialuminum.com\/wp-content\/uploads\/2025\/12\/packing-600x282.png 600w, https:\/\/www.huaruialuminum.com\/wp-content\/uploads\/2025\/12\/packing.png 1279w\" sizes=\"(max-width: 800px) 100vw, 800px\" \/><\/p>\n<p><strong><b>6000 series aluminum price per sheet \/ per kg<\/b><\/strong><\/p>\n<p>The aluminum sheet\u00a0price changes everyday and it depends on the market.<\/p>\n<p>Here is our aluminum sheet price per KG for you:<\/p>\n<table>\n<tbody>\n<tr>\n<td width=\"119\"><strong><b>ALLOY<\/b><\/strong><\/td>\n<td width=\"162\"><strong><b>Espesor <\/b><\/strong><\/td>\n<td width=\"151\"><strong><b>FOB Price<\/b><\/strong><\/p>\n<p><strong><b>USD\/KG<\/b><\/strong><\/td>\n<td width=\"100\"><strong><b>Tiempo de producci\u00f3n<\/b><\/strong><\/td>\n<td width=\"73\"><strong><b>MOQ<\/b><\/strong><\/td>\n<td width=\"98\"><strong><b>1 x20FCL<\/b><\/strong><\/td>\n<td width=\"100\"><strong><b>1 x40FCL<\/b><\/strong><\/td>\n<\/tr>\n<tr>\n<td rowspan=\"2\" width=\"119\">6061 T6<\/td>\n<td width=\"162\">De 1 mm a 6 mm<\/td>\n<td width=\"151\">2.70USD\/KG<\/td>\n<td rowspan=\"6\" width=\"100\">&nbsp;<\/p>\n<p>&nbsp;<\/p>\n<p>20 d\u00edas<\/td>\n<td rowspan=\"6\" width=\"73\">&nbsp;<\/p>\n<p>&nbsp;<\/p>\n<p>3 toneladas<\/td>\n<td rowspan=\"6\" width=\"98\">&nbsp;<\/p>\n<p>&nbsp;<\/p>\n<p>25 toneladas<\/td>\n<td rowspan=\"6\" width=\"100\">&nbsp;<\/p>\n<p>&nbsp;<\/p>\n<p>28 toneladas<\/td>\n<\/tr>\n<tr>\n<td width=\"162\">De 8 mm a 300 mm<\/td>\n<td width=\"151\">2.45USD\/KG<\/td>\n<\/tr>\n<tr>\n<td rowspan=\"2\" width=\"119\">6082 T6<\/td>\n<td width=\"162\">De 1 mm a 6 mm<\/td>\n<td width=\"151\">2.70USD\/KG<\/td>\n<\/tr>\n<tr>\n<td width=\"162\">De 8 mm a 300 mm<\/td>\n<td width=\"151\">2.45USD\/KG<\/td>\n<\/tr>\n<tr>\n<td rowspan=\"2\" width=\"119\">6063 T6<\/td>\n<td width=\"162\">De 1 mm a 6 mm<\/td>\n<td width=\"151\">2.70USD\/KG<\/td>\n<\/tr>\n<tr>\n<td width=\"162\">De 8 mm a 300 mm<\/td>\n<td width=\"151\">2.45USD\/KG<\/td>\n<\/tr>\n<\/tbody>\n<\/table>\n<p><strong><b>\u00a0<\/b><\/strong><\/p>\n<p><strong><b>What is the 6000 series aluminum m<\/b><\/strong><strong><b>ain application<\/b><\/strong><strong><b>?<\/b><\/strong><\/p>\n<p>All kinds of industrial structures that require certain strength, weldability and high corrosion resistance, such as pipes, rods, profiles, and other materials used in the manufacture of trucks, tower buildings, ships, trams, rail vehicles, furniture, etc.<\/p>\n<p><strong>More information about our company:<\/strong><\/p>\n<p>No s\u00f3lo hemos establecido una relaci\u00f3n de cooperaci\u00f3n a largo plazo con m\u00e1s de 600 empresas grandes y medianas de China como FAW, Sinotruk, Sinopec y el Grupo Inspur, sino que tambi\u00e9n poseemos 3.000 socios en el mundo y exportamos productos a m\u00e1s de 60 pa\u00edses y regiones como Europa, Am\u00e9rica, \u00c1frica, Oriente Medio, Sudeste Asi\u00e1tico y Australia.<\/p>","protected":false},"excerpt":{"rendered":"<p>6000 Series Aluminum Alloy Sheet What\u2019s the information of 6000 series aluminum alloy? 6xxx\u00a0series aluminum alloy combines the advantages of [&hellip;]<\/p>","protected":false},"featured_media":1086,"comment_status":"open","ping_status":"closed","template":"","meta":{"postBodyCss":"","postBodyMargin":[],"postBodyPadding":[],"postBodyBackground":{"backgroundType":"classic","gradient":""},"site-sidebar-layout":"default","site-content-layout":"","ast-site-content-layout":"default","site-content-style":"default","site-sidebar-style":"default","ast-global-header-display":"","ast-banner-title-visibility":"","ast-main-header-display":"","ast-hfb-above-header-display":"","ast-hfb-below-header-display":"","ast-hfb-mobile-header-display":"","site-post-title":"","ast-breadcrumbs-content":"","ast-featured-img":"","footer-sml-layout":"","ast-disable-related-posts":"","theme-transparent-header-meta":"default","adv-header-id-meta":"","stick-header-meta":"","header-above-stick-meta":"","header-main-stick-meta":"","header-below-stick-meta":"","astra-migrate-meta-layouts":"set","ast-page-background-enabled":"default","ast-page-background-meta":{"desktop":{"background-color":"var(--ast-global-color-5)","background-image":"","background-repeat":"repeat","background-position":"center center","background-size":"auto","background-attachment":"scroll","background-type":"","background-media":"","overlay-type":"","overlay-color":"","overlay-opacity":"","overlay-gradient":""},"tablet":{"background-color":"","background-image":"","background-repeat":"repeat","background-position":"center center","background-size":"auto","background-attachment":"scroll","background-type":"","background-media":"","overlay-type":"","overlay-color":"","overlay-opacity":"","overlay-gradient":""},"mobile":{"background-color":"","background-image":"","background-repeat":"repeat","background-position":"center center","background-size":"auto","background-attachment":"scroll","background-type":"","background-media":"","overlay-type":"","overlay-color":"","overlay-opacity":"","overlay-gradient":""}},"ast-content-background-meta":{"desktop":{"background-color":"var(--ast-global-color-4)","background-image":"","background-repeat":"repeat","background-position":"center center","background-size":"auto","background-attachment":"scroll","background-type":"","background-media":"","overlay-type":"","overlay-color":"","overlay-opacity":"","overlay-gradient":""},"tablet":{"background-color":"var(--ast-global-color-4)","background-image":"","background-repeat":"repeat","background-position":"center center","background-size":"auto","background-attachment":"scroll","background-type":"","background-media":"","overlay-type":"","overlay-color":"","overlay-opacity":"","overlay-gradient":""},"mobile":{"background-color":"var(--ast-global-color-4)","background-image":"","background-repeat":"repeat","background-position":"center center","background-size":"auto","background-attachment":"scroll","background-type":"","background-media":"","overlay-type":"","overlay-color":"","overlay-opacity":"","overlay-gradient":""}}},"product_brand":[],"product_cat":[25],"product_tag":[],"class_list":{"0":"post-1260","1":"product","2":"type-product","3":"status-publish","4":"has-post-thumbnail","6":"product_cat-sheet_plate","7":"desktop-align-left","8":"tablet-align-left","9":"mobile-align-left","11":"first","12":"instock","13":"shipping-taxable","14":"product-type-simple"},"aioseo_notices":[],"_links":{"self":[{"href":"https:\/\/www.huaruialuminum.com\/es\/wp-json\/wp\/v2\/product\/1260","targetHints":{"allow":["GET"]}}],"collection":[{"href":"https:\/\/www.huaruialuminum.com\/es\/wp-json\/wp\/v2\/product"}],"about":[{"href":"https:\/\/www.huaruialuminum.com\/es\/wp-json\/wp\/v2\/types\/product"}],"replies":[{"embeddable":true,"href":"https:\/\/www.huaruialuminum.com\/es\/wp-json\/wp\/v2\/comments?post=1260"}],"version-history":[{"count":0,"href":"https:\/\/www.huaruialuminum.com\/es\/wp-json\/wp\/v2\/product\/1260\/revisions"}],"wp:featuredmedia":[{"embeddable":true,"href":"https:\/\/www.huaruialuminum.com\/es\/wp-json\/wp\/v2\/media\/1086"}],"wp:attachment":[{"href":"https:\/\/www.huaruialuminum.com\/es\/wp-json\/wp\/v2\/media?parent=1260"}],"wp:term":[{"taxonomy":"product_brand","embeddable":true,"href":"https:\/\/www.huaruialuminum.com\/es\/wp-json\/wp\/v2\/product_brand?post=1260"},{"taxonomy":"product_cat","embeddable":true,"href":"https:\/\/www.huaruialuminum.com\/es\/wp-json\/wp\/v2\/product_cat?post=1260"},{"taxonomy":"product_tag","embeddable":true,"href":"https:\/\/www.huaruialuminum.com\/es\/wp-json\/wp\/v2\/product_tag?post=1260"}],"curies":[{"name":"wp","href":"https:\/\/api.w.org\/{rel}","templated":true}]}}