{"id":1315,"date":"2025-12-17T07:43:58","date_gmt":"2025-12-17T07:43:58","guid":{"rendered":"https:\/\/www.huaruialuminum.com\/?post_type=product&#038;p=1315"},"modified":"2026-03-12T05:35:12","modified_gmt":"2026-03-12T05:35:12","slug":"aluminum-checkered-plate-2","status":"publish","type":"product","link":"https:\/\/www.huaruialuminum.com\/es\/producto\/aluminum-checkered-plate-2\/","title":{"rendered":"Aluminum Checkered Plate"},"content":{"rendered":"<p><strong>Aluminum Chequered Plate<\/strong><\/p>\n<p>Aluminum checkered plate is also named aluminum tread plate,aluminum chequered plate, the surface always have some pattern or ribbed, like 1 bar, 3 bar, 5 bar plate, orange peel stucco sheet. The mainly application is refrigeration floor, truck floor, flooring, stairs, tool box, ship deck, indoor and outdoor decoration.<\/p>\n<p><img fetchpriority=\"high\" decoding=\"async\" class=\"alignnone wp-image-1222\" src=\"https:\/\/www.huaruialuminum.com\/wp-content\/uploads\/2025\/12\/aluminum-tread-plate-1-bar-300x200.png\" alt=\"\" width=\"420\" height=\"280\" srcset=\"https:\/\/www.huaruialuminum.com\/wp-content\/uploads\/2025\/12\/aluminum-tread-plate-1-bar-300x200.png 300w, https:\/\/www.huaruialuminum.com\/wp-content\/uploads\/2025\/12\/aluminum-tread-plate-1-bar-18x12.png 18w, https:\/\/www.huaruialuminum.com\/wp-content\/uploads\/2025\/12\/aluminum-tread-plate-1-bar.png 600w\" sizes=\"(max-width: 420px) 100vw, 420px\" \/>\u00a0 \u00a0 <img decoding=\"async\" class=\"alignnone wp-image-1107\" src=\"https:\/\/www.huaruialuminum.com\/wp-content\/uploads\/2025\/12\/5-bar-aluminum-tread-plate-300x300.png\" alt=\"\" width=\"279\" height=\"279\" srcset=\"https:\/\/www.huaruialuminum.com\/wp-content\/uploads\/2025\/12\/5-bar-aluminum-tread-plate-300x300.png 300w, https:\/\/www.huaruialuminum.com\/wp-content\/uploads\/2025\/12\/5-bar-aluminum-tread-plate-150x150.png 150w, https:\/\/www.huaruialuminum.com\/wp-content\/uploads\/2025\/12\/5-bar-aluminum-tread-plate-12x12.png 12w, https:\/\/www.huaruialuminum.com\/wp-content\/uploads\/2025\/12\/5-bar-aluminum-tread-plate-100x100.png 100w, https:\/\/www.huaruialuminum.com\/wp-content\/uploads\/2025\/12\/5-bar-aluminum-tread-plate.png 600w\" sizes=\"(max-width: 279px) 100vw, 279px\" \/><\/p>\n<p><strong><b>Aluminum checkered plate specification<\/b><\/strong><\/p>\n<p><strong><b>\u00a0<\/b><\/strong>Alloy Number:\u00a01050,1100,3003,3105,5052 6061,<\/p>\n<p>Temper: O, H12, H14, H24, H16, H26, H18,T6<\/p>\n<p>Surface treatment: mill finish, mirror finis, high polished surface,<\/p>\n<p>Aluminum tread plate design: 5bars, 1bars, 3bars, 2bars;<\/p>\n<p>Thickness: 0.6mm- 20mm<\/p>\n<p>Width:\u00a0500mm\u00a0to 2700mm<\/p>\n<p>Longitud m\u00e1xima: 11,5 metros o ser bobina,<\/p>\n<p>Embalaje: Embalaje de exportaci\u00f3n mar\u00edtimo est\u00e1ndar, paleta de madera de fumigaci\u00f3n.<\/p>\n<p>Plazo de entrega: 30 d\u00edas<\/p>\n<p>Forma de pago: T\/T, L\/C a la vista<\/p>\n<p><strong><b>\u00a0<\/b><\/strong><strong><b>Aluminum checkered plate Chemistry Composition &amp; Mechanical Properties &amp; features: <\/b><\/strong><\/p>\n<table>\n<tbody>\n<tr>\n<td colspan=\"11\" width=\"778\">\n<table>\n<tbody>\n<tr>\n<td width=\"778\">\n<p style=\"text-align: center;\"><strong>Standard: ASTM-B209 ; GB\/T3880-2012, EN485<\/strong><\/p>\n<\/td>\n<\/tr>\n<tr>\n<td width=\"778\">\n<p style=\"text-align: center;\"><strong>Chemistry \u00a0Composition<\/strong><\/p>\n<\/td>\n<\/tr>\n<\/tbody>\n<\/table>\n<\/td>\n<\/tr>\n<tr>\n<td width=\"66\">Aleaci\u00f3n<\/td>\n<td width=\"62\">Si<\/td>\n<td width=\"51\">Fe<\/td>\n<td width=\"97\">Cu<\/td>\n<td width=\"85\">Mn<\/td>\n<td width=\"67\">Mg<\/td>\n<td width=\"49\">Cr<\/td>\n<td width=\"52\">Ni<\/td>\n<td width=\"67\">Zn<\/td>\n<td width=\"62\">Ti<\/td>\n<td width=\"116\">Al<\/td>\n<\/tr>\n<tr>\n<td width=\"66\">1060<\/td>\n<td width=\"62\">0.25<\/td>\n<td width=\"51\">0.4<\/td>\n<td width=\"97\">0.05<\/td>\n<td width=\"85\">0.05<\/td>\n<td width=\"67\">0.05<\/td>\n<td width=\"49\"><\/td>\n<td width=\"52\"><\/td>\n<td width=\"67\">0.05<\/td>\n<td width=\"62\">0.03<\/td>\n<td width=\"116\">99.6<\/td>\n<\/tr>\n<tr>\n<td width=\"66\">1050<\/td>\n<td width=\"62\">0.25<\/td>\n<td width=\"51\">0.4<\/td>\n<td width=\"97\">0.05<\/td>\n<td width=\"85\">0.05<\/td>\n<td width=\"67\">0.05<\/td>\n<td width=\"49\"><\/td>\n<td width=\"52\"><\/td>\n<td width=\"67\">0.05<\/td>\n<td width=\"62\">0.03<\/td>\n<td width=\"116\">99.5<\/td>\n<\/tr>\n<tr>\n<td width=\"66\">1100<\/td>\n<td colspan=\"2\" width=\"113\">0.95<\/td>\n<td width=\"97\">0.05-0.2<\/td>\n<td width=\"85\">0.05<\/td>\n<td width=\"67\"><\/td>\n<td width=\"49\"><\/td>\n<td width=\"52\"><\/td>\n<td width=\"67\">0.1<\/td>\n<td width=\"62\"><\/td>\n<td width=\"116\">99.0<\/td>\n<\/tr>\n<tr>\n<td width=\"66\">1200<\/td>\n<td colspan=\"2\" width=\"113\">1.0<\/td>\n<td width=\"97\">0.05<\/td>\n<td width=\"85\">0.05<\/td>\n<td width=\"67\"><\/td>\n<td width=\"49\"><\/td>\n<td width=\"52\"><\/td>\n<td width=\"67\">0.1<\/td>\n<td width=\"62\">0.05<\/td>\n<td width=\"116\">99.0<\/td>\n<\/tr>\n<tr>\n<td width=\"66\">3003<\/td>\n<td width=\"62\">0.6<\/td>\n<td width=\"51\">0.7<\/td>\n<td width=\"97\">0.05-0.2<\/td>\n<td width=\"85\">1.0-1.5<\/td>\n<td width=\"67\"><\/td>\n<td width=\"49\"><\/td>\n<td width=\"52\"><\/td>\n<td width=\"67\">0.1<\/td>\n<td width=\"62\"><\/td>\n<td width=\"116\">resto<\/td>\n<\/tr>\n<\/tbody>\n<\/table>\n<h2><strong><b>A<\/b><\/strong><strong><b>luminum chequered plate 3003 application and usage:<\/b><\/strong><strong><b>\u00a0<\/b><\/strong><\/h2>\n<p>-Uso: Se utiliza principalmente para trabajos con requisitos de resistencia ligeramente superiores a los de la serie 1, como dep\u00f3sitos a presi\u00f3n, dep\u00f3sitos de almacenamiento, material de conservaci\u00f3n del calor, piezas mec\u00e1nicas, dep\u00f3sitos de combustible de autom\u00f3viles y aviones, etc. Se utiliza en aire acondicionado, frigor\u00edfico, autom\u00f3vil y avi\u00f3n. Aplicaciones convencionales en aire acondicionado, frigor\u00edficos, debajo del coche y otros ambientes h\u00famedos, el precio es superior a la serie 1 x x x x, es una serie de aleaci\u00f3n m\u00e1s utilizada.<\/p>\n<p><img decoding=\"async\" class=\"alignnone wp-image-1251\" src=\"https:\/\/www.huaruialuminum.com\/wp-content\/uploads\/2025\/12\/Aluminum-tread-plate-3003-300x219.png\" alt=\"\" width=\"800\" height=\"584\" srcset=\"https:\/\/www.huaruialuminum.com\/wp-content\/uploads\/2025\/12\/Aluminum-tread-plate-3003-300x219.png 300w, https:\/\/www.huaruialuminum.com\/wp-content\/uploads\/2025\/12\/Aluminum-tread-plate-3003-768x561.png 768w, https:\/\/www.huaruialuminum.com\/wp-content\/uploads\/2025\/12\/Aluminum-tread-plate-3003-16x12.png 16w, https:\/\/www.huaruialuminum.com\/wp-content\/uploads\/2025\/12\/Aluminum-tread-plate-3003-600x438.png 600w, https:\/\/www.huaruialuminum.com\/wp-content\/uploads\/2025\/12\/Aluminum-tread-plate-3003.png 961w\" sizes=\"(max-width: 800px) 100vw, 800px\" \/><\/p>\n<p><strong><b>How much is a sheet of <\/b><\/strong><strong><b>aluminum chequered plate<\/b><\/strong><strong><b>? What<\/b><\/strong><strong><b>\u2019<\/b><\/strong><strong><b>s the price of aluminum tread plate?<\/b><\/strong><\/p>\n<p>The aluminum chequered plate price changes everyday and it depends on the market.<\/p>\n<p>Aqu\u00ed est\u00e1 nuestro precio de la hoja de aluminio por KGS para usted:<\/p>\n<table>\n<tbody>\n<tr>\n<td width=\"101\">ALLOY<\/td>\n<td width=\"146\">Espesor<\/td>\n<td width=\"137\">FOB Price<\/p>\n<p>USD\/KGS<\/td>\n<td width=\"105\">Tiempo de producci\u00f3n<\/td>\n<td width=\"68\">MOQ<\/td>\n<td width=\"141\">Tama\u00f1o est\u00e1ndar<\/td>\n<td width=\"105\">1 x20FCL<\/td>\n<\/tr>\n<tr>\n<td width=\"101\">1050 H24<\/p>\n<p>1100 H14<\/td>\n<td width=\"146\">0,7 mm a 6 mm<\/td>\n<td width=\"137\">2,20USD\/KGS<\/td>\n<td rowspan=\"2\" width=\"105\">15 d\u00edas<\/td>\n<td rowspan=\"4\" width=\"68\">3 TONELADAS<\/td>\n<td width=\"141\">4\u2019\u00a0x 8\u2019<\/p>\n<p>1000 x 3000 mm<\/td>\n<td rowspan=\"4\" width=\"105\">22 toneladas<\/td>\n<\/tr>\n<tr>\n<td width=\"101\">3003 H14<\/td>\n<td width=\"146\">0,8 mm a 6 mm<\/td>\n<td width=\"137\">2,25USD\/KGS<\/td>\n<td width=\"141\">4\u2019\u00a0x 8\u2019<\/p>\n<p>1220 x 2440 mm<\/td>\n<\/tr>\n<tr>\n<td width=\"101\">5052 H32<\/td>\n<td width=\"146\">1,0 mm a 6 mm<\/td>\n<td width=\"137\">2,51USD\/KGS<\/td>\n<td rowspan=\"2\" width=\"105\">30 d\u00edas<\/td>\n<td width=\"141\">4\u2019\u00a0x 8\u2019<\/td>\n<\/tr>\n<tr>\n<td width=\"101\">6061 T6<\/td>\n<td width=\"146\">1,0 mm a 20 mm<\/td>\n<td width=\"137\">2,95USD\/KGS<\/td>\n<td width=\"141\">4\u2019\u00a0x 8\u2019<\/td>\n<\/tr>\n<\/tbody>\n<\/table>\n<p><strong><b>Aluminum checkered plate<\/b><\/strong><strong><b>\u00a0<\/b><\/strong><strong><b>1050 H14<\/b><\/strong><\/p>\n<p>La aleaci\u00f3n 1050 H14 es la m\u00e1s utilizada. Debido a que es la superficie brillante, tambi\u00e9n muy buena resistencia a la corrosi\u00f3n al agua o la lluvia. Por lo tanto, se utiliza principalmente para el piso de refrigeraci\u00f3n, piso de camiones, pisos, escaleras, decoraci\u00f3n de interiores y exteriores.<\/p>\n<p><img loading=\"lazy\" decoding=\"async\" class=\"alignnone wp-image-1048\" src=\"https:\/\/www.huaruialuminum.com\/wp-content\/uploads\/2025\/12\/7075-aluminum-sheet-1-300x200.jpg\" alt=\"\" width=\"390\" height=\"260\" srcset=\"https:\/\/www.huaruialuminum.com\/wp-content\/uploads\/2025\/12\/7075-aluminum-sheet-1-300x200.jpg 300w, https:\/\/www.huaruialuminum.com\/wp-content\/uploads\/2025\/12\/7075-aluminum-sheet-1-18x12.jpg 18w, https:\/\/www.huaruialuminum.com\/wp-content\/uploads\/2025\/12\/7075-aluminum-sheet-1.jpg 600w\" sizes=\"(max-width: 390px) 100vw, 390px\" \/>\u00a0 \u00a0 <img loading=\"lazy\" decoding=\"async\" class=\"alignnone wp-image-1035\" src=\"https:\/\/www.huaruialuminum.com\/wp-content\/uploads\/2025\/12\/6061-t6-aluminum-plate-1-300x200.jpg\" alt=\"\" width=\"390\" height=\"260\" srcset=\"https:\/\/www.huaruialuminum.com\/wp-content\/uploads\/2025\/12\/6061-t6-aluminum-plate-1-300x200.jpg 300w, https:\/\/www.huaruialuminum.com\/wp-content\/uploads\/2025\/12\/6061-t6-aluminum-plate-1-18x12.jpg 18w, https:\/\/www.huaruialuminum.com\/wp-content\/uploads\/2025\/12\/6061-t6-aluminum-plate-1.jpg 600w\" sizes=\"(max-width: 390px) 100vw, 390px\" \/><\/p>","protected":false},"excerpt":{"rendered":"<p>Aluminum Chequered Plate Aluminum checkered plate is also named aluminum tread plate,aluminum chequered plate, the surface always have some pattern [&hellip;]<\/p>","protected":false},"featured_media":1109,"comment_status":"open","ping_status":"closed","template":"","meta":{"postBodyCss":"","postBodyMargin":[],"postBodyPadding":[],"postBodyBackground":{"backgroundType":"classic","gradient":""},"site-sidebar-layout":"default","site-content-layout":"","ast-site-content-layout":"default","site-content-style":"default","site-sidebar-style":"default","ast-global-header-display":"","ast-banner-title-visibility":"","ast-main-header-display":"","ast-hfb-above-header-display":"","ast-hfb-below-header-display":"","ast-hfb-mobile-header-display":"","site-post-title":"","ast-breadcrumbs-content":"","ast-featured-img":"","footer-sml-layout":"","ast-disable-related-posts":"","theme-transparent-header-meta":"default","adv-header-id-meta":"","stick-header-meta":"","header-above-stick-meta":"","header-main-stick-meta":"","header-below-stick-meta":"","astra-migrate-meta-layouts":"set","ast-page-background-enabled":"default","ast-page-background-meta":{"desktop":{"background-color":"var(--ast-global-color-5)","background-image":"","background-repeat":"repeat","background-position":"center center","background-size":"auto","background-attachment":"scroll","background-type":"","background-media":"","overlay-type":"","overlay-color":"","overlay-opacity":"","overlay-gradient":""},"tablet":{"background-color":"","background-image":"","background-repeat":"repeat","background-position":"center center","background-size":"auto","background-attachment":"scroll","background-type":"","background-media":"","overlay-type":"","overlay-color":"","overlay-opacity":"","overlay-gradient":""},"mobile":{"background-color":"","background-image":"","background-repeat":"repeat","background-position":"center center","background-size":"auto","background-attachment":"scroll","background-type":"","background-media":"","overlay-type":"","overlay-color":"","overlay-opacity":"","overlay-gradient":""}},"ast-content-background-meta":{"desktop":{"background-color":"var(--ast-global-color-4)","background-image":"","background-repeat":"repeat","background-position":"center center","background-size":"auto","background-attachment":"scroll","background-type":"","background-media":"","overlay-type":"","overlay-color":"","overlay-opacity":"","overlay-gradient":""},"tablet":{"background-color":"var(--ast-global-color-4)","background-image":"","background-repeat":"repeat","background-position":"center center","background-size":"auto","background-attachment":"scroll","background-type":"","background-media":"","overlay-type":"","overlay-color":"","overlay-opacity":"","overlay-gradient":""},"mobile":{"background-color":"var(--ast-global-color-4)","background-image":"","background-repeat":"repeat","background-position":"center center","background-size":"auto","background-attachment":"scroll","background-type":"","background-media":"","overlay-type":"","overlay-color":"","overlay-opacity":"","overlay-gradient":""}}},"product_brand":[],"product_cat":[26],"product_tag":[],"class_list":{"0":"post-1315","1":"product","2":"type-product","3":"status-publish","4":"has-post-thumbnail","6":"product_cat-tread_plate","7":"desktop-align-left","8":"tablet-align-left","9":"mobile-align-left","11":"first","12":"instock","13":"shipping-taxable","14":"product-type-simple"},"aioseo_notices":[],"_links":{"self":[{"href":"https:\/\/www.huaruialuminum.com\/es\/wp-json\/wp\/v2\/product\/1315","targetHints":{"allow":["GET"]}}],"collection":[{"href":"https:\/\/www.huaruialuminum.com\/es\/wp-json\/wp\/v2\/product"}],"about":[{"href":"https:\/\/www.huaruialuminum.com\/es\/wp-json\/wp\/v2\/types\/product"}],"replies":[{"embeddable":true,"href":"https:\/\/www.huaruialuminum.com\/es\/wp-json\/wp\/v2\/comments?post=1315"}],"version-history":[{"count":1,"href":"https:\/\/www.huaruialuminum.com\/es\/wp-json\/wp\/v2\/product\/1315\/revisions"}],"predecessor-version":[{"id":1723,"href":"https:\/\/www.huaruialuminum.com\/es\/wp-json\/wp\/v2\/product\/1315\/revisions\/1723"}],"wp:featuredmedia":[{"embeddable":true,"href":"https:\/\/www.huaruialuminum.com\/es\/wp-json\/wp\/v2\/media\/1109"}],"wp:attachment":[{"href":"https:\/\/www.huaruialuminum.com\/es\/wp-json\/wp\/v2\/media?parent=1315"}],"wp:term":[{"taxonomy":"product_brand","embeddable":true,"href":"https:\/\/www.huaruialuminum.com\/es\/wp-json\/wp\/v2\/product_brand?post=1315"},{"taxonomy":"product_cat","embeddable":true,"href":"https:\/\/www.huaruialuminum.com\/es\/wp-json\/wp\/v2\/product_cat?post=1315"},{"taxonomy":"product_tag","embeddable":true,"href":"https:\/\/www.huaruialuminum.com\/es\/wp-json\/wp\/v2\/product_tag?post=1315"}],"curies":[{"name":"wp","href":"https:\/\/api.w.org\/{rel}","templated":true}]}}