{"id":1334,"date":"2025-12-19T06:23:35","date_gmt":"2025-12-19T06:23:35","guid":{"rendered":"https:\/\/www.huaruialuminum.com\/?post_type=product&#038;p=1334"},"modified":"2025-12-19T06:23:36","modified_gmt":"2025-12-19T06:23:36","slug":"aluminum-sheet-for-trailers","status":"publish","type":"product","link":"https:\/\/www.huaruialuminum.com\/es\/producto\/aluminum-sheet-for-trailers\/","title":{"rendered":"Aluminum Sheet for Trailers"},"content":{"rendered":"<p>Aluminum checkered plate is also named aluminum sheet ribbed,aluminum chequered plate, the surface always have some pattern or ribbed, like 1 bar, 3 bar, 5 bar plate, orange peel stucco sheet. The mainly application is caravans, trailers, refrigeration floor, truck floor, flooring, stairs.<\/p>\n<p><img fetchpriority=\"high\" decoding=\"async\" class=\"aligncenter wp-image-1220 size-full\" src=\"https:\/\/www.huaruialuminum.com\/wp-content\/uploads\/2025\/12\/Aluminum-sheet.jpg\" alt=\"\" width=\"600\" height=\"400\" srcset=\"https:\/\/www.huaruialuminum.com\/wp-content\/uploads\/2025\/12\/Aluminum-sheet.jpg 600w, https:\/\/www.huaruialuminum.com\/wp-content\/uploads\/2025\/12\/Aluminum-sheet-300x200.jpg 300w, https:\/\/www.huaruialuminum.com\/wp-content\/uploads\/2025\/12\/Aluminum-sheet-18x12.jpg 18w\" sizes=\"(max-width: 600px) 100vw, 600px\" \/><\/p>\n<p>&nbsp;<\/p>\n<p><strong><b>China Aluminum Sheet for trailers manufacturer<\/b><\/strong><\/p>\n<p>Alloy Number:\u00a01050,1100,3003,3105,5052 6061,<\/p>\n<p>Temper: O, H12, H14, H24, H16, H26, H18,T6<\/p>\n<p>Surface treatment: mill finish, mirror finish, high polished surface,<\/p>\n<p>Aluminum tread plate design: 5bars, 1bars, 3bars, 2bars;<\/p>\n<p>Thickness: 0.6mm- 20mm<\/p>\n<p>Width:\u00a0500mm\u00a0to 2700mm<\/p>\n<p>Longitud m\u00e1xima: 11,5 metros o ser bobina,<\/p>\n<p>Embalaje: Embalaje de exportaci\u00f3n mar\u00edtimo est\u00e1ndar, paleta de madera de fumigaci\u00f3n.<\/p>\n<p>Plazo de entrega: 30 d\u00edas<\/p>\n<p>Forma de pago: T\/T, L\/C a la vista<\/p>\n<p><img decoding=\"async\" class=\"alignnone wp-image-1128\" src=\"https:\/\/www.huaruialuminum.com\/wp-content\/uploads\/2025\/12\/aluminum-floor-plate-2-300x200.jpg\" alt=\"\" width=\"390\" height=\"260\" srcset=\"https:\/\/www.huaruialuminum.com\/wp-content\/uploads\/2025\/12\/aluminum-floor-plate-2-300x200.jpg 300w, https:\/\/www.huaruialuminum.com\/wp-content\/uploads\/2025\/12\/aluminum-floor-plate-2-18x12.jpg 18w, https:\/\/www.huaruialuminum.com\/wp-content\/uploads\/2025\/12\/aluminum-floor-plate-2.jpg 600w\" sizes=\"(max-width: 390px) 100vw, 390px\" \/> \u00a0 <img decoding=\"async\" class=\"alignnone wp-image-1243\" src=\"https:\/\/www.huaruialuminum.com\/wp-content\/uploads\/2025\/12\/truck-floor-300x200.png\" alt=\"\" width=\"390\" height=\"260\" srcset=\"https:\/\/www.huaruialuminum.com\/wp-content\/uploads\/2025\/12\/truck-floor-300x200.png 300w, https:\/\/www.huaruialuminum.com\/wp-content\/uploads\/2025\/12\/truck-floor-18x12.png 18w, https:\/\/www.huaruialuminum.com\/wp-content\/uploads\/2025\/12\/truck-floor.png 600w\" sizes=\"(max-width: 390px) 100vw, 390px\" \/><\/p>\n<p><strong><b>\u00a0<\/b><\/strong><strong><b>Aluminum Sheet for Trailers Chemistry Composition &amp; Mechanical Properties &amp; features: <\/b><\/strong><\/p>\n<table>\n<tbody>\n<tr>\n<td colspan=\"11\" width=\"778\">\n<p style=\"text-align: center;\"><strong>Standard: ASTM-B209 ; GB\/T3880-2012, EN485<\/strong><\/p>\n<\/td>\n<\/tr>\n<tr>\n<td colspan=\"11\" width=\"778\">\n<p style=\"text-align: center;\"><strong>Chemistry \u00a0Composition<\/strong><\/p>\n<\/td>\n<\/tr>\n<tr>\n<td width=\"66\">Aleaci\u00f3n<\/td>\n<td width=\"62\">Si<\/td>\n<td width=\"51\">Fe<\/td>\n<td width=\"97\">Cu<\/td>\n<td width=\"85\">Mn<\/td>\n<td width=\"67\">Mg<\/td>\n<td width=\"49\">Cr<\/td>\n<td width=\"52\">Ni<\/td>\n<td width=\"67\">Zn<\/td>\n<td width=\"62\">Ti<\/td>\n<td width=\"116\">Al<\/td>\n<\/tr>\n<tr>\n<td width=\"66\">1060<\/td>\n<td width=\"62\">0.25<\/td>\n<td width=\"51\">0.4<\/td>\n<td width=\"97\">0.05<\/td>\n<td width=\"85\">0.05<\/td>\n<td width=\"67\">0.05<\/td>\n<td width=\"49\"><\/td>\n<td width=\"52\"><\/td>\n<td width=\"67\">0.05<\/td>\n<td width=\"62\">0.03<\/td>\n<td width=\"116\">99.6<\/td>\n<\/tr>\n<tr>\n<td width=\"66\">1050<\/td>\n<td width=\"62\">0.25<\/td>\n<td width=\"51\">0.4<\/td>\n<td width=\"97\">0.05<\/td>\n<td width=\"85\">0.05<\/td>\n<td width=\"67\">0.05<\/td>\n<td width=\"49\"><\/td>\n<td width=\"52\"><\/td>\n<td width=\"67\">0.05<\/td>\n<td width=\"62\">0.03<\/td>\n<td width=\"116\">99.5<\/td>\n<\/tr>\n<tr>\n<td width=\"66\">1100<\/td>\n<td colspan=\"2\" width=\"113\">0.95<\/td>\n<td width=\"97\">0.05-0.2<\/td>\n<td width=\"85\">0.05<\/td>\n<td width=\"67\"><\/td>\n<td width=\"49\"><\/td>\n<td width=\"52\"><\/td>\n<td width=\"67\">0.1<\/td>\n<td width=\"62\"><\/td>\n<td width=\"116\">99.0<\/td>\n<\/tr>\n<tr>\n<td width=\"66\">1200<\/td>\n<td colspan=\"2\" width=\"113\">1.0<\/td>\n<td width=\"97\">0.05<\/td>\n<td width=\"85\">0.05<\/td>\n<td width=\"67\"><\/td>\n<td width=\"49\"><\/td>\n<td width=\"52\"><\/td>\n<td width=\"67\">0.1<\/td>\n<td width=\"62\">0.05<\/td>\n<td width=\"116\">99.0<\/td>\n<\/tr>\n<tr>\n<td width=\"66\">3003<\/td>\n<td width=\"62\">0.6<\/td>\n<td width=\"51\">0.7<\/td>\n<td width=\"97\">0.05-0.2<\/td>\n<td width=\"85\">1.0-1.5<\/td>\n<td width=\"67\"><\/td>\n<td width=\"49\"><\/td>\n<td width=\"52\"><\/td>\n<td width=\"67\">0.1<\/td>\n<td width=\"62\"><\/td>\n<td width=\"116\">resto<\/td>\n<\/tr>\n<\/tbody>\n<\/table>\n<p><strong><b>A<\/b><\/strong><strong><b>luminium<\/b><\/strong><strong><b>\u00a0Tread plate for trailer<\/b><\/strong><strong><b>\u00a0alloy<\/b><\/strong><strong><b>\u00a0<\/b><\/strong><strong><b>1050 H14<\/b><\/strong><\/p>\n<p>La aleaci\u00f3n 1050 H14 es la m\u00e1s utilizada. Debido a que es la superficie brillante, tambi\u00e9n muy buena resistencia a la corrosi\u00f3n al agua o la lluvia. Por lo tanto, se utiliza principalmente para el piso de refrigeraci\u00f3n, piso de camiones, pisos, escaleras, decoraci\u00f3n de interiores y exteriores.<\/p>\n<p><img loading=\"lazy\" decoding=\"async\" class=\"alignnone wp-image-1076\" src=\"https:\/\/www.huaruialuminum.com\/wp-content\/uploads\/2025\/12\/aluminum-sheet-china-300x200.png\" alt=\"\" width=\"390\" height=\"260\" srcset=\"https:\/\/www.huaruialuminum.com\/wp-content\/uploads\/2025\/12\/aluminum-sheet-china-300x200.png 300w, https:\/\/www.huaruialuminum.com\/wp-content\/uploads\/2025\/12\/aluminum-sheet-china-18x12.png 18w, https:\/\/www.huaruialuminum.com\/wp-content\/uploads\/2025\/12\/aluminum-sheet-china.png 600w\" sizes=\"(max-width: 390px) 100vw, 390px\" \/><strong><b><img loading=\"lazy\" decoding=\"async\" class=\"alignnone wp-image-1002\" src=\"https:\/\/www.huaruialuminum.com\/wp-content\/uploads\/2025\/12\/3003-h14-aluminum-sheet-2-300x200.jpg\" alt=\"\" width=\"390\" height=\"260\" srcset=\"https:\/\/www.huaruialuminum.com\/wp-content\/uploads\/2025\/12\/3003-h14-aluminum-sheet-2-300x200.jpg 300w, https:\/\/www.huaruialuminum.com\/wp-content\/uploads\/2025\/12\/3003-h14-aluminum-sheet-2-18x12.jpg 18w, https:\/\/www.huaruialuminum.com\/wp-content\/uploads\/2025\/12\/3003-h14-aluminum-sheet-2.jpg 600w\" sizes=\"(max-width: 390px) 100vw, 390px\" \/><\/b><\/strong><\/p>\n<h2><strong><b>A<\/b><\/strong><strong><b>luminium<\/b><\/strong><strong><b>\u00a0tread plate for trailer<\/b><\/strong><strong><b>\u00a03003 H22:<\/b><\/strong><strong><b>\u00a0<\/b><\/strong><\/h2>\n<p>-Use: It is mainly used for the work with slightly higher strength requirement than Series 1, refrigerator, car and plane. Conventional applications in air conditioning, refrigerators, trailer. The price is higher than 1 x x x x series, is a more commonly used alloy series.<\/p>\n<p><img loading=\"lazy\" decoding=\"async\" class=\"alignnone wp-image-802\" src=\"https:\/\/www.huaruialuminum.com\/wp-content\/uploads\/2025\/05\/12-300x281.jpg\" alt=\"\" width=\"306\" height=\"287\" srcset=\"https:\/\/www.huaruialuminum.com\/wp-content\/uploads\/2025\/05\/12-300x281.jpg 300w, https:\/\/www.huaruialuminum.com\/wp-content\/uploads\/2025\/05\/12-768x720.jpg 768w, https:\/\/www.huaruialuminum.com\/wp-content\/uploads\/2025\/05\/12-13x12.jpg 13w, https:\/\/www.huaruialuminum.com\/wp-content\/uploads\/2025\/05\/12-600x562.jpg 600w, https:\/\/www.huaruialuminum.com\/wp-content\/uploads\/2025\/05\/12.jpg 907w\" sizes=\"(max-width: 306px) 100vw, 306px\" \/>\u00a0 \u00a0 <img loading=\"lazy\" decoding=\"async\" class=\"alignnone wp-image-674\" src=\"https:\/\/www.huaruialuminum.com\/wp-content\/uploads\/2025\/02\/Aluminium-bodemplaat-gemonteerd-achter-klep-open-min-300x199.jpg\" alt=\"\" width=\"432\" height=\"287\" srcset=\"https:\/\/www.huaruialuminum.com\/wp-content\/uploads\/2025\/02\/Aluminium-bodemplaat-gemonteerd-achter-klep-open-min-300x199.jpg 300w, https:\/\/www.huaruialuminum.com\/wp-content\/uploads\/2025\/02\/Aluminium-bodemplaat-gemonteerd-achter-klep-open-min-1024x678.jpg 1024w, https:\/\/www.huaruialuminum.com\/wp-content\/uploads\/2025\/02\/Aluminium-bodemplaat-gemonteerd-achter-klep-open-min-768x509.jpg 768w, https:\/\/www.huaruialuminum.com\/wp-content\/uploads\/2025\/02\/Aluminium-bodemplaat-gemonteerd-achter-klep-open-min-1536x1017.jpg 1536w, https:\/\/www.huaruialuminum.com\/wp-content\/uploads\/2025\/02\/Aluminium-bodemplaat-gemonteerd-achter-klep-open-min-2048x1356.jpg 2048w, https:\/\/www.huaruialuminum.com\/wp-content\/uploads\/2025\/02\/Aluminium-bodemplaat-gemonteerd-achter-klep-open-min-18x12.jpg 18w, https:\/\/www.huaruialuminum.com\/wp-content\/uploads\/2025\/02\/Aluminium-bodemplaat-gemonteerd-achter-klep-open-min-600x397.jpg 600w\" sizes=\"(max-width: 432px) 100vw, 432px\" \/><\/p>","protected":false},"excerpt":{"rendered":"<p>Aluminum checkered plate is also named aluminum sheet ribbed,aluminum chequered plate, the surface always have some pattern or ribbed, like [&hellip;]<\/p>","protected":false},"featured_media":1089,"comment_status":"open","ping_status":"closed","template":"","meta":{"postBodyCss":"","postBodyMargin":[],"postBodyPadding":[],"postBodyBackground":{"backgroundType":"classic","gradient":""},"site-sidebar-layout":"default","site-content-layout":"","ast-site-content-layout":"default","site-content-style":"default","site-sidebar-style":"default","ast-global-header-display":"","ast-banner-title-visibility":"","ast-main-header-display":"","ast-hfb-above-header-display":"","ast-hfb-below-header-display":"","ast-hfb-mobile-header-display":"","site-post-title":"","ast-breadcrumbs-content":"","ast-featured-img":"","footer-sml-layout":"","ast-disable-related-posts":"","theme-transparent-header-meta":"default","adv-header-id-meta":"","stick-header-meta":"","header-above-stick-meta":"","header-main-stick-meta":"","header-below-stick-meta":"","astra-migrate-meta-layouts":"set","ast-page-background-enabled":"default","ast-page-background-meta":{"desktop":{"background-color":"var(--ast-global-color-5)","background-image":"","background-repeat":"repeat","background-position":"center center","background-size":"auto","background-attachment":"scroll","background-type":"","background-media":"","overlay-type":"","overlay-color":"","overlay-opacity":"","overlay-gradient":""},"tablet":{"background-color":"","background-image":"","background-repeat":"repeat","background-position":"center center","background-size":"auto","background-attachment":"scroll","background-type":"","background-media":"","overlay-type":"","overlay-color":"","overlay-opacity":"","overlay-gradient":""},"mobile":{"background-color":"","background-image":"","background-repeat":"repeat","background-position":"center center","background-size":"auto","background-attachment":"scroll","background-type":"","background-media":"","overlay-type":"","overlay-color":"","overlay-opacity":"","overlay-gradient":""}},"ast-content-background-meta":{"desktop":{"background-color":"var(--ast-global-color-4)","background-image":"","background-repeat":"repeat","background-position":"center center","background-size":"auto","background-attachment":"scroll","background-type":"","background-media":"","overlay-type":"","overlay-color":"","overlay-opacity":"","overlay-gradient":""},"tablet":{"background-color":"var(--ast-global-color-4)","background-image":"","background-repeat":"repeat","background-position":"center center","background-size":"auto","background-attachment":"scroll","background-type":"","background-media":"","overlay-type":"","overlay-color":"","overlay-opacity":"","overlay-gradient":""},"mobile":{"background-color":"var(--ast-global-color-4)","background-image":"","background-repeat":"repeat","background-position":"center center","background-size":"auto","background-attachment":"scroll","background-type":"","background-media":"","overlay-type":"","overlay-color":"","overlay-opacity":"","overlay-gradient":""}}},"product_brand":[],"product_cat":[26],"product_tag":[],"class_list":{"0":"post-1334","1":"product","2":"type-product","3":"status-publish","4":"has-post-thumbnail","6":"product_cat-tread_plate","7":"desktop-align-left","8":"tablet-align-left","9":"mobile-align-left","11":"first","12":"instock","13":"shipping-taxable","14":"product-type-simple"},"aioseo_notices":[],"_links":{"self":[{"href":"https:\/\/www.huaruialuminum.com\/es\/wp-json\/wp\/v2\/product\/1334","targetHints":{"allow":["GET"]}}],"collection":[{"href":"https:\/\/www.huaruialuminum.com\/es\/wp-json\/wp\/v2\/product"}],"about":[{"href":"https:\/\/www.huaruialuminum.com\/es\/wp-json\/wp\/v2\/types\/product"}],"replies":[{"embeddable":true,"href":"https:\/\/www.huaruialuminum.com\/es\/wp-json\/wp\/v2\/comments?post=1334"}],"version-history":[{"count":0,"href":"https:\/\/www.huaruialuminum.com\/es\/wp-json\/wp\/v2\/product\/1334\/revisions"}],"wp:featuredmedia":[{"embeddable":true,"href":"https:\/\/www.huaruialuminum.com\/es\/wp-json\/wp\/v2\/media\/1089"}],"wp:attachment":[{"href":"https:\/\/www.huaruialuminum.com\/es\/wp-json\/wp\/v2\/media?parent=1334"}],"wp:term":[{"taxonomy":"product_brand","embeddable":true,"href":"https:\/\/www.huaruialuminum.com\/es\/wp-json\/wp\/v2\/product_brand?post=1334"},{"taxonomy":"product_cat","embeddable":true,"href":"https:\/\/www.huaruialuminum.com\/es\/wp-json\/wp\/v2\/product_cat?post=1334"},{"taxonomy":"product_tag","embeddable":true,"href":"https:\/\/www.huaruialuminum.com\/es\/wp-json\/wp\/v2\/product_tag?post=1334"}],"curies":[{"name":"wp","href":"https:\/\/api.w.org\/{rel}","templated":true}]}}