{"id":1355,"date":"2025-12-23T07:47:06","date_gmt":"2025-12-23T07:47:06","guid":{"rendered":"https:\/\/www.huaruialuminum.com\/?post_type=product&#038;p=1355"},"modified":"2025-12-23T07:47:07","modified_gmt":"2025-12-23T07:47:07","slug":"1200-aluminum-sheet","status":"publish","type":"product","link":"https:\/\/www.huaruialuminum.com\/es\/producto\/1200-aluminum-sheet\/","title":{"rendered":"1200 Aluminum Sheet"},"content":{"rendered":"<p>The 1200 is one of the alloy number with the most aluminum content among all series. The purity can reach more than 99.00%. Since it does not contain other metal elements, it is a single production process and relatively inexpensive. This make it be the most commonly used series in conventional industry. It has conductive, good thermal conductivity, which is very good and only after silver, copper and gold. Low density: The density of pure aluminum is 2.71KG\/M3. about 35% of iron.<\/p>\n<p>&nbsp;<\/p>\n<p><strong><b>China 1200 Aluminum Sheet Manufacturer:<\/b><\/strong><\/p>\n<p>Alloy Number:\u00a01200<\/p>\n<p>Temper: O, H14, H16, H24, H26<\/p>\n<p>Tratamiento superficial: Acabado de fresado, l\u00e1minas de PVC azul por un lado, l\u00e1minas de PVC azul por ambos lados, papel intercalado<\/p>\n<p>Espesor: 0,2 mm- 100 mm<\/p>\n<p>Width: 500mm\u00a0to 2600mm<\/p>\n<p>Embalaje: Embalaje de exportaci\u00f3n mar\u00edtimo est\u00e1ndar<\/p>\n<p><img fetchpriority=\"high\" decoding=\"async\" class=\"alignnone wp-image-480\" src=\"https:\/\/www.huaruialuminum.com\/wp-content\/uploads\/2025\/02\/7075-aluminum-sheet-300x200.jpg\" alt=\"\" width=\"390\" height=\"260\" srcset=\"https:\/\/www.huaruialuminum.com\/wp-content\/uploads\/2025\/02\/7075-aluminum-sheet-300x200.jpg 300w, https:\/\/www.huaruialuminum.com\/wp-content\/uploads\/2025\/02\/7075-aluminum-sheet-18x12.jpg 18w, https:\/\/www.huaruialuminum.com\/wp-content\/uploads\/2025\/02\/7075-aluminum-sheet.jpg 600w\" sizes=\"(max-width: 390px) 100vw, 390px\" \/>\u00a0 \u00a0 <img decoding=\"async\" class=\"alignnone wp-image-574\" src=\"https:\/\/www.huaruialuminum.com\/wp-content\/uploads\/2025\/02\/aluminum-sheets-for-boats-300x200.jpg\" alt=\"\" width=\"390\" height=\"260\" srcset=\"https:\/\/www.huaruialuminum.com\/wp-content\/uploads\/2025\/02\/aluminum-sheets-for-boats-300x200.jpg 300w, https:\/\/www.huaruialuminum.com\/wp-content\/uploads\/2025\/02\/aluminum-sheets-for-boats-18x12.jpg 18w, https:\/\/www.huaruialuminum.com\/wp-content\/uploads\/2025\/02\/aluminum-sheets-for-boats.jpg 600w\" sizes=\"(max-width: 390px) 100vw, 390px\" \/><\/p>\n<p><strong><b>Aluminum Sheet 1200 Chemistry Composition &amp; Mechanical Properties &amp; features: <\/b><\/strong><\/p>\n<table>\n<tbody>\n<tr>\n<td colspan=\"11\" width=\"778\">\n<p style=\"text-align: center;\"><strong>Standard: ASTM-B209 ; GB\/T3880-2012, EN485<\/strong><\/p>\n<\/td>\n<\/tr>\n<tr>\n<td colspan=\"11\" width=\"778\">\n<p style=\"text-align: center;\"><strong>Chemistry \u00a0Composition<\/strong><\/p>\n<\/td>\n<\/tr>\n<tr>\n<td width=\"66\">Aleaci\u00f3n<\/td>\n<td width=\"62\">Si<\/td>\n<td width=\"51\">Fe<\/td>\n<td width=\"97\">Cu<\/td>\n<td width=\"85\">Mn<\/td>\n<td width=\"67\">Mg<\/td>\n<td width=\"49\">Cr<\/td>\n<td width=\"52\">Ni<\/td>\n<td width=\"67\">Zn<\/td>\n<td width=\"62\">Ti<\/td>\n<td width=\"116\">Al<\/td>\n<\/tr>\n<tr>\n<td width=\"66\">1200<\/td>\n<td colspan=\"2\" width=\"113\">1.0<\/td>\n<td width=\"97\">0.05<\/td>\n<td width=\"85\">0.05<\/td>\n<td width=\"67\">&nbsp;<\/td>\n<td width=\"49\">&nbsp;<\/td>\n<td width=\"52\">&nbsp;<\/td>\n<td width=\"67\">0.1<\/td>\n<td width=\"62\">0.05<\/td>\n<td width=\"116\">99.0<\/td>\n<\/tr>\n<\/tbody>\n<\/table>\n<p><strong>\u00a0<\/strong><\/p>\n<p><strong><b>Aluminum Sheet 1200 Application and Usage<\/b><\/strong><strong><b>:<\/b><\/strong><\/p>\n<p>Chemical equipment, conductive materials, chemical equipment, instruments, highway road signs, motor vehicle license plates, cookware, building decoration materials, hardware and cooking utensils, machine part;<\/p>\n<p><strong>\u00a0<\/strong><\/p>\n<p><strong><b>1200 H14 aluminum sheet Packing and Loading:<\/b><\/strong><\/p>\n<p>Los embalajes marinos deben protegerse de la humedad.<\/p>\n<p>Envase para evitar toda contaminaci\u00f3n por humedad<\/p>\n<p>Los Heat# deben registrarse en todos los paquetes<\/p>\n<p>No mezclar calores dentro de los haces<\/p>\n<p>Paquete de tallas individuales por separado<\/p>\n<p>2-3 mils medium tack clear or clear blue PVC one side.<\/p>\n<p>Critical surface quality:No chatter, no Pitt marks, no weld, no stains accepted<\/p>\n<p><img decoding=\"async\" class=\"aligncenter wp-image-469 size-full\" src=\"https:\/\/www.huaruialuminum.com\/wp-content\/uploads\/2025\/02\/aluminum-sheet-price.jpg\" alt=\"\" width=\"600\" height=\"400\" srcset=\"https:\/\/www.huaruialuminum.com\/wp-content\/uploads\/2025\/02\/aluminum-sheet-price.jpg 600w, https:\/\/www.huaruialuminum.com\/wp-content\/uploads\/2025\/02\/aluminum-sheet-price-300x200.jpg 300w, https:\/\/www.huaruialuminum.com\/wp-content\/uploads\/2025\/02\/aluminum-sheet-price-18x12.jpg 18w\" sizes=\"(max-width: 600px) 100vw, 600px\" \/><\/p>","protected":false},"excerpt":{"rendered":"<p>The 1200 is one of the alloy number with the most aluminum content among all series. The purity can reach [&hellip;]<\/p>","protected":false},"featured_media":1098,"comment_status":"open","ping_status":"closed","template":"","meta":{"postBodyCss":"","postBodyMargin":[],"postBodyPadding":[],"postBodyBackground":{"backgroundType":"classic","gradient":""},"site-sidebar-layout":"default","site-content-layout":"","ast-site-content-layout":"default","site-content-style":"default","site-sidebar-style":"default","ast-global-header-display":"","ast-banner-title-visibility":"","ast-main-header-display":"","ast-hfb-above-header-display":"","ast-hfb-below-header-display":"","ast-hfb-mobile-header-display":"","site-post-title":"","ast-breadcrumbs-content":"","ast-featured-img":"","footer-sml-layout":"","ast-disable-related-posts":"","theme-transparent-header-meta":"default","adv-header-id-meta":"","stick-header-meta":"","header-above-stick-meta":"","header-main-stick-meta":"","header-below-stick-meta":"","astra-migrate-meta-layouts":"set","ast-page-background-enabled":"default","ast-page-background-meta":{"desktop":{"background-color":"var(--ast-global-color-5)","background-image":"","background-repeat":"repeat","background-position":"center center","background-size":"auto","background-attachment":"scroll","background-type":"","background-media":"","overlay-type":"","overlay-color":"","overlay-opacity":"","overlay-gradient":""},"tablet":{"background-color":"","background-image":"","background-repeat":"repeat","background-position":"center center","background-size":"auto","background-attachment":"scroll","background-type":"","background-media":"","overlay-type":"","overlay-color":"","overlay-opacity":"","overlay-gradient":""},"mobile":{"background-color":"","background-image":"","background-repeat":"repeat","background-position":"center center","background-size":"auto","background-attachment":"scroll","background-type":"","background-media":"","overlay-type":"","overlay-color":"","overlay-opacity":"","overlay-gradient":""}},"ast-content-background-meta":{"desktop":{"background-color":"var(--ast-global-color-4)","background-image":"","background-repeat":"repeat","background-position":"center center","background-size":"auto","background-attachment":"scroll","background-type":"","background-media":"","overlay-type":"","overlay-color":"","overlay-opacity":"","overlay-gradient":""},"tablet":{"background-color":"var(--ast-global-color-4)","background-image":"","background-repeat":"repeat","background-position":"center center","background-size":"auto","background-attachment":"scroll","background-type":"","background-media":"","overlay-type":"","overlay-color":"","overlay-opacity":"","overlay-gradient":""},"mobile":{"background-color":"var(--ast-global-color-4)","background-image":"","background-repeat":"repeat","background-position":"center center","background-size":"auto","background-attachment":"scroll","background-type":"","background-media":"","overlay-type":"","overlay-color":"","overlay-opacity":"","overlay-gradient":""}}},"product_brand":[],"product_cat":[25],"product_tag":[],"class_list":{"0":"post-1355","1":"product","2":"type-product","3":"status-publish","4":"has-post-thumbnail","6":"product_cat-sheet_plate","7":"desktop-align-left","8":"tablet-align-left","9":"mobile-align-left","11":"first","12":"instock","13":"shipping-taxable","14":"product-type-simple"},"aioseo_notices":[],"_links":{"self":[{"href":"https:\/\/www.huaruialuminum.com\/es\/wp-json\/wp\/v2\/product\/1355","targetHints":{"allow":["GET"]}}],"collection":[{"href":"https:\/\/www.huaruialuminum.com\/es\/wp-json\/wp\/v2\/product"}],"about":[{"href":"https:\/\/www.huaruialuminum.com\/es\/wp-json\/wp\/v2\/types\/product"}],"replies":[{"embeddable":true,"href":"https:\/\/www.huaruialuminum.com\/es\/wp-json\/wp\/v2\/comments?post=1355"}],"version-history":[{"count":0,"href":"https:\/\/www.huaruialuminum.com\/es\/wp-json\/wp\/v2\/product\/1355\/revisions"}],"wp:featuredmedia":[{"embeddable":true,"href":"https:\/\/www.huaruialuminum.com\/es\/wp-json\/wp\/v2\/media\/1098"}],"wp:attachment":[{"href":"https:\/\/www.huaruialuminum.com\/es\/wp-json\/wp\/v2\/media?parent=1355"}],"wp:term":[{"taxonomy":"product_brand","embeddable":true,"href":"https:\/\/www.huaruialuminum.com\/es\/wp-json\/wp\/v2\/product_brand?post=1355"},{"taxonomy":"product_cat","embeddable":true,"href":"https:\/\/www.huaruialuminum.com\/es\/wp-json\/wp\/v2\/product_cat?post=1355"},{"taxonomy":"product_tag","embeddable":true,"href":"https:\/\/www.huaruialuminum.com\/es\/wp-json\/wp\/v2\/product_tag?post=1355"}],"curies":[{"name":"wp","href":"https:\/\/api.w.org\/{rel}","templated":true}]}}