{"id":232,"date":"2025-02-13T07:29:25","date_gmt":"2025-02-13T07:29:25","guid":{"rendered":"https:\/\/www.huaruialuminum.com\/?post_type=product&#038;p=232"},"modified":"2025-12-29T03:13:41","modified_gmt":"2025-12-29T03:13:41","slug":"aluminum-circle-1060","status":"publish","type":"product","link":"https:\/\/www.huaruialuminum.com\/es\/producto\/aluminum-circle-1060\/","title":{"rendered":"Discos de aluminio"},"content":{"rendered":"<p><strong>Aluminum discs manufacturer<\/strong><br \/>\nWe are professional aluminum discs t manufacturer in Jinan, China. Our aluminum discs is wildly used for producing cookware, utensil, pizza pan, pressure cooker, bakeware, road sign and traffic sign. Since it is 99.5% pure aluminum, it has no break or orange peel problems when you spinning or deep drawing. We can produce both CC and DC aluminum discs.<\/p>\n<p>Aluminum discs 1050<br \/>\nAluminum discs 1060<br \/>\nAluminum discs 1100<br \/>\nAluminum discs 3003<\/p>\n<p><strong>What&#8217;s the information of aluminum disc?<\/strong><br \/>\nAlloy Number: 1050,1060,1100,1200,3003,8011<br \/>\nTemper: O, H12, H14, H16, H18, soft\u00a0,1\/2 hard, 1\/4 hard<br \/>\nSurface treatment: Mill finish, non-stick surface,<br \/>\nThickness: 0.4mm- 8mm<br \/>\nDiameter: 40mm-1360mm<br \/>\nPackaging: Standard\u00a0seaworthy\u00a0export\u00a0packing &#8211; the height of the pallet is 90mm, suitable for unloading with forklift. For 1 x 20FCL can load 27 Tons.<br \/>\nDelivery time: 20 Days<br \/>\nForma de pago: T\/T, L\/C a la vista<br \/>\nMOQ: 500KGS per size<\/p>\n<p>Our aluminum discs are produced with by 99.7% pure aluminum ingot, so our aluminum circle without orange peel problems when you spinning or deep drawing.Our quality is good for deep drawing, spinning.\u00a0So it is wildly used for cookware. aren\u2019t made by aluminum scrap, it makes<\/p>\n<p><strong>Discos de aluminio Composici\u00f3n qu\u00edmica y propiedades mec\u00e1nicas y caracter\u00edsticas:<\/strong><\/p>\n<p>Properties\u00a0of\u00a0the\u00a0aluminum\u00a0circle<br \/>\n1.Low\u00a0anisotropy, which\u00a0facilitates\u00a0deep\u00a0drawing\u00a0,Good plasticity, conductivity ,no four ears,<br \/>\n2.Strong\u00a0mechanical\u00a0properties<br \/>\n3.High\u00a0and\u00a0homogeneous\u00a0heat\u00a0diffusion<br \/>\n4.Ability\u00a0to\u00a0be\u00a0enameled,\u00a0covered\u00a0by\u00a0PTFE\u00a0(or\u00a0others),\u00a0anodized<br \/>\n5.Good\u00a0reflectivity<br \/>\n6.High\u00a0strength-to-weight\u00a0ratio<br \/>\n7.Durability\u00a0and\u00a0resistance\u00a0to\u00a0corrosion<br \/>\n8.Surface\u00a0quality mill finish: no oil stain, no scratches, rolling marks or orange peel problem.<\/p>\n<p><img fetchpriority=\"high\" decoding=\"async\" class=\"alignnone wp-image-443\" src=\"https:\/\/www.huaruialuminum.com\/wp-content\/uploads\/2025\/02\/aluminum-disc-Press-machine-300x200.png\" alt=\"\" width=\"390\" height=\"260\" srcset=\"https:\/\/www.huaruialuminum.com\/wp-content\/uploads\/2025\/02\/aluminum-disc-Press-machine-300x200.png 300w, https:\/\/www.huaruialuminum.com\/wp-content\/uploads\/2025\/02\/aluminum-disc-Press-machine-18x12.png 18w, https:\/\/www.huaruialuminum.com\/wp-content\/uploads\/2025\/02\/aluminum-disc-Press-machine.png 600w\" sizes=\"(max-width: 390px) 100vw, 390px\" \/>\u00a0 \u00a0<img decoding=\"async\" class=\"alignnone wp-image-449\" src=\"https:\/\/www.huaruialuminum.com\/wp-content\/uploads\/2025\/02\/Deep-drawing-quality-aluminum-circles-1-300x200.png\" alt=\"\" width=\"390\" height=\"260\" srcset=\"https:\/\/www.huaruialuminum.com\/wp-content\/uploads\/2025\/02\/Deep-drawing-quality-aluminum-circles-1-300x200.png 300w, https:\/\/www.huaruialuminum.com\/wp-content\/uploads\/2025\/02\/Deep-drawing-quality-aluminum-circles-1-18x12.png 18w, https:\/\/www.huaruialuminum.com\/wp-content\/uploads\/2025\/02\/Deep-drawing-quality-aluminum-circles-1.png 600w\" sizes=\"(max-width: 390px) 100vw, 390px\" \/><\/p>\n<p><strong>What is your aluminum circle range and dies sizes?<\/strong><br \/>\n1) The range we can do is from 50 mm to 1360mm<br \/>\n2) Our dies sizes are like 150,155,160,165( 5 mm ranges),etc. Here is our chart for you:<\/p>\n\n<table id=\"tablepress-3\" class=\"tablepress tablepress-id-3 tbody-has-connected-cells\">\n<thead>\n<tr class=\"row-1\">\n\t<th class=\"column-1\">\u03a630mm<\/th><th class=\"column-2\">\u03a635mm<\/th><th class=\"column-3\">\u03a640mm<\/th><th class=\"column-4\">\u03a645mm<\/th><th class=\"column-5\">\u03a650mm<\/th><th class=\"column-6\">\u03a655mm<\/th><th class=\"column-7\">\u03a660mm<\/th><th class=\"column-8\">\u03a665mm<\/th><th class=\"column-9\">\u03a670mm<\/th><th class=\"column-10\">\u03a675mm<\/th>\n<\/tr>\n<\/thead>\n<tbody class=\"row-striping row-hover\">\n<tr class=\"row-2\">\n\t<td class=\"column-1\">\u03a680mm<\/td><td class=\"column-2\">\u03a685mm<\/td><td class=\"column-3\">\u03a690mm<\/td><td class=\"column-4\">\u03a6100mm<\/td><td class=\"column-5\">\u03a6105mm<\/td><td class=\"column-6\">\u03a6110mm<\/td><td class=\"column-7\">\u03a6115mm<\/td><td class=\"column-8\">\u03a6120mm<\/td><td class=\"column-9\">\u03a6125mm<\/td><td class=\"column-10\">\u03a6130mm<\/td>\n<\/tr>\n<tr class=\"row-3\">\n\t<td class=\"column-1\">\u03a6135mm<\/td><td class=\"column-2\">\u03a6140mm<\/td><td class=\"column-3\">\u03a6145mm<\/td><td class=\"column-4\">\u03a6150mm<\/td><td class=\"column-5\">\u03a6160mm<\/td><td class=\"column-6\">\u03a6170mm<\/td><td class=\"column-7\">\u03a6180mm<\/td><td class=\"column-8\">\u03a6200mm<\/td><td class=\"column-9\">\u03a6205mm<\/td><td class=\"column-10\">\u03a6220mm<\/td>\n<\/tr>\n<tr class=\"row-4\">\n\t<td class=\"column-1\">\u03a6230mm<\/td><td class=\"column-2\">\u03a6240mm<\/td><td class=\"column-3\">\u03a6245mm<\/td><td class=\"column-4\">\u03a6255mm<\/td><td class=\"column-5\">\u03a6270mm<\/td><td class=\"column-6\">\u03a6290mm<\/td><td class=\"column-7\">\u03a6300mm<\/td><td class=\"column-8\">\u03a6330mm<\/td><td class=\"column-9\">\u03a6350mm<\/td><td class=\"column-10\">\u03a6360mm<\/td>\n<\/tr>\n<tr class=\"row-5\">\n\t<td class=\"column-1\">\u03a6390mm<\/td><td class=\"column-2\">\u03a6400mm<\/td><td class=\"column-3\">\u03a6420mm<\/td><td class=\"column-4\">\u03a6430mm<\/td><td class=\"column-5\">\u03a6450mm<\/td><td class=\"column-6\">\u03a6460mm<\/td><td class=\"column-7\">\u03a6480mm<\/td><td class=\"column-8\">\u03a6500mm<\/td><td class=\"column-9\">\u03a6510mm<\/td><td class=\"column-10\">\u03a6520mm<\/td>\n<\/tr>\n<tr class=\"row-6\">\n\t<td class=\"column-1\">\u03a6600mm<\/td><td class=\"column-2\">\u03a6620mm<\/td><td class=\"column-3\">\u03a6660mm<\/td><td class=\"column-4\">\u03a6700mm<\/td><td class=\"column-5\">\u03a6710mm<\/td><td class=\"column-6\">\u03a6785mm<\/td><td class=\"column-7\">\u03a6795mm<\/td><td class=\"column-8\">\u03a6800mm<\/td><td colspan=\"2\" class=\"column-9\">\u03a6801mmto \u03a61360mm<\/td>\n<\/tr>\n<tr class=\"row-7\">\n\t<td colspan=\"10\" class=\"column-1\">This is the only part of our dies size, please send me your order list, I can check our available diameter for you.<\/td>\n<\/tr>\n<\/tbody>\n<\/table>\n<!-- #tablepress-3 from cache -->\n\n<table id=\"tablepress-4\" class=\"tablepress tablepress-id-4 tbody-has-connected-cells\">\n<thead>\n<tr class=\"row-1\">\n\t<th class=\"column-1\">ALLOY<\/th><th class=\"column-2\">CC Material<\/th><th class=\"column-3\">DC Material<\/th><th class=\"column-4\">Tiempo de producci\u00f3n<\/th><th class=\"column-5\">MOQ<\/th><th class=\"column-6\">1 x20FCL<\/th><th class=\"column-7\">1 x40FCL<\/th><td class=\"column-8\"><\/td>\n<\/tr>\n<\/thead>\n<tbody class=\"row-striping row-hover\">\n<tr class=\"row-2\">\n\t<td class=\"column-1\">1050<\/td><td class=\"column-2\">FOB 2.30USD\/KGS<\/td><td class=\"column-3\">FOB 2.48USD\/KGS<\/td><td rowspan=\"5\" class=\"column-4\">25 Days<\/td><td rowspan=\"5\" class=\"column-5\">500KGS each size<\/td><td rowspan=\"5\" class=\"column-6\">27 Tons<\/td><td rowspan=\"5\" class=\"column-7\">28 toneladas<\/td><td class=\"column-8\"><\/td>\n<\/tr>\n<tr class=\"row-3\">\n\t<td class=\"column-1\">1060<\/td><td class=\"column-2\">FOB 2.30USD\/KGS<\/td><td class=\"column-3\">FOB 2.48USD\/KGS<\/td><td class=\"column-8\"><\/td>\n<\/tr>\n<tr class=\"row-4\">\n\t<td class=\"column-1\">1100<\/td><td class=\"column-2\">FOB 2.30USD\/KGS<\/td><td class=\"column-3\">FOB 2.48USD\/KGS<\/td><td class=\"column-8\"><\/td>\n<\/tr>\n<tr class=\"row-5\">\n\t<td class=\"column-1\">1200<\/td><td class=\"column-2\">FOB 2.30USD\/KGS<\/td><td class=\"column-3\">FOB 2.48USD\/KGS<\/td><td class=\"column-8\"><\/td>\n<\/tr>\n<tr class=\"row-6\">\n\t<td class=\"column-1\">3003<\/td><td class=\"column-2\">FOB 2.36USD\/KGS<\/td><td class=\"column-3\">FOB 2.48USD\/KGS<\/td><td class=\"column-8\"><\/td>\n<\/tr>\n<tr class=\"row-7\">\n\t<td class=\"column-1\"> <\/td><td class=\"column-2\"><\/td><td class=\"column-3\"><\/td><td class=\"column-4\"><\/td><td class=\"column-5\"><\/td><td class=\"column-6\"><\/td><td class=\"column-7\"><\/td><td class=\"column-8\"><\/td>\n<\/tr>\n<\/tbody>\n<\/table>\n<!-- #tablepress-4 from cache -->\n<p><strong>CIRCULO DE ALUMINIO APLICACI\u00d3N y uso:<\/strong><br \/>\nDeep drawing cookware, spinning cookware, \u00a0kitchen utensils\uff0cpizza pan, pressure cooker, bakeware, road sign, Building Material,Insulation, traffic sign,etc. aluminum Non stick cookware\u3001for cookware bottom\u3001for non-stick cookware\u3001for non-stick pan\u3001for non-stick pan\u3001for kitchenware etc.<\/p>\n<p><img decoding=\"async\" class=\"alignnone wp-image-430\" src=\"https:\/\/www.huaruialuminum.com\/wp-content\/uploads\/2025\/02\/ALUMINUM-CIRCLE-APPLICATION-300x200.jpg\" alt=\"\" width=\"390\" height=\"260\" srcset=\"https:\/\/www.huaruialuminum.com\/wp-content\/uploads\/2025\/02\/ALUMINUM-CIRCLE-APPLICATION-300x200.jpg 300w, https:\/\/www.huaruialuminum.com\/wp-content\/uploads\/2025\/02\/ALUMINUM-CIRCLE-APPLICATION-18x12.jpg 18w, https:\/\/www.huaruialuminum.com\/wp-content\/uploads\/2025\/02\/ALUMINUM-CIRCLE-APPLICATION.jpg 600w\" sizes=\"(max-width: 390px) 100vw, 390px\" \/>\u00a0 \u00a0<img decoding=\"async\" class=\"alignnone wp-image-449\" src=\"https:\/\/www.huaruialuminum.com\/wp-content\/uploads\/2025\/02\/Deep-drawing-quality-aluminum-circles-1-300x200.png\" alt=\"\" width=\"390\" height=\"260\" srcset=\"https:\/\/www.huaruialuminum.com\/wp-content\/uploads\/2025\/02\/Deep-drawing-quality-aluminum-circles-1-300x200.png 300w, https:\/\/www.huaruialuminum.com\/wp-content\/uploads\/2025\/02\/Deep-drawing-quality-aluminum-circles-1-18x12.png 18w, https:\/\/www.huaruialuminum.com\/wp-content\/uploads\/2025\/02\/Deep-drawing-quality-aluminum-circles-1.png 600w\" sizes=\"(max-width: 390px) 100vw, 390px\" \/><\/p>\n<p><strong>Aluminium circle price per kg and what\u2019s your MOQ?<\/strong><br \/>\nThe aluminum circles price changes everyday and it depends on the market. FYI, today our aluminum circles price is 3.0USD per kg. Our MOQ is 500KGS per size.<\/p>\n<p>PREGUNTAS FRECUENTES:<br \/>\n<strong>1.Q:Do you produce large aluminum discs? What\u2019s the max diameter disc you can produce?<\/strong><br \/>\nA: Yes, we can produce large aluminum discs. We have 2 circular cutting machines and 5 dies pressing machines, the max diameter we can produce is 1500mm.<\/p>\n<p><strong>2.Q: What\u2019s the different of CC aluminum circles and DC aluminum circles?<\/strong><br \/>\nA: CC aluminum circles means Continuous Cast. The Manufacturing Process is Aluminum ingot &#8211; Melting &#8211; Continuous Casting &#8211; Coil &#8211; circles &#8211; Packing.<br \/>\nDC aluminum Circles means Direct casting. The Manufacturing Process is Aluminum ingot &#8211; melting &#8211; Square Billets &#8211; Direct casting- coil &#8211; circles.<br \/>\nAs we all know that, many customer use our aluminum circles for cookware and utensil. There are 2 ways to make cookware-Pressing and Spinning. If you do spinning, use CC material, if you do pressing(DDQ) deeper than 150mm,please use DC material.<\/p>\n<p><strong>3. What\u2019s the Manufacturing Process of aluminum circle?<\/strong><br \/>\nThere are 2 ways to produce aluminum circle, circular cutting and dies cutting.<br \/>\nFor circular cutting,it can make very big sizes(1000mm more),but the circle will be not very round, and the edge will be very sharp, easy to hurt workers.<\/p>","protected":false},"excerpt":{"rendered":"<p>Alloy Number: 1050,1060,1100,1200,3003,8011<br \/>\nTemper: O, H12, H14, H16, H18, soft\u00a0,1\/2 hard, 1\/4 hard<br \/>\nSurface treatment: Mill finish, non-stick surface,<br \/>\nThickness: 0.4mm- 8mm<br \/>\nDiameter: 40mm-1360mm<\/p>","protected":false},"featured_media":433,"comment_status":"open","ping_status":"closed","template":"","meta":{"postBodyCss":"","postBodyMargin":[],"postBodyPadding":[],"postBodyBackground":{"backgroundType":"classic","gradient":""},"site-sidebar-layout":"default","site-content-layout":"","ast-site-content-layout":"default","site-content-style":"default","site-sidebar-style":"default","ast-global-header-display":"","ast-banner-title-visibility":"","ast-main-header-display":"","ast-hfb-above-header-display":"","ast-hfb-below-header-display":"","ast-hfb-mobile-header-display":"","site-post-title":"","ast-breadcrumbs-content":"","ast-featured-img":"","footer-sml-layout":"","ast-disable-related-posts":"","theme-transparent-header-meta":"default","adv-header-id-meta":"","stick-header-meta":"","header-above-stick-meta":"","header-main-stick-meta":"","header-below-stick-meta":"","astra-migrate-meta-layouts":"set","ast-page-background-enabled":"default","ast-page-background-meta":{"desktop":{"background-color":"var(--ast-global-color-5)","background-image":"","background-repeat":"repeat","background-position":"center center","background-size":"auto","background-attachment":"scroll","background-type":"","background-media":"","overlay-type":"","overlay-color":"","overlay-opacity":"","overlay-gradient":""},"tablet":{"background-color":"","background-image":"","background-repeat":"repeat","background-position":"center center","background-size":"auto","background-attachment":"scroll","background-type":"","background-media":"","overlay-type":"","overlay-color":"","overlay-opacity":"","overlay-gradient":""},"mobile":{"background-color":"","background-image":"","background-repeat":"repeat","background-position":"center center","background-size":"auto","background-attachment":"scroll","background-type":"","background-media":"","overlay-type":"","overlay-color":"","overlay-opacity":"","overlay-gradient":""}},"ast-content-background-meta":{"desktop":{"background-color":"var(--ast-global-color-4)","background-image":"","background-repeat":"repeat","background-position":"center center","background-size":"auto","background-attachment":"scroll","background-type":"","background-media":"","overlay-type":"","overlay-color":"","overlay-opacity":"","overlay-gradient":""},"tablet":{"background-color":"var(--ast-global-color-4)","background-image":"","background-repeat":"repeat","background-position":"center center","background-size":"auto","background-attachment":"scroll","background-type":"","background-media":"","overlay-type":"","overlay-color":"","overlay-opacity":"","overlay-gradient":""},"mobile":{"background-color":"var(--ast-global-color-4)","background-image":"","background-repeat":"repeat","background-position":"center center","background-size":"auto","background-attachment":"scroll","background-type":"","background-media":"","overlay-type":"","overlay-color":"","overlay-opacity":"","overlay-gradient":""}}},"product_brand":[],"product_cat":[28,31],"product_tag":[],"class_list":{"0":"post-232","1":"product","2":"type-product","3":"status-publish","4":"has-post-thumbnail","6":"product_cat-aluminum","7":"product_cat-products","8":"desktop-align-left","9":"tablet-align-left","10":"mobile-align-left","12":"first","13":"instock","14":"shipping-taxable","15":"product-type-simple"},"aioseo_notices":[],"_links":{"self":[{"href":"https:\/\/www.huaruialuminum.com\/es\/wp-json\/wp\/v2\/product\/232","targetHints":{"allow":["GET"]}}],"collection":[{"href":"https:\/\/www.huaruialuminum.com\/es\/wp-json\/wp\/v2\/product"}],"about":[{"href":"https:\/\/www.huaruialuminum.com\/es\/wp-json\/wp\/v2\/types\/product"}],"replies":[{"embeddable":true,"href":"https:\/\/www.huaruialuminum.com\/es\/wp-json\/wp\/v2\/comments?post=232"}],"version-history":[{"count":1,"href":"https:\/\/www.huaruialuminum.com\/es\/wp-json\/wp\/v2\/product\/232\/revisions"}],"predecessor-version":[{"id":442,"href":"https:\/\/www.huaruialuminum.com\/es\/wp-json\/wp\/v2\/product\/232\/revisions\/442"}],"wp:featuredmedia":[{"embeddable":true,"href":"https:\/\/www.huaruialuminum.com\/es\/wp-json\/wp\/v2\/media\/433"}],"wp:attachment":[{"href":"https:\/\/www.huaruialuminum.com\/es\/wp-json\/wp\/v2\/media?parent=232"}],"wp:term":[{"taxonomy":"product_brand","embeddable":true,"href":"https:\/\/www.huaruialuminum.com\/es\/wp-json\/wp\/v2\/product_brand?post=232"},{"taxonomy":"product_cat","embeddable":true,"href":"https:\/\/www.huaruialuminum.com\/es\/wp-json\/wp\/v2\/product_cat?post=232"},{"taxonomy":"product_tag","embeddable":true,"href":"https:\/\/www.huaruialuminum.com\/es\/wp-json\/wp\/v2\/product_tag?post=232"}],"curies":[{"name":"wp","href":"https:\/\/api.w.org\/{rel}","templated":true}]}}