{"id":666,"date":"2025-02-28T05:51:23","date_gmt":"2025-02-28T05:51:23","guid":{"rendered":"https:\/\/www.huaruialuminum.com\/?post_type=product&#038;p=666"},"modified":"2025-12-29T05:47:59","modified_gmt":"2025-12-29T05:47:59","slug":"1100-aluminum-coil","status":"publish","type":"product","link":"https:\/\/www.huaruialuminum.com\/es\/producto\/1100-aluminum-coil\/","title":{"rendered":"1100 Aluminum Coil"},"content":{"rendered":"<p>Aluminum coil 1100<\/p>\n<p><strong>What&#8217;s the information of<\/strong><strong>\u00a0aluminum coil 1100<\/strong><strong>?<\/strong><\/p>\n<p>Alloy Number:\u00a01100<\/p>\n<p>Temper: O,\u00a0H12,\u00a0H14,\u00a0H16, H18, H24<\/p>\n<p>Thickness: 0.2mm\u00a0&#8211; 6.35mm<\/p>\n<p>Width: 300mm-2600mm<\/p>\n<p>Inner Diameter: 505mm, 508mm, 305mm, 76mm; Maximum OD: 2000MM<\/p>\n<p>Standard width: 1000mm, 1200mm, 1220mm, 1250mm, 1500mm<\/p>\n<p>Thickness tolerance: +\/-0.02mm, Width tolerance: \u00a0-0 \/ +2mm<\/p>\n<p>Maximum weight per coil: 7 Tons<\/p>\n<p><strong><b>The purity can reach more than 99.00%<\/b><\/strong><\/p>\n<p><img fetchpriority=\"high\" decoding=\"async\" class=\"alignnone wp-image-1159\" src=\"https:\/\/www.huaruialuminum.com\/wp-content\/uploads\/2025\/12\/1100-aluminum-coil-300x200.jpg\" alt=\"\" width=\"800\" height=\"533\" srcset=\"https:\/\/www.huaruialuminum.com\/wp-content\/uploads\/2025\/12\/1100-aluminum-coil-300x200.jpg 300w, https:\/\/www.huaruialuminum.com\/wp-content\/uploads\/2025\/12\/1100-aluminum-coil-18x12.jpg 18w, https:\/\/www.huaruialuminum.com\/wp-content\/uploads\/2025\/12\/1100-aluminum-coil.jpg 600w\" sizes=\"(max-width: 800px) 100vw, 800px\" \/><\/p>\n<p>El 1100 es uno de los n\u00fameros de aleaci\u00f3n con mayor contenido de aluminio entre todas las series. La pureza puede alcanzar m\u00e1s del 99,00%. Dado que no contiene otros elementos met\u00e1licos, es un proceso de producci\u00f3n \u00fanico y relativamente barato. Esto hace que sea la serie m\u00e1s utilizada en la industria convencional. Tiene conductividad, buena conductividad t\u00e9rmica, que es muy bueno y s\u00f3lo despu\u00e9s de la plata, el cobre y el oro. Baja densidad: La densidad del aluminio puro es de 2,71KG\/M3. cerca de 35% de hierro.<\/p>\n<p><strong>A<\/strong><strong>luminum <\/strong><strong>Coil<\/strong><strong>\u00a0<\/strong><strong>1100 <\/strong><strong><b>Properties\u00a0<\/b><\/strong><strong>Chemistry Composition<\/strong><\/p>\n<p><strong> \n<table id=\"tablepress-62\" class=\"tablepress tablepress-id-62 tbody-has-connected-cells\">\n<thead>\n<tr class=\"row-1\">\n\t<th class=\"column-1\"><strong>Aleaci\u00f3n<\/strong><\/th><th class=\"column-2\"><strong>Si<\/strong><\/th><th class=\"column-3\"><strong>Fe<\/strong><\/th><th class=\"column-4\"><strong>Cu<\/strong><\/th><th class=\"column-5\"><strong>Mn<\/strong><\/th><th class=\"column-6\"><strong>Mg<\/strong><\/th><th class=\"column-7\"><strong>Cr<\/strong><\/th><th class=\"column-8\"><strong>Ni<\/strong><\/th><th class=\"column-9\"><strong>Zn<\/strong><\/th><th class=\"column-10\"><strong>Ti<\/strong><\/th><th class=\"column-11\"><strong>Al<\/strong><\/th>\n<\/tr>\n<\/thead>\n<tbody class=\"row-striping row-hover\">\n<tr class=\"row-2\">\n\t<td class=\"column-1\">1100<\/td><td colspan=\"2\" class=\"column-2\">0.95<\/td><td class=\"column-4\">0.05-0.2<\/td><td class=\"column-5\">0.05<\/td><td class=\"column-6\">-<\/td><td class=\"column-7\">-<\/td><td class=\"column-8\">-<\/td><td class=\"column-9\">0.1<\/td><td class=\"column-10\">-<\/td><td class=\"column-11\">99<\/td>\n<\/tr>\n<\/tbody>\n<\/table>\n<!-- #tablepress-62 from cache --><\/strong><\/p>\n<p><strong>Aluminum<\/strong><strong>\u00a0<\/strong><strong>C<\/strong><strong>oil <\/strong><strong>1100 H14 a<\/strong><strong>pplication:<\/strong><\/p>\n<p>-Equipos qu\u00edmicos, materiales conductores, equipos qu\u00edmicos, instrumentos, se\u00f1ales de tr\u00e1fico, placas de matr\u00edcula de veh\u00edculos de motor, utensilios de cocina, materiales de decoraci\u00f3n de edificios, ferreter\u00eda y utensilios de cocina, piezas de m\u00e1quinas;<\/p>\n<p><strong>Aluminum Coil 1100 H16 for Roofing:<\/strong><\/p>\n<p>Aluminum coil have very good plasticity, good welding performance and corrosion resistance. So it is wildly used for producing roofing. Especially after the PE or PVDF color coated, the roofing can be used over 20 years and wildly used for building, construction, decoration.<\/p>\n<p><strong>Aluminum Coil 1100 \u00a0Size: 1.2mm x 2590.8mm (102<\/strong><strong>\u2019\u2019<\/strong><strong>)<\/strong><\/p>\n<p><img decoding=\"async\" class=\"alignnone wp-image-667\" src=\"https:\/\/www.huaruialuminum.com\/wp-content\/uploads\/2025\/02\/\u5fae\u4fe1\u56fe\u7247_20250228085853-300x225.jpg\" alt=\"\" width=\"390\" height=\"293\" srcset=\"https:\/\/www.huaruialuminum.com\/wp-content\/uploads\/2025\/02\/\u5fae\u4fe1\u56fe\u7247_20250228085853-300x225.jpg 300w, https:\/\/www.huaruialuminum.com\/wp-content\/uploads\/2025\/02\/\u5fae\u4fe1\u56fe\u7247_20250228085853-1024x768.jpg 1024w, https:\/\/www.huaruialuminum.com\/wp-content\/uploads\/2025\/02\/\u5fae\u4fe1\u56fe\u7247_20250228085853-768x576.jpg 768w, https:\/\/www.huaruialuminum.com\/wp-content\/uploads\/2025\/02\/\u5fae\u4fe1\u56fe\u7247_20250228085853-1536x1152.jpg 1536w, https:\/\/www.huaruialuminum.com\/wp-content\/uploads\/2025\/02\/\u5fae\u4fe1\u56fe\u7247_20250228085853-2048x1536.jpg 2048w, https:\/\/www.huaruialuminum.com\/wp-content\/uploads\/2025\/02\/\u5fae\u4fe1\u56fe\u7247_20250228085853-16x12.jpg 16w, https:\/\/www.huaruialuminum.com\/wp-content\/uploads\/2025\/02\/\u5fae\u4fe1\u56fe\u7247_20250228085853-600x450.jpg 600w\" sizes=\"(max-width: 390px) 100vw, 390px\" \/>\u00a0 \u00a0<img decoding=\"async\" class=\"alignnone wp-image-668\" src=\"https:\/\/www.huaruialuminum.com\/wp-content\/uploads\/2025\/02\/\u5fae\u4fe1\u56fe\u7247_20250228085856-300x225.jpg\" alt=\"\" width=\"390\" height=\"293\" srcset=\"https:\/\/www.huaruialuminum.com\/wp-content\/uploads\/2025\/02\/\u5fae\u4fe1\u56fe\u7247_20250228085856-300x225.jpg 300w, https:\/\/www.huaruialuminum.com\/wp-content\/uploads\/2025\/02\/\u5fae\u4fe1\u56fe\u7247_20250228085856-1024x768.jpg 1024w, https:\/\/www.huaruialuminum.com\/wp-content\/uploads\/2025\/02\/\u5fae\u4fe1\u56fe\u7247_20250228085856-768x576.jpg 768w, https:\/\/www.huaruialuminum.com\/wp-content\/uploads\/2025\/02\/\u5fae\u4fe1\u56fe\u7247_20250228085856-1536x1152.jpg 1536w, https:\/\/www.huaruialuminum.com\/wp-content\/uploads\/2025\/02\/\u5fae\u4fe1\u56fe\u7247_20250228085856-16x12.jpg 16w, https:\/\/www.huaruialuminum.com\/wp-content\/uploads\/2025\/02\/\u5fae\u4fe1\u56fe\u7247_20250228085856-600x450.jpg 600w, https:\/\/www.huaruialuminum.com\/wp-content\/uploads\/2025\/02\/\u5fae\u4fe1\u56fe\u7247_20250228085856.jpg 1920w\" sizes=\"(max-width: 390px) 100vw, 390px\" \/><\/p>\n<p><strong>Aluminum Coil 1100<\/strong><strong>\u00a0<\/strong><strong>P<\/strong><strong>rice per sheet \/ per <\/strong><strong>kg<\/strong><\/p>\n<p>The aluminum sheet\u00a0price changes everyday and it depends on the market.<\/p>\n<p>Aqu\u00ed est\u00e1 nuestro precio de la hoja de aluminio por KGS para usted:<\/p>\n<p><strong>\n<table id=\"tablepress-63\" class=\"tablepress tablepress-id-63 tbody-has-connected-cells\">\n<thead>\n<tr class=\"row-1\">\n\t<th class=\"column-1\"><strong>Aleaci\u00f3n<\/strong><\/th><th class=\"column-2\"><strong>Si<\/strong><\/th><th class=\"column-3\"><strong>Fe<\/strong><\/th><th class=\"column-4\"><strong>Cu<\/strong><\/th><th class=\"column-5\"><strong>Mn<\/strong><\/th><th class=\"column-6\"><strong>Mg<\/strong><\/th><th class=\"column-7\"><strong>Cr<\/strong><\/th><th class=\"column-8\"><strong>Ni<\/strong><\/th><th class=\"column-9\"><strong>Zn<\/strong><\/th><th class=\"column-10\"><strong>Ti<\/strong><\/th><th class=\"column-11\"><strong>Al<\/strong><\/th>\n<\/tr>\n<\/thead>\n<tbody class=\"row-striping row-hover\">\n<tr class=\"row-2\">\n\t<td class=\"column-1\"><strong>1060<\/strong><\/td><td class=\"column-2\">0.25<\/td><td class=\"column-3\">0.4<\/td><td class=\"column-4\">0.05<\/td><td class=\"column-5\">0.05<\/td><td class=\"column-6\">0.05<\/td><td class=\"column-7\">-<\/td><td class=\"column-8\">-<\/td><td class=\"column-9\">0.05<\/td><td class=\"column-10\">0.03<\/td><td class=\"column-11\">99.6<\/td>\n<\/tr>\n<tr class=\"row-3\">\n\t<td class=\"column-1\"><strong>1050<\/strong><\/td><td class=\"column-2\">0.25<\/td><td class=\"column-3\">0.4<\/td><td class=\"column-4\">0.05<\/td><td class=\"column-5\">0.05<\/td><td class=\"column-6\">0.05<\/td><td class=\"column-7\">-<\/td><td class=\"column-8\">-<\/td><td class=\"column-9\">0.05<\/td><td class=\"column-10\">0.03<\/td><td class=\"column-11\">99.5<\/td>\n<\/tr>\n<tr class=\"row-4\">\n\t<td class=\"column-1\"><strong>1100<\/strong><\/td><td colspan=\"2\" class=\"column-2\">0.95<\/td><td class=\"column-4\">0.05-0.2<\/td><td class=\"column-5\">0.05<\/td><td class=\"column-6\">-<\/td><td class=\"column-7\">-<\/td><td class=\"column-8\">-<\/td><td class=\"column-9\">0.1<\/td><td class=\"column-10\">-<\/td><td class=\"column-11\">99<\/td>\n<\/tr>\n<tr class=\"row-5\">\n\t<td class=\"column-1\"><strong>1200<\/strong><\/td><td colspan=\"2\" class=\"column-2\">1<\/td><td class=\"column-4\">0.05<\/td><td class=\"column-5\">0.05<\/td><td class=\"column-6\">-<\/td><td class=\"column-7\">-<\/td><td class=\"column-8\">-<\/td><td class=\"column-9\">0.1<\/td><td class=\"column-10\">0.05<\/td><td class=\"column-11\">99<\/td>\n<\/tr>\n<tr class=\"row-6\">\n\t<td class=\"column-1\"><strong>3003<\/strong><\/td><td class=\"column-2\">0.6<\/td><td class=\"column-3\">0.7<\/td><td class=\"column-4\">0.05-0.2<\/td><td class=\"column-5\">1.0-1.5<\/td><td class=\"column-6\">-<\/td><td class=\"column-7\">-<\/td><td class=\"column-8\">-<\/td><td class=\"column-9\">0.1<\/td><td class=\"column-10\">-<\/td><td class=\"column-11\">Resto<\/td>\n<\/tr>\n<\/tbody>\n<\/table>\n<!-- #tablepress-63 from cache --><\/strong><\/p>\n<p><strong><b>Aluminum Coil Packing and Loading: <\/b><\/strong><\/p>\n<p>Los embalajes marinos deben protegerse de la humedad.<\/p>\n<p>Envase para evitar toda contaminaci\u00f3n por humedad<\/p>\n<p>Los Heat# deben registrarse en todos los paquetes<\/p>\n<p>No mezclar calores dentro de los haces<\/p>\n<p>Paquete de tallas individuales por separado<\/p>\n<p>2-3 mils medium tack clear or clear blue PVC one side.<\/p>\n<p>Critical surface quality:No chatter, no Pitt marks, no weld, no stains accepted<\/p>\n<p><img loading=\"lazy\" decoding=\"async\" class=\"alignnone wp-image-1165\" src=\"https:\/\/www.huaruialuminum.com\/wp-content\/uploads\/2025\/12\/3105-aluminum-coil-300x200.jpg\" alt=\"\" width=\"390\" height=\"260\" srcset=\"https:\/\/www.huaruialuminum.com\/wp-content\/uploads\/2025\/12\/3105-aluminum-coil-300x200.jpg 300w, https:\/\/www.huaruialuminum.com\/wp-content\/uploads\/2025\/12\/3105-aluminum-coil-18x12.jpg 18w, https:\/\/www.huaruialuminum.com\/wp-content\/uploads\/2025\/12\/3105-aluminum-coil.jpg 600w\" sizes=\"(max-width: 390px) 100vw, 390px\" \/>\u00a0 \u00a0 <img loading=\"lazy\" decoding=\"async\" class=\"alignnone wp-image-1175\" src=\"https:\/\/www.huaruialuminum.com\/wp-content\/uploads\/2025\/12\/aluminium-coil-300x200.jpg\" alt=\"\" width=\"390\" height=\"260\" srcset=\"https:\/\/www.huaruialuminum.com\/wp-content\/uploads\/2025\/12\/aluminium-coil-300x200.jpg 300w, https:\/\/www.huaruialuminum.com\/wp-content\/uploads\/2025\/12\/aluminium-coil-18x12.jpg 18w, https:\/\/www.huaruialuminum.com\/wp-content\/uploads\/2025\/12\/aluminium-coil.jpg 600w\" sizes=\"(max-width: 390px) 100vw, 390px\" \/><\/p>\n<p>&nbsp;<\/p>","protected":false},"excerpt":{"rendered":"<p>Alloy Number:\u00a01100<\/p>\n<p>Temper: O,\u00a0H12,\u00a0H14,\u00a0H16, H18, H24<\/p>\n<p>Thickness: 0.2mm\u00a0&#8211; 6.35mm<\/p>\n<p>Width: 300mm-2600mm<\/p>\n<p>Inner Diameter: 505mm, 508mm, 305mm, 76mm; Maximum OD: 2000MM,<\/p>\n<p>Standard width: 1000mm, 1200mm, 1220mm, 1250mm, 1500mm,<\/p>\n<p>Thickness\u00a0tolerance: +\/-0.02mm, Width tolerance: \u00a0-0 \/ +2mm;<\/p>\n<p>Maximum weight per coil: 7 Tons,<\/p>","protected":false},"featured_media":1206,"comment_status":"open","ping_status":"closed","template":"","meta":{"postBodyCss":"","postBodyMargin":[],"postBodyPadding":[],"postBodyBackground":{"backgroundType":"classic","gradient":""},"site-sidebar-layout":"default","site-content-layout":"","ast-site-content-layout":"default","site-content-style":"default","site-sidebar-style":"default","ast-global-header-display":"","ast-banner-title-visibility":"","ast-main-header-display":"","ast-hfb-above-header-display":"","ast-hfb-below-header-display":"","ast-hfb-mobile-header-display":"","site-post-title":"","ast-breadcrumbs-content":"","ast-featured-img":"","footer-sml-layout":"","ast-disable-related-posts":"","theme-transparent-header-meta":"default","adv-header-id-meta":"","stick-header-meta":"","header-above-stick-meta":"","header-main-stick-meta":"","header-below-stick-meta":"","astra-migrate-meta-layouts":"set","ast-page-background-enabled":"default","ast-page-background-meta":{"desktop":{"background-color":"var(--ast-global-color-5)","background-image":"","background-repeat":"repeat","background-position":"center center","background-size":"auto","background-attachment":"scroll","background-type":"","background-media":"","overlay-type":"","overlay-color":"","overlay-opacity":"","overlay-gradient":""},"tablet":{"background-color":"","background-image":"","background-repeat":"repeat","background-position":"center center","background-size":"auto","background-attachment":"scroll","background-type":"","background-media":"","overlay-type":"","overlay-color":"","overlay-opacity":"","overlay-gradient":""},"mobile":{"background-color":"","background-image":"","background-repeat":"repeat","background-position":"center center","background-size":"auto","background-attachment":"scroll","background-type":"","background-media":"","overlay-type":"","overlay-color":"","overlay-opacity":"","overlay-gradient":""}},"ast-content-background-meta":{"desktop":{"background-color":"var(--ast-global-color-4)","background-image":"","background-repeat":"repeat","background-position":"center center","background-size":"auto","background-attachment":"scroll","background-type":"","background-media":"","overlay-type":"","overlay-color":"","overlay-opacity":"","overlay-gradient":""},"tablet":{"background-color":"var(--ast-global-color-4)","background-image":"","background-repeat":"repeat","background-position":"center center","background-size":"auto","background-attachment":"scroll","background-type":"","background-media":"","overlay-type":"","overlay-color":"","overlay-opacity":"","overlay-gradient":""},"mobile":{"background-color":"var(--ast-global-color-4)","background-image":"","background-repeat":"repeat","background-position":"center center","background-size":"auto","background-attachment":"scroll","background-type":"","background-media":"","overlay-type":"","overlay-color":"","overlay-opacity":"","overlay-gradient":""}}},"product_brand":[],"product_cat":[29,31],"product_tag":[],"class_list":{"0":"post-666","1":"product","2":"type-product","3":"status-publish","4":"has-post-thumbnail","6":"product_cat-aluminum_coil","7":"product_cat-products","8":"desktop-align-left","9":"tablet-align-left","10":"mobile-align-left","12":"first","13":"instock","14":"shipping-taxable","15":"product-type-simple"},"aioseo_notices":[],"_links":{"self":[{"href":"https:\/\/www.huaruialuminum.com\/es\/wp-json\/wp\/v2\/product\/666","targetHints":{"allow":["GET"]}}],"collection":[{"href":"https:\/\/www.huaruialuminum.com\/es\/wp-json\/wp\/v2\/product"}],"about":[{"href":"https:\/\/www.huaruialuminum.com\/es\/wp-json\/wp\/v2\/types\/product"}],"replies":[{"embeddable":true,"href":"https:\/\/www.huaruialuminum.com\/es\/wp-json\/wp\/v2\/comments?post=666"}],"version-history":[{"count":1,"href":"https:\/\/www.huaruialuminum.com\/es\/wp-json\/wp\/v2\/product\/666\/revisions"}],"predecessor-version":[{"id":1393,"href":"https:\/\/www.huaruialuminum.com\/es\/wp-json\/wp\/v2\/product\/666\/revisions\/1393"}],"wp:featuredmedia":[{"embeddable":true,"href":"https:\/\/www.huaruialuminum.com\/es\/wp-json\/wp\/v2\/media\/1206"}],"wp:attachment":[{"href":"https:\/\/www.huaruialuminum.com\/es\/wp-json\/wp\/v2\/media?parent=666"}],"wp:term":[{"taxonomy":"product_brand","embeddable":true,"href":"https:\/\/www.huaruialuminum.com\/es\/wp-json\/wp\/v2\/product_brand?post=666"},{"taxonomy":"product_cat","embeddable":true,"href":"https:\/\/www.huaruialuminum.com\/es\/wp-json\/wp\/v2\/product_cat?post=666"},{"taxonomy":"product_tag","embeddable":true,"href":"https:\/\/www.huaruialuminum.com\/es\/wp-json\/wp\/v2\/product_tag?post=666"}],"curies":[{"name":"wp","href":"https:\/\/api.w.org\/{rel}","templated":true}]}}