{"id":894,"date":"2025-12-11T05:15:55","date_gmt":"2025-12-11T05:15:55","guid":{"rendered":"https:\/\/www.huaruialuminum.com\/?post_type=product&#038;p=894"},"modified":"2026-03-12T05:32:01","modified_gmt":"2026-03-12T05:32:01","slug":"7075-aluminum-sheet","status":"publish","type":"product","link":"https:\/\/www.huaruialuminum.com\/es\/producto\/7075-aluminum-sheet\/","title":{"rendered":"7075 Aluminum Sheet"},"content":{"rendered":"<p>7xxx Series Aluminum sheet mainly alloy is 7075, Temper: T6, T651;<\/p>\n<p>7075 T651 is Al-Mg-Zn-Cu alloy aluminum plate, Hardness over\u00a0160HB;<\/p>\n<p>T651 means relief internal stress; a particular process that has significantly changed the product characteristics (such as mechanical properties, corrosion resistance, etc.). T651 after relief the internal stress, it will not deform when you cut or machining it;<\/p>\n<p>Aluminum Stockist: Over 1,500 Tons ready stock in our warehouse.<\/p>\n<p><img fetchpriority=\"high\" decoding=\"async\" class=\"alignnone wp-image-895\" src=\"https:\/\/www.huaruialuminum.com\/wp-content\/uploads\/2025\/12\/7000-series-aluminum-2-300x200.jpg\" alt=\"\" width=\"390\" height=\"260\" srcset=\"https:\/\/www.huaruialuminum.com\/wp-content\/uploads\/2025\/12\/7000-series-aluminum-2-300x200.jpg 300w, https:\/\/www.huaruialuminum.com\/wp-content\/uploads\/2025\/12\/7000-series-aluminum-2-18x12.jpg 18w, https:\/\/www.huaruialuminum.com\/wp-content\/uploads\/2025\/12\/7000-series-aluminum-2.jpg 600w\" sizes=\"(max-width: 390px) 100vw, 390px\" \/> \u00a0<img decoding=\"async\" class=\"alignnone wp-image-897\" src=\"https:\/\/www.huaruialuminum.com\/wp-content\/uploads\/2025\/12\/7075-T6-aluminum-sheetplate-300x200.jpg\" alt=\"\" width=\"390\" height=\"260\" srcset=\"https:\/\/www.huaruialuminum.com\/wp-content\/uploads\/2025\/12\/7075-T6-aluminum-sheetplate-300x200.jpg 300w, https:\/\/www.huaruialuminum.com\/wp-content\/uploads\/2025\/12\/7075-T6-aluminum-sheetplate-18x12.jpg 18w, https:\/\/www.huaruialuminum.com\/wp-content\/uploads\/2025\/12\/7075-T6-aluminum-sheetplate.jpg 600w\" sizes=\"(max-width: 390px) 100vw, 390px\" \/><\/p>\n<p>Chapa de aluminio 7075 T6<\/p>\n<p>Aluminum sheet 7075 T651<\/p>\n<p>7xxx series aluminum is Al-Mg-Zn-Cu alloy with extra Hardness\u00a0(over\u00a0160HB) and high resistance alloy after heat treated, have good abrasive resistance, is belong to high-end and super hard alloy.<\/p>\n<p><strong><b>Aluminium <\/b><\/strong><strong><b>Alloy: <\/b><\/strong><strong><b>7075<\/b><\/strong><\/p>\n<p>Temper: T6\u00a0\/\u00a0T651\u00a0\/T351<\/p>\n<p>Produce to ASTM B209\u00a0or GB\/T3880-2012, EN485 standard;<\/p>\n<p>Standard size: 4 x 8; 1219 x 2438mm,\u00a01500mm x 3000mm; 1524mm x 3048mm<\/p>\n<p>Superficie: superficie fresada, brillante, pulida,<\/p>\n<p>Mainly market: \u00a0Europe, India, Iran, Pakistan, Thailand, Mexico , USA and so on.<\/p>\n<p>Over 3,000Tons ready stock with standard size 1524\u00a0x 3048mm &amp; 1500\u00a0x 3000mm.<\/p>\n<p>Aplicaci\u00f3n principal:<\/p>\n<p>El aluminio de la serie 7xxx tambi\u00e9n pertenece al aluminio de aviaci\u00f3n, principalmente para componentes aeroespaciales, paneles de aeronaves y alas, largueros, bastidores, pieles, vigas, trenes de aterrizaje, etc.<\/p>\n<p><strong><b>Placa de aluminio 7075 T651 <\/b><\/strong><strong><b>Quality data<\/b><\/strong><strong><b>\u00a0\/<\/b><\/strong><strong><b>Characteristics<\/b><\/strong><strong><b>:<\/b><\/strong><\/p>\n<table>\n<tbody>\n<tr>\n<td width=\"68\"><strong><b>ALLOY<\/b><\/strong><\/td>\n<td width=\"96\"><strong><b>Si<\/b><\/strong><\/td>\n<td width=\"49\"><strong><b>Fe<\/b><\/strong><\/td>\n<td width=\"72\"><strong><b>Cu<\/b><\/strong><\/td>\n<td width=\"51\"><strong><b>Mn<\/b><\/strong><\/td>\n<td width=\"91\"><strong><b>Mg<\/b><\/strong><\/td>\n<td width=\"73\"><strong><b>Cr<\/b><\/strong><\/td>\n<td width=\"81\"><strong><b>Zn<\/b><\/strong><\/td>\n<td width=\"46\"><strong><b>Ti<\/b><\/strong><\/td>\n<td width=\"80\"><strong><b>A1<\/b><\/strong><\/td>\n<\/tr>\n<tr>\n<td width=\"68\"><strong><b>7075<\/b><\/strong><\/td>\n<td width=\"96\">0.40<\/td>\n<td width=\"49\">0.5<\/td>\n<td width=\"72\">1.2~2.0<\/td>\n<td width=\"51\">0.30<\/td>\n<td width=\"91\">2.1~2.9<\/td>\n<td width=\"73\">0.18~0.28<\/td>\n<td width=\"81\">5.1~6.1<\/td>\n<td width=\"46\">0.20<\/td>\n<td width=\"80\">Balance<\/td>\n<\/tr>\n<\/tbody>\n<\/table>\n<p><strong><b>Aluminum Sheet 7075 Mechanical Properties Standard<\/b><\/strong><\/p>\n<table>\n<tbody>\n<tr>\n<td width=\"114\"><strong>Temple<\/strong><\/td>\n<td width=\"122\"><strong><b>Anti \u2013tensile strength<\/b><\/strong><\/p>\n<p><strong><b>N\/m<\/b><\/strong><strong><b>\u33a1<\/b><\/strong><\/td>\n<td width=\"138\"><strong><b>\u00a0<\/b><\/strong><\/p>\n<p><strong><b>Elongation<\/b><\/strong><strong><b> rate<\/b><\/strong><strong><b>\uff08<\/b><\/strong><strong><b>%<\/b><\/strong><strong><b>\uff09<\/b><\/strong><\/td>\n<td width=\"108\"><strong><b>Control de dimensiones<\/b><\/strong><\/td>\n<td width=\"150\"><strong><b>superficie<\/b><\/strong><\/td>\n<td width=\"140\"><strong><b>Dureza<\/b><\/strong><\/td>\n<\/tr>\n<tr>\n<td width=\"114\"><strong><b>7075 T6<\/b><\/strong><\/td>\n<td width=\"122\">580Mpa<\/td>\n<td width=\"138\">11<\/td>\n<td width=\"108\">Cualificado<\/td>\n<td width=\"150\">Negro \/ Brillante<\/td>\n<td width=\"140\">\u00a0Por encima de 160HB<\/td>\n<\/tr>\n<tr>\n<td width=\"114\"><strong><b>7075 T651<\/b><\/strong><\/td>\n<td width=\"122\">595Mpa<\/td>\n<td width=\"138\">14<\/td>\n<td width=\"108\">Cualificado<\/td>\n<td width=\"150\">Negro \/ Brillante<\/td>\n<td width=\"140\">\u00a0Por encima de 160HB<\/td>\n<\/tr>\n<\/tbody>\n<\/table>\n<p><strong><b>Ready STOCK LIST of Alloy 7075 T651<\/b><\/strong><\/p>\n<table>\n<tbody>\n<tr>\n<td width=\"148\"><strong>Aleaci\u00f3n&amp;Temper<\/strong><\/td>\n<td width=\"140\">Cantidad de existencias (toneladas)<\/td>\n<td width=\"196\">Material<\/td>\n<td colspan=\"2\" width=\"319\"><strong>Stock <\/strong><strong>Talla<\/strong><\/td>\n<\/tr>\n<tr>\n<td rowspan=\"4\" width=\"148\">&nbsp;<\/p>\n<p>&nbsp;<\/p>\n<p>Aluminum\u00a0sheet<\/p>\n<p>7075 T6<\/td>\n<td rowspan=\"4\" width=\"140\">&nbsp;<\/p>\n<p>&nbsp;<\/p>\n<p>300 toneladas<\/td>\n<td width=\"196\">Chapa de aluminio de 3 mm<\/td>\n<td width=\"151\">4.0*1250*2500<\/td>\n<td width=\"168\">35*1250*2500<\/td>\n<\/tr>\n<tr>\n<td width=\"196\">Chapa de aluminio de 6 mm<\/td>\n<td width=\"151\">6.0*1220*2440<\/td>\n<td width=\"168\">40*1500*3000<\/td>\n<\/tr>\n<tr>\n<td width=\"196\">L\u00e1minas de 4 x 8 pies<\/td>\n<td width=\"151\">6.0*1220*2440<\/td>\n<td width=\"168\">45*1220*2440<\/td>\n<\/tr>\n<tr>\n<td width=\"196\">3.0*1220*2440<\/td>\n<td width=\"151\">8.0*1500*3000<\/td>\n<td width=\"168\">50*1500*3000<\/td>\n<\/tr>\n<tr>\n<td rowspan=\"8\" width=\"148\">&nbsp;<\/p>\n<p>&nbsp;<\/p>\n<p>&nbsp;<\/p>\n<p>Aluminum\u00a0Plate<\/p>\n<p>7075 T651<\/td>\n<td rowspan=\"8\" width=\"140\">&nbsp;<\/p>\n<p>&nbsp;<\/p>\n<p>&nbsp;<\/p>\n<p>&nbsp;<\/p>\n<p>1.700 toneladas,<\/td>\n<td width=\"196\">Chapa de aluminio de 8 mm<\/td>\n<td width=\"151\">18*1500*3000<\/td>\n<td width=\"168\">55*1250*2500<\/td>\n<\/tr>\n<tr>\n<td width=\"196\">Placa de aluminio de 20 mm<\/td>\n<td width=\"151\">20*1500*3000<\/td>\n<td width=\"168\">60*1500*3000<\/td>\n<\/tr>\n<tr>\n<td width=\"196\">Placa de aluminio de 20 mm<\/td>\n<td width=\"151\">25*1250*2500<\/td>\n<td width=\"168\">100*1500*3000<\/td>\n<\/tr>\n<tr>\n<td width=\"196\">15mm 25mm 35mm chapa de aluminio<\/td>\n<td width=\"151\">25*1500*3000<\/td>\n<td width=\"168\">120*1500*3000<\/td>\n<\/tr>\n<tr>\n<td width=\"196\">Chapa de 50 mm de espesor<\/td>\n<td width=\"151\">25*1500*3000<\/td>\n<td width=\"168\">150*1500*3000<\/td>\n<\/tr>\n<tr>\n<td width=\"196\">80*1500*3000<\/td>\n<td width=\"151\">30*1500*3000<\/td>\n<td width=\"168\">180*1500*3000<\/td>\n<\/tr>\n<tr>\n<td width=\"196\">90*1500*3000<\/td>\n<td width=\"151\">30*1500*3000<\/td>\n<td width=\"168\">200*1500*3000<\/td>\n<\/tr>\n<tr>\n<td width=\"196\">120*1500*3000<\/td>\n<td width=\"151\">30*1500*3000<\/td>\n<td width=\"168\">300*1500*3000<\/td>\n<\/tr>\n<\/tbody>\n<\/table>\n<p>&nbsp;<\/p>\n<p><strong><b>How to Pack and ship the aluminum plate?<\/b><\/strong><\/p>\n<ol>\n<li>Packing: Strong wooden pallet, with blue PVC films or paper-interleaved,<\/li>\n<li>Marks: we always print the marks, like: 7075Size: 75MM x 1500MM x 30<\/li>\n<li>Max Gross weight skid 2500KGS;<\/li>\n<li>For 1 x 20FCL can load 20 to 25 Tons max.<\/li>\n<li>Surface: Black surface aluminum plate, polished aluminum plate, mill finish 7075;<\/li>\n<\/ol>\n<p><strong><b><img decoding=\"async\" class=\"alignnone wp-image-898\" src=\"https:\/\/www.huaruialuminum.com\/wp-content\/uploads\/2025\/12\/\u56fe\u72471-1-300x141.png\" alt=\"\" width=\"800\" height=\"377\" srcset=\"https:\/\/www.huaruialuminum.com\/wp-content\/uploads\/2025\/12\/\u56fe\u72471-1-300x141.png 300w, https:\/\/www.huaruialuminum.com\/wp-content\/uploads\/2025\/12\/\u56fe\u72471-1-1024x482.png 1024w, https:\/\/www.huaruialuminum.com\/wp-content\/uploads\/2025\/12\/\u56fe\u72471-1-768x361.png 768w, https:\/\/www.huaruialuminum.com\/wp-content\/uploads\/2025\/12\/\u56fe\u72471-1-18x8.png 18w, https:\/\/www.huaruialuminum.com\/wp-content\/uploads\/2025\/12\/\u56fe\u72471-1-600x282.png 600w, https:\/\/www.huaruialuminum.com\/wp-content\/uploads\/2025\/12\/\u56fe\u72471-1.png 1279w\" sizes=\"(max-width: 800px) 100vw, 800px\" \/>\u00a0<\/b><\/strong><\/p>\n<p><strong><b>7075 aluminum sheet price per sheet \/ per kgs<\/b><\/strong><\/p>\n<p>The aluminum sheet\u00a0price changes everyday and it depends on the market.<\/p>\n<p>Here is our aluminum sheet price per KG for you:<\/p>\n<table>\n<tbody>\n<tr>\n<td width=\"119\"><strong><b>ALLOY<\/b><\/strong><\/td>\n<td width=\"162\"><strong><b>Espesor <\/b><\/strong><\/td>\n<td width=\"151\"><strong><b>FOB Price<\/b><\/strong><\/p>\n<p><strong><b>USD\/KG<\/b><\/strong><\/td>\n<td width=\"100\"><strong><b>Tiempo de producci\u00f3n<\/b><\/strong><\/td>\n<td width=\"73\"><strong><b>MOQ<\/b><\/strong><\/td>\n<td width=\"98\"><strong><b>1 x20FCL<\/b><\/strong><\/td>\n<td width=\"100\"><strong><b>1 x40FCL<\/b><\/strong><\/td>\n<\/tr>\n<tr>\n<td rowspan=\"2\" width=\"119\">7075 T6<\/td>\n<td width=\"162\">De 1 mm a 6 mm<\/td>\n<td width=\"151\">4.45USD\/KG<\/td>\n<td rowspan=\"4\" width=\"100\">30 d\u00edas<\/td>\n<td rowspan=\"4\" width=\"73\">Stock listo<\/td>\n<td rowspan=\"4\" width=\"98\">25 toneladas<\/td>\n<td rowspan=\"4\" width=\"100\">28 toneladas<\/td>\n<\/tr>\n<tr>\n<td width=\"162\">De 8 mm a 300 mm<\/td>\n<td width=\"151\">3.75USD\/KG<\/td>\n<\/tr>\n<tr>\n<td rowspan=\"2\" width=\"119\">7075 T651<\/td>\n<td width=\"162\">De 1 mm a 6 mm<\/td>\n<td width=\"151\">4.75USD\/KG<\/td>\n<\/tr>\n<tr>\n<td width=\"162\">De 8 mm a 300 mm<\/td>\n<td width=\"151\">3.75USD\/KG<\/td>\n<\/tr>\n<\/tbody>\n<\/table>\n<p><strong><b>Bloque de aluminio<\/b><\/strong><strong><b>\u00a07075 <\/b><\/strong><\/p>\n<p>Our company have the sawing machine and we can cut the aluminum to be small pieces according to customer\u2019s requirement. \u00a0For example: Size: \u00a0\u226550mm W\/L and customized size<\/p>\n<p><img loading=\"lazy\" decoding=\"async\" class=\"alignnone wp-image-901\" src=\"https:\/\/www.huaruialuminum.com\/wp-content\/uploads\/2025\/12\/\u5fae\u4fe1\u56fe\u7247_20241114155631-300x300.jpg\" alt=\"\" width=\"800\" height=\"800\" srcset=\"https:\/\/www.huaruialuminum.com\/wp-content\/uploads\/2025\/12\/\u5fae\u4fe1\u56fe\u7247_20241114155631-300x300.jpg 300w, https:\/\/www.huaruialuminum.com\/wp-content\/uploads\/2025\/12\/\u5fae\u4fe1\u56fe\u7247_20241114155631-1024x1024.jpg 1024w, https:\/\/www.huaruialuminum.com\/wp-content\/uploads\/2025\/12\/\u5fae\u4fe1\u56fe\u7247_20241114155631-150x150.jpg 150w, https:\/\/www.huaruialuminum.com\/wp-content\/uploads\/2025\/12\/\u5fae\u4fe1\u56fe\u7247_20241114155631-768x768.jpg 768w, https:\/\/www.huaruialuminum.com\/wp-content\/uploads\/2025\/12\/\u5fae\u4fe1\u56fe\u7247_20241114155631-12x12.jpg 12w, https:\/\/www.huaruialuminum.com\/wp-content\/uploads\/2025\/12\/\u5fae\u4fe1\u56fe\u7247_20241114155631-600x600.jpg 600w, https:\/\/www.huaruialuminum.com\/wp-content\/uploads\/2025\/12\/\u5fae\u4fe1\u56fe\u7247_20241114155631-100x100.jpg 100w, https:\/\/www.huaruialuminum.com\/wp-content\/uploads\/2025\/12\/\u5fae\u4fe1\u56fe\u7247_20241114155631.jpg 1080w\" sizes=\"(max-width: 800px) 100vw, 800px\" \/><\/p>\n<p><strong><b>Main application<\/b><\/strong><strong><b>: What is 7075 aluminum alloy sheet used for ?<\/b><\/strong><\/p>\n<p>7075 aluminum alloy mainly used for Aircraft aluminum, industry molding, automatic mechanic component, carrying vessels and semi-conductor device components.<\/p>\n<p><img loading=\"lazy\" decoding=\"async\" class=\"alignnone wp-image-889\" src=\"https:\/\/www.huaruialuminum.com\/wp-content\/uploads\/2025\/12\/\u56fe\u72472-300x154.png\" alt=\"\" width=\"800\" height=\"411\" srcset=\"https:\/\/www.huaruialuminum.com\/wp-content\/uploads\/2025\/12\/\u56fe\u72472-300x154.png 300w, https:\/\/www.huaruialuminum.com\/wp-content\/uploads\/2025\/12\/\u56fe\u72472-1024x526.png 1024w, https:\/\/www.huaruialuminum.com\/wp-content\/uploads\/2025\/12\/\u56fe\u72472-768x394.png 768w, https:\/\/www.huaruialuminum.com\/wp-content\/uploads\/2025\/12\/\u56fe\u72472-18x9.png 18w, https:\/\/www.huaruialuminum.com\/wp-content\/uploads\/2025\/12\/\u56fe\u72472-600x308.png 600w, https:\/\/www.huaruialuminum.com\/wp-content\/uploads\/2025\/12\/\u56fe\u72472.png 1050w\" sizes=\"(max-width: 800px) 100vw, 800px\" \/><\/p>\n<p><strong><b>Calidad alta y estable gracias al sistema de inspecci\u00f3n de calidad de todo el proceso<\/b><\/strong><\/p>\n<p><strong><b>After-sale service:<\/b><\/strong><\/p>\n<p>Discrepancia de calidad\/cantidad\/peso y reclamaci\u00f3n:<\/p>\n<p>In case the quality and\/or quantity\/weight are found by the Buyer to be not in conformity with the Contract after arrival of the\u00a0goods at the port of destination, the Buyer may lodge claim with the Seller supported by survey report issue by buyer\u2019s end user. We shall within 30 days after receipt of the notification of the claim, pay claim to buyer.<\/p>\n<p>No s\u00f3lo hemos establecido una relaci\u00f3n de cooperaci\u00f3n a largo plazo con m\u00e1s de 600 empresas grandes y medianas de China como FAW, Sinotruk, Sinopec y el Grupo Inspur, sino que tambi\u00e9n poseemos 3.000 socios en el mundo y exportamos productos a m\u00e1s de 60 pa\u00edses y regiones como Europa, Am\u00e9rica, \u00c1frica, Oriente Medio, Sudeste Asi\u00e1tico y Australia.<\/p>\n<ol>\n<li><strong>What\u2019s the hardnessof 7000\u00a0series\u00a0aluminum plate? Can you make it above 150HB?<\/strong><\/li>\n<\/ol>\n<p>Hardness: 6xxx series is 95HB, 2xxx series aluminum plate is 120HB, 7xxx series aluminum plate hardness is over 160HB.<\/p>\n<p>&nbsp;<\/p>\n<ol start=\"2\">\n<li><strong>What\u2019s your aluminum alloy plate 7075 T6 surface?<\/strong><\/li>\n<\/ol>\n<p>Our aluminum alloy plate 7075 t6 is mill finish, we have black surface aluminum plate, also have polished aluminum plate which surface is very bright.<\/p>\n<p>&nbsp;<\/p>\n<ol start=\"3\">\n<li><strong>For aluminum thick aluminum plate 7075 T651, what\u2019s the max thickness you can produce?<\/strong><\/li>\n<\/ol>\n<p>The max thickness we can produce is 350mm, now we have been exported to Iran, India, USA over 300 Tons. The quality is very \u00a0good.<\/p>\n<p>&nbsp;<\/p>\n<ol start=\"4\">\n<li><strong>\u00bfCu\u00e1l es la diferencia entre el aluminio 2024 y el 7075?<\/strong><\/li>\n<\/ol>\n<p>De hecho, tanto la aleaci\u00f3n de aluminio 2024 como el aluminio 7075 son aluminio duro.<\/p>\n<ul>\n<li>Chemistry composition different: 7075 aluminm is Al-Mg-Zn-Cu alloy aluminum plate is Al-Cu aluminum, it contains Cu over 3.8 &#8211; 4.9%.<\/li>\n<li>Mechanical Properties, mainly different is 2024T4 aluminum plate is 120HB, 7075 T651 aluminum plate hardness is over 160HB.<\/li>\n<li>Tanto el aluminio 2024 como el 7075 pueden producir perfiles de aluminio, como tubos de aluminio o barras de aluminio, tambi\u00e9n pueden ser tratados t\u00e9rmicamente.<\/li>\n<\/ul>\n<p>&nbsp;<\/p>","protected":false},"excerpt":{"rendered":"<p>7xxx Series Aluminum sheet mainly alloy is 7075, Temper: T6, T651; 7075 T651 is Al-Mg-Zn-Cu alloy aluminum plate, Hardness over\u00a0160HB; [&hellip;]<\/p>","protected":false},"featured_media":1050,"comment_status":"open","ping_status":"closed","template":"","meta":{"postBodyCss":"","postBodyMargin":[],"postBodyPadding":[],"postBodyBackground":{"backgroundType":"classic","gradient":""},"site-sidebar-layout":"default","site-content-layout":"","ast-site-content-layout":"default","site-content-style":"default","site-sidebar-style":"default","ast-global-header-display":"","ast-banner-title-visibility":"","ast-main-header-display":"","ast-hfb-above-header-display":"","ast-hfb-below-header-display":"","ast-hfb-mobile-header-display":"","site-post-title":"","ast-breadcrumbs-content":"","ast-featured-img":"","footer-sml-layout":"","ast-disable-related-posts":"","theme-transparent-header-meta":"default","adv-header-id-meta":"","stick-header-meta":"","header-above-stick-meta":"","header-main-stick-meta":"","header-below-stick-meta":"","astra-migrate-meta-layouts":"set","ast-page-background-enabled":"default","ast-page-background-meta":{"desktop":{"background-color":"var(--ast-global-color-5)","background-image":"","background-repeat":"repeat","background-position":"center center","background-size":"auto","background-attachment":"scroll","background-type":"","background-media":"","overlay-type":"","overlay-color":"","overlay-opacity":"","overlay-gradient":""},"tablet":{"background-color":"","background-image":"","background-repeat":"repeat","background-position":"center center","background-size":"auto","background-attachment":"scroll","background-type":"","background-media":"","overlay-type":"","overlay-color":"","overlay-opacity":"","overlay-gradient":""},"mobile":{"background-color":"","background-image":"","background-repeat":"repeat","background-position":"center center","background-size":"auto","background-attachment":"scroll","background-type":"","background-media":"","overlay-type":"","overlay-color":"","overlay-opacity":"","overlay-gradient":""}},"ast-content-background-meta":{"desktop":{"background-color":"var(--ast-global-color-4)","background-image":"","background-repeat":"repeat","background-position":"center center","background-size":"auto","background-attachment":"scroll","background-type":"","background-media":"","overlay-type":"","overlay-color":"","overlay-opacity":"","overlay-gradient":""},"tablet":{"background-color":"var(--ast-global-color-4)","background-image":"","background-repeat":"repeat","background-position":"center center","background-size":"auto","background-attachment":"scroll","background-type":"","background-media":"","overlay-type":"","overlay-color":"","overlay-opacity":"","overlay-gradient":""},"mobile":{"background-color":"var(--ast-global-color-4)","background-image":"","background-repeat":"repeat","background-position":"center center","background-size":"auto","background-attachment":"scroll","background-type":"","background-media":"","overlay-type":"","overlay-color":"","overlay-opacity":"","overlay-gradient":""}}},"product_brand":[],"product_cat":[25],"product_tag":[],"class_list":{"0":"post-894","1":"product","2":"type-product","3":"status-publish","4":"has-post-thumbnail","6":"product_cat-sheet_plate","7":"desktop-align-left","8":"tablet-align-left","9":"mobile-align-left","11":"first","12":"instock","13":"shipping-taxable","14":"product-type-simple"},"aioseo_notices":[],"_links":{"self":[{"href":"https:\/\/www.huaruialuminum.com\/es\/wp-json\/wp\/v2\/product\/894","targetHints":{"allow":["GET"]}}],"collection":[{"href":"https:\/\/www.huaruialuminum.com\/es\/wp-json\/wp\/v2\/product"}],"about":[{"href":"https:\/\/www.huaruialuminum.com\/es\/wp-json\/wp\/v2\/types\/product"}],"replies":[{"embeddable":true,"href":"https:\/\/www.huaruialuminum.com\/es\/wp-json\/wp\/v2\/comments?post=894"}],"version-history":[{"count":0,"href":"https:\/\/www.huaruialuminum.com\/es\/wp-json\/wp\/v2\/product\/894\/revisions"}],"wp:featuredmedia":[{"embeddable":true,"href":"https:\/\/www.huaruialuminum.com\/es\/wp-json\/wp\/v2\/media\/1050"}],"wp:attachment":[{"href":"https:\/\/www.huaruialuminum.com\/es\/wp-json\/wp\/v2\/media?parent=894"}],"wp:term":[{"taxonomy":"product_brand","embeddable":true,"href":"https:\/\/www.huaruialuminum.com\/es\/wp-json\/wp\/v2\/product_brand?post=894"},{"taxonomy":"product_cat","embeddable":true,"href":"https:\/\/www.huaruialuminum.com\/es\/wp-json\/wp\/v2\/product_cat?post=894"},{"taxonomy":"product_tag","embeddable":true,"href":"https:\/\/www.huaruialuminum.com\/es\/wp-json\/wp\/v2\/product_tag?post=894"}],"curies":[{"name":"wp","href":"https:\/\/api.w.org\/{rel}","templated":true}]}}